{"id":148,"date":"2017-06-22T13:41:20","date_gmt":"2017-06-22T13:41:20","guid":{"rendered":"https:\/\/webs.uab.cat\/cien\/andrea-sunyol-garcia-moreno\/"},"modified":"2022-07-27T07:56:08","modified_gmt":"2022-07-27T07:56:08","slug":"andrea-sunyol-garcia-moreno","status":"publish","type":"page","link":"https:\/\/webs.uab.cat\/cien\/andrea-sunyol-garcia-moreno\/","title":{"rendered":"Andrea Sunyol Garcia-Moreno"},"content":{"rendered":"\n<p><strong>Andrea Sunyol i Garcia-Moreno&nbsp;<\/strong>(<a href=\"mailto:andrea.sunyol@uab.cat\">andrea.sunyol@uab.cat<\/a>) es&nbsp;Licenciada en Filolog\u00eda Inglesa y Filolog\u00eda Catalana por la Universidad Aut\u00f3noma de Barcelona. Actualmente trabaja de profesora asociada en el Departamento de Filolog\u00eda Inglesa y German\u00edstica de la Universidad Aut\u00f3noma de Barcelona. Es Miembro del proyecto de recerca I+D \u201cThe approvation of English as a global language in Catalan schools: a multilingual, situated and comparative approach (FFI2014-54179-C2-1-P) en el marco del proyecto compartido con la Universidad de Castilla y la Mancha (UCLM) \u201cEducaci\u00f3n multiling\u00fce en la era global: Mercados, deseos, pr\u00e1cticas e identidades entre adolescentes espa\u00f1oles en dos comunidades aut\u00f3nomas\u201d (MUEDGE) \u2013IP: Dra. Eva Cod\u00f3 (UAB), y miembro del grupo de investigaci\u00f3n CIEN (UAB). Su investigaci\u00f3n se centra en el \u00e1mbito de la socioling\u00fc\u00edstica y, dentro de sus intereses de investigaci\u00f3n se encuentran la educaci\u00f3n multiling\u00fce, ideolog\u00edas ling\u00fc\u00edsticas y la construcci\u00f3n del elitismo a trav\u00e9s de las pr\u00e1cticas ling\u00fc\u00edsticas. Su TFM (en curso), dirigido por la dra. Eva Cod\u00f3, es una etnograf\u00eda ling\u00fc\u00edstica sobre el multiling\u00fcismo en una instituci\u00f3n educativa internacional en Catalu\u00f1a.&nbsp;<\/p>\n\n\n\n<p>&nbsp;<\/p>\n\n\n\n<p>&nbsp;<\/p>\n","protected":false},"excerpt":{"rendered":"<p>Andrea Sunyol i Garcia-Moreno&nbsp;(andrea.sunyol@uab.cat) es&nbsp;Licenciada en Filolog\u00eda Inglesa y Filolog\u00eda Catalana por la Universidad Aut\u00f3noma de Barcelona. Actualmente trabaja de profesora asociada en el Departamento de Filolog\u00eda Inglesa y German\u00edstica de la Universidad Aut\u00f3noma de Barcelona. Es Miembro del proyecto de recerca I+D \u201cThe approvation of English as a global language in Catalan schools: a [&hellip;]<\/p>\n","protected":false},"author":20,"featured_media":96,"parent":0,"menu_order":0,"comment_status":"closed","ping_status":"closed","template":"","meta":{"footnotes":""},"class_list":["post-148","page","type-page","status-publish","has-post-thumbnail","hentry"],"_links":{"self":[{"href":"https:\/\/webs.uab.cat\/cien\/wp-json\/wp\/v2\/pages\/148","targetHints":{"allow":["GET"]}}],"collection":[{"href":"https:\/\/webs.uab.cat\/cien\/wp-json\/wp\/v2\/pages"}],"about":[{"href":"https:\/\/webs.uab.cat\/cien\/wp-json\/wp\/v2\/types\/page"}],"author":[{"embeddable":true,"href":"https:\/\/webs.uab.cat\/cien\/wp-json\/wp\/v2\/users\/20"}],"replies":[{"embeddable":true,"href":"https:\/\/webs.uab.cat\/cien\/wp-json\/wp\/v2\/comments?post=148"}],"version-history":[{"count":1,"href":"https:\/\/webs.uab.cat\/cien\/wp-json\/wp\/v2\/pages\/148\/revisions"}],"predecessor-version":[{"id":336,"href":"https:\/\/webs.uab.cat\/cien\/wp-json\/wp\/v2\/pages\/148\/revisions\/336"}],"wp:featuredmedia":[{"embeddable":true,"href":"https:\/\/webs.uab.cat\/cien\/wp-json\/wp\/v2\/media\/96"}],"wp:attachment":[{"href":"https:\/\/webs.uab.cat\/cien\/wp-json\/wp\/v2\/media?parent=148"}],"curies":[{"name":"wp","href":"https:\/\/api.w.org\/{rel}","templated":true}]}}