{"id":149,"date":"2017-06-22T13:44:17","date_gmt":"2017-06-22T13:44:17","guid":{"rendered":"https:\/\/webs.uab.cat\/cien\/gema-rubio-carbonero\/"},"modified":"2022-07-27T07:56:34","modified_gmt":"2022-07-27T07:56:34","slug":"gema-rubio-carbonero","status":"publish","type":"page","link":"https:\/\/webs.uab.cat\/cien\/gema-rubio-carbonero\/","title":{"rendered":"Gema Rubio Carbonero"},"content":{"rendered":"\n<p><strong>Gema Rubio Carbonero<\/strong> tiene un doctorado en comunicaci\u00f3n ling\u00fc\u00edstica (Universidad Pompeu Fabra, 2011). Es licenciada en filolog\u00eda inglesa por la Universidad Complutense de Madrid y tiene un m\u00e1ster en ling\u00fc\u00edstica por la universidad de Lancaster, Inglaterra. Su tesis de doctorado fue sobre el an\u00e1lisis del discurso pol\u00edtico del Partido Popular sobre inmigraci\u00f3n. Trabaj\u00f3 durante cuatro a\u00f1os en el GRITIM de la Universidad Pompeu Fabra como investigadora postdoctoral. Actualmente trabaja en el departamento de filolog\u00eda inglesa de la Universidad Aut\u00f3noma de Barcelona. &nbsp; Sus l\u00edneas de investigaci\u00f3n son: An\u00e1lisis Cr\u00edtico del Discurso, discurso pol\u00edtico, interculuturalidad, inmigraci\u00f3n, diversidad, discurso de los medios de comunicaci\u00f3n<\/p>\n\n\n\n<h2 class=\"wp-block-heading\"><strong>Publicaciones<\/strong><\/h2>\n\n\n\n<p>Zapata-Barrero, R. and Rubio-Carbonero, G. (2016). (eds.). Interculturalidad y pol\u00edtica cultural en las ciudades. Barcelona: Eds. Bellaterra.<\/p>\n\n\n\n<p>Rubio-Carbonero, G. and Van Dijk, T. A. ( 2015). Marco discursivo. Hacia la construcci\u00f3n de un discurso anti-racista. En Zapata Barrero, R. (ed). Las condiciones de la interculturalidad. Gesti\u00f3n local de la diversidad en Espa\u00f1a. Tirant lo Blanch.<\/p>\n\n\n\n<p>Zapata-Barrero, R. and Rubio-Carbonero, G. (2014) Monitoring xenophobic political discourses: a pilot study in Catalonia. Barcelona: GRITIM-UPF Policy Series, no. 2 [Free access: http:\/\/www.upf.edu\/gritim\/_pdf\/gritimps2.pdf] &nbsp;&nbsp;<\/p>\n\n\n\n<p>Rubio-Carbonero, G. (2013), Spanish political discourse on immigration in times of economic crisis. In Martinez Lirola, M. (ed.).Discourses on immigration in times of economic crisis. Cambridge: Cambridge Scholars Publishers.<\/p>\n\n\n\n<p>Rubio-Carbonero, G. (2013), \u00abLos programas interculturales RECI: Comparativa estructural y discursiva\u00bb. In Zapata-Barrero, R. and Pinyol, G. (eds.) Manual para el dise\u00f1o de pol\u00edticas interculturales.GRITIM-UPF policy book series.<\/p>\n\n\n\n<p>Rubio-Carbonero, G. (2011) Representaci\u00f3n social de la inmigraci\u00f3n en el discurso del Partido Popular . Cultura, Lenguaje y Representaci\u00f3n. N\u00famero especial sobre discurso pol\u00edtico. Vol IX: pp.173-199;<\/p>\n\n\n\n<p>Rubio-Carbonero, G. &amp; Van Dijk, T.A. (2011). Inmigrantes en el parlamento catal\u00e1n y en la prensa espa\u00f1ola y catalana (2010) .Articles per la reflexi\u00f3. Catalunya: Sos Racisme Catalunya<\/p>\n","protected":false},"excerpt":{"rendered":"<p>Gema Rubio Carbonero tiene un doctorado en comunicaci\u00f3n ling\u00fc\u00edstica (Universidad Pompeu Fabra, 2011). Es licenciada en filolog\u00eda inglesa por la Universidad Complutense de Madrid y tiene un m\u00e1ster en ling\u00fc\u00edstica por la universidad de Lancaster, Inglaterra. Su tesis de doctorado fue sobre el an\u00e1lisis del discurso pol\u00edtico del Partido Popular sobre inmigraci\u00f3n. Trabaj\u00f3 durante cuatro [&hellip;]<\/p>\n","protected":false},"author":20,"featured_media":100,"parent":0,"menu_order":0,"comment_status":"closed","ping_status":"closed","template":"","meta":{"footnotes":""},"class_list":["post-149","page","type-page","status-publish","has-post-thumbnail","hentry"],"_links":{"self":[{"href":"https:\/\/webs.uab.cat\/cien\/wp-json\/wp\/v2\/pages\/149","targetHints":{"allow":["GET"]}}],"collection":[{"href":"https:\/\/webs.uab.cat\/cien\/wp-json\/wp\/v2\/pages"}],"about":[{"href":"https:\/\/webs.uab.cat\/cien\/wp-json\/wp\/v2\/types\/page"}],"author":[{"embeddable":true,"href":"https:\/\/webs.uab.cat\/cien\/wp-json\/wp\/v2\/users\/20"}],"replies":[{"embeddable":true,"href":"https:\/\/webs.uab.cat\/cien\/wp-json\/wp\/v2\/comments?post=149"}],"version-history":[{"count":1,"href":"https:\/\/webs.uab.cat\/cien\/wp-json\/wp\/v2\/pages\/149\/revisions"}],"predecessor-version":[{"id":337,"href":"https:\/\/webs.uab.cat\/cien\/wp-json\/wp\/v2\/pages\/149\/revisions\/337"}],"wp:featuredmedia":[{"embeddable":true,"href":"https:\/\/webs.uab.cat\/cien\/wp-json\/wp\/v2\/media\/100"}],"wp:attachment":[{"href":"https:\/\/webs.uab.cat\/cien\/wp-json\/wp\/v2\/media?parent=149"}],"curies":[{"name":"wp","href":"https:\/\/api.w.org\/{rel}","templated":true}]}}