{"id":150,"date":"2017-06-22T13:47:42","date_gmt":"2017-06-22T13:47:42","guid":{"rendered":"https:\/\/webs.uab.cat\/cien\/hanna-klimava\/"},"modified":"2022-07-27T07:56:50","modified_gmt":"2022-07-27T07:56:50","slug":"hanna-klimava","status":"publish","type":"page","link":"https:\/\/webs.uab.cat\/cien\/hanna-klimava\/","title":{"rendered":"Hanna Klimava"},"content":{"rendered":"\n<p><strong>Hanna Klimava<\/strong> (Hanna.Klimava@uab.cat) tiene una licenciatura en Lenguas Modernas por la Universidad Ling\u00fc\u00edstica del Estado de Minsk y un Master en Estudios Avanzados de Ingl\u00e9s en la Universitat Aut\u00f2noma de Barcelona.\u00a0Actualmente es candidata a Doctorado en el Departamento de Filolog\u00eda Inglesa y Alemana de la Universitat Aut\u00f2noma de Barcelona y un miembro del equipo de investigaci\u00f3n de CIEN desde el 2016. Es investigadora en el proyecto Neophon II \u201cLas mudas ling\u00fc\u00edsticas: una aproximaci\u00f3n etnogr\u00e1fica a los nuevos\u00a0Hablantes en Europa\u201d &#8211; FFI2015-67232-C3-1-P dirigido por Joan Pujolar en la Universitat Oberta de Catalunya.\u00a0Tiene una beca FI-DGR 2017 y actualmente est\u00e1 investigando el papel del ingl\u00e9s en el contexto de contrataci\u00f3n de personal.\u00a0<\/p>\n","protected":false},"excerpt":{"rendered":"<p>Hanna Klimava (Hanna.Klimava@uab.cat) tiene una licenciatura en Lenguas Modernas por la Universidad Ling\u00fc\u00edstica del Estado de Minsk y un Master en Estudios Avanzados de Ingl\u00e9s en la Universitat Aut\u00f2noma de Barcelona.\u00a0Actualmente es candidata a Doctorado en el Departamento de Filolog\u00eda Inglesa y Alemana de la Universitat Aut\u00f2noma de Barcelona y un miembro del equipo de [&hellip;]<\/p>\n","protected":false},"author":20,"featured_media":104,"parent":0,"menu_order":0,"comment_status":"closed","ping_status":"closed","template":"","meta":{"footnotes":""},"class_list":["post-150","page","type-page","status-publish","has-post-thumbnail","hentry"],"_links":{"self":[{"href":"https:\/\/webs.uab.cat\/cien\/wp-json\/wp\/v2\/pages\/150","targetHints":{"allow":["GET"]}}],"collection":[{"href":"https:\/\/webs.uab.cat\/cien\/wp-json\/wp\/v2\/pages"}],"about":[{"href":"https:\/\/webs.uab.cat\/cien\/wp-json\/wp\/v2\/types\/page"}],"author":[{"embeddable":true,"href":"https:\/\/webs.uab.cat\/cien\/wp-json\/wp\/v2\/users\/20"}],"replies":[{"embeddable":true,"href":"https:\/\/webs.uab.cat\/cien\/wp-json\/wp\/v2\/comments?post=150"}],"version-history":[{"count":1,"href":"https:\/\/webs.uab.cat\/cien\/wp-json\/wp\/v2\/pages\/150\/revisions"}],"predecessor-version":[{"id":338,"href":"https:\/\/webs.uab.cat\/cien\/wp-json\/wp\/v2\/pages\/150\/revisions\/338"}],"wp:featuredmedia":[{"embeddable":true,"href":"https:\/\/webs.uab.cat\/cien\/wp-json\/wp\/v2\/media\/104"}],"wp:attachment":[{"href":"https:\/\/webs.uab.cat\/cien\/wp-json\/wp\/v2\/media?parent=150"}],"curies":[{"name":"wp","href":"https:\/\/api.w.org\/{rel}","templated":true}]}}