{"id":159,"date":"2017-07-26T13:15:19","date_gmt":"2017-07-26T13:15:19","guid":{"rendered":"https:\/\/webs.uab.cat\/cien\/anuncios-de-publicaciones\/"},"modified":"2017-07-26T13:15:19","modified_gmt":"2017-07-26T13:15:19","slug":"anuncios-de-publicaciones","status":"publish","type":"page","link":"https:\/\/webs.uab.cat\/cien\/anuncios-de-publicaciones\/","title":{"rendered":"Anuncios de publicaciones"},"content":{"rendered":"<p><strong>Colecci\u00f3n Language, Mobility and Institutions<\/strong><br \/>\nInformaci\u00f3n sobre la nueva colecci\u00f3n de la editorial Multilingual Matters editada por Melissa G. Moyer y Celia Roberts.<br \/>\n<a href=\"http:\/\/grupsderecerca.uab.cat\/cien\/content\/language-mobility-and-institutions\">Language, Mobility and Institutions<\/a><\/p>\n<p>\n<strong>Immigration and Bureaucratic Control: Language Practices in Public Administration<\/strong><br \/>\nInformaci\u00f3n sobre sobre el libro de Eva Cod\u00f3,&nbsp;<em>Immigration and Bureaucratic Control<\/em>&nbsp;AHORA DISPONIBLE EN TAPA BLANDA<br \/>\n<a href=\"http:\/\/grupsderecerca.uab.cat\/cien\/sites\/grupsderecerca.uab.cat.cien\/files\/immigration_and_bureaucratic_control.pdf\" target=\"_blank\" rel=\"noopener\">Immigration and Bureaucratic Control<\/a><\/p>\n<p>\n<strong>The Blackwell Handbook of Research: Methods in Bilingualism and Multilingualism<\/strong><br \/>\nInformation on Li Wei and Melissa Moyer&#8217;s edited volume on research methods.<br \/>\n<a href=\"http:\/\/grupsderecerca.uab.cat\/cien\/sites\/grupsderecerca.uab.cat.cien\/files\/li_moyer_flyer_2008.pdf\" target=\"_blank\" rel=\"noopener\">The Blackwell Handbook of Research Methods<\/a><\/p>\n<p>\n<strong>Entrevista con Alexandre Duch\u00eane<\/strong><br \/>\n\u00abLa langue est un instrument de pouvoir\u00bb que fue publicada en \u201cLa Libert\u00e9\u201d el 18 de noviembre de 2008.<br \/>\n<a href=\"http:\/\/grupsderecerca.uab.cat\/cien\/sites\/grupsderecerca.uab.cat.cien\/files\/interview.pdf\" target=\"_blank\" rel=\"noopener\">Interview with Alexandre Duch\u00eane<\/a><\/p>\n<p>\n<strong>Ideologies Across Nations: The Construction of Linguistic Minorities at the United Nations<\/strong><br \/>\nInformation on Alexandre Duch\u00eane&#8217;s book<br \/>\n<a href=\"http:\/\/grupsderecerca.uab.cat\/cien\/sites\/grupsderecerca.uab.cat.cien\/files\/ideologies_across_nations.pdf\" target=\"_blank\" rel=\"noopener\">Ideologies Across Nations: The Construction of Linguistic Minorities at the United Nations<\/a><\/p>\n<p>\n<strong>\u00c9coles Plurilingues- Multilingual Schools<\/strong><br \/>\nInformaci\u00f3n sobre el volumen editado por Gabriele Budach, J\u00fcrgen Erfurt y Melanie Kunkel que trata de educaci\u00f3n multiling\u00fce en diferentes contextos en Europa y los EE.UU. El formulario para pedir el libro est\u00e1 disponible en formato pdf.<br \/>\n<a href=\"http:\/\/grupsderecerca.uab.cat\/cien\/sites\/grupsderecerca.uab.cat.cien\/files\/ideologies_across_nations.pdf\" target=\"_blank\" rel=\"noopener\">\u00c9coles Plurilingues- Multilingual Schools<\/a><br \/>\n<a href=\"http:\/\/grupsderecerca.uab.cat\/cien\/sites\/grupsderecerca.uab.cat.cien\/files\/budach_order_form.pdf\" target=\"_blank\" rel=\"noopener\">Budach Order Form<\/a><\/p>\n","protected":false},"excerpt":{"rendered":"<p>Colecci\u00f3n Language, Mobility and Institutions Informaci\u00f3n sobre la nueva colecci\u00f3n de la editorial Multilingual Matters editada por Melissa G. Moyer y Celia Roberts. Language, Mobility and Institutions Immigration and Bureaucratic Control: Language Practices in Public Administration Informaci\u00f3n sobre sobre el libro de Eva Cod\u00f3,&nbsp;Immigration and Bureaucratic Control&nbsp;AHORA DISPONIBLE EN TAPA BLANDA Immigration and Bureaucratic Control [&hellip;]<\/p>\n","protected":false},"author":20,"featured_media":0,"parent":0,"menu_order":0,"comment_status":"closed","ping_status":"closed","template":"","meta":{"footnotes":""},"class_list":["post-159","page","type-page","status-publish","hentry"],"_links":{"self":[{"href":"https:\/\/webs.uab.cat\/cien\/wp-json\/wp\/v2\/pages\/159","targetHints":{"allow":["GET"]}}],"collection":[{"href":"https:\/\/webs.uab.cat\/cien\/wp-json\/wp\/v2\/pages"}],"about":[{"href":"https:\/\/webs.uab.cat\/cien\/wp-json\/wp\/v2\/types\/page"}],"author":[{"embeddable":true,"href":"https:\/\/webs.uab.cat\/cien\/wp-json\/wp\/v2\/users\/20"}],"replies":[{"embeddable":true,"href":"https:\/\/webs.uab.cat\/cien\/wp-json\/wp\/v2\/comments?post=159"}],"version-history":[{"count":0,"href":"https:\/\/webs.uab.cat\/cien\/wp-json\/wp\/v2\/pages\/159\/revisions"}],"wp:attachment":[{"href":"https:\/\/webs.uab.cat\/cien\/wp-json\/wp\/v2\/media?parent=159"}],"curies":[{"name":"wp","href":"https:\/\/api.w.org\/{rel}","templated":true}]}}