{"id":163,"date":"2017-06-22T11:28:34","date_gmt":"2017-06-22T11:28:34","guid":{"rendered":"https:\/\/webs.uab.cat\/cien\/bienvenida\/"},"modified":"2022-07-27T07:39:17","modified_gmt":"2022-07-27T07:39:17","slug":"bienvenida","status":"publish","type":"page","link":"https:\/\/webs.uab.cat\/cien\/bienvenida\/","title":{"rendered":"Bienvenida"},"content":{"rendered":"\n<p><strong>Bienvenidos y bienvenidas a la p\u00e1gina web del grupo de investigaci\u00f3n CIEN<\/strong><br>&nbsp;<\/p>\n\n\n\n<p>El grupo de investigaci\u00f3n CIEN estudia los usos ling\u00fc\u00edsticos biling\u00fces y multiling\u00fces desde la perspectiva de la socioling\u00fc\u00edstica cr\u00edtica. Nuestro grupo trabaja sobre cuestiones de importancia te\u00f3rica y pr\u00e1ctica para entender la lengua y la sociedad. Entendemos la lengua como un sistema no neutro y como forma de acci\u00f3n social que tiene consecuencias materiales para la vida diaria de las personas. La etnograf\u00eda en m\u00faltiples contextos (multi-sited ethnography) es nuestro m\u00e9todo principal de investigaci\u00f3n junto con la utilizaci\u00f3n de otros tipos de datos cualitativos que son esenciales para entender la igualdad y la desigualdad social.<\/p>\n\n\n\n<p>Formulamos preguntas que tienen importantes aplicaciones para la pol\u00edtica p\u00fablica, la planificaci\u00f3n ling\u00fc\u00edstica, los cursos de formaci\u00f3n en comunicaci\u00f3n intercultural y la promoci\u00f3n de la comprensi\u00f3n mutua entre la poblaci\u00f3n aut\u00f3ctona y la poblaci\u00f3n migrada en los contextos espa\u00f1ol y catal\u00e1n. Nuestras principales preguntas de investigaci\u00f3n son las siguientes:<\/p>\n\n\n\n<ul class=\"wp-block-list\"><li class=\"rtejustify\">\u00bfC\u00f3mo influyen las ideolog\u00edas individuales e institucionales sobre la lengua y la sociedad en las pr\u00e1cticas biling\u00fces y multiling\u00fces?<\/li><li class=\"rtejustify\">\u00bfCu\u00e1l es el papel de la lengua y el multiling\u00fcismo en la nueva econom\u00eda?<\/li><li class=\"rtejustify\">\u00bfDe qu\u00e9 modo la globalizaci\u00f3n determina las nuevas pr\u00e1cticas ling\u00fc\u00edsticas en la sociedad?<\/li><li class=\"rtejustify\">\u00bfC\u00f3mo se gestiona el multiling\u00fcismo en organizaciones privadas, p\u00fablicas y no gubernamentales?<\/li><li class=\"rtejustify\">\u00bfC\u00f3mo funciona la lengua en el ejercicio de la agencia, el poder y el control institucional?<\/li><\/ul>\n\n\n\n<p>La investigaci\u00f3n etnogr\u00e1fica es la base para construir nuestro marco te\u00f3rico y para formular preguntas que tienen como objetivo ampliar nuestro conocimiento de los procesos sociales en los que la lengua tiene un papel fundamental.<\/p>\n","protected":false},"excerpt":{"rendered":"<p>Bienvenidos y bienvenidas a la p\u00e1gina web del grupo de investigaci\u00f3n CIEN&nbsp; El grupo de investigaci\u00f3n CIEN estudia los usos ling\u00fc\u00edsticos biling\u00fces y multiling\u00fces desde la perspectiva de la socioling\u00fc\u00edstica cr\u00edtica. Nuestro grupo trabaja sobre cuestiones de importancia te\u00f3rica y pr\u00e1ctica para entender la lengua y la sociedad. Entendemos la lengua como un sistema no [&hellip;]<\/p>\n","protected":false},"author":20,"featured_media":0,"parent":0,"menu_order":0,"comment_status":"closed","ping_status":"closed","template":"","meta":{"footnotes":""},"class_list":["post-163","page","type-page","status-publish","hentry"],"_links":{"self":[{"href":"https:\/\/webs.uab.cat\/cien\/wp-json\/wp\/v2\/pages\/163","targetHints":{"allow":["GET"]}}],"collection":[{"href":"https:\/\/webs.uab.cat\/cien\/wp-json\/wp\/v2\/pages"}],"about":[{"href":"https:\/\/webs.uab.cat\/cien\/wp-json\/wp\/v2\/types\/page"}],"author":[{"embeddable":true,"href":"https:\/\/webs.uab.cat\/cien\/wp-json\/wp\/v2\/users\/20"}],"replies":[{"embeddable":true,"href":"https:\/\/webs.uab.cat\/cien\/wp-json\/wp\/v2\/comments?post=163"}],"version-history":[{"count":1,"href":"https:\/\/webs.uab.cat\/cien\/wp-json\/wp\/v2\/pages\/163\/revisions"}],"predecessor-version":[{"id":316,"href":"https:\/\/webs.uab.cat\/cien\/wp-json\/wp\/v2\/pages\/163\/revisions\/316"}],"wp:attachment":[{"href":"https:\/\/webs.uab.cat\/cien\/wp-json\/wp\/v2\/media?parent=163"}],"curies":[{"name":"wp","href":"https:\/\/api.w.org\/{rel}","templated":true}]}}