{"id":164,"date":"2017-06-22T11:32:40","date_gmt":"2017-06-22T11:32:40","guid":{"rendered":"https:\/\/webs.uab.cat\/cien\/historia\/"},"modified":"2022-07-27T07:39:54","modified_gmt":"2022-07-27T07:39:54","slug":"historia","status":"publish","type":"page","link":"https:\/\/webs.uab.cat\/cien\/historia\/","title":{"rendered":"Historia"},"content":{"rendered":"\n<h2 class=\"wp-block-heading\"><strong>Historia del Grupo<\/strong><\/h2>\n\n\n\n<p>El grupo de investigaci\u00f3n CIEN est\u00e1 adscrito al Departamento de Filolog\u00eda Inglesa y German\u00edstica de la Facultad de Filosof\u00eda y Letras, Universidad Aut\u00f3noma de Barcelona. Se fund\u00f3 en el a\u00f1o 2001 gracias a la financiaci\u00f3n del Ministerio de Educaci\u00f3n y Ciencia para realizar el proyecto BFF2001-2576 sobre Pr\u00e1cticas verbales en la comunicaci\u00f3n intercultural: Estrategias y negociaci\u00f3n de significado. Los miembros del primer equipo investigador fueron: Melissa G. Moyer (investigadora principal), Joan A. Argenter, Albert Branchadell, Eva Cod\u00f3, Joan Pujolar, Adela Ros y Monica Heller.<\/p>\n\n\n\n<p>Los miembros del actual equipo investigador (2007-2010) son:&nbsp;Melissa Moyer (Investigadora principal), Eva Cod\u00f3, Gabriele Budach, Alexandre Duch\u00eane, Monica Heller, Maria Rosa Garrido, Massimiliano Sassi, Gema Rubio Carbonero y Andrea Sunyol. Actualmente, el equipo est\u00e1 financiado a trav\u00e9s del proyecto de investigaci\u00f3n por el&nbsp;AGAUR (2014 SGR 1508) y es grupo consolidado oficialmente reconocido por esta agencia de investigaci\u00f3n. El AGAUR &nbsp;ha proporcionado 10.500,00 \u20ac para financiar nuestras actividades de investigaci\u00f3n durante el periodo 2014-2016. Adem\u00e1s, diversos miembros del equipo est\u00e1n involucrados en tres proyectos de investigaci\u00f3n financiados:<\/p>\n\n\n\n<p>&#8211;&nbsp;<a href=\"http:\/\/grupsderecerca.uab.cat\/cien\/es\/node\/144\">Multiling\u00fcismo y movilidad: Pr\u00e1cticas ling\u00fc\u00edsticas y la construcci\u00f3n de la identidad<\/a><\/p>\n\n\n\n<p>&#8211; <a href=\"http:\/\/grupsderecerca.uab.cat\/cien\/es\/content\/research-project-2016-2018\">Las mudas ling\u00fc\u00edsticas: una aproximaci\u00f3n etnogr\u00e1fica a los nuevos hablantes en Europa<\/a><\/p>\n\n\n\n<p>&#8211; <a href=\"http:\/\/grupsderecerca.uab.cat\/cien\/es\/content\/research-project-2015-2017\">La apropiaci\u00f3n del ingl\u00e9s como lengua global en la escuela secundaria catalana: un enfoque multiling\u00fce, situado y comparativo<\/a><\/p>\n\n\n\n<p>Desde 2007, el grupo estuvo financiado por un proyecto (HUM2007-61864\/FILO) otorgado por el Ministerio de Ciencia y Tecnolog\u00eda espa\u00f1ol para investigar La gesti\u00f3n del multiling\u00fcismo en el \u00e1mbito institucional y el proyecto de investigaci\u00f3n 2007ARAF100018 otorgado por la Agencia para la Gesti\u00f3n de Ayudas Universitarias y de Investigaci\u00f3n (Generalitat de Catalunya) para investigar la Gesti\u00f3n de la acogida ling\u00fc\u00edstica de los (in)migrantes reci\u00e9n llegados en una instituci\u00f3n p\u00fablica y una instituci\u00f3n no gubernamental. El grupo de investigaci\u00f3n CIEN adem\u00e1s ha obtuvo el reconocimiento oficial y financiaci\u00f3n por parte de la Agencia para la Gesti\u00f3n de Ayudas Universitarias y de Investigaci\u00f3n, AGAUR (2009 SGR 1340) para el periodo 2009-2013. El AGAUR conceci\u00f3 33.600,00 \u20ac para subvencionar nuestras actividades de investigaci\u00f3n durante este periodo.<\/p>\n\n\n\n<p>De 2009 a 2013, &nbsp;continuamos nuestra l\u00ednea de investigaci\u00f3n sobre la gesti\u00f3n del multiling\u00fcismo y la comunicaci\u00f3n institucional en organizaciones p\u00fablicas, privadas y no gubernamentales. Anteriormente, nuestra investigaci\u00f3n se hab\u00eda centrado en el papel de las lenguas internacionales como el ingl\u00e9s en tanto que mercanc\u00edas en el nuevo mercado ling\u00fc\u00edstico en Catalunya.&nbsp;<\/p>\n\n\n\n<p>Algunas de las actividadesllevadas a cabo durante el periodo 2009-2013 son las siguientes:<\/p>\n\n\n\n<p>Un ciclo de charlas sobre multiling\u00fcismo, migraci\u00f3n transnacional y socioling\u00fc\u00edstica por parte de profesionales procedentes de diferentes instituciones as\u00ed investigadores de nuestro \u00e1mbito y \u00e1mbitos afines. La primera charla fue a cargo de Frances Giampapa (Universidad de Bristol) el 2 de octubre de 2009.<\/p>\n\n\n\n<p>Seminarios especializados en m\u00e9todos de investigaci\u00f3n cualitativa (por ejemplo sobre la transcripci\u00f3n de datos de v\u00eddeo) y teor\u00eda socioling\u00fc\u00edstica (por ejemplo sobre la comprensi\u00f3n de los procesos sociales a trav\u00e9s de las pr\u00e1cticas ling\u00fc\u00edsticas) basados en la investigaci\u00f3n realizada por miembros del equipo.<\/p>\n\n\n\n<p>Talleres con profesionales que trabajan en las instituciones donde el equipo CIEN ha realizado trabajo de campo etnogr\u00e1fico (un centro de atenci\u00f3n primaria y una ONG) para debatir nuestros resultados y establecer convenios de colaboraci\u00f3n vinculados a nuestras actividades de investigaci\u00f3n.<\/p>\n\n\n\n<p>Fortalecer los contactos del grupo CIEN con otros grupos de investigaci\u00f3n en el campo de la socioling\u00fc\u00edstica cr\u00edtica a nivel nacional e internacional. Nos gustar\u00eda organizar sesiones de an\u00e1lisis de datos y de debate para construir un marco te\u00f3rico conjunto, as\u00ed como compartir intereses de investigaci\u00f3n y problemas metodol\u00f3gicos.<\/p>\n\n\n\n<h2 class=\"wp-block-heading\"><strong>Actividades<\/strong><\/h2>\n\n\n\n<p>Melissa Moyer, Eva Cod\u00f3 y Maria Rosa Garrido participaron en el panel Aspectos socioling\u00fc\u00edsticos y pragm\u00e1ticos del discurso institucional: Encuentros de servicio en contextos multiling\u00fces y multiculturales organizado por Rosina M\u00e1rquez-Reiter y Luisa Mart\u00edn-Rojo en el 11\u00ba congreso de la asociaci\u00f3n IPrA celebrado en julio de 2009 en la Universidad de Melbourne (Australia). Eva Cod\u00f3 y Maria Rosa Garrido presentaron la comunicaci\u00f3n \u201cMigrants and global language resources: A study of bureaucratic and legal advice encounters\u201d y Melissa Moyer compar\u00f3 tres contextos institucionales en su presentaci\u00f3n \u201cThe Management of Multilingualism in Public, Private and Non-Governmental Institutions\u201d.<\/p>\n\n\n\n<p>Algunos miembros del equipo CIEN tambi\u00e9n contribuyeron al 7\u00ba Simposio International sobre Biling\u00fcismo (ISB7) en julio de 2009 en la Universidad de Utrecht, Pa\u00edses Bajos. Melissa Moyer present\u00f3 la comunicaci\u00f3n \u201cNeo-liberal practices: Multilingualism as resource but for whom?\u201d junto a Alexandre Duch\u00eane, miembro de nuestro equipo y profesor de la Universidad de Fribourg. Eva Cod\u00f3 y Maria Rosa Garrido presentaron la comunicaci\u00f3n conjunta \u201cTransnational African migrants\u2019 construction of postcolonial identities\u201d.<\/p>\n\n\n\n<p>Melissa Moyer fue investigadora visitante en Birkbeck College, Universidad de Londres entre abril y junio de 2009. Dio charlas y comparti\u00f3 intereses de investigaci\u00f3n con alumnos y otros investigadores del Departamento de Ling\u00fc\u00edstica Aplicada y el de Espa\u00f1ol, Portugu\u00e9s y Estudios Latinoamericanos. Uno de los objetivos de esta estancia en Birkbeck College fue hacer un estudio comparativo con la Dra. Penelope Gardner-Chloros y el Dr. Li Wei sobre alternancia de c\u00f3digos entre chino-ingl\u00e9s, griego-ingl\u00e9s y espa\u00f1ol-ingl\u00e9s en grupos de migrantes. Anteriormente hab\u00edan colaborado estrechamente en el desarrollo del proyecto LIDES de datos biling\u00fces, lo que actualmente les permite embarcarse en un estudio comparativo.<\/p>\n\n\n\n<p>Como parte esencial de nuestra colaboraci\u00f3n con el grupo de investigaci\u00f3n liderado por Luisa Mart\u00edn Rojo (UAM), iniciamos una serie de encuentros de investigaci\u00f3n sobre migraci\u00f3n y multiling\u00fcismo en mayo de 2009. El objeto de estas reuniones es intercambiar ideas, analizar datos conjuntamente y coordinar proyectos de investigaci\u00f3n. El primer encuentro entre los dos grupos tuvo lugar en La Cristalera, Universidad Aut\u00f3noma de Madrid.<\/p>\n\n\n\n<p>El seminario \u201cLanguage, Ideologies and the New Economy\u201d celebrado en abril de 2009 en el Instituto de Multiling\u00fcismo (Universidad de Fribourg, Suiza) cont\u00f3 con la participaci\u00f3n de Melissa Moyer y Katia Yago con su presentaci\u00f3n \u201cTransnational Spaces, Social Structuration and Multilingualism in a Tourist Community on the Costa Brava\u201d.<\/p>\n\n\n\n<p>Nuestro equipo de investigaci\u00f3n actual organiz\u00f3 el 3r Seminario Internacional AILA sobre lengua y migraci\u00f3n en febrero de 2009. El tema del seminario era \u201cLengua y migraci\u00f3n en las instituciones: Procesos, poder y control\u201d. Maria Sabat\u00e9 present\u00f3 parte de su investigaci\u00f3n doctoral en la comunicaci\u00f3n \u201cConsolidating Embryonic Institutions of Migration: The Case of Locutorios\u201d. Eva Cod\u00f3 fue invitada a pronunciar la conferencia plenaria \u201cWhen Migrants Meet the State: Control, Evaluation and Social Categorisation in Bureaucratic Encounters\u201d.<\/p>\n\n\n\n<p>Melissa G. Moyer y Maria Rosa Garrido presentaron la comunicaci\u00f3n conjunta \u201cIdeologies and Practices of Multilingualism in an Immigrant Support Organisation: Making Micro-Macro Connections\u201d en el Simposio de Socioling\u00fc\u00edstica SS17 celebrado en Vrije Universiteit, Pa\u00edses Bajos. Maria Sabat\u00e9 tambi\u00e9n present\u00f3 su comunicaci\u00f3n \u201cIdeologies on multilingual practices in a rural school managing diversity\u201d basada en su trabajo de m\u00e1ster en la Universidad de Toronto.<\/p>\n\n\n\n<p>Melissa Moyer, Eva Cod\u00f3, Melinda Dooly, Maria Rosa Garrido y Lola Ruiz presentaron un art\u00edculo conjunto sobre las construcciones del multiling\u00fcismo y la multimodalidad en contextos institucionales, \u201cConstructions of Multilingualism and Multimodality in Institutional Sites\u201d, en el panel organizado por Gabi Budach y Marilyn Martin-Jones sobre Multiling\u00fcismo, Literacidad y Multimodalidad en el 6\u00ba Simposio Internacional sobre Biling\u00fcismo celebrado en junio de 2007 en la Universidad de Hamburgo, Alemania.<\/p>\n\n\n\n<p>Joan Pujolar y Melissa Moyer organizaron conjuntamente un coloquio sobre Inmigraci\u00f3n y pr\u00e1cticas ling\u00fc\u00edsticas multiling\u00fces en contextos institucionales: Cuestiones de identidad y poder en el Simposio de Socioling\u00fc\u00edstica SS16 (2007) celebrado en Limerick, Irlanda. Eva Cod\u00f3, miembro de nuestro grupo de investigaci\u00f3n, present\u00f3 el art\u00edculo \u201cGlobal languages, local contexts: English as a lingua franca at a government office in Catalonia\u201d.<\/p>\n\n\n\n<p>El equipo investigador del proyecto original (2001-2003) particip\u00f3 activamente en la organizaci\u00f3n del 5\u00ba Simposio sobre Biling\u00fcismo (ISB5) en marzo de 2005.<\/p>\n\n\n\n<h2 class=\"wp-block-heading\"><strong>El proyecto LIPPS-LIDES<\/strong><\/h2>\n\n\n\n<p>El proyecto LIPPS se concibe como una red de investigadores que, adem\u00e1s de realizar su propia investigaci\u00f3n individual basada en datos de interacci\u00f3n ling\u00fc\u00edstica, est\u00e1n comprometidos con el objetivo com\u00fan de crear una base de datos y de desarrollar esquemas y pautas para la codificaci\u00f3n de estos datos. En efecto, cada investigador\/a trabaja independientemente con sus datos, pero tiene presentes los objetivos comunes del grupo. Estos objetivos comunes son:<\/p>\n\n\n\n<p>Desarrollar est\u00e1ndares para transcribir y codificar datos multiling\u00fces.<\/p>\n\n\n\n<p>Desarrollar una base de datos electr\u00f3nica (un corpus) de datos de interacci\u00f3n multiling\u00fce transcritos y codificados conforme al est\u00e1ndar desarrollado por el grupo.<\/p>\n\n\n\n<p>Desarrollar herramientas de f\u00e1cil uso para la transcripci\u00f3n y codificaci\u00f3n de datos de interacci\u00f3n ling\u00fc\u00edstica.<\/p>\n\n\n\n<p>Para m\u00e1s informaci\u00f3n, visitar:&nbsp;<a href=\"http:\/\/www.ling.lancs.ac.uk\/\" target=\"_blank\" rel=\"noopener\">http:\/\/www.ling.lancs.ac.uk<\/a>.<\/p>\n","protected":false},"excerpt":{"rendered":"<p>Historia del Grupo El grupo de investigaci\u00f3n CIEN est\u00e1 adscrito al Departamento de Filolog\u00eda Inglesa y German\u00edstica de la Facultad de Filosof\u00eda y Letras, Universidad Aut\u00f3noma de Barcelona. Se fund\u00f3 en el a\u00f1o 2001 gracias a la financiaci\u00f3n del Ministerio de Educaci\u00f3n y Ciencia para realizar el proyecto BFF2001-2576 sobre Pr\u00e1cticas verbales en la comunicaci\u00f3n [&hellip;]<\/p>\n","protected":false},"author":20,"featured_media":0,"parent":0,"menu_order":0,"comment_status":"closed","ping_status":"closed","template":"","meta":{"footnotes":""},"class_list":["post-164","page","type-page","status-publish","hentry"],"_links":{"self":[{"href":"https:\/\/webs.uab.cat\/cien\/wp-json\/wp\/v2\/pages\/164","targetHints":{"allow":["GET"]}}],"collection":[{"href":"https:\/\/webs.uab.cat\/cien\/wp-json\/wp\/v2\/pages"}],"about":[{"href":"https:\/\/webs.uab.cat\/cien\/wp-json\/wp\/v2\/types\/page"}],"author":[{"embeddable":true,"href":"https:\/\/webs.uab.cat\/cien\/wp-json\/wp\/v2\/users\/20"}],"replies":[{"embeddable":true,"href":"https:\/\/webs.uab.cat\/cien\/wp-json\/wp\/v2\/comments?post=164"}],"version-history":[{"count":1,"href":"https:\/\/webs.uab.cat\/cien\/wp-json\/wp\/v2\/pages\/164\/revisions"}],"predecessor-version":[{"id":317,"href":"https:\/\/webs.uab.cat\/cien\/wp-json\/wp\/v2\/pages\/164\/revisions\/317"}],"wp:attachment":[{"href":"https:\/\/webs.uab.cat\/cien\/wp-json\/wp\/v2\/media?parent=164"}],"curies":[{"name":"wp","href":"https:\/\/api.w.org\/{rel}","templated":true}]}}