{"id":196,"date":"2017-07-27T14:31:47","date_gmt":"2017-07-27T14:31:47","guid":{"rendered":"https:\/\/webs.uab.cat\/cien\/enlaces-0\/"},"modified":"2017-07-27T14:31:47","modified_gmt":"2017-07-27T14:31:47","slug":"enlaces-0","status":"publish","type":"page","link":"https:\/\/webs.uab.cat\/cien\/enlaces-0\/","title":{"rendered":"Enlaces"},"content":{"rendered":"<p><strong>Instituciones<\/strong><\/p>\n<p><a href=\"http:\/\/www.bbk.ac.uk\/\" target=\"_blank\" rel=\"noopener\">Birkbeck College, University of London<\/a><\/p>\n<p><a href=\"http:\/\/www.uab.cat\/departament\/filologia-anglesa-germanistica\/\" target=\"_blank\" rel=\"noopener\">Departament de Filologia Anglesa i de German\u00edstica, Universitat Aut\u00f2noma de Barcelona<\/a><\/p>\n<p><a href=\"http:\/\/www.oise.utoronto.ca\/oise\/Home\/index.html\" target=\"_blank\" rel=\"noopener\">Centre de Recerca en Educaci\u00f3 Franco-Ontariana (CREFO) a l&#8217;Ontario Institute for Studies in Education (OISE), Universitat de Toronto (Canad\u00e0)<\/a><\/p>\n<p><a href=\"https:\/\/www.upf.edu\/\" target=\"_blank\" rel=\"noopener\">Grup de recerca en literacitat cr\u00edtica de la Universitat Pompeu Fabra, Barcelona<\/a><\/p>\n<p>\n<strong>Recursos<\/strong><\/p>\n<p class=\"rtejustify\"><a href=\"http:\/\/www.languageonthemove.org\/\" target=\"_blank\" rel=\"noopener\">Language on The Move<\/a><br \/>\nLa p\u00e1gina web Language on the Move est\u00e1 dedicada a temas relacionados con la lengua y la comunicaci\u00f3n en contextos multiculturales y transnacionales. Se dirige a todos aquellos que est\u00e9n interesados en el aprendizaje de lenguas, el multiling\u00fcismo y la comunicaci\u00f3n intercultural.<\/p>\n<p class=\"rtejustify\"><a href=\"http:\/\/www.lancaster.ac.uk\/linguistics\/\" target=\"_blank\" rel=\"noopener\">LIPPS (Language Interaction in Plurilingual and Plurilectal Speakers) and LIDES (Language Interaction Data Exchange System)<\/a>:<br \/>\nLIDES contiene bases de datos biling\u00fces e informaci\u00f3n sobre la transcripci\u00f3n y la codificaci\u00f3n de datos biling\u00fces.<\/p>\n<p class=\"rtejustify\"><a href=\"http:\/\/www.jstor.org\/\" target=\"_blank\" rel=\"noopener\">JSTOR<\/a>:<br \/>\nEs necesario estar suscrito a JSTOR para acceder al archivo. Las bibliotecas de la UAB tienen una subscripci\u00f3n institucional.<\/p>\n<p class=\"rtejustify\"><a href=\"http:\/\/www.proquest.com\/\" target=\"_blank\" rel=\"noopener\">LLBA (Linguistics and Language Behavior Abstracts)<\/a><br \/>\nResume e indexa la literatura internacional sobre ling\u00fc\u00edstica y sobre las disciplinas dentro del campo de las ciencias de la lengua. La base de datos archiva res\u00famenes de art\u00edculos publicados en revistas acad\u00e9micas y citas de rese\u00f1as de libros extra\u00eddas de m\u00e1s de 150 publicaciones peri\u00f3dicas. Tambi\u00e9n almacena res\u00famenes de libros, cap\u00edtulos de libros y tesis doctorales.<\/p>\n<p class=\"rtejustify\"><a href=\"http:\/\/www.segundaslenguaseinmigracion.es\/defaultsite\" target=\"_blank\" rel=\"noopener\">Segundas lenguas e inmigraci\u00f3n<\/a><br \/>\nAlmacena art\u00edculos acad\u00e9micos sobre la ense\u00f1anza de segundas lenguas a migrantes adultos y tambi\u00e9n recursos did\u00e1cticos para profesores.<\/p>\n<p class=\"rtejustify\">\n<strong>F\u00f3rums<\/strong><\/p>\n<p class=\"rtejustify\"><a href=\"https:\/\/linguistlist.org\/\" target=\"_blank\" rel=\"noopener\">Lista LINGUIST LIST<\/a><br \/>\nPara recibir informaci\u00f3n esencial sobre todas las \u00e1reas de la ling\u00fc\u00edstica.<\/p>\n<p class=\"rtejustify\"><strong>Lista BILING<\/strong><br \/>\nEsta lista distribuye informaci\u00f3n sobre encuentros y ofertas de trabajo en el campo del biling\u00fcismo y el multiling\u00fcismo. Para suscribirse, hay que escribir a: biling@asu.edu<\/p>\n<p class=\"rtejustify\"><strong>DISCURS<\/strong><\/p>\n<p class=\"rtejustify\">Lista de distribuci\u00f3n entre los investigadores de la Universidad Pompeu Fabra, la Universidad Aut\u00f3noma de Barcelona y la Universidad de Barcelona que trabajan en estudios del discurso y que pertenecen al Centro de Estudios del Discurso.<\/p>\n<p class=\"rtejustify\">Para enviar un mensaje a la lista de distribuci\u00f3n, hay que escribir a: discurs@nic.surfnet.nl<\/p>\n<p class=\"rtejustify\">Para publicar informaci\u00f3n sobre cursos de posgrado, conferencias o proyectos en la p\u00e1gina web www.discurs.org, contactar con Teun A. van Dijk: teun@discursos.org<\/p>\n<p class=\"rtejustify\"><a href=\"http:\/\/www.baal.org.uk\/\" target=\"_blank\" rel=\"noopener\">BAAL<\/a> (British Association for Applied Linguistics)<br \/>\nEs una asociaci\u00f3n profesional del Reino Unido que proporciona un foro para aquellas personas interesadas en el estudio de la lengua y las aplicaciones de la ling\u00fc\u00edstica. Para enviar un mensaje a la lista de distribuci\u00f3n, hay que escribir a: baalmail-bounces@lists.leeds.ac.uk<\/p>\n","protected":false},"excerpt":{"rendered":"<p>Instituciones Birkbeck College, University of London Departament de Filologia Anglesa i de German\u00edstica, Universitat Aut\u00f2noma de Barcelona Centre de Recerca en Educaci\u00f3 Franco-Ontariana (CREFO) a l&#8217;Ontario Institute for Studies in Education (OISE), Universitat de Toronto (Canad\u00e0) Grup de recerca en literacitat cr\u00edtica de la Universitat Pompeu Fabra, Barcelona Recursos Language on The Move La p\u00e1gina [&hellip;]<\/p>\n","protected":false},"author":20,"featured_media":0,"parent":0,"menu_order":0,"comment_status":"closed","ping_status":"closed","template":"","meta":{"footnotes":""},"class_list":["post-196","page","type-page","status-publish","hentry"],"_links":{"self":[{"href":"https:\/\/webs.uab.cat\/cien\/wp-json\/wp\/v2\/pages\/196","targetHints":{"allow":["GET"]}}],"collection":[{"href":"https:\/\/webs.uab.cat\/cien\/wp-json\/wp\/v2\/pages"}],"about":[{"href":"https:\/\/webs.uab.cat\/cien\/wp-json\/wp\/v2\/types\/page"}],"author":[{"embeddable":true,"href":"https:\/\/webs.uab.cat\/cien\/wp-json\/wp\/v2\/users\/20"}],"replies":[{"embeddable":true,"href":"https:\/\/webs.uab.cat\/cien\/wp-json\/wp\/v2\/comments?post=196"}],"version-history":[{"count":0,"href":"https:\/\/webs.uab.cat\/cien\/wp-json\/wp\/v2\/pages\/196\/revisions"}],"wp:attachment":[{"href":"https:\/\/webs.uab.cat\/cien\/wp-json\/wp\/v2\/media?parent=196"}],"curies":[{"name":"wp","href":"https:\/\/api.w.org\/{rel}","templated":true}]}}