{"id":231,"date":"2018-02-05T14:07:50","date_gmt":"2018-02-05T14:07:50","guid":{"rendered":"https:\/\/webs.uab.cat\/cien\/proyecto-2017-2019\/"},"modified":"2018-02-05T14:07:50","modified_gmt":"2018-02-05T14:07:50","slug":"proyecto-2017-2019","status":"publish","type":"page","link":"https:\/\/webs.uab.cat\/cien\/proyecto-2017-2019\/","title":{"rendered":"Proyecto 2017-2019"},"content":{"rendered":"<p><strong>T\u00edtulo del proyecto:&nbsp;<\/strong>Social Inclusion and the Impact of Voiceitt on Identity and Talk in Persons with Acquired Brain Injury<\/p>\n<p><strong>Referencia:<\/strong>&nbsp;Horizon 2020 H2020-SMEInst-2016-2017 (H2020-SMEINST-2-2016-2017), Proposal: 779105 \u2014 Talkitt<\/p>\n<p><strong>Fechas:&nbsp;<\/strong>Julio&nbsp;2017-Marzo&nbsp;2019<\/p>\n<p><strong>Investigadora Principal:<\/strong>&nbsp;Melissa &nbsp;Moyer<\/p>\n<p><strong>Equipo de Investigac\u00f3n:<\/strong>&nbsp;Ignasi Clemente, Marta Gim\u00e9nez, Gema Rubio<\/p>\n<p><strong>Financiamento:<\/strong>&nbsp;121.000,00 euros<\/p>\n<p class=\"rtejustify\">&nbsp;<\/p>\n<p class=\"rtejustify\"><strong>Descripci\u00f3n del proyecto<\/strong><\/p>\n<p class=\"rtejustify\">Esta investigaci\u00f3n plantea estudiar la utilizaci\u00f3n de la aplicaci\u00f3n Voiceitt por parte de personas con impedimento de habla a ra\u00edz de un da\u00f1o cerebral adquirido. Desde una perspectiva de la socioling\u00fc\u00edstica se quiere entender la comunicaci\u00f3n de personas que hayan sufrido alg\u00fan tipo de traumatismo o ictus cerebral.<\/p>\n<p class=\"rtejustify\">Voiceitt es una tecnolog\u00eda digital port\u00e1til de ayuda creada por la empresa Talkitt para facilitar la comunicaci\u00f3n de personas con un impedimento de habla. Consiste en una aplicaci\u00f3n de reconocimiento de cualquier palabra no inteligible&nbsp; y la traducci\u00f3n&nbsp; de esa palabra en tiempo real a una comunicaci\u00f3n comprensible.<\/p>\n<p class=\"rtejustify\">Se espera que los resultados de este estudio avancen el conocimiento sobre la comunicaci\u00f3n en personas con da\u00f1o cerebral adquirido&nbsp; y c\u00f3mo se lleva a cabo mediante estrategias multimodalidades que consiste en la utilizaci\u00f3n de gestos faciales o manuales, o dispositivos con aplicaciones de comunicaci\u00f3n aumentativa.<\/p>\n<p class=\"rtejustify\">Los beneficios de este estudio sirven para (a) evaluar el impacto del uso de Voiceitt en la comunicaci\u00f3n y presentaci\u00f3n de la&nbsp; identidad en personas con da\u00f1o cerebral adquirido; (b) proporcionar informaci\u00f3n basada en la experiencia de los usuarios sobre las posibles limitaciones de la aplicaci\u00f3n y as\u00ed contribuir a mejorar las versiones futuras; (c) proponer pautas comunicativas espec\u00edficas para los usuarios de la aplicaci\u00f3n,&nbsp; sus interlocutores\/as (que en su mayor\u00eda ser\u00e1n profesionales, cuidadores\/as y familiares), y Voiceitt; (d) promover la sensibilidad social y la aceptaci\u00f3n de la diversidad funcional relacionado con la comunicaci\u00f3n (e) asesorar a profesionales que trabajan con personas afectadas por disartria o impedimento de habla; (f) contribuir al desarrollo de Voceitt; y (g) avanzar el conocimiento acad\u00e9mico sobre enfoques socioling\u00fc\u00edsticos a la comunicaci\u00f3n en personas con da\u00f1o cerebral adquirido.<\/p>\n<p class=\"rtejustify\"><strong>&nbsp;Metodolog\u00eda<\/strong><\/p>\n<p class=\"rtejustify\">En el estudio participar\u00e1n personas adultas de diferente edad, g\u00e9nero y formaci\u00f3n que han sido diagnosticadas con disartria como resultado de un da\u00f1o cerebral adquirido.<\/p>\n<p class=\"rtejustify\">Se realizar\u00e1n fotograf\u00edas, grabaciones de video y entrevistas&nbsp; con los participantes del estudio, sus familiares, cuidadores, y otras personas relacionadas con su vida. Tambi\u00e9n se anotar\u00e1n observaciones por parte de los investigadores en un diario de campo. De forma adicional se incorporar\u00e1 al estudio las contribuciones generadas por los propios&nbsp; participantes en la modalidad comunicativa que elijan.<\/p>\n<p class=\"rtejustify\">Las observaciones y las grabaciones por parte de los investigadores se llevar\u00e1 a cabo en 5 d\u00edas convenidos previamente con el participante a lo largo de tres o cuatro meses.<\/p>\n<p class=\"rtejustify\">&nbsp;<strong>Gesti\u00f3n y protecci\u00f3n de datos<\/strong><\/p>\n<p class=\"rtejustify\">La naturaleza de este estudio requiere permisos de diferentes entidades&nbsp; y adem\u00e1s el consentimiento expl\u00edcito de los participantes o su representante legal. Los investigadores del presente estudio proteger\u00e1n la confidencialidad de los datos que puedan identificar a los participantes en sus presentaciones y publicaciones.&nbsp; Voiceitt por su lado aplicar\u00e1 su protocolo \u00e9tico que el participante tendr\u00e1 que aceptar para su participaci\u00f3n.<\/p>\n","protected":false},"excerpt":{"rendered":"<p>T\u00edtulo del proyecto:&nbsp;Social Inclusion and the Impact of Voiceitt on Identity and Talk in Persons with Acquired Brain Injury Referencia:&nbsp;Horizon 2020 H2020-SMEInst-2016-2017 (H2020-SMEINST-2-2016-2017), Proposal: 779105 \u2014 Talkitt Fechas:&nbsp;Julio&nbsp;2017-Marzo&nbsp;2019 Investigadora Principal:&nbsp;Melissa &nbsp;Moyer Equipo de Investigac\u00f3n:&nbsp;Ignasi Clemente, Marta Gim\u00e9nez, Gema Rubio Financiamento:&nbsp;121.000,00 euros &nbsp; Descripci\u00f3n del proyecto Esta investigaci\u00f3n plantea estudiar la utilizaci\u00f3n de la aplicaci\u00f3n Voiceitt [&hellip;]<\/p>\n","protected":false},"author":20,"featured_media":0,"parent":0,"menu_order":0,"comment_status":"closed","ping_status":"closed","template":"","meta":{"footnotes":""},"class_list":["post-231","page","type-page","status-publish","hentry"],"_links":{"self":[{"href":"https:\/\/webs.uab.cat\/cien\/wp-json\/wp\/v2\/pages\/231","targetHints":{"allow":["GET"]}}],"collection":[{"href":"https:\/\/webs.uab.cat\/cien\/wp-json\/wp\/v2\/pages"}],"about":[{"href":"https:\/\/webs.uab.cat\/cien\/wp-json\/wp\/v2\/types\/page"}],"author":[{"embeddable":true,"href":"https:\/\/webs.uab.cat\/cien\/wp-json\/wp\/v2\/users\/20"}],"replies":[{"embeddable":true,"href":"https:\/\/webs.uab.cat\/cien\/wp-json\/wp\/v2\/comments?post=231"}],"version-history":[{"count":0,"href":"https:\/\/webs.uab.cat\/cien\/wp-json\/wp\/v2\/pages\/231\/revisions"}],"wp:attachment":[{"href":"https:\/\/webs.uab.cat\/cien\/wp-json\/wp\/v2\/media?parent=231"}],"curies":[{"name":"wp","href":"https:\/\/api.w.org\/{rel}","templated":true}]}}