{"id":239,"date":"2018-02-07T16:23:30","date_gmt":"2018-02-07T16:23:30","guid":{"rendered":"https:\/\/webs.uab.cat\/cien\/ignasi-clemente\/"},"modified":"2022-07-27T07:57:36","modified_gmt":"2022-07-27T07:57:36","slug":"ignasi-clemente","status":"publish","type":"page","link":"https:\/\/webs.uab.cat\/cien\/ignasi-clemente\/","title":{"rendered":"Ignasi Clemente"},"content":{"rendered":"\n<p>Ignasi Clemente, Ph.D., es antrop\u00f3logo y ling\u00fcista. Trabaja en City of New York University y es Honorary Senior Research Associate en el Louis Dundas Centre for Children &#8216;s Palliative Care, Institute of Child Health, University College London. Su investigaci\u00f3n incluye estudios de la ni\u00f1ez y la juventud; enfermedades cr\u00f3nicas; comunicaci\u00f3n y cultura en la atenci\u00f3n de ni\u00f1os\/as y j\u00f3venes con discapacidades, y enfermedades cr\u00f3nicas y terminales; enfoques psicosociales del dolor y el sufrimiento; trabajo aplicado en comunicaci\u00f3n sanitaria; y multimodalidad y corporeidad\/corporificaci\u00f3n. Su libro, <em>Uncertain Futures: Communication and Culture in Childhood Cancer Treatment<\/em> (Wiley Blackwell), fue galardonado con el Premio Modest Reixach de la Societat Catalana de Socioling\u00fc\u00edstica de 2017.<\/p>\n","protected":false},"excerpt":{"rendered":"<p>Ignasi Clemente, Ph.D., es antrop\u00f3logo y ling\u00fcista. Trabaja en City of New York University y es Honorary Senior Research Associate en el Louis Dundas Centre for Children &#8216;s Palliative Care, Institute of Child Health, University College London. Su investigaci\u00f3n incluye estudios de la ni\u00f1ez y la juventud; enfermedades cr\u00f3nicas; comunicaci\u00f3n y cultura en la atenci\u00f3n [&hellip;]<\/p>\n","protected":false},"author":20,"featured_media":234,"parent":0,"menu_order":0,"comment_status":"closed","ping_status":"closed","template":"","meta":{"footnotes":""},"class_list":["post-239","page","type-page","status-publish","has-post-thumbnail","hentry"],"_links":{"self":[{"href":"https:\/\/webs.uab.cat\/cien\/wp-json\/wp\/v2\/pages\/239","targetHints":{"allow":["GET"]}}],"collection":[{"href":"https:\/\/webs.uab.cat\/cien\/wp-json\/wp\/v2\/pages"}],"about":[{"href":"https:\/\/webs.uab.cat\/cien\/wp-json\/wp\/v2\/types\/page"}],"author":[{"embeddable":true,"href":"https:\/\/webs.uab.cat\/cien\/wp-json\/wp\/v2\/users\/20"}],"replies":[{"embeddable":true,"href":"https:\/\/webs.uab.cat\/cien\/wp-json\/wp\/v2\/comments?post=239"}],"version-history":[{"count":1,"href":"https:\/\/webs.uab.cat\/cien\/wp-json\/wp\/v2\/pages\/239\/revisions"}],"predecessor-version":[{"id":340,"href":"https:\/\/webs.uab.cat\/cien\/wp-json\/wp\/v2\/pages\/239\/revisions\/340"}],"wp:featuredmedia":[{"embeddable":true,"href":"https:\/\/webs.uab.cat\/cien\/wp-json\/wp\/v2\/media\/234"}],"wp:attachment":[{"href":"https:\/\/webs.uab.cat\/cien\/wp-json\/wp\/v2\/media?parent=239"}],"curies":[{"name":"wp","href":"https:\/\/api.w.org\/{rel}","templated":true}]}}