{"id":1000,"date":"2018-11-27T12:05:00","date_gmt":"2018-11-27T12:05:00","guid":{"rendered":"https:\/\/webs.uab.cat\/cienciaxllegir\/criatura\/"},"modified":"2023-06-30T16:14:13","modified_gmt":"2023-06-30T16:14:13","slug":"criatura","status":"publish","type":"page","link":"https:\/\/webs.uab.cat\/cienciaxllegir\/criatura\/","title":{"rendered":"La criatura"},"content":{"rendered":"<p><em>\u201cVaig acabar la meva obra una trista nit de novembre. Gaireb\u00e9 de manera ag\u00f2nica, em vaig envoltar dels instruments necessaris per injectar vida al cos inert que tenia als peus. Era la una de la matinada. Una trista pluja picava els vidres de la finestra, i gr\u00e0cies a la claror tremolosa que irradiava la meva espelma quasi acabada, vaig poder veure que l\u2019ull groguenc i entelat de la criatura s\u2019obria. Respirava amb dificultat, i feia moviments convulsius amb els membres.\u201d(1)<\/em><\/p>\n<figure id=\"attachment_1003\" aria-describedby=\"caption-attachment-1003\" style=\"width: 700px\" class=\"wp-caption alignnone\"><img loading=\"lazy\" decoding=\"async\" class=\"wp-image-1003 size-full\" src=\"https:\/\/webs.uab.cat\/cienciaxllegir\/wp-content\/uploads\/sites\/215\/2018\/11\/fotogramapeli2.jpg\" alt=\"fotogramapeli2\" width=\"700\" height=\"486\" srcset=\"https:\/\/webs.uab.cat\/cienciaxllegir\/wp-content\/uploads\/sites\/215\/2018\/11\/fotogramapeli2.jpg 700w, https:\/\/webs.uab.cat\/cienciaxllegir\/wp-content\/uploads\/sites\/215\/2018\/11\/fotogramapeli2-300x208.jpg 300w\" sizes=\"auto, (max-width: 700px) 100vw, 700px\" \/><figcaption id=\"caption-attachment-1003\" class=\"wp-caption-text\">Colin Clive, com el dr. Frankenstein, en una escena de la mateixa pel\u00b7l\u00edcula de James Whale (1931)<\/figcaption><\/figure>\n<p>Frankenstein, o el modern Prometeu es va escriure l\u2019estiu del 1816, es public\u00e0 el 1818 i ja el 1826 es va representar la primera de les seves moltes adaptacions teatrals. La productora cinematogr\u00e0fica de l\u2019inventor Thomas Alva Edison va estrenar el 1910 <a href=\"https:\/\/en.wikipedia.org\/wiki\/Frankenstein_(1910_film)\" target=\"_blank\" rel=\"noopener\">la primera pel\u00b7l\u00edcula sobre l&#8217;obra<\/a>. Des del comen\u00e7ament, la novel\u00b7la va servir com a punt de partida per a la representaci\u00f3, elaboraci\u00f3 i discussi\u00f3 de q\u00fcestions religioses, filos\u00f2fiques, pol\u00edtiques, liter\u00e0ries, i \u00e8tiques al voltant del coneixement, la ci\u00e8ncia i la medicina, l\u2019home de ci\u00e8ncia, l\u2019experimentaci\u00f3, la creaci\u00f3 i la transmissi\u00f3 de la vida. Des de finals del segle XX, la figura del doctor Frankenstein i la seva criatura s\u2019associen a la bioenginyeria, la biotecnologia i l\u2019experimentaci\u00f3 sobre la vida, com per exemple: organismes modificats gen\u00e8ticament, clonaci\u00f3, \u00fas d\u2019embrions, c\u00e8l\u00b7lules mare, etc. En totes aquestes \u00e0rees, la figura de Frankenstein resumeix el problema de les ci\u00e8ncies i les tecnologies que semblen transgredir l\u00edmits absoluts, desnaturalitzar la pr\u00f2pia natura i posar en perill la humanitat.<\/p>\n<figure class=\"image\" style=\"float: right\"><\/figure>\n<figure id=\"attachment_1002\" aria-describedby=\"caption-attachment-1002\" style=\"width: 724px\" class=\"wp-caption alignright\"><img loading=\"lazy\" decoding=\"async\" class=\"wp-image-1002 size-full\" src=\"https:\/\/webs.uab.cat\/cienciaxllegir\/wp-content\/uploads\/sites\/215\/2018\/11\/frankboris.jpg\" alt=\"frankboris\" width=\"724\" height=\"920\" srcset=\"https:\/\/webs.uab.cat\/cienciaxllegir\/wp-content\/uploads\/sites\/215\/2018\/11\/frankboris.jpg 724w, https:\/\/webs.uab.cat\/cienciaxllegir\/wp-content\/uploads\/sites\/215\/2018\/11\/frankboris-236x300.jpg 236w\" sizes=\"auto, (max-width: 724px) 100vw, 724px\" \/><figcaption id=\"caption-attachment-1002\" class=\"wp-caption-text\">L\u2019actor brit\u00e0nic Boris Karloff donant vida al monstre en un retrat promocional de la pel\u00b7l\u00edcula Frankenstein de James Whale (1931)<\/figcaption><\/figure>\n<p>Com Frankenstein demostra al final:<\/p>\n<ul>\n<li>un experiment cient\u00edfic que es porta a terme sense tenir en compte els resultats probables o, fins i tot involuntaris, i que canvia radicalment l\u2019ordre natural, pot convertir-se en un monstre, en alg\u00fa capa\u00e7 de destruir el seu propi creador;<\/li>\n<li>la novel\u00b7la defensa una ci\u00e8ncia que busca comprendre m\u00e9s que no pas canviar el funcionament de la natura;<\/li>\n<li>fins i tot poden ressonar certs problemes \u00e8tics inherents als aven\u00e7os cient\u00edfics, com la possibilitat de produir un superhome;<\/li>\n<li>i alhora, s\u2019il\u00b7lustren les aterradores ramificacions i les conseq\u00fc\u00e8ncies involunt\u00e0ries d\u2019intentar \u201cmillorar\u201d l\u2019esp\u00e8cie humana.<\/li>\n<\/ul>\n<p>M\u00e9s informaci\u00f3:<\/p>\n<ul style=\"list-style-type: circle\">\n<li><a href=\"http:\/\/blogs.iec.cat\/schct\/activitats-2\/cicle-de-colloquis-de-la-schct-2017-2018\/\" target=\"_blank\" rel=\"noopener\">Frankenstein 2018: doscientos a\u00f1os en la historia de la ci\u00e8ncia (primera parte)<\/a>, de la Societat Catalana d\u2019Hist\u00f2ria de la Ci\u00e8ncia i de la T\u00e8cnica<\/li>\n<li><em>Frankenstein, genero y madre naturaleza<\/em>, d\u2019Anne K. Mellor, publicat a: \u00a0<a href=\"https:\/\/bibcercador.uab.cat\/permalink\/34CSUC_UAB\/avjcib\/alma991008260359706709\" target=\"_blank\" rel=\"noopener\">Frankenstein, o, El moderno prometeo : bicentenario 1818-2018<\/a><\/li>\n<li><a href=\"https:\/\/bibcercador.uab.cat\/permalink\/34CSUC_UAB\/1eqfv2p\/alma991008247979706709\" target=\"_blank\" rel=\"noopener\">Frankenstein: el mito de la vida artificial<\/a>, de Tom\u00e0s Fern\u00e1ndez Valent\u00ed i Antonio Jos\u00e9 Navarro<\/li>\n<li><a href=\"https:\/\/bibcercador.uab.cat\/permalink\/34CSUC_UAB\/1eqfv2p\/alma991007068329706709\" target=\"_blank\" rel=\"noopener\">Frankenstein\u2019s children: electricity, exhibition, and experiment in early-nineteenth-century London<\/a>, de I.R. Morus<\/li>\n<li><a href=\"http:\/\/www.lavanguardiadigital.com.ar\/index.php\/2018\/03\/19\/acerca-de-frankenstein\/\" target=\"_blank\" rel=\"noopener\">Acerca de Frankenstein<\/a>, article d\u2019Alejandro Galliano a <em>La Vanguardia<\/em><\/li>\n<\/ul>\n<p>(1) <span style=\"font-size: 12px\">Fragment del <a href=\"https:\/\/bibcercador.uab.cat\/permalink\/34CSUC_UAB\/avjcib\/alma991002960619706709\" target=\"_blank\" rel=\"noopener\">Frankenstein<\/a> editat per Edeb\u00e9 el 2002 (p\u00e0g. 44)<\/span><\/p>\n","protected":false},"excerpt":{"rendered":"<p>\u201cVaig acabar la meva obra una trista nit de novembre. Gaireb\u00e9 de manera ag\u00f2nica, em vaig envoltar dels instruments necessaris per injectar vida al cos inert que tenia als peus. Era la una de la matinada. Una trista pluja picava els vidres de la finestra, i gr\u00e0cies a la claror tremolosa que irradiava la meva [&hellip;]<\/p>\n","protected":false},"author":20,"featured_media":0,"parent":0,"menu_order":0,"comment_status":"closed","ping_status":"closed","template":"","meta":{"footnotes":""},"class_list":["post-1000","page","type-page","status-publish","hentry"],"_links":{"self":[{"href":"https:\/\/webs.uab.cat\/cienciaxllegir\/wp-json\/wp\/v2\/pages\/1000","targetHints":{"allow":["GET"]}}],"collection":[{"href":"https:\/\/webs.uab.cat\/cienciaxllegir\/wp-json\/wp\/v2\/pages"}],"about":[{"href":"https:\/\/webs.uab.cat\/cienciaxllegir\/wp-json\/wp\/v2\/types\/page"}],"author":[{"embeddable":true,"href":"https:\/\/webs.uab.cat\/cienciaxllegir\/wp-json\/wp\/v2\/users\/20"}],"replies":[{"embeddable":true,"href":"https:\/\/webs.uab.cat\/cienciaxllegir\/wp-json\/wp\/v2\/comments?post=1000"}],"version-history":[{"count":3,"href":"https:\/\/webs.uab.cat\/cienciaxllegir\/wp-json\/wp\/v2\/pages\/1000\/revisions"}],"predecessor-version":[{"id":3240,"href":"https:\/\/webs.uab.cat\/cienciaxllegir\/wp-json\/wp\/v2\/pages\/1000\/revisions\/3240"}],"wp:attachment":[{"href":"https:\/\/webs.uab.cat\/cienciaxllegir\/wp-json\/wp\/v2\/media?parent=1000"}],"curies":[{"name":"wp","href":"https:\/\/api.w.org\/{rel}","templated":true}]}}