{"id":1054,"date":"2019-10-22T17:43:11","date_gmt":"2019-10-22T17:43:11","guid":{"rendered":"https:\/\/webs.uab.cat\/cienciaxllegir\/quimica-uab\/"},"modified":"2023-06-05T18:30:38","modified_gmt":"2023-06-05T18:30:38","slug":"quimica-uab","status":"publish","type":"page","link":"https:\/\/webs.uab.cat\/cienciaxllegir\/quimica-uab\/","title":{"rendered":"La taula peri\u00f2dica del Departament de Qu\u00edmica"},"content":{"rendered":"<p>Si entreu a la <a href=\"https:\/\/www.uab.cat\/ciencies\/\" target=\"_blank\" rel=\"noopener\">Facultat de Ci\u00e8ncies<\/a> per l\u2019entrada nord de l\u2019edifici veureu que, a la dreta, a tocar de les depend\u00e8ncies destinades al Departament de Qu\u00edmica, hi ha una <strong>taula peri\u00f2dica<\/strong> que us dona la benvinguda.<\/p>\n<p><img loading=\"lazy\" decoding=\"async\" class=\"aligncenter wp-image-1060 size-full\" src=\"https:\/\/webs.uab.cat\/cienciaxllegir\/wp-content\/uploads\/sites\/215\/2019\/10\/tpquimica01.jpg\" alt=\"tpquimica01\" width=\"900\" height=\"631\" srcset=\"https:\/\/webs.uab.cat\/cienciaxllegir\/wp-content\/uploads\/sites\/215\/2019\/10\/tpquimica01.jpg 900w, https:\/\/webs.uab.cat\/cienciaxllegir\/wp-content\/uploads\/sites\/215\/2019\/10\/tpquimica01-300x210.jpg 300w, https:\/\/webs.uab.cat\/cienciaxllegir\/wp-content\/uploads\/sites\/215\/2019\/10\/tpquimica01-768x538.jpg 768w\" sizes=\"auto, (max-width: 900px) 100vw, 900px\" \/><\/p>\n<p style=\"text-align: center\">\n<p>Aquesta taula peri\u00f2dica es va instal\u00b7lar el 2015 per commemorar els 30 anys del <strong><a href=\"https:\/\/www.uab.cat\/departament\/quimica\/\" target=\"_blank\" rel=\"noopener\">Departament de Qu\u00edmica<\/a><\/strong> (1985-2015) de la UAB.<br \/>\nDespr\u00e9s de considerar diverses opcions es va decidir encarregar-ne una de cer\u00e0mica i colors ben vius a l\u2019artista ceramista <a href=\"https:\/\/www.instagram.com\/xusmontoya\/\" target=\"_blank\" rel=\"noopener\"><strong>Xus Montoya Castej\u00f3n<\/strong><\/a>.<br \/>\nLa forma de presentaci\u00f3 de la mateixa es va discutir amb els membres del Departament de Qu\u00edmica i, finalment, es va decidir la que hi ha actualment, que es correspon amb la forma convencional de presentar-la, tot i que no \u00e9s la \u00fanica!<br \/>\nAquesta taula peri\u00f2dica s&#8217;ha convertit en una icona de les Facultats de Ci\u00e8ncies i Bioci\u00e8ncies.<\/p>\n<p>El finan\u00e7ament per poder dur a terme el projecte, a m\u00e9s del Departament de Qu\u00edmica i la Facultat de Ci\u00e8ncies, va venir per part de <a href=\"https:\/\/www.henkel.es\/\" target=\"_blank\" rel=\"noopener\">Henkel<\/a>, la <a href=\"https:\/\/blogs.iec.cat\/scq\/\" target=\"_blank\" rel=\"noopener\">Societat Catalana de Qu\u00edmica<\/a> i la <a href=\"http:\/\/www.rseq.cat\/\" target=\"_blank\" rel=\"noopener\">Secci\u00f3 Catalana de la Real Sociedad Espa\u00f1ola de Qu\u00edmica<\/a>.<\/p>\n<p><strong>Caracter\u00edstiques t\u00e8cniques<\/strong><\/p>\n<p>El punt de partida era representar la taula peri\u00f2dica dels elements per adaptar-la a un espai vertical de 2x3m aproximadament. Calia determinar quines dimensions, relleu i textures tindria cada m\u00f2dul, escollir la millor tipografia possible i aconseguir-ne els colors donats.<\/p>\n<p>Quant a les dimensions de cada m\u00f2dul, tenint en compte l\u2019espai a ocupar i l\u2019encongiment del fang ( un 10%), es va calcular que cada una de les 120 peces farien 20x20cm.<\/p>\n<p>I per a la tipografia, segons la mida del m\u00f2dul i la ubicaci\u00f3 de l\u2019obra, es va optar per fer el n\u00famero i el s\u00edmbol de cada element en relleu. D\u2019aquesta manera, el conjunt disposaria d\u2019una riquesa de llums i ombres imponent, i milloraria la seva visualitzaci\u00f3.<\/p>\n<p><img loading=\"lazy\" decoding=\"async\" class=\"alignnone  wp-image-1058\" src=\"https:\/\/webs.uab.cat\/cienciaxllegir\/wp-content\/uploads\/sites\/215\/2019\/10\/xusm04-225x300.jpg\" alt=\"xusm04\" width=\"187\" height=\"250\" srcset=\"https:\/\/webs.uab.cat\/cienciaxllegir\/wp-content\/uploads\/sites\/215\/2019\/10\/xusm04-225x300.jpg 225w, https:\/\/webs.uab.cat\/cienciaxllegir\/wp-content\/uploads\/sites\/215\/2019\/10\/xusm04.jpg 300w\" sizes=\"auto, (max-width: 187px) 100vw, 187px\" \/> <img loading=\"lazy\" decoding=\"async\" class=\"alignnone  wp-image-1055\" src=\"https:\/\/webs.uab.cat\/cienciaxllegir\/wp-content\/uploads\/sites\/215\/2019\/10\/xusm01-257x300.jpg\" alt=\"xusm01\" width=\"214\" height=\"249\" srcset=\"https:\/\/webs.uab.cat\/cienciaxllegir\/wp-content\/uploads\/sites\/215\/2019\/10\/xusm01-257x300.jpg 257w, https:\/\/webs.uab.cat\/cienciaxllegir\/wp-content\/uploads\/sites\/215\/2019\/10\/xusm01.jpg 300w\" sizes=\"auto, (max-width: 214px) 100vw, 214px\" \/> <img loading=\"lazy\" decoding=\"async\" class=\"alignnone  wp-image-1056\" src=\"https:\/\/webs.uab.cat\/cienciaxllegir\/wp-content\/uploads\/sites\/215\/2019\/10\/xusm02-300x259.jpg\" alt=\"xusm02\" width=\"286\" height=\"247\" srcset=\"https:\/\/webs.uab.cat\/cienciaxllegir\/wp-content\/uploads\/sites\/215\/2019\/10\/xusm02-300x259.jpg 300w, https:\/\/webs.uab.cat\/cienciaxllegir\/wp-content\/uploads\/sites\/215\/2019\/10\/xusm02.jpg 350w\" sizes=\"auto, (max-width: 286px) 100vw, 286px\" \/><\/p>\n<p>Cada m\u00f2dul es va fer sobre una planxa de refractari de 10mm de gruix sobre la que es col\u00b7locaria s\u00edmbol i n\u00famero de 5mm de gruix.<\/p>\n<p>Una plantilla dissenyada digitalment i impresa a escala natural va fer possible traspassar del model al paper i d\u2019aquest al fang.<\/p>\n<p>La tercera q\u00fcesti\u00f3 i la m\u00e9s compromesa era la representaci\u00f3 dels colors dels diferents elements per a que s\u2019acostessin el m\u00e0xim possible al model. I fent una s\u00e8rie de proves d\u2019esmalts amb diferents bases es van aconseguir els m\u00e9s apropiats.<\/p>\n<p>Els materials emprats van ser: el refractari alb\u00ed per les seves caracter\u00edstiques, la seva resist\u00e8ncia i color; i una base d\u2019esmalt transparent brillant d\u2019alta temperatura acolorida amb \u00f2xids i colorants per aconseguir la gamma requerida.<\/p>\n<p><img loading=\"lazy\" decoding=\"async\" class=\"size-medium wp-image-1059 alignleft\" src=\"https:\/\/webs.uab.cat\/cienciaxllegir\/wp-content\/uploads\/sites\/215\/2019\/10\/xusm05-225x300.jpg\" alt=\"xusm05\" width=\"225\" height=\"300\" srcset=\"https:\/\/webs.uab.cat\/cienciaxllegir\/wp-content\/uploads\/sites\/215\/2019\/10\/xusm05-225x300.jpg 225w, https:\/\/webs.uab.cat\/cienciaxllegir\/wp-content\/uploads\/sites\/215\/2019\/10\/xusm05.jpg 300w\" sizes=\"auto, (max-width: 225px) 100vw, 225px\" \/>A continuaci\u00f3 es detalla el proc\u00e9s de treball seguit, un cop definits el m\u00f2dul i els colors:<\/p>\n<ul>\n<li>Tallar les rajoles amb plantilla<\/li>\n<li>Tallar i enganxar s\u00edmbols i n\u00fameros a cada m\u00f2dul<\/li>\n<li>Assecatge<\/li>\n<li>Cocci\u00f3 a 980\u00baC<\/li>\n<li>Esmalt a pistola i decoraci\u00f3 manual a pinzell amb \u00f2xid de mangan\u00e9s de s\u00edmbols i n\u00fameros<\/li>\n<li>Cocci\u00f3 a 1220\u00baC<\/li>\n<\/ul>\n","protected":false},"excerpt":{"rendered":"<p>Si entreu a la Facultat de Ci\u00e8ncies per l\u2019entrada nord de l\u2019edifici veureu que, a la dreta, a tocar de les depend\u00e8ncies destinades al Departament de Qu\u00edmica, hi ha una taula peri\u00f2dica que us dona la benvinguda. Aquesta taula peri\u00f2dica es va instal\u00b7lar el 2015 per commemorar els 30 anys del Departament de Qu\u00edmica (1985-2015) [&hellip;]<\/p>\n","protected":false},"author":20,"featured_media":0,"parent":0,"menu_order":0,"comment_status":"closed","ping_status":"closed","template":"","meta":{"footnotes":""},"class_list":["post-1054","page","type-page","status-publish","hentry"],"_links":{"self":[{"href":"https:\/\/webs.uab.cat\/cienciaxllegir\/wp-json\/wp\/v2\/pages\/1054","targetHints":{"allow":["GET"]}}],"collection":[{"href":"https:\/\/webs.uab.cat\/cienciaxllegir\/wp-json\/wp\/v2\/pages"}],"about":[{"href":"https:\/\/webs.uab.cat\/cienciaxllegir\/wp-json\/wp\/v2\/types\/page"}],"author":[{"embeddable":true,"href":"https:\/\/webs.uab.cat\/cienciaxllegir\/wp-json\/wp\/v2\/users\/20"}],"replies":[{"embeddable":true,"href":"https:\/\/webs.uab.cat\/cienciaxllegir\/wp-json\/wp\/v2\/comments?post=1054"}],"version-history":[{"count":5,"href":"https:\/\/webs.uab.cat\/cienciaxllegir\/wp-json\/wp\/v2\/pages\/1054\/revisions"}],"predecessor-version":[{"id":2667,"href":"https:\/\/webs.uab.cat\/cienciaxllegir\/wp-json\/wp\/v2\/pages\/1054\/revisions\/2667"}],"wp:attachment":[{"href":"https:\/\/webs.uab.cat\/cienciaxllegir\/wp-json\/wp\/v2\/media?parent=1054"}],"curies":[{"name":"wp","href":"https:\/\/api.w.org\/{rel}","templated":true}]}}