{"id":1096,"date":"2019-11-05T09:44:17","date_gmt":"2019-11-05T09:44:17","guid":{"rendered":"https:\/\/webs.uab.cat\/cienciaxllegir\/genetica\/"},"modified":"2023-06-08T17:15:30","modified_gmt":"2023-06-08T17:15:30","slug":"genetica","status":"publish","type":"page","link":"https:\/\/webs.uab.cat\/cienciaxllegir\/genetica\/","title":{"rendered":"La gen\u00e8tica dels replicants"},"content":{"rendered":"<p>Els replicants no s\u00f3n humans:<\/p>\n<ul>\n<li>Han estat creats amb enginyeria gen\u00e8tica i s\u00f3n 100% org\u00e0nics<\/li>\n<li>No tenen emocions o sentiments perqu\u00e8 els hi manca passat, i<\/li>\n<li>Tenen una vida programada de quatre anys<\/li>\n<\/ul>\n<p>Des del principi de la pel\u00b7l\u00edcula, humans i replicants entren en comparaci\u00f3 amb el <strong><a href=\"https:\/\/www.jotdown.es\/2014\/09\/blade-runner-y-que-es-lo-que-nos-hace-humanos\/\" target=\"_blank\" rel=\"noopener\">test Voight-Kampff<\/a><\/strong> (primer amb el personatge de Leon Kowalski i a continuaci\u00f3 amb la Rachael) per deixar-li ben clar a l\u2019espectador les seves difer\u00e8ncies. Aquest test \u2014fictici, per altra banda\u2014 pret\u00e9n detectar l\u2019exist\u00e8ncia o no de sentiments espec\u00edficament humans entre els individus testats.<\/p>\n<p>I els replicants tampoc no s\u00f3n ciborgs ni <em>robots<\/em>:<\/p>\n<ul>\n<li>Els ciborgs combinarien materials org\u00e0nics i inorg\u00e0nics<\/li>\n<li>I els robots, tot i que origin\u00e0riament el terme designava a un &#8220;treballador for\u00e7at o esclavitzat&#8221; (va apar\u00e8ixer per primer cop a l&#8217;obra de teatre <a href=\"http:\/\/www.literaturaprospectiva.com\/?p=663\" target=\"_blank\" rel=\"noopener\">RUR de Karel Capek<\/a>, el 1920) i han acabat designant a &#8220;criatures de metall&#8221;, serien m\u00e0quines totalment mec\u00e0niques i no humanes<\/li>\n<\/ul>\n<p>A Blade Runner, les \u00faniques m\u00e0quines amb aparen\u00e7a humana o animal s\u00f3n les joguines que fabrica el dissenyador gen\u00e8tic J. F. Sebastian, i el mussol o la serp artificials.<\/p>\n<p><img loading=\"lazy\" decoding=\"async\" class=\"aligncenter wp-image-1098 size-full\" src=\"https:\/\/webs.uab.cat\/cienciaxllegir\/wp-content\/uploads\/sites\/215\/2019\/11\/brmaquines.jpg\" alt=\"brmaquines\" width=\"636\" height=\"200\" srcset=\"https:\/\/webs.uab.cat\/cienciaxllegir\/wp-content\/uploads\/sites\/215\/2019\/11\/brmaquines.jpg 636w, https:\/\/webs.uab.cat\/cienciaxllegir\/wp-content\/uploads\/sites\/215\/2019\/11\/brmaquines-300x94.jpg 300w\" sizes=\"auto, (max-width: 636px) 100vw, 636px\" \/><\/p>\n<p>I, tanmateix, tot i no ser ni humans ni robots, a mida que avan\u00e7a la pel\u00b7l\u00edcula, els replicants demostren que les seves preocupacions s\u00f3n cada cop m\u00e9s humanes: la mort, els sentiments, els records. La trama va introduint aquestes anomalies:<\/p>\n<ul>\n<li>Els replicants reben implants de mem\u00f2ria artificial i es creuen posse\u00efdors d\u2019un passat hum\u00e0 que resulta fals<\/li>\n<li>Desenvolupen alguna cosa semblant a les emocions degut a la seva pr\u00f2pia experi\u00e8ncia vital, i<\/li>\n<li>Tenen autoconsci\u00e8ncia: estan obsessionats pel seu origen, el sentit de la seva vida, i la seva caducitat<\/li>\n<\/ul>\n<p>Aix\u00ed, les seves caracter\u00edstiques s\u00f3n nom\u00e9s distorsions de les caracter\u00edstiques pr\u00f2piament humanes. I, per tant, <strong>els replicants no s\u00f3n m\u00e9s que humans<\/strong> per\u00f2 amb menys passat, menys futur i m\u00e9s autoconsci\u00e8ncia.<\/p>\n<p>Tal i com diu el lema de la Tyrell Corporation: \u00abM\u00e9s humans que els humans\u00bb.<\/p>\n<p><img loading=\"lazy\" decoding=\"async\" class=\"aligncenter wp-image-1097 size-full\" src=\"https:\/\/webs.uab.cat\/cienciaxllegir\/wp-content\/uploads\/sites\/215\/2019\/11\/brparefill.jpg\" alt=\"brparefill\" width=\"600\" height=\"251\" srcset=\"https:\/\/webs.uab.cat\/cienciaxllegir\/wp-content\/uploads\/sites\/215\/2019\/11\/brparefill.jpg 600w, https:\/\/webs.uab.cat\/cienciaxllegir\/wp-content\/uploads\/sites\/215\/2019\/11\/brparefill-300x126.jpg 300w\" sizes=\"auto, (max-width: 600px) 100vw, 600px\" \/><\/p>\n<p style=\"text-align: center\">\n<p>De vital import\u00e0ncia \u00e9s el di\u00e0leg que mantenen el doctor <strong>Eldon Tyrell<\/strong> i en <strong>Roy Batty<\/strong>, el l\u00edder dels replicants, per con\u00e8ixer fins a quin punt la creaci\u00f3 humana, si m\u00e9s no a nivell gen\u00e8tic, ha quedat molt lluny de la perfecci\u00f3:<\/p>\n<p class=\"rteindent1\">Roy: Pot el creador reparar all\u00f2 que ha fet?<\/p>\n<p class=\"rteindent1\">Tyrell: Qu\u00e8 et preocupa?<\/p>\n<p class=\"rteindent1\">R: La mort.<\/p>\n<p class=\"rteindent1\">T: Molt em sembla que aix\u00f2 queda forma de la meva jurisdicci\u00f3.<\/p>\n<p class=\"rteindent1\">R: Vull m\u00e9s vida, pare!<\/p>\n<p class=\"rteindent1\">T: La vida \u00e9s aix\u00ed. Alterar el desenvolupament del sistema org\u00e0nic \u00e9s fatal. El programa codificat no pot ser revisat un cop s\u2019ha establert.<\/p>\n<p class=\"rteindent1\">R: Per\u00f2 per qu\u00e8 no?<\/p>\n<p class=\"rteindent1\">T: Perqu\u00e8 al segon dia d\u2019incubaci\u00f3, qualsevol cel\u00b7lula que ha estat sotmesa a mutacions de regressi\u00f3 assoleix unes pautes de retroc\u00e9s, com quan les rates abandonen el vaixell que est\u00e0 a punt d\u2019enfonsar-se. I despr\u00e9s el vaixell s\u2019enfonsa.<\/p>\n<p class=\"rteindent1\">R: I qu\u00e8 hi ha de la recombinaci\u00f3 E.M.S.?<\/p>\n<p class=\"rteindent1\">T: Ja ho hem intentat. L\u2019etilmetanosulfat \u00e9s un agent alcal\u00ed i un poder\u00f3s mutant. Creava un virus tan letal que l\u2019individu moria abans d\u2019acabar l\u2019operaci\u00f3.<\/p>\n<p class=\"rteindent1\">R: En aquest cas, una prote\u00efna regresora que bloquegi les c\u00e8l\u00b7lules operants&#8230;<\/p>\n<p class=\"rteindent1\">T: No impediria la duplicaci\u00f3. De tota manera, aix\u00f2 portaria a un error en la r\u00e8plica que fa que l\u2019acabada de forma DNA porti en si mateixa una mutaci\u00f3. I aix\u00ed tornem de nou al virus. Per\u00f2 aix\u00f2 \u00e9s nom\u00e9s teoria. Tu vas ser format lo m\u00e9s perfectament possible.<\/p>\n<p class=\"rteindent1\">R: Per\u00f2 no para durar.<\/p>\n<p class=\"rteindent1\">T: La llum que brilla amb el doble d\u2019intensitat dura la meitat del temps. I tu has brillat amb molt\u00edssima intensitat, Roy. M\u00edra\u2019t! Ets el fill pr\u00f2dig. Ets tot un premi.<\/p>\n<p>El tema d&#8217;aquesta conversa \u00e9s tan antic com la pr\u00f2pia hist\u00f2ria de l&#8217;home: <strong>el conflicte entre el creador i la seva criatura<\/strong>. El podem rastrejar en els relats rom\u00e0ntics com el Fausto de Goethe o el <a href=\"https:\/\/webs.uab.cat\/cienciaxllegir\/frankenstein200\/\" target=\"_blank\" rel=\"noopener\">Frankenstein de Mary Shelley<\/a>. Ambd\u00f3s tenen en com\u00fa amb els replicants el desig de transgredir les lleis de la vida i la mort.<\/p>\n<p><strong>\u00c9s Deckard un replicant?<\/strong><\/p>\n<p>Mirarem de donar una resposta en l\u2019apartat sobre <a href=\"https:\/\/webs.uab.cat\/cienciaxllegir\/simbologia\/\">la simbologia de la pel\u00b7l\u00edcula<\/a>.<\/p>\n<p><em><strong>Per saber-ne m\u00e9s:<\/strong><\/em><\/p>\n<ul>\n<li><a href=\"https:\/\/bibcercador.uab.cat\/permalink\/34CSUC_UAB\/1eqfv2p\/alma991008400949706709\" target=\"_blank\" rel=\"noopener\">Gu\u00eda para ver: Blade Runner (Ridley Scott, 1982)<\/a>, de Jos\u00e9 Javier Marzal y Salvador Rubio<\/li>\n<li><a href=\"http:\/\/blogs.uab.cat\/saramartinalegre\/2019\/05\/06\/victor-frankensteins-man-and-the-vexed-question-of-the-post-human\/\" target=\"_blank\" rel=\"noopener\">Victor Frankenstein&#8217;s man and the (vexed) question of the post-human<\/a>, de Sara Mart\u00edn, al seu bloc <em>The joys of teaching literature<\/em><\/li>\n<li><a href=\"http:\/\/www.mat.uab.cat\/matmat\/PDFv2006\/v2006n07.pdf\" target=\"_blank\" rel=\"noopener\">Blade Runner, el &#8220;factor humano&#8221; y la f\u00f3rmula de Bayes<\/a>, de Rosario Delgado de la Torre a la revista <em>MATerials MATem\u00e0tics<\/em><\/li>\n<li><a href=\"https:\/\/www.jotdown.es\/2014\/09\/blade-runner-y-que-es-lo-que-nos-hace-humanos\/\" target=\"_blank\" rel=\"noopener\">Blade Runner y qu\u00e9 es lo que nos hace humanos<\/a>, de Javier Bilbao publicat a <em>Jot Down<\/em><\/li>\n<li><a href=\"https:\/\/bibcercador.uab.cat\/permalink\/34CSUC_UAB\/1eqfv2p\/alma991001889069706709\" target=\"_blank\" rel=\"noopener\">Blade Runner: lo que Deckard no sabia<\/a>, de Jes\u00fas Alonso Burgos<\/li>\n<\/ul>\n","protected":false},"excerpt":{"rendered":"<p>Els replicants no s\u00f3n humans: Han estat creats amb enginyeria gen\u00e8tica i s\u00f3n 100% org\u00e0nics No tenen emocions o sentiments perqu\u00e8 els hi manca passat, i Tenen una vida programada de quatre anys Des del principi de la pel\u00b7l\u00edcula, humans i replicants entren en comparaci\u00f3 amb el test Voight-Kampff (primer amb el personatge de Leon [&hellip;]<\/p>\n","protected":false},"author":20,"featured_media":0,"parent":0,"menu_order":0,"comment_status":"closed","ping_status":"closed","template":"","meta":{"footnotes":""},"class_list":["post-1096","page","type-page","status-publish","hentry"],"_links":{"self":[{"href":"https:\/\/webs.uab.cat\/cienciaxllegir\/wp-json\/wp\/v2\/pages\/1096","targetHints":{"allow":["GET"]}}],"collection":[{"href":"https:\/\/webs.uab.cat\/cienciaxllegir\/wp-json\/wp\/v2\/pages"}],"about":[{"href":"https:\/\/webs.uab.cat\/cienciaxllegir\/wp-json\/wp\/v2\/types\/page"}],"author":[{"embeddable":true,"href":"https:\/\/webs.uab.cat\/cienciaxllegir\/wp-json\/wp\/v2\/users\/20"}],"replies":[{"embeddable":true,"href":"https:\/\/webs.uab.cat\/cienciaxllegir\/wp-json\/wp\/v2\/comments?post=1096"}],"version-history":[{"count":2,"href":"https:\/\/webs.uab.cat\/cienciaxllegir\/wp-json\/wp\/v2\/pages\/1096\/revisions"}],"predecessor-version":[{"id":2801,"href":"https:\/\/webs.uab.cat\/cienciaxllegir\/wp-json\/wp\/v2\/pages\/1096\/revisions\/2801"}],"wp:attachment":[{"href":"https:\/\/webs.uab.cat\/cienciaxllegir\/wp-json\/wp\/v2\/media?parent=1096"}],"curies":[{"name":"wp","href":"https:\/\/api.w.org\/{rel}","templated":true}]}}