{"id":1137,"date":"2020-03-18T19:54:46","date_gmt":"2020-03-18T19:54:46","guid":{"rendered":"https:\/\/webs.uab.cat\/cienciaxllegir\/eila-editores\/"},"modified":"2022-09-23T11:04:59","modified_gmt":"2022-09-23T11:04:59","slug":"eila-editores","status":"publish","type":"page","link":"https:\/\/webs.uab.cat\/cienciaxllegir\/eila-editores\/","title":{"rendered":"EILA editores"},"content":{"rendered":"\n<p><span style=\"font-size: 18px;\"><a href=\"http:\/\/eilaeditores.es\/\" target=\"_blank\" rel=\"noopener\"><strong>Eila Editores<\/strong><\/a><\/span> s&#8217;ubica a Madrid i, en col\u00b7laboraci\u00f3 amb l\u2019<a href=\"https:\/\/mujeresuniversitariasmadrid.blogspot.com\/p\/ammu.html\" target=\"_blank\" rel=\"noopener\"><strong>Asociaci\u00f3n Matritense de Mujeres Universitarias<\/strong><\/a> (AMMU), publica la col\u00b7lecci\u00f3 <span style=\"font-size: 18px;\"><a href=\"http:\/\/eilaeditores.es\/libros.html\" target=\"_blank\" rel=\"noopener\"><strong>Biograf\u00edas de mujeres<\/strong><\/a><\/span> sobre aquelles dones que han estat al llarg de la hist\u00f2ria un referent en diversos \u00e0mbits del coneixement. Noms com els de Virginia Woolf, Mar\u00eda Zambrano, Aparna Sen, Marie Luise Kaschnitz o <strong><a href=\"https:\/\/bibcercador.uab.cat\/permalink\/34CSUC_UAB\/1eqfv2p\/alma991007714109706709\" target=\"_blank\" rel=\"noopener\">Margarita Salas<\/a>, Emmy Noether, <a href=\"https:\/\/bibcercador.uab.cat\/permalink\/34CSUC_UAB\/1eqfv2p\/alma991007714139706709\" target=\"_blank\" rel=\"noopener\">Barbara McClintock<\/a>, Hip\u00e0tia<\/strong>, figuren entre els seus t\u00edtols.<\/p>\n\n\n\n<p><a href=\"https:\/\/ddd.uab.cat\/record\/218993\" target=\"_blank\" rel=\"noopener\">El fons editorial d\u2019<strong>EILA Editores<\/strong> ha ocupat l\u2019aparador de la Biblioteca des del 19 de febrer fins el 27 de mar\u00e7 de 2020<\/a>, i ha estat el complement perfecte per a l\u2019exposici\u00f3 <a href=\"https:\/\/pagines.uab.cat\/cienciaxllegir\/catedraidona\" target=\"_blank\" rel=\"noopener\"><strong>C\u00e0tedra amb nom de Dona<\/strong><\/a>.<\/p>\n\n\n\n<figure class=\"wp-block-image\"><img loading=\"lazy\" decoding=\"async\" width=\"850\" height=\"152\" src=\"https:\/\/webs.uab.cat\/cienciaxllegir\/wp-content\/uploads\/sites\/215\/2020\/03\/00eilallibres.jpg\" alt=\"\" class=\"wp-image-1135\" srcset=\"https:\/\/webs.uab.cat\/cienciaxllegir\/wp-content\/uploads\/sites\/215\/2020\/03\/00eilallibres.jpg 850w, https:\/\/webs.uab.cat\/cienciaxllegir\/wp-content\/uploads\/sites\/215\/2020\/03\/00eilallibres-300x54.jpg 300w, https:\/\/webs.uab.cat\/cienciaxllegir\/wp-content\/uploads\/sites\/215\/2020\/03\/00eilallibres-768x137.jpg 768w\" sizes=\"auto, (max-width: 850px) 100vw, 850px\" \/><\/figure>\n\n\n\n<p class=\"has-text-align-center\"><\/p>\n\n\n\n<p><strong>Eila Editores<\/strong> eix amb la intenci\u00f3 de dirigir-se a un lector humanista que vulgui accedir a la cultura tot i no ser especialista, per\u00f2 sense renunciar al rigor i la qualitat de l\u2019edici\u00f3 del text.<br>La col\u00b7lecci\u00f3 <span style=\"font-size: 18px;\"><a href=\"http:\/\/eilaeditores.es\/libros.html\" target=\"_blank\" rel=\"noopener\"><strong>Biograf\u00edas de mujeres<\/strong><\/a><\/span> aprofundeix en aquesta idea.<br>Editada en col\u00b7laboraci\u00f3 amb l\u2019AMMU, i de forma clara i senzilla, ofereix al lector la vida i l\u2019obra de destacades dones que han representat per elles mateixes una fita important en diferents \u00e0mbits del coneixement, en molts casos desconeguda.<br>Cada llibre est\u00e0 completat amb un glossari, activitats did\u00e0ctiques i, si la tem\u00e0tica ho requereix, una guia did\u00e0ctica.<br>La voluntat \u00e9s compaginar la qualitat editorial amb un preu assequible.<\/p>\n\n\n<div class=\"wp-block-image\">\n<figure class=\"aligncenter\"><img loading=\"lazy\" decoding=\"async\" width=\"400\" height=\"395\" src=\"https:\/\/webs.uab.cat\/cienciaxllegir\/wp-content\/uploads\/sites\/215\/2020\/03\/00logo_doble.jpg\" alt=\"\" class=\"wp-image-1136\" srcset=\"https:\/\/webs.uab.cat\/cienciaxllegir\/wp-content\/uploads\/sites\/215\/2020\/03\/00logo_doble.jpg 400w, https:\/\/webs.uab.cat\/cienciaxllegir\/wp-content\/uploads\/sites\/215\/2020\/03\/00logo_doble-300x296.jpg 300w\" sizes=\"auto, (max-width: 400px) 100vw, 400px\" \/><\/figure>\n<\/div>\n\n\n<p>Per la seva banda, l\u2019<a href=\"https:\/\/mujeresuniversitariasmadrid.blogspot.com\/p\/ammu.html\" target=\"_blank\" rel=\"noopener\">Asociaci\u00f3n Matritense de Mujeres Universitarias<\/a> (AMMU) \u00e9s una associaci\u00f3 sense \u00e0nim de lucre, formada per dones amb titulaci\u00f3 acad\u00e8mica i que promou la trobada entre dones universit\u00e0ries amb la finalitat de potenciar la seva intervenci\u00f3 activa en tots els \u00e0mbits de la vida laboral, social, educativa, pol\u00edtica, cultural i cient\u00edfica.<br>Des del 2009, l\u2019AMMU t\u00e9 com a \u201c producte estrella\u201d l\u2019edici\u00f3 de biografies sobre dones conjuntament amb <strong>EILA editores<\/strong>.<\/p>\n\n\n\n<p>Contacte: <a href=\"mailto:mluisamaillard@telefonica.net\">Mar\u00eda Luisa Maillard<\/a><\/p>\n","protected":false},"excerpt":{"rendered":"<p>Eila Editores s&#8217;ubica a Madrid i, en col\u00b7laboraci\u00f3 amb l\u2019Asociaci\u00f3n Matritense de Mujeres Universitarias (AMMU), publica la col\u00b7lecci\u00f3 Biograf\u00edas de mujeres sobre aquelles dones que han estat al llarg de la hist\u00f2ria un referent en diversos \u00e0mbits del coneixement. Noms com els de Virginia Woolf, Mar\u00eda Zambrano, Aparna Sen, Marie Luise Kaschnitz o Margarita Salas, [&hellip;]<\/p>\n","protected":false},"author":20,"featured_media":0,"parent":0,"menu_order":0,"comment_status":"closed","ping_status":"closed","template":"","meta":{"footnotes":""},"class_list":["post-1137","page","type-page","status-publish","hentry"],"_links":{"self":[{"href":"https:\/\/webs.uab.cat\/cienciaxllegir\/wp-json\/wp\/v2\/pages\/1137","targetHints":{"allow":["GET"]}}],"collection":[{"href":"https:\/\/webs.uab.cat\/cienciaxllegir\/wp-json\/wp\/v2\/pages"}],"about":[{"href":"https:\/\/webs.uab.cat\/cienciaxllegir\/wp-json\/wp\/v2\/types\/page"}],"author":[{"embeddable":true,"href":"https:\/\/webs.uab.cat\/cienciaxllegir\/wp-json\/wp\/v2\/users\/20"}],"replies":[{"embeddable":true,"href":"https:\/\/webs.uab.cat\/cienciaxllegir\/wp-json\/wp\/v2\/comments?post=1137"}],"version-history":[{"count":1,"href":"https:\/\/webs.uab.cat\/cienciaxllegir\/wp-json\/wp\/v2\/pages\/1137\/revisions"}],"predecessor-version":[{"id":2073,"href":"https:\/\/webs.uab.cat\/cienciaxllegir\/wp-json\/wp\/v2\/pages\/1137\/revisions\/2073"}],"wp:attachment":[{"href":"https:\/\/webs.uab.cat\/cienciaxllegir\/wp-json\/wp\/v2\/media?parent=1137"}],"curies":[{"name":"wp","href":"https:\/\/api.w.org\/{rel}","templated":true}]}}