{"id":1147,"date":"2020-03-20T19:28:57","date_gmt":"2020-03-20T19:28:57","guid":{"rendered":"https:\/\/webs.uab.cat\/cienciaxllegir\/alejandro-navarro\/"},"modified":"2023-06-14T12:36:49","modified_gmt":"2023-06-14T12:36:49","slug":"alejandro-navarro","status":"publish","type":"page","link":"https:\/\/webs.uab.cat\/cienciaxllegir\/alejandro-navarro\/","title":{"rendered":"Alejandro Navarro"},"content":{"rendered":"\n<div class=\"wp-block-media-text alignwide is-stacked-on-mobile has-blanc-coco-color has-verd-tropic-background-color has-text-color has-background\" style=\"grid-template-columns:20% auto\"><figure class=\"wp-block-media-text__media\"><img loading=\"lazy\" decoding=\"async\" width=\"250\" height=\"250\" src=\"https:\/\/webs.uab.cat\/cienciaxllegir\/wp-content\/uploads\/sites\/215\/2020\/03\/00anavarro-foto.jpg\" alt=\"00anavarro-foto\" class=\"wp-image-1148 size-full\" srcset=\"https:\/\/webs.uab.cat\/cienciaxllegir\/wp-content\/uploads\/sites\/215\/2020\/03\/00anavarro-foto.jpg 250w, https:\/\/webs.uab.cat\/cienciaxllegir\/wp-content\/uploads\/sites\/215\/2020\/03\/00anavarro-foto-150x150.jpg 150w\" sizes=\"auto, (max-width: 250px) 100vw, 250px\" \/><\/figure><div class=\"wp-block-media-text__content\">\n<p class=\"has-verd-tropic-background-color has-background has-small-font-size\"><em>&#8220;Todos los que hemos estudiado qu\u00edmica un poco en serio recordamos la presencia en los laboratorios de alg\u00fan compa\u00f1ero friki, de esos que gustan bombardear el campo de f\u00fatbol con peque\u00f1os proyectiles fabricados con crisoles y mechas de magnesio; pero para friki nadie mejor que el bueno de David Charles Hahn \u2014alias profesor Hahn\u2014, un chaval de Detroit que al final de la Guerra Fr\u00eda salt\u00f3 a la fama \u00a1por haber intentado poner en marcha un reactor nuclear en el jard\u00edn de su casa! \u2014como el joven Sheldon Cooper de la serie de televisi\u00f3n\u2014, y no lo logr\u00f3 por los pelos, aunque puso en jaque al mism\u00edsimo FBI.&#8221;<\/em><\/p>\n\n\n\n<p class=\"has-small-font-size\">Fragment extret de la p\u00e0gina web que l&#8217;editorial <strong>Guadalmaz\u00e1n<\/strong> dedica al llibre<br><a href=\"http:\/\/almuzaralibros.com\/fichalibro.php?libro=3790&amp;edi=5\" target=\"_blank\" rel=\"noreferrer noopener\">Eso no estaba en mi libro de historia de la qu\u00edmica<\/a><\/p>\n<\/div><\/div>\n\n\n\n<p><strong>Alejandro Navarro Y\u00e1\u00f1ez <\/strong>(Madrid, 1961) \u00e9s bioqu\u00edmic i doctor en Ci\u00e8ncies Econ\u00f2miques i Empresarials. Durant m\u00e9s de 30 anys ha estat directiu internacional de companyies multinacionals del sector del petroli i les energies renovables, com Exxon-Mobil i BP. I per la seva expertesa &nbsp;en organitzaci\u00f3 d\u2019empreses, ha col\u00b7laborat amb diferents universitats i mitjans de comunicaci\u00f3.<\/p>\n\n\n\n<p>Navarro \u00e9s tamb\u00e9 investigador, divulgador i gran coneixedor de la hist\u00f2ria de la ci\u00e8ncia, especialitzat en ci\u00e8ncia i tecnologia de l\u2019antiguitat, i en particular en aquelles \u00e0rees relacionades amb la qu\u00edmica.<\/p>\n\n\n\n<p>Fins el moment, ha publicat tots els seus llibres a l&#8217;editorial <a href=\"http:\/\/almuzaralibros.com\/fichaautor.php?autor=805&amp;edi=5\" target=\"_blank\" rel=\"noreferrer noopener\">Guadalmaz\u00e1n<\/a>.<\/p>\n\n\n\n<p><strong>M\u00e9s informaci\u00f3:<\/strong><\/p>\n\n\n\n<ul class=\"wp-block-list\">\n<li><a href=\"http:\/\/WEBS.uab.cat\/cienciaxllegir\/obra-divulgativa-alejandro-navarro\">Obra divulgativa comentada<\/a><\/li>\n\n\n\n<li><a href=\"https:\/\/bibcercador.uab.cat\/discovery\/search?query=any,contains,Alejandro%20Navarro%20Y%C3%A1%C3%B1ez&amp;tab=Everything&amp;search_scope=MyInst_and_CI&amp;vid=34CSUC_UAB:VU1&amp;facet=creator,include,Navarro%20Y%C3%A1%C3%B1ez,%20Alejandro&amp;facet=rtype,include,books&amp;offset=0\" target=\"_blank\" rel=\"noreferrer noopener\">Alejandro Navarro Y\u00e1\u00f1ez <\/a>al nostre cat\u00e0leg<\/li>\n\n\n\n<li><a href=\"https:\/\/bibcercador.uab.cat\/discovery\/search?query=any,contains,Alejandro%20Navarro%20Y%C3%A1%C3%B1ez&amp;tab=DiscoveryNetwork&amp;search_scope=DiscoveryNetwork&amp;vid=34CSUC_UAB:VU1&amp;facet=rtype,include,books&amp;facet=creator,include,Navarro%20Y%C3%A1%C3%B1ez,%20Alejandro&amp;offset=0\" target=\"_blank\" rel=\"noreferrer noopener\">Alejandro Navarro Y\u00e1\u00f1ez<\/a> al cat\u00e0leg col\u00b7lectiu (PUC)<\/li>\n<\/ul>\n\n\n\n<p class=\"has-blanc-coco-color has-text-color\">a<\/p>\n\n\n\n<ul class=\"wp-block-list\">\n<li><a href=\"https:\/\/es.linkedin.com\/in\/alejandro-navarro-ya%C3%B1ez-95602a74\" target=\"_blank\" rel=\"noreferrer noopener\">Perfil biogr\u00e0fic a Linkedin<\/a><\/li>\n\n\n\n<li><a href=\"https:\/\/twitter.com\/Alexny_85\" target=\"_blank\" rel=\"noreferrer noopener\">Perfil de Twitter<\/a><\/li>\n\n\n\n<li><a href=\"http:\/\/starcnc.blogspot.com\/\" target=\"_blank\" rel=\"noreferrer noopener\">Starciencia<\/a> (bloc personal sobre curiositats de la hist\u00f2ria de la ci\u00e8ncia)<\/li>\n<\/ul>\n","protected":false},"excerpt":{"rendered":"<p>&#8220;Todos los que hemos estudiado qu\u00edmica un poco en serio recordamos la presencia en los laboratorios de alg\u00fan compa\u00f1ero friki, de esos que gustan bombardear el campo de f\u00fatbol con peque\u00f1os proyectiles fabricados con crisoles y mechas de magnesio; pero para friki nadie mejor que el bueno de David Charles Hahn \u2014alias profesor Hahn\u2014, un [&hellip;]<\/p>\n","protected":false},"author":20,"featured_media":0,"parent":0,"menu_order":0,"comment_status":"closed","ping_status":"closed","template":"","meta":{"footnotes":""},"class_list":["post-1147","page","type-page","status-publish","hentry"],"_links":{"self":[{"href":"https:\/\/webs.uab.cat\/cienciaxllegir\/wp-json\/wp\/v2\/pages\/1147","targetHints":{"allow":["GET"]}}],"collection":[{"href":"https:\/\/webs.uab.cat\/cienciaxllegir\/wp-json\/wp\/v2\/pages"}],"about":[{"href":"https:\/\/webs.uab.cat\/cienciaxllegir\/wp-json\/wp\/v2\/types\/page"}],"author":[{"embeddable":true,"href":"https:\/\/webs.uab.cat\/cienciaxllegir\/wp-json\/wp\/v2\/users\/20"}],"replies":[{"embeddable":true,"href":"https:\/\/webs.uab.cat\/cienciaxllegir\/wp-json\/wp\/v2\/comments?post=1147"}],"version-history":[{"count":4,"href":"https:\/\/webs.uab.cat\/cienciaxllegir\/wp-json\/wp\/v2\/pages\/1147\/revisions"}],"predecessor-version":[{"id":3014,"href":"https:\/\/webs.uab.cat\/cienciaxllegir\/wp-json\/wp\/v2\/pages\/1147\/revisions\/3014"}],"wp:attachment":[{"href":"https:\/\/webs.uab.cat\/cienciaxllegir\/wp-json\/wp\/v2\/media?parent=1147"}],"curies":[{"name":"wp","href":"https:\/\/api.w.org\/{rel}","templated":true}]}}