{"id":1149,"date":"2020-03-23T20:14:38","date_gmt":"2020-03-23T20:14:38","guid":{"rendered":"https:\/\/webs.uab.cat\/cienciaxllegir\/joana-santamans\/"},"modified":"2023-06-12T13:33:11","modified_gmt":"2023-06-12T13:33:11","slug":"joana-santamans","status":"publish","type":"page","link":"https:\/\/webs.uab.cat\/cienciaxllegir\/joana-santamans\/","title":{"rendered":"Joana Santamans"},"content":{"rendered":"\n<div class=\"wp-block-media-text alignwide is-stacked-on-mobile is-vertically-aligned-top has-blanc-coco-color has-verd-tropic-background-color has-text-color has-background\" style=\"grid-template-columns:20% auto\"><figure class=\"wp-block-media-text__media\"><img loading=\"lazy\" decoding=\"async\" width=\"250\" height=\"250\" src=\"https:\/\/webs.uab.cat\/cienciaxllegir\/wp-content\/uploads\/sites\/215\/2020\/03\/00joanas-foto.jpg\" alt=\"00joanas-foto\" class=\"wp-image-1150 size-full\" srcset=\"https:\/\/webs.uab.cat\/cienciaxllegir\/wp-content\/uploads\/sites\/215\/2020\/03\/00joanas-foto.jpg 250w, https:\/\/webs.uab.cat\/cienciaxllegir\/wp-content\/uploads\/sites\/215\/2020\/03\/00joanas-foto-150x150.jpg 150w\" sizes=\"auto, (max-width: 250px) 100vw, 250px\" \/><\/figure><div class=\"wp-block-media-text__content\">\n<p class=\"has-small-font-size\"><em>&#8220;La naturaleza en general es una fuente inagotable de inspiraci\u00f3n. Solo hay que observarla para maravillarse. Nosotros, los humanos, somos absolutamente parte de esta naturaleza, y a menudo nos olvidamos de ello. Siempre he sentido una fuerte conexi\u00f3n con los animales. De peque\u00f1a tuve la suerte de crecer en un entorno rural y estuve muy en contacto con la granja de mi padre. Adem\u00e1s los animales llevados a la ciudad me parecen que est\u00e9ticamente hacen un contraste precioso. Siempre he pensado que ciudad y naturaleza se complementan de maravilla, se necesitan. Me atrae mirar a los ojos de todas estas especies con las que compartimos el planeta y maravillarme de su existencia.&#8221;<\/em><\/p>\n\n\n\n<p class=\"has-small-font-size\">Fragment d&#8217;una entrevista a l&#8217;<a href=\"https:\/\/www.abc.es\/cultura\/cultural\/abci-joana-santamans-cuando-pinto-siento-estoy-haciendo-venido-hacer-este-mundo-201804190209_noticia.html\" target=\"_blank\" rel=\"noreferrer noopener\"><strong>ABC Cultural<\/strong><\/a> (abril de 2018)<\/p>\n<\/div><\/div>\n\n\n\n<p><strong>Joana Santamans <\/strong>(Barcelona, 1977). La seva formaci\u00f3 en disseny gr\u00e0fic a l&#8217;Escola Eina i el posterior postgrau en il\u00b7lustraci\u00f3 creativa, l&#8217;han portada a dedicar-se plenament a la pintura i a la il\u00b7lustraci\u00f3.<\/p>\n\n\n\n<p>Positiva i emprenedora, crea obres que reflecteixen una profunda mirada cap a la natura i la figura femenina. Observa les plantes i els animals com una naturalista i sent el color i la composici\u00f3 d\u2019una manera molt intu\u00eftiva, sempre utilitzant la t\u00e8cnica mixta. El seu art, inquiet i en constant evoluci\u00f3, batega a trav\u00e9s de murals, exposicions a galeries d\u2019art, peces decoratives o publicacions editorials<\/p>\n\n\n\n<p><strong>M\u00e9s informaci\u00f3:<\/strong><\/p>\n\n\n\n<ul class=\"wp-block-list\">\n<li><a href=\"http:\/\/webs.uab.cat\/cienciaxllegir\/obra-divulgativa-joana-santamans\">Obra divulgativa comentada<\/a><\/li>\n\n\n\n<li><a href=\"https:\/\/bibcercador.uab.cat\/discovery\/search?query=any,contains,joana%20santamans&amp;tab=Everything&amp;search_scope=MyInst_and_CI&amp;vid=34CSUC_UAB:VU1&amp;facet=creator,include,Santamans,%20Joana&amp;mode=basic&amp;offset=0\" target=\"_blank\" rel=\"noreferrer noopener\">Joana Santamans<\/a> al nostre cat\u00e0leg<\/li>\n\n\n\n<li><a href=\"https:\/\/bibcercador.uab.cat\/discovery\/search?query=any,contains,joana%20santamans&amp;tab=DiscoveryNetwork&amp;search_scope=DiscoveryNetwork&amp;vid=34CSUC_UAB:VU1&amp;facet=creator,include,Santamans,%20Joana&amp;offset=0\" target=\"_blank\" rel=\"noreferrer noopener\">Joana Santamans<\/a> al cat\u00e0leg col\u00b7lectiu (PUC)<\/li>\n<\/ul>\n\n\n\n<p class=\"has-blanc-coco-color has-text-color\">a<\/p>\n\n\n\n<ul class=\"wp-block-list\">\n<li><a href=\"http:\/\/www.joanasantamans.net\/\" target=\"_blank\" rel=\"noreferrer noopener\">P\u00e0gina web personal<\/a><\/li>\n\n\n\n<li><a href=\"https:\/\/twitter.com\/JoanaSantamans\" target=\"_blank\" rel=\"noreferrer noopener\">Perfil de Twitter<\/a><\/li>\n\n\n\n<li><a href=\"https:\/\/www.instagram.com\/joana_santamans\/\" target=\"_blank\" rel=\"noreferrer noopener\">Perfil d&#8217;Instagram<\/a><\/li>\n\n\n\n<li><a href=\"https:\/\/es-es.facebook.com\/joanasantamans\" target=\"_blank\" rel=\"noreferrer noopener\">Perfil de Facebook<\/a><\/li>\n<\/ul>\n","protected":false},"excerpt":{"rendered":"<p>&#8220;La naturaleza en general es una fuente inagotable de inspiraci\u00f3n. Solo hay que observarla para maravillarse. Nosotros, los humanos, somos absolutamente parte de esta naturaleza, y a menudo nos olvidamos de ello. Siempre he sentido una fuerte conexi\u00f3n con los animales. De peque\u00f1a tuve la suerte de crecer en un entorno rural y estuve muy [&hellip;]<\/p>\n","protected":false},"author":20,"featured_media":0,"parent":0,"menu_order":0,"comment_status":"closed","ping_status":"closed","template":"","meta":{"footnotes":""},"class_list":["post-1149","page","type-page","status-publish","hentry"],"_links":{"self":[{"href":"https:\/\/webs.uab.cat\/cienciaxllegir\/wp-json\/wp\/v2\/pages\/1149","targetHints":{"allow":["GET"]}}],"collection":[{"href":"https:\/\/webs.uab.cat\/cienciaxllegir\/wp-json\/wp\/v2\/pages"}],"about":[{"href":"https:\/\/webs.uab.cat\/cienciaxllegir\/wp-json\/wp\/v2\/types\/page"}],"author":[{"embeddable":true,"href":"https:\/\/webs.uab.cat\/cienciaxllegir\/wp-json\/wp\/v2\/users\/20"}],"replies":[{"embeddable":true,"href":"https:\/\/webs.uab.cat\/cienciaxllegir\/wp-json\/wp\/v2\/comments?post=1149"}],"version-history":[{"count":5,"href":"https:\/\/webs.uab.cat\/cienciaxllegir\/wp-json\/wp\/v2\/pages\/1149\/revisions"}],"predecessor-version":[{"id":2914,"href":"https:\/\/webs.uab.cat\/cienciaxllegir\/wp-json\/wp\/v2\/pages\/1149\/revisions\/2914"}],"wp:attachment":[{"href":"https:\/\/webs.uab.cat\/cienciaxllegir\/wp-json\/wp\/v2\/media?parent=1149"}],"curies":[{"name":"wp","href":"https:\/\/api.w.org\/{rel}","templated":true}]}}