{"id":1171,"date":"2020-04-14T20:47:27","date_gmt":"2020-04-14T20:47:27","guid":{"rendered":"https:\/\/webs.uab.cat\/cienciaxllegir\/ignacio-morgado\/"},"modified":"2023-06-06T16:24:08","modified_gmt":"2023-06-06T16:24:08","slug":"ignacio-morgado","status":"publish","type":"page","link":"https:\/\/webs.uab.cat\/cienciaxllegir\/ignacio-morgado\/","title":{"rendered":"Ignacio Morgado"},"content":{"rendered":"\n<div class=\"wp-block-media-text alignwide is-stacked-on-mobile is-vertically-aligned-top has-blanc-coco-color has-verd-tropic-background-color has-text-color has-background\" style=\"grid-template-columns:20% auto\"><figure class=\"wp-block-media-text__media\"><img loading=\"lazy\" decoding=\"async\" width=\"250\" height=\"250\" src=\"https:\/\/webs.uab.cat\/cienciaxllegir\/wp-content\/uploads\/sites\/215\/2020\/04\/ignaciomorgadob-foto.jpg\" alt=\"\" class=\"wp-image-1170 size-full\" srcset=\"https:\/\/webs.uab.cat\/cienciaxllegir\/wp-content\/uploads\/sites\/215\/2020\/04\/ignaciomorgadob-foto.jpg 250w, https:\/\/webs.uab.cat\/cienciaxllegir\/wp-content\/uploads\/sites\/215\/2020\/04\/ignaciomorgadob-foto-150x150.jpg 150w\" sizes=\"auto, (max-width: 250px) 100vw, 250px\" \/><\/figure><div class=\"wp-block-media-text__content\">\n<p class=\"has-small-font-size\"><em>&#8221; La consciencia es un estado mental muy especial, \u00edntimo y personal, pues s\u00f3lo podemos sentir la propia consciencia y nunca la de los otros. Es decir, no hay manera de penetrar en la mente de otra persona como lo hacemos en la propia gracias a la consciencia. M\u00e1s a\u00fan, no hay actualmente ning\u00fan medio cient\u00edfico que nos permita asegurar plenamente que las dem\u00e1s personas con las que convivimos son tambi\u00e9n seres conscientes como nosotros mismos, pues podr\u00edan ser sofisticados y perfectos zombis que se comportaran de modo id\u00e9ntico a los seres conscientes, y ni nos enterar\u00edamos.&#8221;<\/em><\/p>\n\n\n\n<p class=\"has-small-font-size\">Fragment extret de l&#8217;article <a href=\"https:\/\/www.investigacionyciencia.es\/blogs\/psicologia-y-neurociencia\/37\/posts\/qu-es-la-consciencia-cmo-la-crea-el-cerebro-18107\" target=\"_blank\" rel=\"noreferrer noopener\">\u00bfQu\u00e9 es la consciencia? \u00bfC\u00f3mo la crea el cerebro?<\/a> publicat a <strong>Investigaci\u00f3n y Ciencia<\/strong> (desembre del 2019)<\/p>\n<\/div><\/div>\n\n\n\n<p><strong>Ignacio Morgado Bernal <\/strong>(San Vicente de Alc\u00e1ntara, Badajoz, 1951) \u00e9s catedr\u00e0tic de Psicobiologia en l&#8217; <a href=\"https:\/\/inc.uab.cat\/es\/investigadors\/info\/ignacio-morgado-bernal\" target=\"_blank\" rel=\"noreferrer noopener\">Institut de Neuroci\u00e8ncies<\/a> i la Facultat de Psicologia de la UAB, de la qual \u00e9s deg\u00e0 fundador. Ha realitzat estudis en centres internacionals d\u2019investigaci\u00f3, com les universitats del Rhur i d&#8217;Oxford, aix\u00ed com en el <a href=\"https:\/\/www.caltech.edu\/\" target=\"_blank\" rel=\"noreferrer noopener\">California Institute of Technology<\/a> (CALTECH). \u00c9s autor de m\u00e9s d\u2019un centenar de treballs especialitzats en psicobiologia i neuroci\u00e8ncia cognitiva. I en l\u2019actualitat imparteix classes de <strong>Psicologia fisiol\u00f2gica<\/strong> i fa recerca experimental sobre recuperaci\u00f3 de la mem\u00f2ria per estimulaci\u00f3 el\u00e8ctrica cerebral.<\/p>\n\n\n\n<p>Ha rebut diversos premis acad\u00e8mics i de divulgaci\u00f3 cient\u00edfica, i ha estat assessor cient\u00edfic de l&#8217;editorial Ariel i de <a href=\"https:\/\/cosmocaixa.es\/es\/\" target=\"_blank\" rel=\"noreferrer noopener\">CosmoCaixa Barcelona<\/a>.<\/p>\n\n\n\n<p><strong>M\u00e9s informaci\u00f3:<\/strong><\/p>\n\n\n\n<ul class=\"wp-block-list\"><li><a href=\"https:\/\/webs.uab.cat\/cienciaxllegir\/obra-divulgativa-ignacio-morgado\">Obra divulgativa comentada<\/a><\/li><li><a rel=\"noreferrer noopener\" href=\"https:\/\/bibcercador.uab.cat\/discovery\/search?query=creator,exact,Morgado%20Bernal,%20Ignasi,AND&amp;tab=Everything&amp;search_scope=MyInst_and_CI&amp;sortby=date_d&amp;vid=34CSUC_UAB:VU1&amp;facet=creator,exact,Morgado%20Bernal,%20Ignasi&amp;facet=rtype,include,books&amp;mode=advanced&amp;offset=0&amp;came_from=sort\" target=\"_blank\">Ignacio Morgado<\/a> al nostre cat\u00e0leg<\/li><li><a rel=\"noreferrer noopener\" href=\"https:\/\/bibcercador.uab.cat\/discovery\/search?query=any,contains,ignasi%20morgado%20bernal&amp;tab=DiscoveryNetwork&amp;search_scope=DiscoveryNetwork&amp;vid=34CSUC_UAB:VU1&amp;facet=creator,include,Morgado%20Bernal,%20Ignasi&amp;facet=rtype,include,books&amp;offset=0\" target=\"_blank\">Ignacio Morgado<\/a> al cat\u00e0leg col\u00b7lectiu (PUC)<\/li><\/ul>\n\n\n\n<p class=\"has-blanc-coco-color has-text-color\">a<\/p>\n\n\n\n<ul class=\"wp-block-list\"><li><a href=\"https:\/\/twitter.com\/IgnacioMorgadoB\" target=\"_blank\" rel=\"noreferrer noopener\">Perfil de Twitter<\/a><\/li><li><a href=\"https:\/\/www.investigacionyciencia.es\/blogs\/psicologia-y-neurociencia\/37\/posts\" target=\"_blank\" rel=\"noreferrer noopener\">Articles publicats a <strong>Investigaci\u00f3n y Ci\u00e8ncia<\/strong><\/a><\/li><li><a href=\"https:\/\/elpais.com\/autor\/ignacio-morgado-bernal\/\" target=\"_blank\" rel=\"noreferrer noopener\">Articles divulgatius a El Pa\u00eds<\/a><\/li><\/ul>\n","protected":false},"excerpt":{"rendered":"<p>&#8221; La consciencia es un estado mental muy especial, \u00edntimo y personal, pues s\u00f3lo podemos sentir la propia consciencia y nunca la de los otros. Es decir, no hay manera de penetrar en la mente de otra persona como lo hacemos en la propia gracias a la consciencia. M\u00e1s a\u00fan, no hay actualmente ning\u00fan medio [&hellip;]<\/p>\n","protected":false},"author":20,"featured_media":0,"parent":0,"menu_order":0,"comment_status":"closed","ping_status":"closed","template":"","meta":{"footnotes":""},"class_list":["post-1171","page","type-page","status-publish","hentry"],"_links":{"self":[{"href":"https:\/\/webs.uab.cat\/cienciaxllegir\/wp-json\/wp\/v2\/pages\/1171","targetHints":{"allow":["GET"]}}],"collection":[{"href":"https:\/\/webs.uab.cat\/cienciaxllegir\/wp-json\/wp\/v2\/pages"}],"about":[{"href":"https:\/\/webs.uab.cat\/cienciaxllegir\/wp-json\/wp\/v2\/types\/page"}],"author":[{"embeddable":true,"href":"https:\/\/webs.uab.cat\/cienciaxllegir\/wp-json\/wp\/v2\/users\/20"}],"replies":[{"embeddable":true,"href":"https:\/\/webs.uab.cat\/cienciaxllegir\/wp-json\/wp\/v2\/comments?post=1171"}],"version-history":[{"count":2,"href":"https:\/\/webs.uab.cat\/cienciaxllegir\/wp-json\/wp\/v2\/pages\/1171\/revisions"}],"predecessor-version":[{"id":2711,"href":"https:\/\/webs.uab.cat\/cienciaxllegir\/wp-json\/wp\/v2\/pages\/1171\/revisions\/2711"}],"wp:attachment":[{"href":"https:\/\/webs.uab.cat\/cienciaxllegir\/wp-json\/wp\/v2\/media?parent=1171"}],"curies":[{"name":"wp","href":"https:\/\/api.w.org\/{rel}","templated":true}]}}