{"id":1172,"date":"2020-04-22T18:22:42","date_gmt":"2020-04-22T18:22:42","guid":{"rendered":"https:\/\/webs.uab.cat\/cienciaxllegir\/carme-torrasg\/"},"modified":"2023-05-29T17:36:28","modified_gmt":"2023-05-29T17:36:28","slug":"carme-torrasg","status":"publish","type":"page","link":"https:\/\/webs.uab.cat\/cienciaxllegir\/carme-torrasg\/","title":{"rendered":"Carme Torras"},"content":{"rendered":"\n<div class=\"wp-block-media-text alignwide is-stacked-on-mobile is-vertically-aligned-top has-verd-tropic-background-color has-background\" style=\"grid-template-columns:18% auto\"><figure class=\"wp-block-media-text__media\"><img loading=\"lazy\" decoding=\"async\" width=\"250\" height=\"250\" src=\"https:\/\/webs.uab.cat\/cienciaxllegir\/wp-content\/uploads\/sites\/215\/2020\/04\/carmetorras-foto.jpg\" alt=\"carmetorras-foto\" class=\"wp-image-1173 size-full\" srcset=\"https:\/\/webs.uab.cat\/cienciaxllegir\/wp-content\/uploads\/sites\/215\/2020\/04\/carmetorras-foto.jpg 250w, https:\/\/webs.uab.cat\/cienciaxllegir\/wp-content\/uploads\/sites\/215\/2020\/04\/carmetorras-foto-150x150.jpg 150w\" sizes=\"auto, (max-width: 250px) 100vw, 250px\" \/><\/figure><div class=\"wp-block-media-text__content\">\n<p class=\"has-blanc-coco-color has-text-color has-small-font-size\"><em>&#8221; \u2026 Le\u00ed algunos libros sobre Inteligencia Artificial (IA) escritos por investigadores de renombre como Rosenblatt, Minsky, Feigenbaum, Newell y Simon, que me dejaron una profunda huella. Uno fue determinante en mi carrera cient\u00edfica: \u201cCerebros, m\u00e1quinas y matem\u00e1ticas\u201d de Michael A. Arbib. Le escrib\u00ed dici\u00e9ndole que me encantar\u00eda estudiar lo que explicaba en su libro sobre c\u00f3mo modelar el cerebro con computadoras y para mi sorpresa me contest\u00f3 y me invit\u00f3 a estudiar el m\u00e1ster de Ciencias de la Computaci\u00f3n, con especializaci\u00f3n en Brain Theory, en la universidad de Massachusetts. Ped\u00ed una beca Fulbright y sal\u00ed pitando, literalmente.&#8221;<\/em><\/p>\n\n\n\n<p class=\"has-blanc-coco-color has-text-color has-small-font-size\">Fragment del perfil de Carme Torras al web <a href=\"http:\/\/www.lascientificascuentan.es\/carme-torras-genis\/\" target=\"_blank\" rel=\"noreferrer noopener\">Las Cient\u00edficas Cuentan<\/a><\/p>\n<\/div><\/div>\n\n\n\n<p><strong>Carme Torras Gen\u00eds <\/strong>(Barcelona, 1956) \u00e9s llicenciada en Matem\u00e0tiques (1978), Doctora en Inform\u00e0tica (1984) i professora d\u2019investigaci\u00f3 a l\u2019<a href=\"https:\/\/www.iri.upc.edu\/\">Institut de Rob\u00f2tica i Inform\u00e0tica Industrial<\/a> (CSIC-UPC) (1991). Compagina la recerca cient\u00edfica i l&#8217;escriptura, amb una producci\u00f3 de ci\u00e8ncia-ficci\u00f3 de qualitat.<\/p>\n\n\n\n<p>Despr\u00e9s d&#8217;una estada a la universitat de Massachusetts amb una beca Fulbright (1981) i tornar a Catalunya, no va poder continuar la seva investigaci\u00f3 sobre models computacionals en neuroci\u00e8ncies i es va passar a la rob\u00f2tica, on ha aplicat models d&#8217;inspiraci\u00f3 biol\u00f2gica a la percepci\u00f3, planificaci\u00f3, raonament, control de moviments i, sobretot, a l&#8217;aprenentatge autom\u00e0tic implementat en robots.<br>Actualment lidera el <a href=\"https:\/\/clothilde.iri.upc.edu\/node\/10\" target=\"_blank\" rel=\"noreferrer noopener\">projecte CLOTHILDE<\/a> centrat en la percepci\u00f3 i la manipulaci\u00f3 robotitzada.<\/p>\n\n\n\n<p>Torras ha estat guardonada amb diversos premis, com el premi <strong>Divulga<\/strong> del Museu de la Ci\u00e8ncia de Barcelona i el premi <strong>Rafael Campalans<\/strong> de l\u2019Institut d\u2019Estudis Catalans. A m\u00e9s, l\u2019any 2000 li fou atorgada la <strong>medalla Narc\u00eds Monturiol <\/strong>de la Generalitat de Catalunya al m\u00e8rit cient\u00edfic i tecnol\u00f2gic. M\u00e9s recentment, ha guanyat el <a href=\"http:\/\/fundaciontatianapgb.org\/la-matematica-pionera-la-robotica-carme-torras-ganadora-del-iv-premio-julio-pelaez-las-mujeres-pioneras-la-fisica-la-quimica-las-matematicas\/\" target=\"_blank\" rel=\"noreferrer noopener\">IV Premi &#8220;Julio Pel\u00e1ez a las Mujeres Pioneras de la F\u00edsica, la Qu\u00edmica y las Matem\u00e0ticas&#8221;<\/a>; i tamb\u00e9 ha estat distingida com a <a href=\"http:\/\/politiquesdigitals.gencat.cat\/ca\/detalls\/Noticia\/La-Nit-de-les-Telecomunicacions-i-la-Informatica\" target=\"_blank\" rel=\"noreferrer noopener\">Professional Catalana TIC<\/a> de l&#8217;any 2019.<\/p>\n\n\n\n<p>Interessada per les implicacions socials de la rob\u00f2tica i la intel\u00b7lig\u00e8ncia artificial i conven\u00e7uda, a m\u00e9s, que la ci\u00e8ncia ficci\u00f3 pot ajudar a promoure el debat \u00e8tic sobre les aplicacions d\u2019aquestes noves tecnologies, Torras ha escrit les novel\u00b7les <a href=\"http:\/\/cbueg-mt.iii.com\/iii\/encore\/search\/C__STorras%2C%20Carme%20sentimental__Orightresult__U?lang=cat&amp;suite=def\" target=\"_blank\" rel=\"noreferrer noopener\">La mutaci\u00f3 sentimental<\/a> (X Premi Manuel de Pedrolo -2007- i Premi Ictineu -2008-) i <a href=\"http:\/\/cbueg-mt.iii.com\/iii\/encore\/search\/C__STorras%2C%20Carme%20enxarxats__Orightresult__U?lang=cat&amp;suite=def\" target=\"_blank\" rel=\"noreferrer noopener\">Enxarxats<\/a> (Premi Ictineu -2018-).<\/p>\n\n\n\n<p><strong>M\u00e9s informaci\u00f3:<\/strong><\/p>\n\n\n\n<ul class=\"wp-block-list\"><li><a rel=\"noreferrer noopener\" href=\"http:\/\/www.iri.upc.edu\/people\/torras\/literari.html\" target=\"_blank\">Obra divulgativa comentada<\/a><\/li><li><a href=\"https:\/\/bibcercador.uab.cat\/discovery\/search?query=any,contains,carme%20torras&amp;tab=DiscoveryNetwork&amp;search_scope=DiscoveryNetwork&amp;vid=34CSUC_UAB:VU1&amp;facet=rtype,include,books&amp;lang=ca&amp;offset=0\" target=\"_blank\" rel=\"noreferrer noopener\">Carme Torras<\/a> al cat\u00e0leg col\u00b7lectiu (PUC)<\/li><li><a rel=\"noreferrer noopener\" href=\"http:\/\/aladi.diba.cat\/search*cat\/?searchtype=a&amp;searcharg=torras%2C+carme&amp;searchscope=171&amp;submit=Cercar\" target=\"_blank\">Carme Torras<\/a> al cat\u00e0leg de la Xarxa de Biblioteques Municipals<\/li><\/ul>\n\n\n\n<p class=\"has-blanc-coco-color has-text-color\">a<\/p>\n\n\n\n<ul class=\"wp-block-list\"><li><a href=\"http:\/\/www.iri.upc.edu\/people\/torras\/index.html\" target=\"_blank\" rel=\"noreferrer noopener\">P\u00e0gina web personal<\/a><\/li><li><a href=\"https:\/\/twitter.com\/CarmeTorras_ROB\" target=\"_blank\" rel=\"noreferrer noopener\">Perfil de Twitter<\/a><\/li><li><a href=\"https:\/\/www.facebook.com\/carme.torras1\" target=\"_blank\" rel=\"noreferrer noopener\">Perfil de Facebook<\/a><\/li><li>Inclosa a l&#8217;exposici\u00f3 <a href=\"https:\/\/www.accc.cat\/cientifiques-catalanes-2-0\/#carmetorrasgenis\" target=\"_blank\" rel=\"noreferrer noopener\">Cient\u00edfiques Catalanes 2.0 (2020)<\/a><\/li><\/ul>\n","protected":false},"excerpt":{"rendered":"<p>&#8221; \u2026 Le\u00ed algunos libros sobre Inteligencia Artificial (IA) escritos por investigadores de renombre como Rosenblatt, Minsky, Feigenbaum, Newell y Simon, que me dejaron una profunda huella. Uno fue determinante en mi carrera cient\u00edfica: \u201cCerebros, m\u00e1quinas y matem\u00e1ticas\u201d de Michael A. Arbib. Le escrib\u00ed dici\u00e9ndole que me encantar\u00eda estudiar lo que explicaba en su libro [&hellip;]<\/p>\n","protected":false},"author":20,"featured_media":0,"parent":0,"menu_order":0,"comment_status":"closed","ping_status":"closed","template":"","meta":{"footnotes":""},"class_list":["post-1172","page","type-page","status-publish","hentry"],"_links":{"self":[{"href":"https:\/\/webs.uab.cat\/cienciaxllegir\/wp-json\/wp\/v2\/pages\/1172","targetHints":{"allow":["GET"]}}],"collection":[{"href":"https:\/\/webs.uab.cat\/cienciaxllegir\/wp-json\/wp\/v2\/pages"}],"about":[{"href":"https:\/\/webs.uab.cat\/cienciaxllegir\/wp-json\/wp\/v2\/types\/page"}],"author":[{"embeddable":true,"href":"https:\/\/webs.uab.cat\/cienciaxllegir\/wp-json\/wp\/v2\/users\/20"}],"replies":[{"embeddable":true,"href":"https:\/\/webs.uab.cat\/cienciaxllegir\/wp-json\/wp\/v2\/comments?post=1172"}],"version-history":[{"count":6,"href":"https:\/\/webs.uab.cat\/cienciaxllegir\/wp-json\/wp\/v2\/pages\/1172\/revisions"}],"predecessor-version":[{"id":2370,"href":"https:\/\/webs.uab.cat\/cienciaxllegir\/wp-json\/wp\/v2\/pages\/1172\/revisions\/2370"}],"wp:attachment":[{"href":"https:\/\/webs.uab.cat\/cienciaxllegir\/wp-json\/wp\/v2\/media?parent=1172"}],"curies":[{"name":"wp","href":"https:\/\/api.w.org\/{rel}","templated":true}]}}