{"id":1206,"date":"2020-05-21T16:03:17","date_gmt":"2020-05-21T16:03:17","guid":{"rendered":"https:\/\/webs.uab.cat\/cienciaxllegir\/plataformes\/"},"modified":"2023-06-08T14:46:26","modified_gmt":"2023-06-08T14:46:26","slug":"plataformes","status":"publish","type":"page","link":"https:\/\/webs.uab.cat\/cienciaxllegir\/plataformes\/","title":{"rendered":"Plataformes d&#8217;acc\u00e9s gratu\u00eft a llibres de divulgaci\u00f3 cient\u00edfica"},"content":{"rendered":"\n<div class=\"wp-block-media-text alignwide is-stacked-on-mobile\" style=\"grid-template-columns:15% auto\"><figure class=\"wp-block-media-text__media\"><a href=\"https:\/\/www.24symbols.com\" target=\"_blank\" rel=\"noreferrer noopener\"><img loading=\"lazy\" decoding=\"async\" width=\"400\" height=\"141\" src=\"https:\/\/webs.uab.cat\/cienciaxllegir\/wp-content\/uploads\/sites\/215\/2020\/05\/24symbols.png\" alt=\"24symbols\" class=\"wp-image-1207 size-full\" srcset=\"https:\/\/webs.uab.cat\/cienciaxllegir\/wp-content\/uploads\/sites\/215\/2020\/05\/24symbols.png 400w, https:\/\/webs.uab.cat\/cienciaxllegir\/wp-content\/uploads\/sites\/215\/2020\/05\/24symbols-300x106.png 300w\" sizes=\"auto, (max-width: 400px) 100vw, 400px\" \/><\/a><\/figure><div class=\"wp-block-media-text__content\">\n<p>Es tracta d&#8217;una plataforma de llibres electr\u00f2nics en espanyol i de caire multidisciplinar, amb m\u00e9s de 60.000 t\u00edtols. Els usuaris de la UAB tenim acc\u00e9s a tot el contingut de la plataforma per a un nombre il\u00b7limitat d&#8217;usuaris, i sense dret a desc\u00e0rrega; per\u00f2 s\u00ed es permet la lectura en l\u00ednia.<br>Com a membre de la UAB pots accedir al recurs\u00a0amb el NIU i la teva paraula de pas <a rel=\"noreferrer noopener\" href=\"https:\/\/login.are.uab.cat\/sso\/elibro\/?context=2b248cc1-ef7b-475a-a933-09e39b9ab7b2\" target=\"_blank\"><strong>clicant aqu\u00ed<\/strong><\/a>.<\/p>\n<\/div><\/div>\n\n\n\n<div class=\"wp-block-media-text alignwide is-stacked-on-mobile\" style=\"grid-template-columns:15% auto\"><figure class=\"wp-block-media-text__media\"><a href=\"https:\/\/biblioteca.ebiblio.cat\" target=\"_blank\" rel=\"noreferrer noopener\"><img loading=\"lazy\" decoding=\"async\" width=\"247\" height=\"300\" src=\"https:\/\/webs.uab.cat\/cienciaxllegir\/wp-content\/uploads\/sites\/215\/2020\/05\/ebiblio-247x300.jpg\" alt=\"ebiblio\" class=\"wp-image-1209 size-medium\" srcset=\"https:\/\/webs.uab.cat\/cienciaxllegir\/wp-content\/uploads\/sites\/215\/2020\/05\/ebiblio-247x300.jpg 247w, https:\/\/webs.uab.cat\/cienciaxllegir\/wp-content\/uploads\/sites\/215\/2020\/05\/ebiblio.jpg 300w\" sizes=\"auto, (max-width: 247px) 100vw, 247px\" \/><\/a><\/figure><div class=\"wp-block-media-text__content\">\n<p><p>L&#8217;<a rel=\"noopener\" href=\"http:\/\/catalunya.ebiblio.cat\" target=\"_blank\"><strong>eBiblio Catalunya<\/strong><\/a> \u00e9s un servei del <strong>Sistema de Lectura P\u00fablica de Catalunya<\/strong> que fa possible el pr\u00e9stec de continguts digitals a tots els usuaris amb carnet de les biblioteques p\u00fabliques catalanes.<\/p><p><a rel=\"noopener\" href=\"http:\/\/catalunya.ebiblio.es\/ayuda\/E0360\/ca\/preguntes_frequents.htm\" target=\"_blank\">Consulta les condicions d&#8217;acc\u00e9s<\/a>.<\/p> <\/p>\n<\/div><\/div>\n\n\n\n<div class=\"wp-block-media-text alignwide is-stacked-on-mobile\" style=\"grid-template-columns:15% auto\"><figure class=\"wp-block-media-text__media\"><a href=\"https:\/\/openlibrary.org\/\" target=\"_blank\" rel=\"noreferrer noopener\"><img loading=\"lazy\" decoding=\"async\" width=\"220\" height=\"177\" src=\"https:\/\/webs.uab.cat\/cienciaxllegir\/wp-content\/uploads\/sites\/215\/2020\/05\/openlibrary.png\" alt=\"openlibrary\" class=\"wp-image-1214 size-full\" \/><\/a><\/figure><div class=\"wp-block-media-text__content\">\n<p>L&#8217;<strong><a href=\"https:\/\/openlibrary.org\/\" target=\"_blank\" rel=\"noreferrer noopener\">OpenLibrary<\/a><\/strong> \u00e9s una biblioteca virtual amb un gran nombre de llibres digitalitzats de domini p\u00fablic. Trobar\u00e0s cl\u00e0ssics digitalitzats amb exlibris de biblioteques d\u2019arreu del m\u00f3n i, si creus que ha arribat el moment de practicar idiomes, t&#8217;esperen un munt de cl\u00e0ssics en versi\u00f3 original!<\/p>\n\n\n\n<p>Per accedir nom\u00e9s t&#8217;has de registrar a la plataforma i la modalitat de lectura es fa mitjan\u00e7ant el pr\u00e9stec. Disposes de m\u00e9s de 25.000 llibres sobre ci\u00e8ncia!<\/p>\n\n\n\n<p><a href=\"https:\/\/archive.org\/about\/terms.php\" target=\"_blank\" rel=\"noreferrer noopener\">Consulta les condicions i els drets d&#8217;autor<\/a>.<\/p>\n<\/div><\/div>\n\n\n\n<div class=\"wp-block-media-text alignwide is-stacked-on-mobile\" style=\"grid-template-columns:15% auto\"><figure class=\"wp-block-media-text__media\"><img loading=\"lazy\" decoding=\"async\" width=\"317\" height=\"119\" src=\"https:\/\/webs.uab.cat\/cienciaxllegir\/wp-content\/uploads\/sites\/215\/2020\/05\/openlibra.jpg\" alt=\"openlibra\" class=\"wp-image-1213 size-full\" srcset=\"https:\/\/webs.uab.cat\/cienciaxllegir\/wp-content\/uploads\/sites\/215\/2020\/05\/openlibra.jpg 317w, https:\/\/webs.uab.cat\/cienciaxllegir\/wp-content\/uploads\/sites\/215\/2020\/05\/openlibra-300x113.jpg 300w\" sizes=\"auto, (max-width: 317px) 100vw, 317px\" \/><\/figure><div class=\"wp-block-media-text__content\">\n<p>L\u2019<a href=\"https:\/\/openlibra.com\" target=\"_blank\" rel=\"noreferrer noopener\"><strong>Open Libra<\/strong><\/a> ofereix una gran varietat de llibres que pots anar descobrint a partir de les llistes tem\u00e0tiques. Tots son de lliure acc\u00e9s i els pots descarregar tamb\u00e9 lliurement. L&#8217;acc\u00e9s es pot fer mitjan\u00e7ant un compte de Twitter o de Facebook.<\/p>\n\n\n\n<p><a href=\"https:\/\/openlibra.com\/es\/page\/terms\" target=\"_blank\" rel=\"noreferrer noopener\">Consulta les condicions<\/a>.<\/p>\n<\/div><\/div>\n\n\n<p>\u00a0<\/p>\n<p>\u00a0<\/p>\n<p>\u00a0<\/p>\n<p>\u00a0<\/p>\n<p>\u00a0<\/p>\n<p>\u00a0<\/p>","protected":false},"excerpt":{"rendered":"<p>Es tracta d&#8217;una plataforma de llibres electr\u00f2nics en espanyol i de caire multidisciplinar, amb m\u00e9s de 60.000 t\u00edtols. Els usuaris de la UAB tenim acc\u00e9s a tot el contingut de la plataforma per a un nombre il\u00b7limitat d&#8217;usuaris, i sense dret a desc\u00e0rrega; per\u00f2 s\u00ed es permet la lectura en l\u00ednia.Com a membre de la [&hellip;]<\/p>\n","protected":false},"author":20,"featured_media":0,"parent":0,"menu_order":0,"comment_status":"closed","ping_status":"closed","template":"","meta":{"footnotes":""},"class_list":["post-1206","page","type-page","status-publish","hentry"],"_links":{"self":[{"href":"https:\/\/webs.uab.cat\/cienciaxllegir\/wp-json\/wp\/v2\/pages\/1206","targetHints":{"allow":["GET"]}}],"collection":[{"href":"https:\/\/webs.uab.cat\/cienciaxllegir\/wp-json\/wp\/v2\/pages"}],"about":[{"href":"https:\/\/webs.uab.cat\/cienciaxllegir\/wp-json\/wp\/v2\/types\/page"}],"author":[{"embeddable":true,"href":"https:\/\/webs.uab.cat\/cienciaxllegir\/wp-json\/wp\/v2\/users\/20"}],"replies":[{"embeddable":true,"href":"https:\/\/webs.uab.cat\/cienciaxllegir\/wp-json\/wp\/v2\/comments?post=1206"}],"version-history":[{"count":2,"href":"https:\/\/webs.uab.cat\/cienciaxllegir\/wp-json\/wp\/v2\/pages\/1206\/revisions"}],"predecessor-version":[{"id":2763,"href":"https:\/\/webs.uab.cat\/cienciaxllegir\/wp-json\/wp\/v2\/pages\/1206\/revisions\/2763"}],"wp:attachment":[{"href":"https:\/\/webs.uab.cat\/cienciaxllegir\/wp-json\/wp\/v2\/media?parent=1206"}],"curies":[{"name":"wp","href":"https:\/\/api.w.org\/{rel}","templated":true}]}}