{"id":1364,"date":"2020-05-28T16:37:11","date_gmt":"2020-05-28T16:37:11","guid":{"rendered":"https:\/\/webs.uab.cat\/cienciaxllegir\/temes-dinteres\/"},"modified":"2023-06-08T15:01:24","modified_gmt":"2023-06-08T15:01:24","slug":"temes-dinteres","status":"publish","type":"page","link":"https:\/\/webs.uab.cat\/cienciaxllegir\/temes-dinteres\/","title":{"rendered":"Temes d&#8217;inter\u00e8s"},"content":{"rendered":"\n<p>Aqu\u00ed et recomanem altres temes que poden ser del teu inter\u00e8s, per llegir i aprendre m\u00e9s, i que aquests dies han quedat eclipsats per la import\u00e0ncia de la COVID-19.<\/p>\n\n\n\n<p><strong>MICROPL\u00c0STICS<\/strong><\/p>\n\n\n\n<p>L&#8217;article <a href=\"https:\/\/metode.es\/revistas-metode\/article-revistes\/ahogados-en-plastico-microplasticos-medio-marino.html\" target=\"_blank\" rel=\"noreferrer noopener\">Ahogados en pl\u00e1stico: la contaminaci\u00f3n por micropl\u00e1sticos en el medio marino<\/a>, escrit per&nbsp;Balma Albalat Oliver et servir\u00e0 per a introduir el tema.<\/p>\n\n\n\n<p>Saps que al Campus UAB hi ha l&#8217;ICTA?&nbsp;L&#8217;Institut de Ci\u00e8ncia i Tecnologia Ambientals (<a href=\"https:\/\/www.uab.cat\/icta\/\" target=\"_blank\" rel=\"noreferrer noopener\">ICTA-UAB<\/a>) \u00e9s un centre multidisciplinari que promou la investigaci\u00f3 i la formaci\u00f3 de postgrau en ci\u00e8ncies ambientals. Ha realitzat un estudi que demostra que el <a href=\"https:\/\/www.uab.cat\/web\/sala-de-premsa\/detall-de-noticia\/el-riu-ebre-aboca-anualment-2-200-milions-de-microplastics-al-mar-mediterrani-1345667174054.html?noticiaid=1345793197199\" target=\"_blank\" rel=\"noreferrer noopener\">riu Ebre aboca anualment 2.200 milions de micropl\u00e0stics al Mar Mediterrani<\/a>.<\/p>\n\n\n\n<p>Si ets m\u00e9s visual, disposes&nbsp;d&#8217;un parell de p\u00f2sters que et donaran molta informaci\u00f3 amb un cop d&#8217;ull!&nbsp;<\/p>\n\n\n\n<figure class=\"wp-block-image\"><a href=\"https:\/\/ddd.uab.cat\/search?ln=ca&amp;cc=tfg&amp;p=microplastics&amp;f=&amp;action_search=Cerca&amp;c=tfg&amp;c=&amp;sf=&amp;so=d&amp;rm=&amp;rg=10&amp;sc=1&amp;of=hb\" target=\"_blank\" rel=\"noreferrer noopener\"><img loading=\"lazy\" decoding=\"async\" width=\"535\" height=\"228\" src=\"https:\/\/webs.uab.cat\/cienciaxllegir\/wp-content\/uploads\/sites\/215\/2020\/05\/microplasticsddd_0.jpg\" alt=\"microplastics\" class=\"wp-image-1361\" srcset=\"https:\/\/webs.uab.cat\/cienciaxllegir\/wp-content\/uploads\/sites\/215\/2020\/05\/microplasticsddd_0.jpg 535w, https:\/\/webs.uab.cat\/cienciaxllegir\/wp-content\/uploads\/sites\/215\/2020\/05\/microplasticsddd_0-300x128.jpg 300w\" sizes=\"auto, (max-width: 535px) 100vw, 535px\" \/><\/a><\/figure>\n\n\n\n<p><strong>NANOTECNOLOGIA<\/strong><\/p>\n\n\n\n<p>Segurament ja n&#8217;has sentit a parlar. Per introduir-te al tema tens l&#8217;article <a href=\"https:\/\/nanova.org\/que-es-la-nanotecnologia\/\" target=\"_blank\" rel=\"noreferrer noopener\">\u00bfQu\u00e9 es la nanotecnolog\u00eda?<\/a> d&#8217;Amelia Santos. <img loading=\"lazy\" decoding=\"async\" src=\"https:\/\/webs.uab.cat\/cienciaxllegir\/wp-content\/uploads\/sites\/215\/2020\/05\/lauralechuga.jpg\" alt=\"lauralechuga.jpg\" width=\"300\" height=\"220\">La revista <em>Nature<\/em> ha creat aquest <a href=\"https:\/\/www.nature.com\/scitable\/spotlight\/nanotechnology-8650176\/\" target=\"_blank\" rel=\"noreferrer noopener\">Spotlight<\/a> amb gran quantitat d&#8217;informaci\u00f3 sobre nanotecnologia, amb explicacions te\u00f2riques i aplicacions pr\u00e0ctiques de com es pot fer servir.<\/p>\n\n\n\n<p>Al Campus UAB s&#8217;hi troba l<a href=\"http:\/\/icn2.cat\/en\/\" target=\"_blank\" rel=\"noreferrer noopener\">\u2019Institut Catal\u00e0 de Nanoci\u00e8ncia i Nanotecnologia (ICN2)<\/a>, membre del Barcelona Institute of Science and Technology (BIST), que dedica la seva recerca al comportament de la mat\u00e8ria a la nanoescala. L\u2019Institut crea coneixement b\u00e0sic i desenvolupa dispositius en \u00e0rees tan diverses com Ci\u00e8ncies de la Vida (medicina, salut i medi ambient), Energia i Tecnologies de la Informaci\u00f3 i les Comunicacions. Al DDD pots trobar <a href=\"https:\/\/ddd.uab.cat\/collection\/icn2?ln=ca\" target=\"_blank\" rel=\"noreferrer noopener\">gran quantitat d&#8217;articles de recerca<\/a>&nbsp;en acc\u00e9s obert sobre la feina que fan a l&#8217;ICN2.<\/p>\n\n\n\n<p>Una de les seves investigadores, Laura Lechuga, ha estat treballant els darrers mesos en <a rel=\"noreferrer noopener\" href=\"https:\/\/icn2.cat\/en\/news\/4483-convat-will-design-a-new-diagnostic-system-for-covid-19-with-the-best-current-technologies\" target=\"_blank\">trobar eines per a combatre la COVID-19<\/a> amb aquestes tecnologies.<\/p>\n\n\n\n<p><strong>ALIMENTS TRANSG\u00c8NICS<\/strong><\/p>\n\n\n\n<p>Fa uns dies apareixia a la revista <em>Science<\/em> la not\u00edcia&nbsp;<a href=\"https:\/\/www.sciencemag.org\/news\/2020\/05\/united-states-relaxes-rules-biotech-crops\" target=\"_blank\" rel=\"noreferrer noopener\">United States relaxes rules for biotech crops<\/a>, fent refer\u00e8ncia a la gran quantitat d&#8217;aliments que estan modificats gen\u00e8ticament, i els esfor\u00e7os de les administracions per regular-ne la producci\u00f3 i el consum final.<img loading=\"lazy\" decoding=\"async\" src=\"https:\/\/webs.uab.cat\/cienciaxllegir\/wp-content\/uploads\/sites\/215\/2020\/05\/agrigenomicacrag.jpg\" alt=\"agrigenomicacrag.jpg\" width=\"384\" height=\"220\"><\/p>\n\n\n\n<p>I qu\u00e8 \u00e9s l&#8217;agrigen\u00f2mica? Es poden <a href=\"https:\/\/www.iagua.es\/noticias\/centro-investigacion-agrigenomica\/como-lograr-cultivos-resistentes-sequia-asegurar\" target=\"_blank\" rel=\"noreferrer noopener\">aconseguir conreus resistents a la sequera<\/a>?<\/p>\n\n\n\n<p>Saps que tens l&#8217;agrigen\u00f2mica ben aprop? Al Campus UAB tamb\u00e9 tenim el Centre de Recerca en Agrigen\u00f2mica. El&nbsp;<a rel=\"noreferrer noopener\" href=\"http:\/\/www.cragenomica.es\/ca\" target=\"_blank\">CRAG<\/a>&nbsp;est\u00e0 dedicat a la recerca capdavantera en les bases moleculars de car\u00e0cters gen\u00e8tics d&#8217;inter\u00e8s en plantes i en animals de granja i en les aplicacions de les aproximacions moleculars per al desenvolupament d&#8217;esp\u00e8cies importants per a l&#8217;agricultura i per a la producci\u00f3 d&#8217;aliments. La recerca al CRAG s&#8217;est\u00e9n des de la ci\u00e8ncia b\u00e0sica fins als estudis aplicats en estreta col\u00b7laboraci\u00f3 amb la ind\u00fastria. Per saber a qu\u00e8 es dediquen i aprendre m\u00e9s, tens un munt d&#8217;<a rel=\"noreferrer noopener\" href=\"https:\/\/ddd.uab.cat\/collection\/crag\" target=\"_blank\">articles de recerca i altres documents<\/a> en acc\u00e9s obert al DDD.<\/p>\n\n\n\n<p><strong>I M\u00c9S<\/strong><\/p>\n\n\n\n<p>Si t&#8217;has quedat amb ganes de m\u00e9s, aqu\u00ed tens unes publicacions en l\u00ednia gratu\u00eftes on capbussar-te!<\/p>\n\n\n\n<ul class=\"wp-block-list\">\n<li><strong><em><a href=\"https:\/\/login.are.uab.cat\/login?url=https:\/\/www.investigacionyciencia.es\/\" target=\"_blank\" rel=\"noreferrer noopener\">Investigaci\u00f3n y ciencia<\/a><\/em><\/strong>:&nbsp;edici\u00f3&nbsp;espanyola de&nbsp;<a href=\"http:\/\/www.scientificamerican.com\/\" target=\"_blank\" rel=\"noreferrer noopener\"><em>Scientific American<\/em><\/a>. \u00c9s una revista de divulgaci\u00f3&nbsp;cient\u00edfica disponible des de 1976.<\/li>\n\n\n\n<li><em><strong><a href=\"https:\/\/metode.es\/\" target=\"_blank\" rel=\"noreferrer noopener\">M\u00e8tode<\/a><\/strong><\/em>:&nbsp;revista dedicada a la divulgaci\u00f3&nbsp;de la ci\u00e8ncia i al seu estudi. Editada per la Universitat de Val\u00e8ncia.<\/li>\n\n\n\n<li><em><strong>Nature<\/strong><\/em>: pots accedir a la <a href=\"https:\/\/www.nature.com\/scitable\/topics\/\" target=\"_blank\" rel=\"noreferrer noopener\">Topic rooms<\/a> on s&#8217;expliquen temes en profunditat o als <a href=\"http:\/\/blogs.nature.com\/\" target=\"_blank\" rel=\"noreferrer noopener\">blogs<\/a> per mantenir-te al dia.<\/li>\n\n\n\n<li><em><strong><a href=\"https:\/\/www.sciencemag.org\/news\/latest-news\" target=\"_blank\" rel=\"noreferrer noopener\">Science<\/a><\/strong><\/em>: amb un recull de temes i not\u00edcies que no et podr\u00e0s acabar.<\/li>\n\n\n\n<li><em><strong><a href=\"https:\/\/www.enciclopedia.cat\/divulcat\" target=\"_blank\" rel=\"noreferrer noopener\">Divulcat<\/a><\/strong><\/em>:&nbsp;projecte de divulgaci\u00f3 cient\u00edfica mantingut per cient\u00edfics&nbsp;dels territoris de parla catalana.<\/li>\n<\/ul>\n","protected":false},"excerpt":{"rendered":"<p>Aqu\u00ed et recomanem altres temes que poden ser del teu inter\u00e8s, per llegir i aprendre m\u00e9s, i que aquests dies han quedat eclipsats per la import\u00e0ncia de la COVID-19. MICROPL\u00c0STICS L&#8217;article Ahogados en pl\u00e1stico: la contaminaci\u00f3n por micropl\u00e1sticos en el medio marino, escrit per&nbsp;Balma Albalat Oliver et servir\u00e0 per a introduir el tema. Saps que [&hellip;]<\/p>\n","protected":false},"author":20,"featured_media":0,"parent":0,"menu_order":0,"comment_status":"closed","ping_status":"closed","template":"","meta":{"footnotes":""},"class_list":["post-1364","page","type-page","status-publish","hentry"],"_links":{"self":[{"href":"https:\/\/webs.uab.cat\/cienciaxllegir\/wp-json\/wp\/v2\/pages\/1364","targetHints":{"allow":["GET"]}}],"collection":[{"href":"https:\/\/webs.uab.cat\/cienciaxllegir\/wp-json\/wp\/v2\/pages"}],"about":[{"href":"https:\/\/webs.uab.cat\/cienciaxllegir\/wp-json\/wp\/v2\/types\/page"}],"author":[{"embeddable":true,"href":"https:\/\/webs.uab.cat\/cienciaxllegir\/wp-json\/wp\/v2\/users\/20"}],"replies":[{"embeddable":true,"href":"https:\/\/webs.uab.cat\/cienciaxllegir\/wp-json\/wp\/v2\/comments?post=1364"}],"version-history":[{"count":3,"href":"https:\/\/webs.uab.cat\/cienciaxllegir\/wp-json\/wp\/v2\/pages\/1364\/revisions"}],"predecessor-version":[{"id":2767,"href":"https:\/\/webs.uab.cat\/cienciaxllegir\/wp-json\/wp\/v2\/pages\/1364\/revisions\/2767"}],"wp:attachment":[{"href":"https:\/\/webs.uab.cat\/cienciaxllegir\/wp-json\/wp\/v2\/media?parent=1364"}],"curies":[{"name":"wp","href":"https:\/\/api.w.org\/{rel}","templated":true}]}}