{"id":1750,"date":"2022-03-01T16:45:25","date_gmt":"2022-03-01T16:45:25","guid":{"rendered":"https:\/\/webs.uab.cat\/cienciaxllegir\/lynx-edicions\/"},"modified":"2022-09-23T11:05:26","modified_gmt":"2022-09-23T11:05:26","slug":"lynx-edicions","status":"publish","type":"page","link":"https:\/\/webs.uab.cat\/cienciaxllegir\/lynx-edicions\/","title":{"rendered":"Lynx Edicions"},"content":{"rendered":"<div class=\"wp-block-image\">\n<figure class=\"aligncenter is-resized\"><img loading=\"lazy\" decoding=\"async\" src=\"https:\/\/webs.uab.cat\/cienciaxllegir\/wp-content\/uploads\/sites\/215\/2022\/03\/lynxlogoblanc2.jpg\" alt=\"\" class=\"wp-image-1748\" width=\"377\" height=\"127\" srcset=\"https:\/\/webs.uab.cat\/cienciaxllegir\/wp-content\/uploads\/sites\/215\/2022\/03\/lynxlogoblanc2.jpg 600w, https:\/\/webs.uab.cat\/cienciaxllegir\/wp-content\/uploads\/sites\/215\/2022\/03\/lynxlogoblanc2-300x101.jpg 300w\" sizes=\"auto, (max-width: 377px) 100vw, 377px\" \/><\/figure>\n<\/div>\n\n\n<p class=\"has-text-align-center\"><\/p>\n\n\n\n<p><span style=\"font-size: 18px;\"><a href=\"https:\/\/www.lynxeds.com\/ca\/\" target=\"_blank\" rel=\"noopener\"><strong>Lynx Edicions<\/strong><\/a><\/span>, fundada a Barcelona el 1989, \u00e9s una editorial especialitzada en la publicaci\u00f3 de llibres d\u2019ornitologia i natura.<br>El seu objectiu inicial va ser el desenvolupament i publicaci\u00f3 de l\u2019obra <strong>Handbook of the Birds of the World<\/strong>, una enciclop\u00e8dia de 17 volums que descriu i il\u00b7lustra totes les esp\u00e8cies d\u2019ocells del m\u00f3n.<\/p>\n\n\n\n<p><a href=\"http:\/\/ddd.uab.cat\/record\/256174\" target=\"_blank\" rel=\"noopener\">Els llibres de Lynx Edicions han ocupat el vest\u00edbul de la Biblioteca al llarg del mes de novembre de 2021<\/a> i, un cop finalitzada la mostra, han entrat a formar part del nostre fons bibliogr\u00e0fic. <a href=\"https:\/\/pagines.uab.cat\/cienciaxllegir\/content\/lynx-edicions-lectures\"><strong>Consulta aqu\u00ed els t\u00edtols ingressats<\/strong><\/a>.<\/p>\n\n\n\n<figure class=\"wp-block-image\"><a href=\"https:\/\/bibcercador.uab.cat\/permalink\/34CSUC_UAB\/1eqfv2p\/alma991002600839706709\" target=\"_blank\" rel=\"noopener\"><img loading=\"lazy\" decoding=\"async\" width=\"1100\" height=\"760\" src=\"https:\/\/webs.uab.cat\/cienciaxllegir\/wp-content\/uploads\/sites\/215\/2022\/03\/handbooklynx.jpg\" alt=\"\" class=\"wp-image-1749\" srcset=\"https:\/\/webs.uab.cat\/cienciaxllegir\/wp-content\/uploads\/sites\/215\/2022\/03\/handbooklynx.jpg 1100w, https:\/\/webs.uab.cat\/cienciaxllegir\/wp-content\/uploads\/sites\/215\/2022\/03\/handbooklynx-300x207.jpg 300w, https:\/\/webs.uab.cat\/cienciaxllegir\/wp-content\/uploads\/sites\/215\/2022\/03\/handbooklynx-1024x707.jpg 1024w, https:\/\/webs.uab.cat\/cienciaxllegir\/wp-content\/uploads\/sites\/215\/2022\/03\/handbooklynx-768x531.jpg 768w\" sizes=\"auto, (max-width: 1100px) 100vw, 1100px\" \/><\/a><\/figure>\n\n\n\n<p>El primer volum del <a href=\"https:\/\/en.wikipedia.org\/wiki\/Handbook_of_the_Birds_of_the_World\" target=\"_blank\" rel=\"noopener\"><strong>Handbook of the Birds of the World<\/strong><\/a> (HBW) es va publicar el 1992.<br>El rigor de la redacci\u00f3 i de la il\u00b7lustraci\u00f3 d\u2019aquesta col\u00b7lecci\u00f3, l\u2019han convertit en la principal refer\u00e8ncia ornitol\u00f2gica a escala mundial. I \u00e9s la primera en tractar i il\u00b7lustrar cadascuna de les esp\u00e8cies d\u2019una classe completa del regne animal.<br>Hi ha participat:<\/p>\n\n\n\n<ul class=\"wp-block-list\"><li>277 prestigiosos especialistes<\/li><li>33 il\u00b7lustradors de 40 pa\u00efsos<\/li><li>850 fot\u00f2grafs<\/li><\/ul>\n\n\n\n<p>L\u2019excepcional acollida de l\u2019enciclop\u00e8dia, tant als mitjans cient\u00edfics com a les publicacions especialitzades, ha fet que es consideri l\u2019obra l\u00edder de l\u2019ornitologia mundial.<br>El 2013 es va crear l\u2019<a href=\"https:\/\/birdsoftheworld.org\/bow\/home\" target=\"_blank\" rel=\"noopener\"><strong>HBW Alive<\/strong><\/a>, la versi\u00f3 online del Handbook que incorpora molts recursos addicionals i una actualitzaci\u00f3 constant.<\/p>\n\n\n\n<p>A banda d\u2019aquesta publicaci\u00f3, <strong>Lynx Edicions<\/strong> ha engegat d\u2019altres projectes d\u2019envergadura i rigor acad\u00e8mic com s\u00f3n:<\/p>\n\n\n\n<ul class=\"wp-block-list\"><li><strong><a href=\"https:\/\/www.lynxeds.com\/es\/categoria\/por-categoria\/enciclopedias\/handbook-of-the-mammals-of-the-world\/\" target=\"_blank\" rel=\"noopener\">Handbook of the Mammals of the World<\/a><\/strong><\/li><li><a href=\"https:\/\/www.lynxeds.com\/ca\/producte\/hbw-and-birdlife-international-illustrated-checklist-of-the-birds-of-the-world-set-of-two-volumes\/\" target=\"_blank\" rel=\"noopener\"><strong>HBW and BirdLife International Checklist of the Birds of the World<\/strong><\/a><\/li><\/ul>\n\n\n\n<p>I compta amb una \u00e0mplia selecci\u00f3 de t\u00edtols d\u2019ornitologia i natura, que inclouen guies d\u2019identificaci\u00f3 de fauna i flora, itineraris, monografies i checklists d\u2019ocells.<\/p>\n","protected":false},"excerpt":{"rendered":"<p>Lynx Edicions, fundada a Barcelona el 1989, \u00e9s una editorial especialitzada en la publicaci\u00f3 de llibres d\u2019ornitologia i natura.El seu objectiu inicial va ser el desenvolupament i publicaci\u00f3 de l\u2019obra Handbook of the Birds of the World, una enciclop\u00e8dia de 17 volums que descriu i il\u00b7lustra totes les esp\u00e8cies d\u2019ocells del m\u00f3n. Els llibres de [&hellip;]<\/p>\n","protected":false},"author":20,"featured_media":0,"parent":0,"menu_order":0,"comment_status":"closed","ping_status":"closed","template":"","meta":{"footnotes":""},"class_list":["post-1750","page","type-page","status-publish","hentry"],"_links":{"self":[{"href":"https:\/\/webs.uab.cat\/cienciaxllegir\/wp-json\/wp\/v2\/pages\/1750","targetHints":{"allow":["GET"]}}],"collection":[{"href":"https:\/\/webs.uab.cat\/cienciaxllegir\/wp-json\/wp\/v2\/pages"}],"about":[{"href":"https:\/\/webs.uab.cat\/cienciaxllegir\/wp-json\/wp\/v2\/types\/page"}],"author":[{"embeddable":true,"href":"https:\/\/webs.uab.cat\/cienciaxllegir\/wp-json\/wp\/v2\/users\/20"}],"replies":[{"embeddable":true,"href":"https:\/\/webs.uab.cat\/cienciaxllegir\/wp-json\/wp\/v2\/comments?post=1750"}],"version-history":[{"count":1,"href":"https:\/\/webs.uab.cat\/cienciaxllegir\/wp-json\/wp\/v2\/pages\/1750\/revisions"}],"predecessor-version":[{"id":2074,"href":"https:\/\/webs.uab.cat\/cienciaxllegir\/wp-json\/wp\/v2\/pages\/1750\/revisions\/2074"}],"wp:attachment":[{"href":"https:\/\/webs.uab.cat\/cienciaxllegir\/wp-json\/wp\/v2\/media?parent=1750"}],"curies":[{"name":"wp","href":"https:\/\/api.w.org\/{rel}","templated":true}]}}