{"id":22,"date":"2009-05-08T11:14:38","date_gmt":"2009-05-08T11:14:38","guid":{"rendered":"https:\/\/webs.uab.cat\/cienciaxllegir\/es-temps-de-ciencia\/"},"modified":"2025-05-12T16:17:31","modified_gmt":"2025-05-12T16:17:31","slug":"qui-som","status":"publish","type":"page","link":"https:\/\/webs.uab.cat\/cienciaxllegir\/qui-som\/","title":{"rendered":"Qui som?"},"content":{"rendered":"\n<p>Aquest web ha estat ideat i dissenyat per l\u2019equip que forma la <strong><a rel=\"noreferrer noopener\" href=\"https:\/\/www.uab.cat\/web\/coneix-les-biblioteques\/biblioteques-1345704371792.html#BibliotecadeCi%C3%A8nciaiTecnologia\" target=\"_blank\">Biblioteca de Ci\u00e8ncia i Tecnologia de la UAB<\/a><\/strong>, un equip de persones que aposta cada dia de l&#8217;any per la ci\u00e8ncia.<\/p>\n\n\n\n<p class=\"has-small-font-size\">Tant \u00e9s aix\u00ed que hem creat la secci\u00f3 de <strong>Ci\u00e8ncia per llegir<\/strong> pensant en tu, per a que treguis el m\u00e0xim profit de la teva biblioteca.<\/p>\n\n\n\n<p>I com fer-ho? Passejant per les prestatgeries que tens nom\u00e9s entrant a la Sala General i tafanejant tant com vulguis.<\/p>\n\n\n\n<figure class=\"wp-block-image size-full is-resized\"><img loading=\"lazy\" decoding=\"async\" width=\"768\" height=\"230\" src=\"https:\/\/webs.uab.cat\/cienciaxllegir\/wp-content\/uploads\/sites\/215\/2025\/05\/ubicacio-nova-cxll.jpg\" alt=\"\" class=\"wp-image-3940\" style=\"width:740px;height:201px\" srcset=\"https:\/\/webs.uab.cat\/cienciaxllegir\/wp-content\/uploads\/sites\/215\/2025\/05\/ubicacio-nova-cxll.jpg 768w, https:\/\/webs.uab.cat\/cienciaxllegir\/wp-content\/uploads\/sites\/215\/2025\/05\/ubicacio-nova-cxll-300x90.jpg 300w\" sizes=\"auto, (max-width: 768px) 100vw, 768px\" \/><\/figure>\n\n\n\n<div class=\"wp-block-media-text alignwide is-stacked-on-mobile is-vertically-aligned-center\" style=\"grid-template-columns:20% auto\"><figure class=\"wp-block-media-text__media\"><img loading=\"lazy\" decoding=\"async\" width=\"435\" height=\"427\" src=\"https:\/\/webs.uab.cat\/cienciaxllegir\/wp-content\/uploads\/sites\/215\/2009\/05\/bctscience3.gif\" alt=\"\" class=\"wp-image-21 size-full\" \/><\/figure><div class=\"wp-block-media-text__content\">\n<p>A <b>Ci\u00e8ncia per llegir<\/b> trobar\u00e0s un munt de bones raons per acostar-te a la ci\u00e8ncia i a la lectura des de tots els punts de vista, sense sacrificar ni una mica de coneixement, qualitat o entreteniment:<\/p>\n\n\n\n<ul class=\"wp-block-list\">\n<li>Les darreres novetats del mercat<\/li>\n\n\n\n<li>Divulgadores i divulgadors de cap\u00e7alera, de casa nostra i d&#8217;arreu<\/li>\n\n\n\n<li>Llibres de les millors i m\u00e9s destacades editorials que s&#8217;hi dediquen a difondre la ci\u00e8ncia amb qualitat i solv\u00e8ncia<\/li>\n<\/ul>\n\n\n\n<p>I en tot moment podr\u00e0s <strong><a rel=\"noreferrer noopener\" href=\"https:\/\/www.uab.cat\/web\/els-nostres-fons\/compra-de-documents-1345720300790.html\" target=\"_blank\">suggerir la compra de nous documents<\/a><\/strong> i <strong><a rel=\"noopener\" href=\"https:\/\/docs.google.com\/forms\/d\/e\/1FAIpQLSeOKhKdnZg8RVi2UutcL3l8EagNZKWcHhHkzjE-CpeIozhVRw\/viewform\" target=\"_blank\">recomanar les lectures<\/a><\/strong> que m\u00e9s t&#8217;hagin agradat.<\/p>\n\n\n\n<p>Esperem que el nostre projecte de prescripci\u00f3 lectora t&#8217;engresqui tant com a nosaltres.<\/p>\n\n\n\n<p>I si no et vols perdre els noms propis de la divulgaci\u00f3 cient\u00edfica, amb informaci\u00f3 detallada sobre la seva obra i transcend\u00e8ncia, no deixis de visitar&nbsp;<strong><a href=\"https:\/\/webs.uab.cat\/cienciaxllegir\/amb-nom-propi\">Amb nom propi<\/a><\/strong>.<\/p>\n\n\n\n<p>Bona lectura!<\/p>\n<\/div><\/div>\n\n\n\n<p><span style=\"font-size: 10px\"><\/span><\/p>\n\n\n\n<p><span style=\"font-size: 11px\"><a href=\"https:\/\/webs.uab.cat\/cienciaxllegir\/credits\/\" target=\"_blank\" rel=\"noreferrer noopener\">Cr\u00e8dits dels continguts<\/a><\/span><\/p>\n","protected":false},"excerpt":{"rendered":"<p>Aquest web ha estat ideat i dissenyat per l\u2019equip que forma la Biblioteca de Ci\u00e8ncia i Tecnologia de la UAB, un equip de persones que aposta cada dia de l&#8217;any per la ci\u00e8ncia. Tant \u00e9s aix\u00ed que hem creat la secci\u00f3 de Ci\u00e8ncia per llegir pensant en tu, per a que treguis el m\u00e0xim profit [&hellip;]<\/p>\n","protected":false},"author":20,"featured_media":0,"parent":0,"menu_order":0,"comment_status":"closed","ping_status":"closed","template":"","meta":{"footnotes":""},"class_list":["post-22","page","type-page","status-publish","hentry"],"_links":{"self":[{"href":"https:\/\/webs.uab.cat\/cienciaxllegir\/wp-json\/wp\/v2\/pages\/22","targetHints":{"allow":["GET"]}}],"collection":[{"href":"https:\/\/webs.uab.cat\/cienciaxllegir\/wp-json\/wp\/v2\/pages"}],"about":[{"href":"https:\/\/webs.uab.cat\/cienciaxllegir\/wp-json\/wp\/v2\/types\/page"}],"author":[{"embeddable":true,"href":"https:\/\/webs.uab.cat\/cienciaxllegir\/wp-json\/wp\/v2\/users\/20"}],"replies":[{"embeddable":true,"href":"https:\/\/webs.uab.cat\/cienciaxllegir\/wp-json\/wp\/v2\/comments?post=22"}],"version-history":[{"count":11,"href":"https:\/\/webs.uab.cat\/cienciaxllegir\/wp-json\/wp\/v2\/pages\/22\/revisions"}],"predecessor-version":[{"id":3942,"href":"https:\/\/webs.uab.cat\/cienciaxllegir\/wp-json\/wp\/v2\/pages\/22\/revisions\/3942"}],"wp:attachment":[{"href":"https:\/\/webs.uab.cat\/cienciaxllegir\/wp-json\/wp\/v2\/media?parent=22"}],"curies":[{"name":"wp","href":"https:\/\/api.w.org\/{rel}","templated":true}]}}