{"id":310,"date":"2013-05-31T20:16:30","date_gmt":"2013-05-31T20:16:30","guid":{"rendered":"https:\/\/webs.uab.cat\/cienciaxllegir\/merce-piqueras\/"},"modified":"2023-06-12T13:45:13","modified_gmt":"2023-06-12T13:45:13","slug":"merce-piqueras","status":"publish","type":"page","link":"https:\/\/webs.uab.cat\/cienciaxllegir\/merce-piqueras\/","title":{"rendered":"Merc\u00e8 Piqueras"},"content":{"rendered":"\n<div class=\"wp-block-media-text alignwide is-stacked-on-mobile is-vertically-aligned-top has-blanc-coco-color has-verd-tropic-background-color has-text-color has-background\" style=\"grid-template-columns:20% auto\"><figure class=\"wp-block-media-text__media\"><img loading=\"lazy\" decoding=\"async\" width=\"250\" height=\"250\" src=\"https:\/\/webs.uab.cat\/cienciaxllegir\/wp-content\/uploads\/sites\/215\/2018\/01\/piqueras02foto.jpg\" alt=\"piqueras02foto\" class=\"wp-image-312 size-full\" srcset=\"https:\/\/webs.uab.cat\/cienciaxllegir\/wp-content\/uploads\/sites\/215\/2018\/01\/piqueras02foto.jpg 250w, https:\/\/webs.uab.cat\/cienciaxllegir\/wp-content\/uploads\/sites\/215\/2018\/01\/piqueras02foto-150x150.jpg 150w\" sizes=\"auto, (max-width: 250px) 100vw, 250px\" \/><\/figure><div class=\"wp-block-media-text__content\">\n<p class=\"has-small-font-size\"><em>&#8220;Avui dia, el pensament i l&#8217;acci\u00f3 cient\u00edfics s\u00f3n elements crucials. Sense voler ser agosarats, salvant les dist\u00e0ncies i respectant totes les diciplines, podem dir que els cient\u00edfics contribuiexien decisivament a dibuixar una part essencial de la imatge dle m\u00f3n, a generar nous mites i, en tot cas, a plantejar interrogants i apuntar respostes. Ci\u00e8ncia i tecnologia es perfilen cada vegada m\u00e9s com a eixos b\u00e0sics dels canvis que coneixem dia a dia, i a ning\u00fa deixa indiferent tot all\u00f2 que se&#8217;n deriva.&#8221;<\/em><\/p>\n\n\n\n<p class=\"has-small-font-size\">Fragment de la presentaci\u00f3 del llibre<br><a href=\"https:\/\/cataleg.uab.cat\/iii\/encore\/record\/C__Rb1548693?lang=cat\" target=\"_blank\" rel=\"noreferrer noopener\">Passejades per la Barcelona [cient\u00edfica]<\/a><\/p>\n<\/div><\/div>\n\n\n\n<p><strong>Merc\u00e8 Piqueras i Carrasco<\/strong> (Barcelona, 1944) \u00e9s bi\u00f2loga i, a l\u2019actualitat, tal i com diu al seu bloc personal, es dedica a la divulgaci\u00f3, a l\u2019edici\u00f3 cient\u00edfica, la traducci\u00f3 i la correcci\u00f3 de textos.&nbsp;Ha col\u00b7laborat a diaris, revistes i programes de r\u00e0dio acostant la ci\u00e8ncia al p\u00fablic general; i a publicat diversos llibres. S\u2019ha interessat pels estudis sobre l\u2019origen de la vida, la teoria de Gaia, l\u2019ecologia global, la participaci\u00f3 de la dona en el m\u00f3n de la ci\u00e8ncia, i per la terminologia.<\/p>\n\n\n\n<p>I &nbsp;ha estat presidenta de l&#8217;<a href=\"http:\/\/ca.wikipedia.org\/wiki\/Associaci%C3%B3_Catalana_de_Comunicaci%C3%B3_Cient%C3%ADfica\">Associaci\u00f3 Catalana de Comunicaci\u00f3 Cient\u00edfica<\/a> (2006-2011) i vicepresidenta de la <a href=\"http:\/\/ca.wikipedia.org\/wiki\/Societat_Catalana_d%27Hist%C3%B2ria_de_la_Ci%C3%A8ncia_i_de_la_T%C3%A8cnica\">Societat Catalana d&#8217;Hist\u00f2ria de la Ci\u00e8ncia i de la T\u00e8cnica<\/a> (2009-2011).<\/p>\n\n\n\n<p><strong>M\u00e9s informaci\u00f3:<\/strong><\/p>\n\n\n\n<ul class=\"wp-block-list\">\n<li><a href=\"https:\/\/webs.uab.cat\/cienciaxllegir\/obra-divulgativa-de-merce-piqueras\/\">Obra divulgativa comentada<\/a><\/li>\n\n\n\n<li><a href=\"https:\/\/bibcercador.uab.cat\/discovery\/search?query=any,contains,merc%C3%A8%20piqueras&amp;tab=Everything&amp;search_scope=MyInst_and_CI&amp;vid=34CSUC_UAB:VU1&amp;facet=rtype,include,books&amp;mfacet=creator,include,Piqueras,%20Merc%C3%A8,1&amp;mode=basic&amp;offset=0\" target=\"_blank\" rel=\"noreferrer noopener\">Merc\u00e8 Piqueras<\/a> al nostre cat\u00e0leg<\/li>\n\n\n\n<li><a href=\"https:\/\/bibcercador.uab.cat\/discovery\/search?query=any,contains,merc%C3%A8%20piqueras&amp;tab=DiscoveryNetwork&amp;search_scope=DiscoveryNetwork&amp;vid=34CSUC_UAB:VU1&amp;offset=0\" target=\"_blank\" rel=\"noreferrer noopener\">Merc\u00e8 Piqueras<\/a> al cat\u00e0leg col\u00b7lectiu (PUC)<\/li>\n<\/ul>\n\n\n\n<p class=\"has-blanc-coco-color has-text-color\">a<\/p>\n\n\n\n<ul class=\"wp-block-list\">\n<li><a href=\"http:\/\/ca.wikipedia.org\/wiki\/Merc%C3%A8_Piqueras_i_Carrasco\" target=\"_blank\" rel=\"noreferrer noopener\">Biografia<\/a>&nbsp;(segons Viquip\u00e8dia)<\/li>\n\n\n\n<li><a href=\"http:\/\/lectoracorrent.blogspot.com\/\" target=\"_blank\" rel=\"noreferrer noopener\">La lectora corrent<\/a> (bloc personal)<\/li>\n\n\n\n<li><a href=\"https:\/\/twitter.com\/lectoracorrent?lang=ca\" target=\"_blank\" rel=\"noreferrer noopener\">Perfil de Twitter<\/a><\/li>\n\n\n\n<li><a href=\"https:\/\/www.facebook.com\/merce.piqueras\" target=\"_blank\" rel=\"noreferrer noopener\">Perfil de Facebook<\/a><\/li>\n\n\n\n<li>Article sobre dues grans divulgadores: <a href=\"http:\/\/quark.prbb.org\/26\/026062.htm\" target=\"_blank\" rel=\"noreferrer noopener\"><em><strong>La fuerza y la penetraci\u00f3n de las ideas: Rachel Carson y Lynn Margulis<\/strong><\/em><\/a><\/li>\n<\/ul>\n","protected":false},"excerpt":{"rendered":"<p>&#8220;Avui dia, el pensament i l&#8217;acci\u00f3 cient\u00edfics s\u00f3n elements crucials. Sense voler ser agosarats, salvant les dist\u00e0ncies i respectant totes les diciplines, podem dir que els cient\u00edfics contribuiexien decisivament a dibuixar una part essencial de la imatge dle m\u00f3n, a generar nous mites i, en tot cas, a plantejar interrogants i apuntar respostes. Ci\u00e8ncia i [&hellip;]<\/p>\n","protected":false},"author":20,"featured_media":0,"parent":0,"menu_order":0,"comment_status":"closed","ping_status":"closed","template":"","meta":{"footnotes":""},"class_list":["post-310","page","type-page","status-publish","hentry"],"_links":{"self":[{"href":"https:\/\/webs.uab.cat\/cienciaxllegir\/wp-json\/wp\/v2\/pages\/310","targetHints":{"allow":["GET"]}}],"collection":[{"href":"https:\/\/webs.uab.cat\/cienciaxllegir\/wp-json\/wp\/v2\/pages"}],"about":[{"href":"https:\/\/webs.uab.cat\/cienciaxllegir\/wp-json\/wp\/v2\/types\/page"}],"author":[{"embeddable":true,"href":"https:\/\/webs.uab.cat\/cienciaxllegir\/wp-json\/wp\/v2\/users\/20"}],"replies":[{"embeddable":true,"href":"https:\/\/webs.uab.cat\/cienciaxllegir\/wp-json\/wp\/v2\/comments?post=310"}],"version-history":[{"count":5,"href":"https:\/\/webs.uab.cat\/cienciaxllegir\/wp-json\/wp\/v2\/pages\/310\/revisions"}],"predecessor-version":[{"id":2925,"href":"https:\/\/webs.uab.cat\/cienciaxllegir\/wp-json\/wp\/v2\/pages\/310\/revisions\/2925"}],"wp:attachment":[{"href":"https:\/\/webs.uab.cat\/cienciaxllegir\/wp-json\/wp\/v2\/media?parent=310"}],"curies":[{"name":"wp","href":"https:\/\/api.w.org\/{rel}","templated":true}]}}