{"id":348,"date":"2013-06-05T19:58:44","date_gmt":"2013-06-05T19:58:44","guid":{"rendered":"https:\/\/webs.uab.cat\/cienciaxllegir\/pere-puigdomenech\/"},"modified":"2023-06-13T15:02:30","modified_gmt":"2023-06-13T15:02:30","slug":"pere-puigdomenech","status":"publish","type":"page","link":"https:\/\/webs.uab.cat\/cienciaxllegir\/pere-puigdomenech\/","title":{"rendered":"Pere Puigdom\u00e8nech"},"content":{"rendered":"\n<div class=\"wp-block-media-text alignwide is-stacked-on-mobile is-vertically-aligned-top has-blanc-coco-color has-verd-tropic-background-color has-text-color has-background\" style=\"grid-template-columns:20% auto\"><figure class=\"wp-block-media-text__media\"><img loading=\"lazy\" decoding=\"async\" width=\"250\" height=\"250\" src=\"https:\/\/webs.uab.cat\/cienciaxllegir\/wp-content\/uploads\/sites\/215\/2020\/03\/ppuigdomenechfoto2.jpg\" alt=\"ppuigdomenechfoto2\" class=\"wp-image-350 size-full\" srcset=\"https:\/\/webs.uab.cat\/cienciaxllegir\/wp-content\/uploads\/sites\/215\/2020\/03\/ppuigdomenechfoto2.jpg 250w, https:\/\/webs.uab.cat\/cienciaxllegir\/wp-content\/uploads\/sites\/215\/2020\/03\/ppuigdomenechfoto2-150x150.jpg 150w\" sizes=\"auto, (max-width: 250px) 100vw, 250px\" \/><\/figure><div class=\"wp-block-media-text__content\">\n<p class=\"has-small-font-size\"><em>\u201cPer qu\u00e8 cal&nbsp; una reflexi\u00f3 \u00e8tica sobre les q\u00fcestions cient\u00edfiques? A priori podr\u00edem pensar que la recerca cient\u00edfica es justifica per si mateixa en termes d\u2019\u00e8tica. La ciencia \u00e9s aquella activitat que la nostra societat desenvolupa per adquirir coneixement, i la recerca de nou coneixement per si mateixa podria ser d\u2019entrada considerada com \u00e8ticament indiscutible. Les relacions entre coneixement i llibertat o coneixement i benestar han estat recordades a bastament. Per\u00f2, sobretot durant el segle XX, aquest plantejament ha estat fortament q\u00fcestionat des de diverses perspectives.\u201d<\/em><\/p>\n\n\n\n<p class=\"has-small-font-size\">Fragment del discurs<br><a href=\"http:\/\/cataleg.uab.cat\/record=b1743917~S1*cat\" target=\"_blank\" rel=\"noreferrer noopener\">Lluny de la torre d\u2019ivori <\/a><a href=\"https:\/\/cataleg.uab.cat\/iii\/encore\/record\/C__Rb1743917?lang=cat\" target=\"_blank\" rel=\"noreferrer noopener\">(si \u00e9s que mai ha existit)<\/a><\/p>\n<\/div><\/div>\n\n\n\n<p><strong>Pere Puigdom\u00e8nech Rosell <\/strong>(Barcelona, 1948) \u00e9s un cient\u00edfic amb formaci\u00f3 inicial en les ci\u00e8ncies f\u00edsiques que es va passar a la biologia, especialitzant-se en la biologia molecular de les plantes. Actualment \u00e9s professor d&#8217;investigaci\u00f3 del CSIC al <a href=\"https:\/\/www.cragenomica.es\/staff\/pere-puigdomenech\" target=\"_blank\" rel=\"noreferrer noopener\">Centre de Recerca en Agrigen\u00f2mica<\/a> (CRAG), i coordinador de diversos projectes de recerca, com per ejemple el del <a href=\"http:\/\/melonomics.cragenomica.es\/\" target=\"_blank\" rel=\"noreferrer noopener\">Projecte Melonomics<\/a> que va obtenir el genoma del mel\u00f3. Puigdom\u00e8nech tamb\u00e9s \u00e9s president de la <strong>Secci\u00f3 de Ci\u00e8ncies Biol\u00f2giques de l\u2019Institut d\u2019Estudis Catalans<\/strong> (IEC) i membre de la Reial Acad\u00e8mia de Ci\u00e8ncies i Arts de Barcelona (RACAB). I ha estat escollit membre de l&#8217;<a href=\"https:\/\/www.allea.org\/\" target=\"_blank\" rel=\"noreferrer noopener\">ALLEA<\/a> (All European Academies), la Federaci\u00f3 Europea d&#8217;Acad\u00e8mies de Ci\u00e8ncies i Humanitats.<\/p>\n\n\n\n<p>Ha estat guardonat amb la <strong>Medalla Narc\u00eds Monturiol<\/strong> de la Generalitat de Catalunya (1992) i amb el Premi de la Fundaci\u00f3 Catalana per a la Recerca (2000). A m\u00e9s, la seva vessant com a divulgador de la ci\u00e8ncia ha estat premiada amb el <a href=\"http:\/\/www.tendencias21.net\/El-biologo-Pere-Puigdomenech-Premio-COSCE-a-la-Difusion-de-la-Ciencia-2013_a19281.html\" target=\"_blank\" rel=\"noreferrer noopener\">Premi COSCE a la Difusi\u00f3 de la Ci\u00e8ncia 2013<\/a>.<\/p>\n\n\n\n<p><strong>M\u00e9s informaci\u00f3:<\/strong><\/p>\n\n\n\n<ul class=\"wp-block-list\">\n<li><a href=\"http:\/\/webs.uab.cat\/cienciaxllegir\/obra-divulgativa-de-pere-puigdomenech\">Obra divulgativa comentada<\/a><\/li>\n\n\n\n<li><a href=\"https:\/\/bibcercador.uab.cat\/discovery\/search?query=any,contains,Pere%20Puigdom%C3%A8nech%20Rosell&amp;tab=Everything&amp;search_scope=MyInst_and_CI&amp;vid=34CSUC_UAB:VU1&amp;facet=creator,include,Puigdom%C3%A8nech,%20Pere&amp;facet=rtype,include,books&amp;mode=basic&amp;offset=0\" target=\"_blank\" rel=\"noreferrer noopener\">Pere Puigdom\u00e8nech <\/a>al nostre cat\u00e0leg<\/li>\n\n\n\n<li><a href=\"https:\/\/bibcercador.uab.cat\/discovery\/search?query=any,contains,Pere%20Puigdom%C3%A8nech%20Rosell&amp;tab=DiscoveryNetwork&amp;search_scope=DiscoveryNetwork&amp;vid=34CSUC_UAB:VU1&amp;facet=creator,include,Puigdom%C3%A8nech,%20Pere&amp;facet=rtype,include,books&amp;offset=0\" target=\"_blank\" rel=\"noreferrer noopener\">Pere Puigdom\u00e8nech<\/a> al cat\u00e0leg col\u00b7lectiu (PUC)<\/li>\n<\/ul>\n\n\n\n<p class=\"has-blanc-coco-color has-text-color\">a<\/p>\n\n\n\n<ul class=\"wp-block-list\">\n<li><a href=\"http:\/\/ca.wikipedia.org\/wiki\/Pere_Puigdom%C3%A8nech_i_Rosell\" target=\"_blank\" rel=\"noreferrer noopener\">Biografia<\/a> (segons Viquip\u00e8dia)<\/li>\n\n\n\n<li><a href=\"https:\/\/www.elperiodico.com\/es\/autor\/pere-puigdomenech-1834\" target=\"_blank\" rel=\"noreferrer noopener\">Relaci\u00f3 d&#8217;articles publicats a El Peri\u00f3dico<\/a><\/li>\n<\/ul>\n","protected":false},"excerpt":{"rendered":"<p>\u201cPer qu\u00e8 cal&nbsp; una reflexi\u00f3 \u00e8tica sobre les q\u00fcestions cient\u00edfiques? A priori podr\u00edem pensar que la recerca cient\u00edfica es justifica per si mateixa en termes d\u2019\u00e8tica. La ciencia \u00e9s aquella activitat que la nostra societat desenvolupa per adquirir coneixement, i la recerca de nou coneixement per si mateixa podria ser d\u2019entrada considerada com \u00e8ticament indiscutible. [&hellip;]<\/p>\n","protected":false},"author":20,"featured_media":0,"parent":0,"menu_order":0,"comment_status":"closed","ping_status":"closed","template":"","meta":{"footnotes":""},"class_list":["post-348","page","type-page","status-publish","hentry"],"_links":{"self":[{"href":"https:\/\/webs.uab.cat\/cienciaxllegir\/wp-json\/wp\/v2\/pages\/348","targetHints":{"allow":["GET"]}}],"collection":[{"href":"https:\/\/webs.uab.cat\/cienciaxllegir\/wp-json\/wp\/v2\/pages"}],"about":[{"href":"https:\/\/webs.uab.cat\/cienciaxllegir\/wp-json\/wp\/v2\/types\/page"}],"author":[{"embeddable":true,"href":"https:\/\/webs.uab.cat\/cienciaxllegir\/wp-json\/wp\/v2\/users\/20"}],"replies":[{"embeddable":true,"href":"https:\/\/webs.uab.cat\/cienciaxllegir\/wp-json\/wp\/v2\/comments?post=348"}],"version-history":[{"count":5,"href":"https:\/\/webs.uab.cat\/cienciaxllegir\/wp-json\/wp\/v2\/pages\/348\/revisions"}],"predecessor-version":[{"id":2995,"href":"https:\/\/webs.uab.cat\/cienciaxllegir\/wp-json\/wp\/v2\/pages\/348\/revisions\/2995"}],"wp:attachment":[{"href":"https:\/\/webs.uab.cat\/cienciaxllegir\/wp-json\/wp\/v2\/media?parent=348"}],"curies":[{"name":"wp","href":"https:\/\/api.w.org\/{rel}","templated":true}]}}