{"id":362,"date":"2013-07-11T17:03:03","date_gmt":"2013-07-11T17:03:03","guid":{"rendered":"https:\/\/webs.uab.cat\/cienciaxllegir\/sergio-rossi\/"},"modified":"2024-07-01T18:03:54","modified_gmt":"2024-07-01T18:03:54","slug":"sergio-rossi","status":"publish","type":"page","link":"https:\/\/webs.uab.cat\/cienciaxllegir\/sergio-rossi\/","title":{"rendered":"Sergio Rossi"},"content":{"rendered":"\n<div class=\"wp-block-media-text alignwide is-stacked-on-mobile is-vertically-aligned-top has-blanc-coco-color has-verd-tropic-background-color has-text-color has-background\" style=\"grid-template-columns:20% auto\"><figure class=\"wp-block-media-text__media\"><img loading=\"lazy\" decoding=\"async\" width=\"250\" height=\"250\" src=\"https:\/\/webs.uab.cat\/cienciaxllegir\/wp-content\/uploads\/sites\/215\/2017\/04\/SergioRossi_fotoW.jpg\" alt=\"SergioRossi_fotoW\" class=\"wp-image-363 size-full\" srcset=\"https:\/\/webs.uab.cat\/cienciaxllegir\/wp-content\/uploads\/sites\/215\/2017\/04\/SergioRossi_fotoW.jpg 250w, https:\/\/webs.uab.cat\/cienciaxllegir\/wp-content\/uploads\/sites\/215\/2017\/04\/SergioRossi_fotoW-150x150.jpg 150w\" sizes=\"auto, (max-width: 250px) 100vw, 250px\" \/><\/figure><div class=\"wp-block-media-text__content\">\n<p class=\"has-small-font-size\"><em>\u201c\u00bfSe mueren los oc\u00e9anos? Es la pregunta que muchas personas se hacen cada vez con m\u00e1s insistencia. La respuesta es que en ning\u00fan caso se est\u00e1n muriendo, pero s\u00ed se est\u00e1n transformando. Profundamente. Los cambios introducidos por el hombre en todo el planeta afectan m\u00e1s a los ecosistemas marinos que a los terrestres. Pero en el mar hay un problema: no es f\u00e1cil ver qu\u00e9 pasa, porque no es nuestro medio.\u201d<\/em><\/p>\n\n\n\n<p class=\"has-small-font-size\">Fragment del pr\u00f2leg del llibre<br><a href=\"https:\/\/cataleg.uab.cat\/iii\/encore\/record\/C__Rb1854103?lang=cat\" target=\"_blank\" rel=\"noreferrer noopener\">El planeta azul<\/a><\/p>\n<\/div><\/div>\n\n\n\n<p><strong>Sergio Rossi Heras <\/strong>(Barcelona, 1969) doctor en ci\u00e8ncies biol\u00f2giques per la Universitat de Barcelona, \u00e9s des del 2007 investigador de l\u2019<a href=\"http:\/\/icta.uab.cat\/\" target=\"_blank\" rel=\"noreferrer noopener\">Institut de Ci\u00e8ncia i Tecnologia Ambientals<\/a> de la UAB, i ha treballat m\u00e9s de tretze anys a l\u2019<a href=\"http:\/\/www.icm.csic.es\/\" target=\"_blank\" rel=\"noreferrer noopener\">Institut de Ci\u00e8ncies del Mar \u2013 CSIC<\/a> de Barcelona. Especialitzat en biologia marina i conservaci\u00f3, ha participat en diverses expedicions cient\u00edfiques que l\u2019han portat a rec\u00f3rrer el m\u00f3n, la m\u00e9s recent a l\u2019Ant\u00e0rtida a bord del vaixell alemany Polarstern. Tamb\u00e9 ha col\u00b7laborat com a redactor i fot\u00f2graf en diversos mitjans de divulgaci\u00f3 cient\u00edfica. I \u00e9s coautor de la s\u00e8rie de llibres infantils sobre el medi ambient <a href=\"http:\/\/cbueg-mt.iii.com\/iii\/encore\/search\/C__SKrakatek%20rossi__Orightresult__U1?lang=cat&amp;suite=def\" target=\"_blank\" rel=\"noreferrer noopener\">El equipo Krakatek<\/a>.<\/p>\n\n\n\n<p><strong>M\u00e9s informaci\u00f3:<\/strong><\/p>\n\n\n\n<ul class=\"wp-block-list\">\n<li><a href=\"http:\/\/pagines.uab.cat\/cienciaxllegir\/content\/obra-divulgativa-de-sergio-rossi\">Obra divulgativ<\/a><a href=\"http:\/\/webs.uab.cat\/cienciaxllegir\/obra-divulgativa-de-sergio-rossi\">a<\/a><a href=\"https:\/\/webs.uab.cat\/cienciaxllegir\/obra-divulgativa-de-sergio-rossi\/\"> comentada<\/a><\/li>\n\n\n\n<li><a href=\"https:\/\/bibcercador.uab.cat\/discovery\/search?query=any,contains,sergio%20rossi&amp;tab=Everything&amp;search_scope=MyInst_and_CI&amp;vid=34CSUC_UAB:VU1&amp;facet=creator,include,Rossi,%20Sergio&amp;facet=rtype,include,books&amp;offset=0\">Sergio Rossi<\/a> al nostre cat\u00e0leg<\/li>\n\n\n\n<li><a href=\"https:\/\/bibcercador.uab.cat\/discovery\/search?query=any,contains,sergio%20rossi&amp;tab=DiscoveryNetwork&amp;search_scope=DiscoveryNetwork&amp;vid=34CSUC_UAB:VU1&amp;facet=creator,include,Rossi,%20Sergio&amp;facet=rtype,include,books&amp;offset=0\">Sergio Rossi<\/a> al cat\u00e0leg col\u00b7lectiu (PUC)<\/li>\n<\/ul>\n\n\n\n<p class=\"has-blanc-coco-color has-text-color\">a<\/p>\n\n\n\n<ul class=\"wp-block-list\">\n<li><a href=\"http:\/\/ictaweb.uab.cat\/personal_detail.php?id=18\" target=\"_blank\" rel=\"noreferrer noopener\">Biografia<\/a> (perfil a l&#8217;ICTA)<\/li>\n\n\n\n<li><a href=\"https:\/\/www.facebook.com\/sergio.rossiheras\" target=\"_blank\" rel=\"noreferrer noopener\">Perfil de Facebook<\/a><\/li>\n<\/ul>\n","protected":false},"excerpt":{"rendered":"<p>\u201c\u00bfSe mueren los oc\u00e9anos? Es la pregunta que muchas personas se hacen cada vez con m\u00e1s insistencia. La respuesta es que en ning\u00fan caso se est\u00e1n muriendo, pero s\u00ed se est\u00e1n transformando. Profundamente. Los cambios introducidos por el hombre en todo el planeta afectan m\u00e1s a los ecosistemas marinos que a los terrestres. Pero en [&hellip;]<\/p>\n","protected":false},"author":20,"featured_media":0,"parent":0,"menu_order":0,"comment_status":"closed","ping_status":"closed","template":"","meta":{"footnotes":""},"class_list":["post-362","page","type-page","status-publish","hentry"],"_links":{"self":[{"href":"https:\/\/webs.uab.cat\/cienciaxllegir\/wp-json\/wp\/v2\/pages\/362","targetHints":{"allow":["GET"]}}],"collection":[{"href":"https:\/\/webs.uab.cat\/cienciaxllegir\/wp-json\/wp\/v2\/pages"}],"about":[{"href":"https:\/\/webs.uab.cat\/cienciaxllegir\/wp-json\/wp\/v2\/types\/page"}],"author":[{"embeddable":true,"href":"https:\/\/webs.uab.cat\/cienciaxllegir\/wp-json\/wp\/v2\/users\/20"}],"replies":[{"embeddable":true,"href":"https:\/\/webs.uab.cat\/cienciaxllegir\/wp-json\/wp\/v2\/comments?post=362"}],"version-history":[{"count":4,"href":"https:\/\/webs.uab.cat\/cienciaxllegir\/wp-json\/wp\/v2\/pages\/362\/revisions"}],"predecessor-version":[{"id":3876,"href":"https:\/\/webs.uab.cat\/cienciaxllegir\/wp-json\/wp\/v2\/pages\/362\/revisions\/3876"}],"wp:attachment":[{"href":"https:\/\/webs.uab.cat\/cienciaxllegir\/wp-json\/wp\/v2\/media?parent=362"}],"curies":[{"name":"wp","href":"https:\/\/api.w.org\/{rel}","templated":true}]}}