{"id":3625,"date":"2023-12-05T18:28:46","date_gmt":"2023-12-05T18:28:46","guid":{"rendered":"https:\/\/webs.uab.cat\/cienciaxllegir\/?page_id=3625"},"modified":"2023-12-11T16:14:46","modified_gmt":"2023-12-11T16:14:46","slug":"assumpcio-forcada","status":"publish","type":"page","link":"https:\/\/webs.uab.cat\/cienciaxllegir\/assumpcio-forcada\/","title":{"rendered":"Assumpci\u00f3 Forcada"},"content":{"rendered":"\n<div class=\"wp-block-media-text alignwide is-stacked-on-mobile has-background\" style=\"background:linear-gradient(83deg,rgb(202,248,128) 0%,rgb(113,206,126) 100%);grid-template-columns:21% auto\"><figure class=\"wp-block-media-text__media\"><img loading=\"lazy\" decoding=\"async\" width=\"250\" height=\"250\" src=\"https:\/\/webs.uab.cat\/cienciaxllegir\/wp-content\/uploads\/sites\/215\/2023\/12\/AFfoto-perfil.jpg\" alt=\"\" class=\"wp-image-3626 size-full\" srcset=\"https:\/\/webs.uab.cat\/cienciaxllegir\/wp-content\/uploads\/sites\/215\/2023\/12\/AFfoto-perfil.jpg 250w, https:\/\/webs.uab.cat\/cienciaxllegir\/wp-content\/uploads\/sites\/215\/2023\/12\/AFfoto-perfil-150x150.jpg 150w\" sizes=\"auto, (max-width: 250px) 100vw, 250px\" \/><\/figure><div class=\"wp-block-media-text__content\">\n<p><em>\u00abLa poesia ha d\u2019arribar al lector, per\u00f2 no arribar\u00e0 a tothom de la mateixa manera, perqu\u00e8 sortosament les persones no som cl\u00f2nics. Cada persona t\u00e9 la seva sensibilitat. El mateix poema arriba amb diferents graus de sensibilitat. Fins i tot la manera de rebre el poema dependr\u00e0 de quin dia el llegeix, del seu estat d\u2019\u00e0nim\u2026, i probablement si en fa successives lectures, hi trobar\u00e0 m\u00e9s coses.\u00bb<\/em><\/p>\n\n\n\n<p>Fragment d&#8217;una entrevista publicada a <strong><a href=\"http:\/\/www.poesia.cat\/tus_poemas\/biografias.php?IDregistre=Forcada,%20Assumpci%F3\" target=\"_blank\" rel=\"noreferrer noopener\">Poesia.cat<\/a><\/strong><\/p>\n<\/div><\/div>\n\n\n<p><strong>Assumpci\u00f3 Forcada Florensa <\/strong>(Sudanell, Segri\u00e0, 1947) \u00e9s bi\u00f2loga, poetessa i cantautora.<br \/>Ha estat professora de Biologia i Ci\u00e8ncies Naturals a instituts de batxillerat. I, en l&#8217;actualitat, es dedica a la poesia i a fer-ne recitals po\u00e8tics amb la, tamb\u00e9 cantautora i poeta, Fina Rodr\u00edguez Palau.<br \/>Ha publicat un gran nombre de poemaris, alguns sobre temes cient\u00edfics diversos, com ara: <em>Fotos\u00edntesi, Cosmos, Immunitats, Qu\u00edmica i F\u00edsica<\/em>, o <em>Cient\u00edficas<\/em>.<\/p>\n<p><strong>M\u00e9s informaci\u00f3:<\/strong><\/p>\n<ul>\n<li><a href=\"https:\/\/webs.uab.cat\/cienciaxllegir\/obra-divulgativa-dassumpcio-forcada\/\" target=\"_blank\" rel=\"noopener\">Obra divulgativa comentada<\/a><\/li>\n<li><a href=\"https:\/\/bibcercador.uab.cat\/discovery\/search?query=any,contains,assumpci%C3%B3%20forcada&amp;tab=Everything&amp;search_scope=MyInst_and_CI&amp;vid=34CSUC_UAB:VU1&amp;facet=creator,include,Forcada,%20Assumpci%C3%B3&amp;facet=tlevel,include,available_p&amp;mode=basic&amp;offset=0\" target=\"_blank\" rel=\"noopener\">Assumpci\u00f3 Forcada<\/a>\u00a0al nostre cat\u00e0leg<\/li>\n<li><a href=\"https:\/\/bibcercador.uab.cat\/discovery\/search?query=any,contains,assumpci%C3%B3%20forcada&amp;tab=DiscoveryNetwork&amp;search_scope=DiscoveryNetwork&amp;sortby=date_d&amp;vid=34CSUC_UAB:VU1&amp;facet=creator,include,Forcada,%20Assumpci%C3%B3&amp;offset=0&amp;came_from=sort\" target=\"_blank\" rel=\"noopener\">Assumpci\u00f3 Forcada<\/a>\u00a0al cat\u00e0leg col\u00b7lectiu (PUC)<\/li>\n<\/ul>\n<p class=\"has-blanc-coco-color has-text-color\">a<\/p>\n<ul>\n<li><a href=\"https:\/\/www.youtube.com\/watch?v=SWj10sZUafY\" target=\"_blank\" rel=\"noopener\">Recital po\u00e8tic &#8220;Les flors que parlen&#8221;<\/a> (novembre de 2023)<\/li>\n<\/ul>","protected":false},"excerpt":{"rendered":"<p>\u00abLa poesia ha d\u2019arribar al lector, per\u00f2 no arribar\u00e0 a tothom de la mateixa manera, perqu\u00e8 sortosament les persones no som cl\u00f2nics. Cada persona t\u00e9 la seva sensibilitat. El mateix poema arriba amb diferents graus de sensibilitat. Fins i tot la manera de rebre el poema dependr\u00e0 de quin dia el llegeix, del seu estat [&hellip;]<\/p>\n","protected":false},"author":131,"featured_media":0,"parent":0,"menu_order":0,"comment_status":"closed","ping_status":"closed","template":"","meta":{"footnotes":""},"class_list":["post-3625","page","type-page","status-publish","hentry"],"_links":{"self":[{"href":"https:\/\/webs.uab.cat\/cienciaxllegir\/wp-json\/wp\/v2\/pages\/3625","targetHints":{"allow":["GET"]}}],"collection":[{"href":"https:\/\/webs.uab.cat\/cienciaxllegir\/wp-json\/wp\/v2\/pages"}],"about":[{"href":"https:\/\/webs.uab.cat\/cienciaxllegir\/wp-json\/wp\/v2\/types\/page"}],"author":[{"embeddable":true,"href":"https:\/\/webs.uab.cat\/cienciaxllegir\/wp-json\/wp\/v2\/users\/131"}],"replies":[{"embeddable":true,"href":"https:\/\/webs.uab.cat\/cienciaxllegir\/wp-json\/wp\/v2\/comments?post=3625"}],"version-history":[{"count":3,"href":"https:\/\/webs.uab.cat\/cienciaxllegir\/wp-json\/wp\/v2\/pages\/3625\/revisions"}],"predecessor-version":[{"id":3647,"href":"https:\/\/webs.uab.cat\/cienciaxllegir\/wp-json\/wp\/v2\/pages\/3625\/revisions\/3647"}],"wp:attachment":[{"href":"https:\/\/webs.uab.cat\/cienciaxllegir\/wp-json\/wp\/v2\/media?parent=3625"}],"curies":[{"name":"wp","href":"https:\/\/api.w.org\/{rel}","templated":true}]}}