{"id":3702,"date":"2024-01-31T15:41:02","date_gmt":"2024-01-31T15:41:02","guid":{"rendered":"https:\/\/webs.uab.cat\/cienciaxllegir\/?page_id=3702"},"modified":"2024-07-04T15:59:15","modified_gmt":"2024-07-04T15:59:15","slug":"scikus-amb-perspectiva","status":"publish","type":"page","link":"https:\/\/webs.uab.cat\/cienciaxllegir\/scikus-amb-perspectiva\/","title":{"rendered":"Scikus amb perspectiva"},"content":{"rendered":"<p><img loading=\"lazy\" decoding=\"async\" class=\"alignleft wp-image-3714\" src=\"https:\/\/webs.uab.cat\/cienciaxllegir\/wp-content\/uploads\/sites\/215\/2024\/01\/13-02-cartell-169x300.jpg\" alt=\"\" width=\"315\" height=\"560\" srcset=\"https:\/\/webs.uab.cat\/cienciaxllegir\/wp-content\/uploads\/sites\/215\/2024\/01\/13-02-cartell-169x300.jpg 169w, https:\/\/webs.uab.cat\/cienciaxllegir\/wp-content\/uploads\/sites\/215\/2024\/01\/13-02-cartell.jpg 506w\" sizes=\"auto, (max-width: 315px) 100vw, 315px\" \/>La Biblioteca de Ci\u00e8ncia i Tecnologia de la UAB organitza un acte sobre e<strong>l paper de l&#8217;sciku amb perspectiva de g\u00e8nere com a forma de coneixement i de difusi\u00f3 de la dona de ci\u00e8ncia<\/strong>, en el marc de les activitats relacionades amb la diada de l&#8217;#11F de la nostra universitat, i com a complement a l\u2019exposici\u00f3<em><strong> \u201cLes cient\u00edfiques i enginyeres que vindran\u201d.<\/strong><\/em><\/p>\n<p>Aprofitant que l\u2019<a href=\"https:\/\/www.accc.cat\/\" target=\"_blank\" rel=\"noopener\"><strong>Associaci\u00f3 Catalana de Comunicaci\u00f3 Cient\u00edfica<\/strong><\/a> (ACCC) convoca anualment el concurs <a href=\"https:\/\/twitter.com\/ACCC_\/status\/1725119287164043545\" target=\"_blank\" rel=\"noopener\"><strong>\u201cScikus amb perspectiva\u201d<\/strong><\/a> i que la convocat\u00f2ria per l\u2019any 2024 s\u2019obre al febrer, hem cregut interessant col\u00b7laborar plegats per difondre el concurs per\u00f2, sobretot, debatre com aquesta iniciativa difon el paper de les cient\u00edfiques i les acosta a la societat.<\/p>\n<p><img loading=\"lazy\" decoding=\"async\" class=\"alignright wp-image-3716\" src=\"https:\/\/webs.uab.cat\/cienciaxllegir\/wp-content\/uploads\/sites\/215\/2024\/01\/13-02-sciku-123x300.jpg\" alt=\"\" width=\"313\" height=\"760\" srcset=\"https:\/\/webs.uab.cat\/cienciaxllegir\/wp-content\/uploads\/sites\/215\/2024\/01\/13-02-sciku-123x300.jpg 123w, https:\/\/webs.uab.cat\/cienciaxllegir\/wp-content\/uploads\/sites\/215\/2024\/01\/13-02-sciku-421x1024.jpg 421w, https:\/\/webs.uab.cat\/cienciaxllegir\/wp-content\/uploads\/sites\/215\/2024\/01\/13-02-sciku.jpg 506w\" sizes=\"auto, (max-width: 313px) 100vw, 313px\" \/>Aix\u00ed, <strong>el dimarts 13 de febrer, a les 13h<\/strong>, ens reunirem a l\u2019Espai BCT amb autores i autors d\u2019scikus que hi han contribu\u00eft. Hi participaran:<\/p>\n<ul>\n<li><strong>Gemma Rius<\/strong> (<a href=\"https:\/\/www.imb-cnm.csic.es\/es\" target=\"_blank\" rel=\"noopener\">Institut de Microelectr\u00f2nica de Barcelona (IMB-CNM-CSIC)<\/a>, i membre de l\u2019ACCC que organitza la celebraci\u00f3 del concurs)<\/li>\n<li><strong>Anna Fosch<\/strong> (Doctora en Ci\u00e8ncies de la Salut, i guanyadora del 2on premi de l\u2019edici\u00f3 de 2023)<\/li>\n<li><strong>Laura Morr\u00f3n<\/strong> (editora de <a href=\"https:\/\/www.nextdoorpublishers.com\/\" target=\"_blank\" rel=\"noopener\">Next Door Publishers<\/a>, i autora del llibre de scikus: <em><strong><a href=\"https:\/\/bibcercador.uab.cat\/permalink\/34CSUC_UAB\/1eqfv2p\/alma991000806029706709\">A hombros de Gigantas<\/a><\/strong><\/em>)<\/li>\n<li><strong>Xavier Lasauca<\/strong> (Responsable de Gesti\u00f3 del Coneixement i Sistemes d\u2019Informaci\u00f3 en R+D a la <a href=\"https:\/\/web.gencat.cat\/ca\/adreces-i-telefons\/detall\/index.html?codInf=139\" target=\"_blank\" rel=\"noopener\">Direcci\u00f3 General de Recerca<\/a> -Departament de Recerca i Universitats de la Generalitat de Catalunya-, i guanyador del 1er i 2on premis del concurs de scikus celebrat el 2022)<\/li>\n<li><strong>Jos\u00e9 Antonio Bustelo<\/strong> (Director de l\u2019<a href=\"https:\/\/www.escuelalcc.org\/\" target=\"_blank\" rel=\"noopener\">Escuela de Literatura Cient\u00edfica Creativa<\/a>, i guanyador del 1er premi de l\u2019edici\u00f3 de 2023)<\/li>\n<li><strong>Jordi Mas L\u00f3pez<\/strong> (Professor de llengua i literatura japoneses del <a href=\"https:\/\/www.uab.cat\/ca\/traduccio-interpretacio-estudis-asia-oriental\" target=\"_blank\" rel=\"noopener\">Departament de Traducci\u00f3 i d\u2019Interpretaci\u00f3 i d\u2019Estudis de l\u2019\u00c0sia Oriental<\/a> de la UAB, i membre del jurat de l\u2019edici\u00f3 de 2023)<\/li>\n<li><strong>Montserrat Monge<\/strong> (Bibliotec\u00e0ria de la BCT, i moderadora de l&#8217;acte)<\/li>\n<\/ul>\n<p><img loading=\"lazy\" decoding=\"async\" class=\"alignnone wp-image-3703\" src=\"https:\/\/webs.uab.cat\/cienciaxllegir\/wp-content\/uploads\/sites\/215\/2024\/01\/13-02-gemma-300x298.jpg\" alt=\"\" width=\"225\" height=\"223\" srcset=\"https:\/\/webs.uab.cat\/cienciaxllegir\/wp-content\/uploads\/sites\/215\/2024\/01\/13-02-gemma-300x298.jpg 300w, https:\/\/webs.uab.cat\/cienciaxllegir\/wp-content\/uploads\/sites\/215\/2024\/01\/13-02-gemma-150x150.jpg 150w, https:\/\/webs.uab.cat\/cienciaxllegir\/wp-content\/uploads\/sites\/215\/2024\/01\/13-02-gemma.jpg 367w\" sizes=\"auto, (max-width: 225px) 100vw, 225px\" \/><img loading=\"lazy\" decoding=\"async\" class=\"alignnone wp-image-3704\" src=\"https:\/\/webs.uab.cat\/cienciaxllegir\/wp-content\/uploads\/sites\/215\/2024\/01\/13-02-fosch-300x298.jpg\" alt=\"\" width=\"225\" height=\"223\" srcset=\"https:\/\/webs.uab.cat\/cienciaxllegir\/wp-content\/uploads\/sites\/215\/2024\/01\/13-02-fosch-300x298.jpg 300w, https:\/\/webs.uab.cat\/cienciaxllegir\/wp-content\/uploads\/sites\/215\/2024\/01\/13-02-fosch-150x150.jpg 150w, https:\/\/webs.uab.cat\/cienciaxllegir\/wp-content\/uploads\/sites\/215\/2024\/01\/13-02-fosch.jpg 367w\" sizes=\"auto, (max-width: 225px) 100vw, 225px\" \/><img loading=\"lazy\" decoding=\"async\" class=\"alignnone wp-image-3705\" src=\"https:\/\/webs.uab.cat\/cienciaxllegir\/wp-content\/uploads\/sites\/215\/2024\/01\/13-02-laura-300x298.jpg\" alt=\"\" width=\"225\" height=\"223\" srcset=\"https:\/\/webs.uab.cat\/cienciaxllegir\/wp-content\/uploads\/sites\/215\/2024\/01\/13-02-laura-300x298.jpg 300w, https:\/\/webs.uab.cat\/cienciaxllegir\/wp-content\/uploads\/sites\/215\/2024\/01\/13-02-laura-150x150.jpg 150w, https:\/\/webs.uab.cat\/cienciaxllegir\/wp-content\/uploads\/sites\/215\/2024\/01\/13-02-laura.jpg 367w\" sizes=\"auto, (max-width: 225px) 100vw, 225px\" \/><\/p>\n<p><img loading=\"lazy\" decoding=\"async\" class=\"alignnone wp-image-3706\" src=\"https:\/\/webs.uab.cat\/cienciaxllegir\/wp-content\/uploads\/sites\/215\/2024\/01\/13-02-lasauca-300x298.jpg\" alt=\"\" width=\"225\" height=\"223\" srcset=\"https:\/\/webs.uab.cat\/cienciaxllegir\/wp-content\/uploads\/sites\/215\/2024\/01\/13-02-lasauca-300x298.jpg 300w, https:\/\/webs.uab.cat\/cienciaxllegir\/wp-content\/uploads\/sites\/215\/2024\/01\/13-02-lasauca-150x150.jpg 150w, https:\/\/webs.uab.cat\/cienciaxllegir\/wp-content\/uploads\/sites\/215\/2024\/01\/13-02-lasauca.jpg 367w\" sizes=\"auto, (max-width: 225px) 100vw, 225px\" \/><img loading=\"lazy\" decoding=\"async\" class=\"alignnone wp-image-3707\" src=\"https:\/\/webs.uab.cat\/cienciaxllegir\/wp-content\/uploads\/sites\/215\/2024\/01\/13-02-bustelo-300x298.jpg\" alt=\"\" width=\"225\" height=\"223\" srcset=\"https:\/\/webs.uab.cat\/cienciaxllegir\/wp-content\/uploads\/sites\/215\/2024\/01\/13-02-bustelo-300x298.jpg 300w, https:\/\/webs.uab.cat\/cienciaxllegir\/wp-content\/uploads\/sites\/215\/2024\/01\/13-02-bustelo-150x150.jpg 150w, https:\/\/webs.uab.cat\/cienciaxllegir\/wp-content\/uploads\/sites\/215\/2024\/01\/13-02-bustelo.jpg 367w\" sizes=\"auto, (max-width: 225px) 100vw, 225px\" \/><img loading=\"lazy\" decoding=\"async\" class=\"alignnone wp-image-3708\" src=\"https:\/\/webs.uab.cat\/cienciaxllegir\/wp-content\/uploads\/sites\/215\/2024\/01\/13-02-jordi-300x298.jpg\" alt=\"\" width=\"225\" height=\"223\" srcset=\"https:\/\/webs.uab.cat\/cienciaxllegir\/wp-content\/uploads\/sites\/215\/2024\/01\/13-02-jordi-300x298.jpg 300w, https:\/\/webs.uab.cat\/cienciaxllegir\/wp-content\/uploads\/sites\/215\/2024\/01\/13-02-jordi-150x150.jpg 150w, https:\/\/webs.uab.cat\/cienciaxllegir\/wp-content\/uploads\/sites\/215\/2024\/01\/13-02-jordi.jpg 367w\" sizes=\"auto, (max-width: 225px) 100vw, 225px\" \/><\/p>\n<p>L\u2019estructura de l\u2019acte ser\u00e0 en forma de debat\/conversa entre les persones assistents, amb la promoci\u00f3 de la nova edici\u00f3 del concurs <strong>\u201cScikus amb perspectiva\u201d<\/strong> de l\u2019ACCC i la lectura de scikus per part de les autores i autors.<\/p>\n<p>I per promoure l\u2019assist\u00e8ncia de p\u00fablic, es sortejar\u00e0 entre totes les persones que vinguin <a href=\"https:\/\/www.nextdoorpublishers.com\/libros\/a-hombros-de-gigantas\/\" target=\"_blank\" rel=\"noopener\">un pack -#Gigantas<\/a> que inclou el poemari de la Laura Morr\u00f3n i una bossa.<\/p>\n<p><a href=\"https:\/\/ddd.uab.cat\/record\/289029\" target=\"_blank\" rel=\"noopener\"><strong>Fotografies de l&#8217;acte<\/strong><\/a><\/p>\n<p><a href=\"https:\/\/www.youtube.com\/watch?v=9aPe74n8suo\" target=\"_blank\" rel=\"noopener\"><strong>V\u00eddeo de l&#8217;acte<\/strong><\/a><\/p>\n","protected":false},"excerpt":{"rendered":"<p>La Biblioteca de Ci\u00e8ncia i Tecnologia de la UAB organitza un acte sobre el paper de l&#8217;sciku amb perspectiva de g\u00e8nere com a forma de coneixement i de difusi\u00f3 de la dona de ci\u00e8ncia, en el marc de les activitats relacionades amb la diada de l&#8217;#11F de la nostra universitat, i com a complement a [&hellip;]<\/p>\n","protected":false},"author":131,"featured_media":0,"parent":0,"menu_order":0,"comment_status":"closed","ping_status":"closed","template":"","meta":{"footnotes":""},"class_list":["post-3702","page","type-page","status-publish","hentry"],"_links":{"self":[{"href":"https:\/\/webs.uab.cat\/cienciaxllegir\/wp-json\/wp\/v2\/pages\/3702","targetHints":{"allow":["GET"]}}],"collection":[{"href":"https:\/\/webs.uab.cat\/cienciaxllegir\/wp-json\/wp\/v2\/pages"}],"about":[{"href":"https:\/\/webs.uab.cat\/cienciaxllegir\/wp-json\/wp\/v2\/types\/page"}],"author":[{"embeddable":true,"href":"https:\/\/webs.uab.cat\/cienciaxllegir\/wp-json\/wp\/v2\/users\/131"}],"replies":[{"embeddable":true,"href":"https:\/\/webs.uab.cat\/cienciaxllegir\/wp-json\/wp\/v2\/comments?post=3702"}],"version-history":[{"count":14,"href":"https:\/\/webs.uab.cat\/cienciaxllegir\/wp-json\/wp\/v2\/pages\/3702\/revisions"}],"predecessor-version":[{"id":3886,"href":"https:\/\/webs.uab.cat\/cienciaxllegir\/wp-json\/wp\/v2\/pages\/3702\/revisions\/3886"}],"wp:attachment":[{"href":"https:\/\/webs.uab.cat\/cienciaxllegir\/wp-json\/wp\/v2\/media?parent=3702"}],"curies":[{"name":"wp","href":"https:\/\/api.w.org\/{rel}","templated":true}]}}