{"id":3984,"date":"2025-06-25T15:10:16","date_gmt":"2025-06-25T15:10:16","guid":{"rendered":"https:\/\/webs.uab.cat\/cienciaxllegir\/?page_id=3984"},"modified":"2025-06-25T15:30:36","modified_gmt":"2025-06-25T15:30:36","slug":"antoni-lloret","status":"publish","type":"page","link":"https:\/\/webs.uab.cat\/cienciaxllegir\/antoni-lloret\/","title":{"rendered":"Antoni Lloret"},"content":{"rendered":"\n<div class=\"wp-block-media-text alignwide is-stacked-on-mobile has-background\" style=\"background:linear-gradient(135deg,rgb(122,220,180) 0%,rgb(1,140,27) 100%);grid-template-columns:25% auto\"><figure class=\"wp-block-media-text__media\"><img loading=\"lazy\" decoding=\"async\" width=\"250\" height=\"250\" src=\"https:\/\/webs.uab.cat\/cienciaxllegir\/wp-content\/uploads\/sites\/215\/2025\/06\/00alloret-foto.jpg\" alt=\"\" class=\"wp-image-3985 size-full\" srcset=\"https:\/\/webs.uab.cat\/cienciaxllegir\/wp-content\/uploads\/sites\/215\/2025\/06\/00alloret-foto.jpg 250w, https:\/\/webs.uab.cat\/cienciaxllegir\/wp-content\/uploads\/sites\/215\/2025\/06\/00alloret-foto-150x150.jpg 150w\" sizes=\"auto, (max-width: 250px) 100vw, 250px\" \/><\/figure><div class=\"wp-block-media-text__content\">\n<p>\u00abNo crec que cap investigador pretengui haver assolit la comprensi\u00f3 total dels diferents problemes que se li han presentat en el decurs d&#8217;una carrera amb alguns resultats brillants i altres de menys import\u00e0ncia. La recerca experimental t\u00e9 la seva metodologia i sobretot el seu context. Ambd\u00f3s han d\u2019estar acompanyats per una m\u00e0xima llibertat sense la qual la recerca \u00e9s impossible. He tingut la gran sort de poder disposar d\u2019aquesta llibertat per poder-me dedicar a altres activitats. Una d&#8217;aquestes ha estat, efectivament, la terminologia cient\u00edfica en franc\u00e8s, castell\u00e0 i catal\u00e0, sempre inacabada perqu\u00e8 en la recerca apareixen cont\u00ednuament nous conceptes.\u00bb<\/p>\n\n\n\n<p>Fragment de l&#8217;entrevista publicada a <strong><a href=\"https:\/\/raco.cat\/index.php\/Terminalia\/article\/view\/85672\/368261\" target=\"_blank\" rel=\"noreferrer noopener\">la revista Termin\u00e0lia<\/a><\/strong> el 2014.<\/p>\n<\/div><\/div>\n\n\n<p><strong>Antoni Lloret i Orriols <\/strong>(Barcelona, 1935) \u00e9s f\u00edsic i escriptor.\u00a0 Estudi\u00e0 al Liceu franc\u00e8s i es doctor\u00e0 en Ci\u00e8ncies F\u00edsiques a la Facultat de Ci\u00e8ncies de la Universitat de Barcelona el 1963 i a la Universitat de Paris, La Sorbonne, el 1964.<\/p>\n<p>Ha treballat a la recerca cient\u00edfica en tres grans camps: l<span style=\"letter-spacing: 0.05rem\">a recerca experimental en el camp de la f\u00edsica d&#8217;altes energies, la f\u00edsica del s\u00f2lid i la creaci\u00f3 d&#8217;energia fotovoltaica.<\/span><\/p>\n<p>I ha publicat diversos llibres en llengua catalana, entre els quals destaquen el <strong>Diccionari de l&#8217;\u00e0tom<\/strong> (1976) i el <a href=\"https:\/\/bibcercador.uab.cat\/permalink\/34CSUC_UAB\/9t830t\/alma991000848519706709\" target=\"_blank\" rel=\"noopener\"><strong>Diccionari de la ci\u00e8ncia i la tecnologia nuclears<\/strong><\/a> (1979), que han suposat un aven\u00e7 important\u00edssim en la normalitzaci\u00f3 de la nostra llengua.<\/p>\n<p>La Universitat Aut\u00f2noma de Barcelona \u00e9s diposit\u00e0ria del <a href=\"https:\/\/www.uab.cat\/ca\/biblioteques\/antoni-lloret\" target=\"_blank\" rel=\"noopener\"><strong>Fons personal d&#8217;Antoni Lloret i Orriols<\/strong><\/a> amb documentaci\u00f3 datada entre 1968 i 1970 que aporta informaci\u00f3 molt rellevant per analitzar la primera etapa d&#8217;Espanya al CERN.<\/p>\n<p><strong>M\u00e9s informaci\u00f3:<\/strong><\/p>\n<ul class=\"wp-block-list\">\n<li><a href=\"https:\/\/webs.uab.cat\/cienciaxllegir\/obra-divulgativa-dantoni-lloret\/\">Obra divulgativa comentada<\/a><\/li>\n<li><a href=\"https:\/\/bibcercador.uab.cat\/discovery\/search?query=any,contains,antoni%20lloret%20orriols&amp;tab=Everything&amp;search_scope=MyInst_and_CI&amp;vid=34CSUC_UAB:VU1&amp;facet=creator,include,Lloret%20i%20Orriols,%20Antoni&amp;facet=tlevel,include,available_p&amp;lang=ca&amp;offset=0\" target=\"_blank\" rel=\"noreferrer noopener\">Antoni Lloret<\/a>\u00a0al nostre cat\u00e0leg<\/li>\n<li><a href=\"https:\/\/bibcercador.uab.cat\/discovery\/search?query=creator,equals,Lloret%20i%20Orriols,%20Antoni,AND&amp;tab=RAPIDO&amp;search_scope=Network_CDI_Rapido&amp;sortby=rank&amp;vid=34CSUC_UAB:VU1&amp;facet=tlevel,include,available_p&amp;mode=advanced&amp;offset=0&amp;came_from=pagination_2_1\" target=\"_blank\" rel=\"noreferrer noopener\">Antoni Lloret<\/a>\u00a0al cat\u00e0leg col\u00b7lectiu (PUC)<\/li>\n<\/ul>\n<p class=\"has-blanc-coco-color has-text-color\">a<\/p>\n<ul class=\"wp-block-list\">\n<li><strong><a href=\"https:\/\/www.uab.cat\/ca\/biblioteques\/antoni-lloret\" target=\"_blank\" rel=\"noreferrer noopener\">Fons personal Antoni Lloret i Orriols<\/a><\/strong><\/li>\n<li><a href=\"https:\/\/ca.wikipedia.org\/wiki\/Antoni_Lloret_i_Orriols\" target=\"_blank\" rel=\"noreferrer noopener\">Biografia<\/a>\u00a0(segons Viquip\u00e8dia)<\/li>\n<\/ul>","protected":false},"excerpt":{"rendered":"<p>\u00abNo crec que cap investigador pretengui haver assolit la comprensi\u00f3 total dels diferents problemes que se li han presentat en el decurs d&#8217;una carrera amb alguns resultats brillants i altres de menys import\u00e0ncia. La recerca experimental t\u00e9 la seva metodologia i sobretot el seu context. Ambd\u00f3s han d\u2019estar acompanyats per una m\u00e0xima llibertat sense la [&hellip;]<\/p>\n","protected":false},"author":131,"featured_media":0,"parent":0,"menu_order":0,"comment_status":"closed","ping_status":"closed","template":"","meta":{"footnotes":""},"class_list":["post-3984","page","type-page","status-publish","hentry"],"_links":{"self":[{"href":"https:\/\/webs.uab.cat\/cienciaxllegir\/wp-json\/wp\/v2\/pages\/3984","targetHints":{"allow":["GET"]}}],"collection":[{"href":"https:\/\/webs.uab.cat\/cienciaxllegir\/wp-json\/wp\/v2\/pages"}],"about":[{"href":"https:\/\/webs.uab.cat\/cienciaxllegir\/wp-json\/wp\/v2\/types\/page"}],"author":[{"embeddable":true,"href":"https:\/\/webs.uab.cat\/cienciaxllegir\/wp-json\/wp\/v2\/users\/131"}],"replies":[{"embeddable":true,"href":"https:\/\/webs.uab.cat\/cienciaxllegir\/wp-json\/wp\/v2\/comments?post=3984"}],"version-history":[{"count":3,"href":"https:\/\/webs.uab.cat\/cienciaxllegir\/wp-json\/wp\/v2\/pages\/3984\/revisions"}],"predecessor-version":[{"id":3988,"href":"https:\/\/webs.uab.cat\/cienciaxllegir\/wp-json\/wp\/v2\/pages\/3984\/revisions\/3988"}],"wp:attachment":[{"href":"https:\/\/webs.uab.cat\/cienciaxllegir\/wp-json\/wp\/v2\/media?parent=3984"}],"curies":[{"name":"wp","href":"https:\/\/api.w.org\/{rel}","templated":true}]}}