{"id":4006,"date":"2025-06-25T17:12:28","date_gmt":"2025-06-25T17:12:28","guid":{"rendered":"https:\/\/webs.uab.cat\/cienciaxllegir\/?page_id=4006"},"modified":"2025-06-25T17:13:47","modified_gmt":"2025-06-25T17:13:47","slug":"joan-anton-catala","status":"publish","type":"page","link":"https:\/\/webs.uab.cat\/cienciaxllegir\/joan-anton-catala\/","title":{"rendered":"Joan Anton Catal\u00e0"},"content":{"rendered":"\n<div class=\"wp-block-media-text alignwide is-stacked-on-mobile has-light-green-cyan-to-vivid-green-cyan-gradient-background has-background\" style=\"grid-template-columns:25% auto\"><figure class=\"wp-block-media-text__media\"><img loading=\"lazy\" decoding=\"async\" width=\"250\" height=\"250\" src=\"https:\/\/webs.uab.cat\/cienciaxllegir\/wp-content\/uploads\/sites\/215\/2025\/06\/00jacatala-foto.jpg\" alt=\"\" class=\"wp-image-4007 size-full\" srcset=\"https:\/\/webs.uab.cat\/cienciaxllegir\/wp-content\/uploads\/sites\/215\/2025\/06\/00jacatala-foto.jpg 250w, https:\/\/webs.uab.cat\/cienciaxllegir\/wp-content\/uploads\/sites\/215\/2025\/06\/00jacatala-foto-150x150.jpg 150w\" sizes=\"auto, (max-width: 250px) 100vw, 250px\" \/><\/figure><div class=\"wp-block-media-text__content\">\n<p>\u00abCrec que l&#8217;univers \u00e9s tan gran que la vida ha d&#8217;existir en molts altres indrets. Encara m\u00e9s, tinc tend\u00e8ncia a pensar que potser la vida n&#8217;\u00e9s una conseq\u00fc\u00e8ncia quasi obligada. \u00c9s a dir, que donades unes m\u00ednimes condicions (que, per cert, no han de ser ni tan sols semblants a les que tenim a la Terra) i un lapse de temps suficient, l&#8217;aparici\u00f3 de la vida podria ser la norma. A cada rac\u00f3 del nostre planeta, a cada gota d&#8217;aigua provingui d&#8217;on provingui, la vida hi \u00e9s present i de manera exuberant. Per\u00f2, de tant en tant, no puc evitar titubejar.\u00bb<\/p>\n\n\n\n<p>Fragment del pr\u00f2leg del seu llibre <strong><a href=\"https:\/\/bibcercador.uab.cat\/permalink\/34CSUC_UAB\/1eqfv2p\/alma991011118364806709\" target=\"_blank\" rel=\"noreferrer noopener\">Hi ha alg\u00fa, all\u00e0 fora?<\/a><\/strong> (2025)<\/p>\n<\/div><\/div>\n\n\n<p><strong>Joan Anton Catal\u00e0 Amig\u00f3 <\/strong>(Tarragona, 1961) \u00e9s divulgador cient\u00edfic, escriptor i consultor. Especialitzat en astronomia i astrof\u00edsica, aplica els seus coneixements a la gesti\u00f3 del canvi en l&#8217;\u00e0mbit de les organitzacions.<\/p>\n<p>Llicenciat en Ci\u00e8ncies Qu\u00edmiques per la Universitat de Barcelona, es va especialitzar en Qu\u00edmica Qu\u00e0ntica; i va obtenir el M\u00e0ster en Astronomia i Astrof\u00edsica per la Universitat Internacional de Val\u00e8ncia.<\/p>\n<p>\u00c9s conferenciant i divulgador cient\u00edfic en diferents mitjans de comunicaci\u00f3 (televisi\u00f3, r\u00e0dio i premsa), i el principal astr\u00f2nom divulgador de l&#8217;<a href=\"https:\/\/observatorifabra.cat\/\" target=\"_blank\" rel=\"noopener\">Observatori Fabra<\/a>. A m\u00e9s, \u00e9s autor de diversos assajos sobre astronomia i d&#8217;una novel\u00b7la destinada al p\u00fablic jove: <a href=\"https:\/\/bibcercador.uab.cat\/discovery\/search?query=creator,equals,Catal%C3%A0,%20Joan%20Anton,AND&amp;tab=CSUC&amp;search_scope=PhysicalNetwork&amp;sortby=title&amp;vid=34CSUC_UAB:VU1&amp;facet=frbrgroupid,include,9066703233767323805&amp;lang=ca&amp;mode=advanced&amp;offset=0\" target=\"_blank\" rel=\"noopener\"><strong>Projecte Galileu<\/strong><\/a>.<\/p>\n<\/p>\n<p><strong>M\u00e9s informaci\u00f3:<\/strong><\/p>\n<ul class=\"wp-block-list\">\n<li><a href=\"https:\/\/webs.uab.cat\/cienciaxllegir\/obra-divulgativa-de-joan-anton-catala\/\">Obra divulgativa comentada<\/a><\/li>\n<li><a href=\"https:\/\/bibcercador.uab.cat\/discovery\/search?query=any,contains,Catal%C3%A0,%20Joan%20Anton&amp;tab=Everything&amp;search_scope=MyInst_and_CI&amp;vid=34CSUC_UAB:VU1&amp;facet=creator,include,Catal%C3%A0,%20Joan%20Anton&amp;lang=ca&amp;offset=0\" target=\"_blank\" rel=\"noreferrer noopener\"><strong>Joan Anton Catal\u00e0<\/strong><\/a>\u00a0al nostre cat\u00e0leg<\/li>\n<li><a href=\"https:\/\/bibcercador.uab.cat\/discovery\/search?query=any,contains,Catal%C3%A0,%20Joan%20Anton&amp;tab=CSUC&amp;search_scope=PhysicalNetwork&amp;vid=34CSUC_UAB:VU1&amp;facet=tlevel,include,available_p&amp;lang=ca&amp;offset=0\" target=\"_blank\" rel=\"noreferrer noopener\"><strong>Joan Anton Catal\u00e0<\/strong><\/a>\u00a0al cat\u00e0leg col\u00b7lectiu (PUC)<\/li>\n<\/ul>\n<p class=\"has-blanc-coco-color has-text-color\">a<\/p>\n<ul class=\"wp-block-list\">\n<li><a href=\"https:\/\/ca.wikipedia.org\/wiki\/Joan_Anton_Catal%C3%A0_Amig%C3%B3\" target=\"_blank\" rel=\"noreferrer noopener\">Biografia<\/a>\u00a0(segons Viquip\u00e8dia)<\/li>\n<li><a href=\"https:\/\/www.joanantoncatala.com\/ca\/\" target=\"_blank\" rel=\"noreferrer noopener\">P\u00e0gina web personal<\/a><\/li>\n<li><a href=\"https:\/\/www.youtube.com\/channel\/UCmR3h34rF8ie9aKQg0qdomA\" target=\"_blank\" rel=\"noopener\">Canal de YouTube<\/a><\/li>\n<li><a href=\"https:\/\/www.instagram.com\/estelsiplanetes\/\" target=\"_blank\" rel=\"noreferrer noopener\">Perfil d&#8217;Instagram<\/a><\/li>\n<li><a href=\"https:\/\/x.com\/estelsiplanetes\" target=\"_blank\" rel=\"noreferrer noopener\">Perfil d&#8217;X<\/a><\/li>\n<\/ul>","protected":false},"excerpt":{"rendered":"<p>\u00abCrec que l&#8217;univers \u00e9s tan gran que la vida ha d&#8217;existir en molts altres indrets. Encara m\u00e9s, tinc tend\u00e8ncia a pensar que potser la vida n&#8217;\u00e9s una conseq\u00fc\u00e8ncia quasi obligada. \u00c9s a dir, que donades unes m\u00ednimes condicions (que, per cert, no han de ser ni tan sols semblants a les que tenim a la [&hellip;]<\/p>\n","protected":false},"author":131,"featured_media":0,"parent":0,"menu_order":0,"comment_status":"closed","ping_status":"closed","template":"","meta":{"footnotes":""},"class_list":["post-4006","page","type-page","status-publish","hentry"],"_links":{"self":[{"href":"https:\/\/webs.uab.cat\/cienciaxllegir\/wp-json\/wp\/v2\/pages\/4006","targetHints":{"allow":["GET"]}}],"collection":[{"href":"https:\/\/webs.uab.cat\/cienciaxllegir\/wp-json\/wp\/v2\/pages"}],"about":[{"href":"https:\/\/webs.uab.cat\/cienciaxllegir\/wp-json\/wp\/v2\/types\/page"}],"author":[{"embeddable":true,"href":"https:\/\/webs.uab.cat\/cienciaxllegir\/wp-json\/wp\/v2\/users\/131"}],"replies":[{"embeddable":true,"href":"https:\/\/webs.uab.cat\/cienciaxllegir\/wp-json\/wp\/v2\/comments?post=4006"}],"version-history":[{"count":2,"href":"https:\/\/webs.uab.cat\/cienciaxllegir\/wp-json\/wp\/v2\/pages\/4006\/revisions"}],"predecessor-version":[{"id":4010,"href":"https:\/\/webs.uab.cat\/cienciaxllegir\/wp-json\/wp\/v2\/pages\/4006\/revisions\/4010"}],"wp:attachment":[{"href":"https:\/\/webs.uab.cat\/cienciaxllegir\/wp-json\/wp\/v2\/media?parent=4006"}],"curies":[{"name":"wp","href":"https:\/\/api.w.org\/{rel}","templated":true}]}}