{"id":4035,"date":"2025-06-27T14:31:49","date_gmt":"2025-06-27T14:31:49","guid":{"rendered":"https:\/\/webs.uab.cat\/cienciaxllegir\/?page_id=4035"},"modified":"2025-06-27T15:15:12","modified_gmt":"2025-06-27T15:15:12","slug":"roald-hoffmann","status":"publish","type":"page","link":"https:\/\/webs.uab.cat\/cienciaxllegir\/roald-hoffmann\/","title":{"rendered":"Roald Hoffmann"},"content":{"rendered":"\n<div class=\"wp-block-media-text alignwide is-stacked-on-mobile has-light-green-cyan-to-vivid-green-cyan-gradient-background has-background\" style=\"grid-template-columns:25% auto\"><figure class=\"wp-block-media-text__media\"><img loading=\"lazy\" decoding=\"async\" width=\"250\" height=\"250\" src=\"https:\/\/webs.uab.cat\/cienciaxllegir\/wp-content\/uploads\/sites\/215\/2025\/06\/00hoffmann-foto-perfil.jpg\" alt=\"\" class=\"wp-image-4036 size-full\" srcset=\"https:\/\/webs.uab.cat\/cienciaxllegir\/wp-content\/uploads\/sites\/215\/2025\/06\/00hoffmann-foto-perfil.jpg 250w, https:\/\/webs.uab.cat\/cienciaxllegir\/wp-content\/uploads\/sites\/215\/2025\/06\/00hoffmann-foto-perfil-150x150.jpg 150w\" sizes=\"auto, (max-width: 250px) 100vw, 250px\" \/><\/figure><div class=\"wp-block-media-text__content\">\n<p>\u00abLa ciencia y el arte son ambas actividades interculturales de los seres humanos. La dimensi\u00f3n cultural de la creaci\u00f3n, la cual incluye el lenguaje de la expresi\u00f3n, de donde provienen los descubridores y los creadores, y su educaci\u00f3n importa. Pero la esencia del arte y la ciencia, y la forma en que afectan (o no) a la gente, es universal.\u00bb<\/p>\n\n\n\n<p>Fragment del prefaci del llibre&nbsp;<strong><a href=\"https:\/\/bibcercador.uab.cat\/permalink\/34CSUC_UAB\/1eqfv2p\/alma991011065992106709\" target=\"_blank\" rel=\"noreferrer noopener\">Qu\u00edmica imaginada<\/a><\/strong>&nbsp;(2004)<\/p>\n<\/div><\/div>\n\n\n\n<p><strong>Roald Hoffmann<\/strong> o Roald Safran (Z\u0142ocz\u00f3w, Pol\u00f2nia, 1937)<strong> <\/strong>\u00e9s qu\u00edmic i escriptor.<\/p>\n\n\n\n<p>El 1958 es va llicenciar en qu\u00edmica a la Universitat de Columbia, i es doctor\u00e0 l&#8217;any 1962 a la Universitat Harvard. El 1965 comen\u00e7\u00e0 a treballar a la Universitat Cornell, d&#8217;on actualment \u00e9s professor em\u00e8rit.<\/p>\n\n\n\n<p>La de Hoffmann \u00e9s una vida plena d&#8217;aventura: als dotze anys va arribar als Estats Units procedent d&#8217;un camp d&#8217;expatriats, als vint-i-set va fer l&#8217;aportaci\u00f3 a la Qu\u00edmica que li hauria de valer el premi Nobel de 1981, als quaranta va saltar a la poesia, als cinquanta a l&#8217;assaig filos\u00f2fic i als seixanta al teatre, col\u00b7laborant amb el tamb\u00e9 qu\u00edmic Carl Djerassi.<\/p>\n\n\n\n<p>Fou guardonat amb el Nobel, juntament amb els treballs independents del japon\u00e8s Kenichi Fukui, \u00abper les seves teories sobre el desenvolupament de les reaccions qu\u00edmiques\u00bbdivulgador cient\u00edfic, escriptor i consultor. <\/p>\n\n\n\n<p><strong>M\u00e9s informaci\u00f3:<\/strong><\/p>\n\n\n\n<ul class=\"wp-block-list\">\n<li><a href=\"https:\/\/webs.uab.cat\/cienciaxllegir\/obra-divulgativa-de-roald-hoffmann\/\">Obra divulgativa comentada<\/a><\/li>\n\n\n\n<li><a href=\"https:\/\/bibcercador.uab.cat\/discovery\/search?query=creator,equals,Hoffmann,%20Roald.,AND&amp;tab=Everything&amp;search_scope=MyInst_and_CI&amp;vid=34CSUC_UAB:VU1&amp;facet=tlevel,include,available_p&amp;mode=advanced&amp;offset=0\" target=\"_blank\" rel=\"noreferrer noopener\">Roald Hoffmann<\/a>&nbsp;al nostre cat\u00e0leg<\/li>\n\n\n\n<li><a href=\"https:\/\/bibcercador.uab.cat\/discovery\/search?query=any,contains,roald%20hoffmann&amp;tab=CSUC&amp;search_scope=PhysicalNetwork&amp;vid=34CSUC_UAB:VU1&amp;facet=tlevel,include,available_p&amp;lang=ca&amp;offset=0\" target=\"_blank\" rel=\"noreferrer noopener\">Roald Hoffmann<\/a>&nbsp;al cat\u00e0leg col\u00b7lectiu (PUC)<\/li>\n<\/ul>\n\n\n\n<p>a<\/p>\n\n\n\n<ul class=\"wp-block-list\">\n<li><a href=\"https:\/\/ca.wikipedia.org\/wiki\/Roald_Hoffmann\" target=\"_blank\" rel=\"noreferrer noopener\">Biografia<\/a>&nbsp;(segons Viquip\u00e8dia)<\/li>\n\n\n\n<li><a href=\"https:\/\/roaldhoffmann.com\/\" target=\"_blank\" rel=\"noreferrer noopener\">P\u00e0gina web personal<\/a><\/li>\n<\/ul>\n","protected":false},"excerpt":{"rendered":"<p>\u00abLa ciencia y el arte son ambas actividades interculturales de los seres humanos. La dimensi\u00f3n cultural de la creaci\u00f3n, la cual incluye el lenguaje de la expresi\u00f3n, de donde provienen los descubridores y los creadores, y su educaci\u00f3n importa. Pero la esencia del arte y la ciencia, y la forma en que afectan (o no) [&hellip;]<\/p>\n","protected":false},"author":131,"featured_media":0,"parent":0,"menu_order":0,"comment_status":"closed","ping_status":"closed","template":"","meta":{"footnotes":""},"class_list":["post-4035","page","type-page","status-publish","hentry"],"_links":{"self":[{"href":"https:\/\/webs.uab.cat\/cienciaxllegir\/wp-json\/wp\/v2\/pages\/4035","targetHints":{"allow":["GET"]}}],"collection":[{"href":"https:\/\/webs.uab.cat\/cienciaxllegir\/wp-json\/wp\/v2\/pages"}],"about":[{"href":"https:\/\/webs.uab.cat\/cienciaxllegir\/wp-json\/wp\/v2\/types\/page"}],"author":[{"embeddable":true,"href":"https:\/\/webs.uab.cat\/cienciaxllegir\/wp-json\/wp\/v2\/users\/131"}],"replies":[{"embeddable":true,"href":"https:\/\/webs.uab.cat\/cienciaxllegir\/wp-json\/wp\/v2\/comments?post=4035"}],"version-history":[{"count":4,"href":"https:\/\/webs.uab.cat\/cienciaxllegir\/wp-json\/wp\/v2\/pages\/4035\/revisions"}],"predecessor-version":[{"id":4046,"href":"https:\/\/webs.uab.cat\/cienciaxllegir\/wp-json\/wp\/v2\/pages\/4035\/revisions\/4046"}],"wp:attachment":[{"href":"https:\/\/webs.uab.cat\/cienciaxllegir\/wp-json\/wp\/v2\/media?parent=4035"}],"curies":[{"name":"wp","href":"https:\/\/api.w.org\/{rel}","templated":true}]}}