{"id":4164,"date":"2025-09-04T15:41:13","date_gmt":"2025-09-04T15:41:13","guid":{"rendered":"https:\/\/webs.uab.cat\/cienciaxllegir\/?page_id=4164"},"modified":"2025-10-15T15:55:34","modified_gmt":"2025-10-15T15:55:34","slug":"iyq-2025","status":"publish","type":"page","link":"https:\/\/webs.uab.cat\/cienciaxllegir\/iyq-2025\/","title":{"rendered":"IYQ 2025"},"content":{"rendered":"\n<figure class=\"wp-block-image size-full is-resized\"><img loading=\"lazy\" decoding=\"async\" width=\"900\" height=\"357\" src=\"https:\/\/webs.uab.cat\/cienciaxllegir\/wp-content\/uploads\/sites\/215\/2025\/09\/logo-oficial-IYQST.png\" alt=\"\" class=\"wp-image-4165\" style=\"width:655px;height:auto\" srcset=\"https:\/\/webs.uab.cat\/cienciaxllegir\/wp-content\/uploads\/sites\/215\/2025\/09\/logo-oficial-IYQST.png 900w, https:\/\/webs.uab.cat\/cienciaxllegir\/wp-content\/uploads\/sites\/215\/2025\/09\/logo-oficial-IYQST-300x119.png 300w, https:\/\/webs.uab.cat\/cienciaxllegir\/wp-content\/uploads\/sites\/215\/2025\/09\/logo-oficial-IYQST-768x305.png 768w\" sizes=\"auto, (max-width: 900px) 100vw, 900px\" \/><\/figure>\n\n\n\n<p>Al llarg del 2025 es celebra l\u2019<strong><a href=\"https:\/\/quantum2025.org\/es\/\" target=\"_blank\" rel=\"noreferrer noopener\">Any Internacional de la Ci\u00e8ncia i la Tecnologia Qu\u00e0ntiques<\/a><\/strong> (IYQ) que reconeix els 100 anys transcorreguts des del desenvolupament inicial de la mec\u00e0nica qu\u00e0ntica.<\/p>\n\n\n\n<p>Sota el lema \u201c<strong>100 anys de qu\u00e0ntica: \u00e9s nom\u00e9s el comen\u00e7ament<\/strong>\u201d es vol posar de manifest la import\u00e0ncia de la ci\u00e8ncia qu\u00e0ntica i la necessitat d\u2019una m\u00e9s gran conscienciaci\u00f3 sobre el seu impacte durant el passat, en el nostre present i encara m\u00e9s al futur.<\/p>\n\n\n\n<p>La Biblioteca de Ci\u00e8ncia i Tecnologia i el <a href=\"https:\/\/webs.uab.cat\/giq\/\" target=\"_blank\" rel=\"noreferrer noopener\">Grup d&#8217;Informaci\u00f3 Qu\u00e0ntica<\/a> (GIQ) de la UAB hem preparat conjuntament un seguit d\u2019activitats per celebrar amb tu l\u2019IYQ 2025 i que compten amb la col\u00b7laboraci\u00f3 de diferents persones i grups de recerca ubicats al campus que investiguen l\u2019univers qu\u00e0ntic.<\/p>\n\n\n\n<p>T\u2019hi esperem!<\/p>\n\n\n\n<div class=\"wp-block-columns is-layout-flex wp-container-core-columns-is-layout-9d6595d7 wp-block-columns-is-layout-flex\">\n<div class=\"wp-block-column is-layout-flow wp-block-column-is-layout-flow\">\n<figure class=\"wp-block-image size-full\"><a href=\"https:\/\/webs.uab.cat\/cienciaxllegir\/ciencia-i-tecnologies-quantiques\/\" target=\"_blank\" rel=\" noreferrer noopener\"><img loading=\"lazy\" decoding=\"async\" width=\"600\" height=\"600\" src=\"https:\/\/webs.uab.cat\/cienciaxllegir\/wp-content\/uploads\/sites\/215\/2025\/09\/boto-iyq-011.jpg\" alt=\"\" class=\"wp-image-4187\" srcset=\"https:\/\/webs.uab.cat\/cienciaxllegir\/wp-content\/uploads\/sites\/215\/2025\/09\/boto-iyq-011.jpg 600w, https:\/\/webs.uab.cat\/cienciaxllegir\/wp-content\/uploads\/sites\/215\/2025\/09\/boto-iyq-011-300x300.jpg 300w, https:\/\/webs.uab.cat\/cienciaxllegir\/wp-content\/uploads\/sites\/215\/2025\/09\/boto-iyq-011-150x150.jpg 150w\" sizes=\"auto, (max-width: 600px) 100vw, 600px\" \/><\/a><figcaption class=\"wp-element-caption\">Exposici\u00f3 presencial a la <strong>Biblioteca de Ci\u00e8ncia i Tecnologia<\/strong><\/figcaption><\/figure>\n<\/div>\n\n\n\n<div class=\"wp-block-column is-layout-flow wp-block-column-is-layout-flow\">\n<figure class=\"wp-block-image size-full\"><a href=\"https:\/\/www.icmab.es\/quantica-i-licmab-exhibition-opens-on-30-september-2025\" target=\"_blank\" rel=\" noreferrer noopener\"><img loading=\"lazy\" decoding=\"async\" width=\"600\" height=\"600\" src=\"https:\/\/webs.uab.cat\/cienciaxllegir\/wp-content\/uploads\/sites\/215\/2025\/09\/boto-iyq-021.jpg\" alt=\"\" class=\"wp-image-4188\" srcset=\"https:\/\/webs.uab.cat\/cienciaxllegir\/wp-content\/uploads\/sites\/215\/2025\/09\/boto-iyq-021.jpg 600w, https:\/\/webs.uab.cat\/cienciaxllegir\/wp-content\/uploads\/sites\/215\/2025\/09\/boto-iyq-021-300x300.jpg 300w, https:\/\/webs.uab.cat\/cienciaxllegir\/wp-content\/uploads\/sites\/215\/2025\/09\/boto-iyq-021-150x150.jpg 150w\" sizes=\"auto, (max-width: 600px) 100vw, 600px\" \/><\/a><figcaption class=\"wp-element-caption\">Exposici\u00f3 presencial a l&#8217;<strong>Institut de Ci\u00e8ncia de Materials de Barcelona<\/strong> (ICMAB-CSIC)<\/figcaption><\/figure>\n<\/div>\n\n\n\n<div class=\"wp-block-column is-layout-flow wp-block-column-is-layout-flow\">\n<figure class=\"wp-block-image size-full\"><a href=\"https:\/\/webs.uab.cat\/cienciaxllegir\/visita-guiada-a-les-exposicions-de-quantica\/\" target=\"_blank\" rel=\" noreferrer noopener\"><img loading=\"lazy\" decoding=\"async\" width=\"600\" height=\"600\" src=\"https:\/\/webs.uab.cat\/cienciaxllegir\/wp-content\/uploads\/sites\/215\/2025\/09\/boto-iyq-031.jpg\" alt=\"\" class=\"wp-image-4195\" srcset=\"https:\/\/webs.uab.cat\/cienciaxllegir\/wp-content\/uploads\/sites\/215\/2025\/09\/boto-iyq-031.jpg 600w, https:\/\/webs.uab.cat\/cienciaxllegir\/wp-content\/uploads\/sites\/215\/2025\/09\/boto-iyq-031-300x300.jpg 300w, https:\/\/webs.uab.cat\/cienciaxllegir\/wp-content\/uploads\/sites\/215\/2025\/09\/boto-iyq-031-150x150.jpg 150w\" sizes=\"auto, (max-width: 600px) 100vw, 600px\" \/><\/a><figcaption class=\"wp-element-caption\">Visita guiada a les exposicions de la <strong>BCT<\/strong> i de l&#8217;<strong>ICMAB-CSIC<\/strong><\/figcaption><\/figure>\n<\/div>\n<\/div>\n\n\n\n<div class=\"wp-block-columns is-layout-flex wp-container-core-columns-is-layout-9d6595d7 wp-block-columns-is-layout-flex\">\n<div class=\"wp-block-column is-layout-flow wp-block-column-is-layout-flow\">\n<figure class=\"wp-block-image size-full\"><a href=\"https:\/\/www.instagram.com\/stories\/highlights\/18432444784100260\/\" target=\"_blank\" rel=\" noreferrer noopener\"><img loading=\"lazy\" decoding=\"async\" width=\"600\" height=\"600\" src=\"https:\/\/webs.uab.cat\/cienciaxllegir\/wp-content\/uploads\/sites\/215\/2025\/09\/boto-iyq-041.jpg\" alt=\"\" class=\"wp-image-4192\" srcset=\"https:\/\/webs.uab.cat\/cienciaxllegir\/wp-content\/uploads\/sites\/215\/2025\/09\/boto-iyq-041.jpg 600w, https:\/\/webs.uab.cat\/cienciaxllegir\/wp-content\/uploads\/sites\/215\/2025\/09\/boto-iyq-041-300x300.jpg 300w, https:\/\/webs.uab.cat\/cienciaxllegir\/wp-content\/uploads\/sites\/215\/2025\/09\/boto-iyq-041-150x150.jpg 150w\" sizes=\"auto, (max-width: 600px) 100vw, 600px\" \/><\/a><figcaption class=\"wp-element-caption\">Gimcana organitzada per <strong>Optica&#8217;t<\/strong><\/figcaption><\/figure>\n<\/div>\n\n\n\n<div class=\"wp-block-column is-layout-flow wp-block-column-is-layout-flow\">\n<figure class=\"wp-block-image size-full\"><a href=\"https:\/\/webs.uab.cat\/bctot\/la-tarima\/\" target=\"_blank\" rel=\" noreferrer noopener\"><img loading=\"lazy\" decoding=\"async\" width=\"600\" height=\"600\" src=\"https:\/\/webs.uab.cat\/cienciaxllegir\/wp-content\/uploads\/sites\/215\/2025\/09\/boto-iyq-051.jpg\" alt=\"\" class=\"wp-image-4193\" srcset=\"https:\/\/webs.uab.cat\/cienciaxllegir\/wp-content\/uploads\/sites\/215\/2025\/09\/boto-iyq-051.jpg 600w, https:\/\/webs.uab.cat\/cienciaxllegir\/wp-content\/uploads\/sites\/215\/2025\/09\/boto-iyq-051-300x300.jpg 300w, https:\/\/webs.uab.cat\/cienciaxllegir\/wp-content\/uploads\/sites\/215\/2025\/09\/boto-iyq-051-150x150.jpg 150w\" sizes=\"auto, (max-width: 600px) 100vw, 600px\" \/><\/a><figcaption class=\"wp-element-caption\">Confer\u00e8ncia de <strong>Xavier Roqu\u00e9<\/strong> a La Tarima de la BCT<\/figcaption><\/figure>\n<\/div>\n\n\n\n<div class=\"wp-block-column is-layout-flow wp-block-column-is-layout-flow\">\n<figure class=\"wp-block-image size-full\"><a href=\"https:\/\/bibcercador.uab.cat\/discovery\/collectionDiscovery?vid=34CSUC_UAB:VU1&amp;inst=34CSUC_UAB&amp;collectionId=81275363220006709\" target=\"_blank\" rel=\" noreferrer noopener\"><img loading=\"lazy\" decoding=\"async\" width=\"600\" height=\"600\" src=\"https:\/\/webs.uab.cat\/cienciaxllegir\/wp-content\/uploads\/sites\/215\/2025\/09\/boto-iyq-061.jpg\" alt=\"\" class=\"wp-image-4190\" srcset=\"https:\/\/webs.uab.cat\/cienciaxllegir\/wp-content\/uploads\/sites\/215\/2025\/09\/boto-iyq-061.jpg 600w, https:\/\/webs.uab.cat\/cienciaxllegir\/wp-content\/uploads\/sites\/215\/2025\/09\/boto-iyq-061-300x300.jpg 300w, https:\/\/webs.uab.cat\/cienciaxllegir\/wp-content\/uploads\/sites\/215\/2025\/09\/boto-iyq-061-150x150.jpg 150w\" sizes=\"auto, (max-width: 600px) 100vw, 600px\" \/><\/a><figcaption class=\"wp-element-caption\">Lectures recomanades sobre <strong>Qu\u00e0ntica<\/strong><\/figcaption><\/figure>\n<\/div>\n<\/div>\n\n\n\n<p><\/p>\n","protected":false},"excerpt":{"rendered":"<p>Al llarg del 2025 es celebra l\u2019Any Internacional de la Ci\u00e8ncia i la Tecnologia Qu\u00e0ntiques (IYQ) que reconeix els 100 anys transcorreguts des del desenvolupament inicial de la mec\u00e0nica qu\u00e0ntica. Sota el lema \u201c100 anys de qu\u00e0ntica: \u00e9s nom\u00e9s el comen\u00e7ament\u201d es vol posar de manifest la import\u00e0ncia de la ci\u00e8ncia qu\u00e0ntica i la necessitat [&hellip;]<\/p>\n","protected":false},"author":131,"featured_media":0,"parent":0,"menu_order":0,"comment_status":"closed","ping_status":"closed","template":"","meta":{"footnotes":""},"class_list":["post-4164","page","type-page","status-publish","hentry"],"_links":{"self":[{"href":"https:\/\/webs.uab.cat\/cienciaxllegir\/wp-json\/wp\/v2\/pages\/4164","targetHints":{"allow":["GET"]}}],"collection":[{"href":"https:\/\/webs.uab.cat\/cienciaxllegir\/wp-json\/wp\/v2\/pages"}],"about":[{"href":"https:\/\/webs.uab.cat\/cienciaxllegir\/wp-json\/wp\/v2\/types\/page"}],"author":[{"embeddable":true,"href":"https:\/\/webs.uab.cat\/cienciaxllegir\/wp-json\/wp\/v2\/users\/131"}],"replies":[{"embeddable":true,"href":"https:\/\/webs.uab.cat\/cienciaxllegir\/wp-json\/wp\/v2\/comments?post=4164"}],"version-history":[{"count":10,"href":"https:\/\/webs.uab.cat\/cienciaxllegir\/wp-json\/wp\/v2\/pages\/4164\/revisions"}],"predecessor-version":[{"id":4239,"href":"https:\/\/webs.uab.cat\/cienciaxllegir\/wp-json\/wp\/v2\/pages\/4164\/revisions\/4239"}],"wp:attachment":[{"href":"https:\/\/webs.uab.cat\/cienciaxllegir\/wp-json\/wp\/v2\/media?parent=4164"}],"curies":[{"name":"wp","href":"https:\/\/api.w.org\/{rel}","templated":true}]}}