{"id":4283,"date":"2026-02-16T14:59:31","date_gmt":"2026-02-16T14:59:31","guid":{"rendered":"https:\/\/webs.uab.cat\/cienciaxllegir\/?page_id=4283"},"modified":"2026-02-19T17:59:13","modified_gmt":"2026-02-19T17:59:13","slug":"marta-tafalla","status":"publish","type":"page","link":"https:\/\/webs.uab.cat\/cienciaxllegir\/marta-tafalla\/","title":{"rendered":"Marta Tafalla"},"content":{"rendered":"\n<div class=\"wp-block-media-text alignwide is-stacked-on-mobile has-blanc-coco-color has-verd-tropic-background-color has-text-color has-background\" style=\"grid-template-columns:20% auto\"><figure class=\"wp-block-media-text__media\"><img loading=\"lazy\" decoding=\"async\" width=\"250\" height=\"250\" src=\"https:\/\/webs.uab.cat\/cienciaxllegir\/wp-content\/uploads\/sites\/215\/2026\/02\/martatafalla-foto-perfil.jpg\" alt=\"\" class=\"wp-image-4284 size-full\" srcset=\"https:\/\/webs.uab.cat\/cienciaxllegir\/wp-content\/uploads\/sites\/215\/2026\/02\/martatafalla-foto-perfil.jpg 250w, https:\/\/webs.uab.cat\/cienciaxllegir\/wp-content\/uploads\/sites\/215\/2026\/02\/martatafalla-foto-perfil-150x150.jpg 150w\" sizes=\"auto, (max-width: 250px) 100vw, 250px\" \/><\/figure><div class=\"wp-block-media-text__content\">\n<p class=\"has-small-font-size\"><em>\u201cHe dialogado con cient\u00edfios que experimentan en animales y tambi\u00e9n con cient\u00edficos que defienden la abolici\u00f3n de estas pr\u00e1cticas. He dialogado asimismo con personas que, desde distintas disciplinas como el derecho, las ciencias sociales y las humanidades, trabajan en defensa de los animales, dentro de un movimiento que es plural y diverso. Me ha resultado estimulante conversar con gente joven, con mis estudiantes de grado y m\u00e1ster en el Departamento de Filosof\u00eda de la Universitat Aut\u00f2noma de Barcelona, as\u00ed como con estudiantes de otras materias. Son muchas las personas de las que he aprendido y que me han ayudado a construir una visi\u00f3n m\u00e1s l\u00facida y cr\u00edtica de estas cuestiones. El aprendizaje es siempre una tarea colectiva.\u201d<\/em><\/p>\n\n\n\n<p class=\"has-small-font-size\">Fragment de la introducci\u00f3 del llibre \u201c<a href=\"https:\/\/bibcercador.uab.cat\/permalink\/34CSUC_UAB\/1eqfv2p\/alma991011224548906709\" target=\"_blank\" rel=\"noreferrer noopener\">Paradojas de la experimentaci\u00f3n en animales<\/a>\u201d (2025).<\/p>\n<\/div><\/div>\n\n\n<p><strong>Marta Tafalla Gonz\u00e1lez<\/strong> (Barcelona, 1972) \u00e9s llicenciada i doctora en Filosofia, i en 1998 va comen\u00e7ar la seva carrera docent i a donar classes a la UAB.<br \/>Quant a la recerca, s&#8217;ha centrat en la relaci\u00f3 entre animals, humans i natura des d&#8217;una perspectiva \u00e8tica i est\u00e8tica.<br \/>Tamb\u00e9 \u00e9s membre del consell cient\u00edfic del <a href=\"https:\/\/www.upf.edu\/es\/web\/cae-center-for-animal-ethics\" target=\"_blank\" rel=\"noopener\">Centre for Animal Ethics<\/a> a la UPF.<\/p>\n<p>Tafalla compagina doc\u00e8ncia i investigaci\u00f3 amb la creaci\u00f3 liter\u00e0ria. I tot i que als darrers anys ha publicat assaigs filos\u00f2fics tamb\u00e9 ha conreat la ficci\u00f3.<\/p>\n<p><strong>M\u00e9s informaci\u00f3:<\/strong><\/p>\n<ul>\n<li><a href=\"https:\/\/webs.uab.cat\/cienciaxllegir\/obra-divulgativa-de-marta-tafalla\/\">Obra divulgativa comentada<\/a><\/li>\n<li><a href=\"https:\/\/bibcercador.uab.cat\/discovery\/search?query=any,contains,marta%20tafalla&amp;tab=Everything&amp;search_scope=MyInst_and_CI&amp;vid=34CSUC_UAB:VU1&amp;facet=creator,include,Tafalla,%20Marta&amp;lang=ca&amp;offset=0\" target=\"_blank\" rel=\"noopener\">Marta Tafalla<\/a> al nostre cat\u00e0leg<\/li>\n<li><a href=\"https:\/\/bibcercador.uab.cat\/discovery\/search?query=any,contains,marta%20tafalla&amp;tab=CSUC&amp;search_scope=PhysicalNetwork&amp;vid=34CSUC_UAB:VU1&amp;facet=creator,include,Tafalla,%20Marta&amp;lang=ca&amp;offset=0\" target=\"_blank\" rel=\"noopener\">Marta Tafalla<\/a> al cat\u00e0leg col\u00b7lectiu (PUC)\n<p>\u00a0<\/p>\n<\/li>\n<li><a href=\"https:\/\/x.com\/TafallaMarta\" target=\"_blank\" rel=\"noopener\">Perfil d&#8217; X<\/a>\u00a0<\/li>\n<li><a href=\"https:\/\/bsky.app\/profile\/tafallamarta.bsky.social\" target=\"_blank\" rel=\"noopener\">Perfil de Bluesky<\/a>\u00a0<\/li>\n<\/ul>\n\n\n<p><\/p>\n","protected":false},"excerpt":{"rendered":"<p>\u201cHe dialogado con cient\u00edfios que experimentan en animales y tambi\u00e9n con cient\u00edficos que defienden la abolici\u00f3n de estas pr\u00e1cticas. He dialogado asimismo con personas que, desde distintas disciplinas como el derecho, las ciencias sociales y las humanidades, trabajan en defensa de los animales, dentro de un movimiento que es plural y diverso. Me ha resultado [&hellip;]<\/p>\n","protected":false},"author":131,"featured_media":0,"parent":0,"menu_order":0,"comment_status":"closed","ping_status":"closed","template":"","meta":{"footnotes":""},"class_list":["post-4283","page","type-page","status-publish","hentry"],"_links":{"self":[{"href":"https:\/\/webs.uab.cat\/cienciaxllegir\/wp-json\/wp\/v2\/pages\/4283","targetHints":{"allow":["GET"]}}],"collection":[{"href":"https:\/\/webs.uab.cat\/cienciaxllegir\/wp-json\/wp\/v2\/pages"}],"about":[{"href":"https:\/\/webs.uab.cat\/cienciaxllegir\/wp-json\/wp\/v2\/types\/page"}],"author":[{"embeddable":true,"href":"https:\/\/webs.uab.cat\/cienciaxllegir\/wp-json\/wp\/v2\/users\/131"}],"replies":[{"embeddable":true,"href":"https:\/\/webs.uab.cat\/cienciaxllegir\/wp-json\/wp\/v2\/comments?post=4283"}],"version-history":[{"count":4,"href":"https:\/\/webs.uab.cat\/cienciaxllegir\/wp-json\/wp\/v2\/pages\/4283\/revisions"}],"predecessor-version":[{"id":4299,"href":"https:\/\/webs.uab.cat\/cienciaxllegir\/wp-json\/wp\/v2\/pages\/4283\/revisions\/4299"}],"wp:attachment":[{"href":"https:\/\/webs.uab.cat\/cienciaxllegir\/wp-json\/wp\/v2\/media?parent=4283"}],"curies":[{"name":"wp","href":"https:\/\/api.w.org\/{rel}","templated":true}]}}