{"id":4300,"date":"2026-02-19T18:11:17","date_gmt":"2026-02-19T18:11:17","guid":{"rendered":"https:\/\/webs.uab.cat\/cienciaxllegir\/?page_id=4300"},"modified":"2026-02-19T18:12:42","modified_gmt":"2026-02-19T18:12:42","slug":"lucy-cooke","status":"publish","type":"page","link":"https:\/\/webs.uab.cat\/cienciaxllegir\/lucy-cooke\/","title":{"rendered":"Lucy Cooke"},"content":{"rendered":"\n<div class=\"wp-block-media-text alignwide is-stacked-on-mobile has-background\" style=\"background:linear-gradient(83deg,rgb(202,248,128) 0%,rgb(113,206,126) 100%);grid-template-columns:21% auto\"><figure class=\"wp-block-media-text__media\"><img loading=\"lazy\" decoding=\"async\" width=\"250\" height=\"250\" src=\"https:\/\/webs.uab.cat\/cienciaxllegir\/wp-content\/uploads\/sites\/215\/2026\/02\/lucycooke-foto-perfil.jpg\" alt=\"\" class=\"wp-image-4301 size-full\" srcset=\"https:\/\/webs.uab.cat\/cienciaxllegir\/wp-content\/uploads\/sites\/215\/2026\/02\/lucycooke-foto-perfil.jpg 250w, https:\/\/webs.uab.cat\/cienciaxllegir\/wp-content\/uploads\/sites\/215\/2026\/02\/lucycooke-foto-perfil-150x150.jpg 150w\" sizes=\"auto, (max-width: 250px) 100vw, 250px\" \/><\/figure><div class=\"wp-block-media-text__content\">\n<p>&#8220;<em>Estudi\u00e9 zoolog\u00eda en la d\u00e9cada de 1990 bajo la batuta del gran bi\u00f3logo evolucionista Richard Dawkins, y aprend\u00ed un m\u00e9todo de concebir el mundo basado en las relaciones gen\u00e9ticas entre especies; esto es, en c\u00f3mo su grado de afinidad influye en su comportamiento. Parte de lo que aprend\u00ed entonces ya se ha visto superado por diversos avances recientes\u2026 [\u2026] Lo menciono para aclarar el hecho de que cada generaci\u00f3n -incluida la m\u00eda- cree que sabe m\u00e1s sobre los animales que sus predecesoras, y, sin embargo, todav\u00eda nos equivocamos con frecuencias. Gran parte de la zoolog\u00eda es poco m\u00e1s que una serie de conjeturas formuladas con cierta base<\/em>.&#8221;<\/p>\n\n\n\n<p>Fragment de la introducci\u00f3 del llibre <a href=\"https:\/\/bibcercador.uab.cat\/permalink\/34CSUC_UAB\/9t830t\/alma991011118364106709\" target=\"_blank\" rel=\"noreferrer noopener\">La Inesperada verdad sobre los animales : un zool\u00f3gico de incomprendidos<\/a>.<\/p>\n<\/div><\/div>\n\n\n<p><strong>Lucy Cooke<\/strong> (Hastings, East Sussex, 1970) va estudiar Zoologia a la Universitat d&#8217;Oxford, i es va especialitzar en l&#8217;evoluci\u00f3 i el comportament animal. <br \/>Despr\u00e9s de deixar el m\u00f3n acad\u00e8mic, es va convertir en una premiada documentalista i presentadora televisiva sobre temes de ci\u00e8ncies naturals. Ha estat al capdavant de s\u00e8ries de la BBC, la ITV i National Geographic, i ha col\u00b7laborat amb el New York Times, el Wall Street Journal, el Sunday Times, el Telegraph, el Huffington Post i la revista Wildlife de la BBC.<\/p>\n<p>\u00c9s autora d&#8217;<strong>A Little Book of Sloth<\/strong>, un llibre sobre els \u00f3ssos mandrosos que va estar entre els m\u00e9s venuts del New York Times. <br \/>I el llan\u00e7ament d&#8217;Hembras ha estat acompanyat per la s\u00e8rie de la <a href=\"https:\/\/www.bbc.co.uk\/programmes\/m0014gt9\" target=\"_blank\" rel=\"noopener\">BBC Radio 4 Political Animals<\/a>, escrita i presentada per la pr\u00f2pia Cooke.<\/p>\n<p>\u00a0<\/p>\n<p><strong>M\u00e9s informaci\u00f3:<\/strong><\/p>\n<ul>\n<li><a href=\"https:\/\/webs.uab.cat\/cienciaxllegir\/obra-divulgativa-de-lucy-cooke\/\">Obra divulgativa comentada<\/a><\/li>\n<li><a href=\"https:\/\/bibcercador.uab.cat\/discovery\/search?query=any,contains,lucy%20cooke&amp;tab=Everything&amp;search_scope=MyInst_and_CI&amp;vid=34CSUC_UAB:VU1&amp;facet=tlevel,include,available_p&amp;offset=0\" target=\"_blank\" rel=\"noopener\">Lucy Cooke<\/a> al nostre cat\u00e0leg<\/li>\n<li><a href=\"https:\/\/bibcercador.uab.cat\/discovery\/search?query=any,contains,lucy%20cooke&amp;tab=CSUC&amp;search_scope=PhysicalNetwork&amp;vid=34CSUC_UAB:VU1&amp;offset=0\" target=\"_blank\" rel=\"noopener\">Lucy Cooke<\/a> al cat\u00e0leg col\u00b7lectiu (PUC)<\/li>\n<\/ul>\n<p>\u00a0<\/p>\n<ul>\n<li><a href=\"http:\/\/www.lucycooke.tv\/\" target=\"_blank\" rel=\"noopener\">P\u00e0gina web<\/a><\/li>\n<li><a href=\"https:\/\/www.instagram.com\/luckycooke\/\" target=\"_blank\" rel=\"noopener\">Perfil d&#8217;Instagram<\/a><\/li>\n<li><a href=\"https:\/\/x.com\/mslucycooke\" target=\"_blank\" rel=\"noopener\">Perfil d&#8217;X<\/a><\/li>\n<\/ul>","protected":false},"excerpt":{"rendered":"<p>&#8220;Estudi\u00e9 zoolog\u00eda en la d\u00e9cada de 1990 bajo la batuta del gran bi\u00f3logo evolucionista Richard Dawkins, y aprend\u00ed un m\u00e9todo de concebir el mundo basado en las relaciones gen\u00e9ticas entre especies; esto es, en c\u00f3mo su grado de afinidad influye en su comportamiento. Parte de lo que aprend\u00ed entonces ya se ha visto superado por [&hellip;]<\/p>\n","protected":false},"author":131,"featured_media":0,"parent":0,"menu_order":0,"comment_status":"closed","ping_status":"closed","template":"","meta":{"footnotes":""},"class_list":["post-4300","page","type-page","status-publish","hentry"],"_links":{"self":[{"href":"https:\/\/webs.uab.cat\/cienciaxllegir\/wp-json\/wp\/v2\/pages\/4300","targetHints":{"allow":["GET"]}}],"collection":[{"href":"https:\/\/webs.uab.cat\/cienciaxllegir\/wp-json\/wp\/v2\/pages"}],"about":[{"href":"https:\/\/webs.uab.cat\/cienciaxllegir\/wp-json\/wp\/v2\/types\/page"}],"author":[{"embeddable":true,"href":"https:\/\/webs.uab.cat\/cienciaxllegir\/wp-json\/wp\/v2\/users\/131"}],"replies":[{"embeddable":true,"href":"https:\/\/webs.uab.cat\/cienciaxllegir\/wp-json\/wp\/v2\/comments?post=4300"}],"version-history":[{"count":2,"href":"https:\/\/webs.uab.cat\/cienciaxllegir\/wp-json\/wp\/v2\/pages\/4300\/revisions"}],"predecessor-version":[{"id":4304,"href":"https:\/\/webs.uab.cat\/cienciaxllegir\/wp-json\/wp\/v2\/pages\/4300\/revisions\/4304"}],"wp:attachment":[{"href":"https:\/\/webs.uab.cat\/cienciaxllegir\/wp-json\/wp\/v2\/media?parent=4300"}],"curies":[{"name":"wp","href":"https:\/\/api.w.org\/{rel}","templated":true}]}}