{"id":437,"date":"2015-04-14T14:13:59","date_gmt":"2015-04-14T14:13:59","guid":{"rendered":"https:\/\/webs.uab.cat\/cienciaxllegir\/rachel-carson\/"},"modified":"2023-05-30T12:09:03","modified_gmt":"2023-05-30T12:09:03","slug":"rachel-carson","status":"publish","type":"page","link":"https:\/\/webs.uab.cat\/cienciaxllegir\/rachel-carson\/","title":{"rendered":"Rachel Carson"},"content":{"rendered":"\n<div class=\"wp-block-media-text alignwide is-stacked-on-mobile has-blanc-coco-color has-verd-tropic-background-color has-text-color has-background\" style=\"grid-template-columns:18% auto\"><figure class=\"wp-block-media-text__media\"><img loading=\"lazy\" decoding=\"async\" width=\"250\" height=\"250\" src=\"https:\/\/webs.uab.cat\/cienciaxllegir\/wp-content\/uploads\/sites\/215\/2015\/04\/rachelcarsonfoto.jpg\" alt=\"\" class=\"wp-image-436 size-full\" srcset=\"https:\/\/webs.uab.cat\/cienciaxllegir\/wp-content\/uploads\/sites\/215\/2015\/04\/rachelcarsonfoto.jpg 250w, https:\/\/webs.uab.cat\/cienciaxllegir\/wp-content\/uploads\/sites\/215\/2015\/04\/rachelcarsonfoto-150x150.jpg 150w\" sizes=\"auto, (max-width: 250px) 100vw, 250px\" \/><\/figure><div class=\"wp-block-media-text__content\">\n<p class=\"has-small-font-size\"><em>\u201cLuego, una rara plaga se extendi\u00f3 sobre el lugar y todo empez\u00f3 a cambiar. &#8230; Hubo una quietud extra\u00f1a. &#8230; Los pocos p\u00e1jaros que se ve\u00edan estaban moribundos; temblaban violentamente y no pod\u00edan volar. Fue una primavera carente de voces. En las ma\u00f1anas que una vez palpitaron con el matutino coro de las voces de multitudes de p\u00e1jaros, ahora no hab\u00eda sonido alguno; solamente el silencio cubr\u00eda los terrenos, los bosques y los pantanos.<\/em><em>\u201d<\/em><\/p>\n\n\n\n<p class=\"has-small-font-size\">Fragment del llibre<br><a href=\"https:\/\/bibcercador.uab.cat\/permalink\/34CSUC_UAB\/avjcib\/alma991008473159706709\" target=\"_blank\" rel=\"noreferrer noopener\">Primavera silenciosa<\/a><\/p>\n<\/div><\/div>\n\n\n\n<p><strong>Rachel Louise Carson <\/strong>(1907-1964) fou una bi\u00f2loga i divulgadora estatunidenca. Nascuda en una petita granja de Pennsilv\u00e0nia, ja des de petita va demostrar ser una \u00e0vida lectora de tot el que tenia relaci\u00f3 amb el m\u00f3n natural, en particular l\u2019oce\u00e0. Es va graduar en biologia marina l\u2019any 1929 per la Universitat Johns Hopkins i despr\u00e9s va continuar els seus estudis en zoologia i gen\u00e8tica. En els seus escrits posa de manifest els danys causats per l\u2019\u00fas indiscriminat d\u2019insecticides com el DDT, aix\u00ed com els seus perniciosos efectes en la cadena aliment\u00e0ria i les conseq\u00fc\u00e8ncies en la salut dels humans. Entre les seves obres destaca <strong><a href=\"https:\/\/bibcercador.uab.cat\/permalink\/34CSUC_UAB\/avjcib\/alma991008473159706709\" target=\"_blank\" rel=\"noreferrer noopener\">Primavera silenciosa<\/a><\/strong> (<a href=\"https:\/\/bibcercador.uab.cat\/permalink\/34CSUC_UAB\/1eqfv2p\/alma991007384439706709\" target=\"_blank\" rel=\"noreferrer noopener\"><em>Silent spring<\/em><\/a>, 1962), que contribu\u00ed a forjar la consci\u00e8ncia ecologista contempor\u00e0nia.<br>&nbsp;<\/p>\n\n\n\n<p><strong>M\u00e9s informaci\u00f3:<\/strong><\/p>\n\n\n\n<ul class=\"wp-block-list\"><li><a href=\"https:\/\/webs.uab.cat\/cienciaxllegir\/obra-divulgativa-de-rachel-carson\">Obra divulgativa comentada<\/a><\/li><li><a rel=\"noreferrer noopener\" href=\"https:\/\/bibcercador.uab.cat\/discovery\/search?query=any,contains,Carson,%20Rachel&amp;tab=Everything&amp;search_scope=MyInst_and_CI&amp;sortby=date_d&amp;vid=34CSUC_UAB:VU1&amp;facet=creator,include,Carson,%20Rachel&amp;facet=rtype,include,books&amp;offset=0&amp;came_from=sort\" target=\"_blank\">Rachel Carson<\/a> al nostre cat\u00e0leg<\/li><li><a rel=\"noreferrer noopener\" href=\"https:\/\/bibcercador.uab.cat\/discovery\/search?query=any,contains,Carson,%20Rachel&amp;tab=DiscoveryNetwork&amp;search_scope=DiscoveryNetwork&amp;sortby=date_d&amp;vid=34CSUC_UAB:VU1&amp;facet=creator,include,Carson,%20Rachel&amp;offset=0&amp;came_from=sort\" target=\"_blank\">Rachel Carson<\/a> al cat\u00e0leg col\u00b7lectiu (PUC)<\/li><\/ul>\n\n\n\n<p class=\"has-blanc-coco-color has-text-color\">a<\/p>\n\n\n\n<ul class=\"wp-block-list\"><li><a href=\"https:\/\/www.rachelcarson.org\/biography\" target=\"_blank\" rel=\"noreferrer noopener\">Biografia<\/a><\/li><li><a rel=\"noreferrer noopener\" href=\"https:\/\/www.rachelcarson.org\/\" target=\"_blank\">P\u00e0gina web oficial<\/a><\/li><li><a rel=\"noreferrer noopener\" href=\"https:\/\/rcbookclub.blogspot.com.es\/\" target=\"_blank\">Bloc commemoratiu del centenari del seu naixement<\/a><\/li><\/ul>\n","protected":false},"excerpt":{"rendered":"<p>\u201cLuego, una rara plaga se extendi\u00f3 sobre el lugar y todo empez\u00f3 a cambiar. &#8230; Hubo una quietud extra\u00f1a. &#8230; Los pocos p\u00e1jaros que se ve\u00edan estaban moribundos; temblaban violentamente y no pod\u00edan volar. Fue una primavera carente de voces. En las ma\u00f1anas que una vez palpitaron con el matutino coro de las voces de [&hellip;]<\/p>\n","protected":false},"author":20,"featured_media":0,"parent":0,"menu_order":0,"comment_status":"closed","ping_status":"closed","template":"","meta":{"footnotes":""},"class_list":["post-437","page","type-page","status-publish","hentry"],"_links":{"self":[{"href":"https:\/\/webs.uab.cat\/cienciaxllegir\/wp-json\/wp\/v2\/pages\/437","targetHints":{"allow":["GET"]}}],"collection":[{"href":"https:\/\/webs.uab.cat\/cienciaxllegir\/wp-json\/wp\/v2\/pages"}],"about":[{"href":"https:\/\/webs.uab.cat\/cienciaxllegir\/wp-json\/wp\/v2\/types\/page"}],"author":[{"embeddable":true,"href":"https:\/\/webs.uab.cat\/cienciaxllegir\/wp-json\/wp\/v2\/users\/20"}],"replies":[{"embeddable":true,"href":"https:\/\/webs.uab.cat\/cienciaxllegir\/wp-json\/wp\/v2\/comments?post=437"}],"version-history":[{"count":4,"href":"https:\/\/webs.uab.cat\/cienciaxllegir\/wp-json\/wp\/v2\/pages\/437\/revisions"}],"predecessor-version":[{"id":2409,"href":"https:\/\/webs.uab.cat\/cienciaxllegir\/wp-json\/wp\/v2\/pages\/437\/revisions\/2409"}],"wp:attachment":[{"href":"https:\/\/webs.uab.cat\/cienciaxllegir\/wp-json\/wp\/v2\/media?parent=437"}],"curies":[{"name":"wp","href":"https:\/\/api.w.org\/{rel}","templated":true}]}}