{"id":492,"date":"2015-04-28T17:16:10","date_gmt":"2015-04-28T17:16:10","guid":{"rendered":"https:\/\/webs.uab.cat\/cienciaxllegir\/alicia\/"},"modified":"2024-11-25T19:56:48","modified_gmt":"2024-11-25T19:56:48","slug":"alicia","status":"publish","type":"page","link":"https:\/\/webs.uab.cat\/cienciaxllegir\/alicia\/","title":{"rendered":"Al\u00edcia"},"content":{"rendered":"\n<div class=\"wp-block-media-text alignwide is-stacked-on-mobile\" style=\"grid-template-columns:27% auto\"><figure class=\"wp-block-media-text__media\"><img loading=\"lazy\" decoding=\"async\" width=\"392\" height=\"600\" src=\"https:\/\/webs.uab.cat\/cienciaxllegir\/wp-content\/uploads\/sites\/215\/2015\/04\/conillAlicia.png\" alt=\"\" class=\"wp-image-488 size-full\" srcset=\"https:\/\/webs.uab.cat\/cienciaxllegir\/wp-content\/uploads\/sites\/215\/2015\/04\/conillAlicia.png 392w, https:\/\/webs.uab.cat\/cienciaxllegir\/wp-content\/uploads\/sites\/215\/2015\/04\/conillAlicia-196x300.png 196w\" sizes=\"auto, (max-width: 392px) 100vw, 392px\" \/><\/figure><div class=\"wp-block-media-text__content\">\n<p><em>\u201cL\u2019Al\u00edcia comen\u00e7ava a estar cansada de seure al costat de la seva germana, al marge d\u2019un riu, i de no tenir res a fer; una o dues vegades havia donat un cop d\u2019ull al llibre que llegia la seva germana; per\u00f2 no hi havia dibuixos ni di\u00e0legs. \u00ab\u00bfI de qu\u00e8 serveix un llibre\u00bb, va pensar l\u2019Al\u00edcia, \u00absense dibuixos ni di\u00e0legs?\u00bb.<\/em><\/p>\n\n\n\n<p><em>Aix\u00ed, doncs, es va posar a considerar (tan b\u00e9 com va poder, perqu\u00e8 la calor del dia la deixava endormiscada i ensopida) si el plaer de fer una garlanda de margarides la compensaria de la mol\u00e8stia d\u2019al\u00e7ar-se i collir-les, quan, de cop i volta, un Conill Blanc d\u2019ulls rosats li va passar corrent pel costat.<\/em><\/p>\n\n\n\n<p><em>No hi havia res de gaire extraordinari en aquest fet; i l\u2019Al\u00edcia tampoc no va trobar gaire estrany que el Conill digu\u00e9s a mitja veu: \u00ab\u00d2ndia, \u00f2ndia, arribar\u00e9 massa tard!\u00bb&#8230;\u201d (1)<\/em><\/p>\n\n\n\n<p class=\"has-small-font-size\"><strong>(Il\u00b7lustraci\u00f3 original de <a href=\"https:\/\/es.wikipedia.org\/wiki\/John_Tenniel\">John Tenniel<\/a> per a la primera edici\u00f3 de l&#8217;obra)<\/strong><\/p>\n<\/div><\/div>\n\n\n<p>El diaca i professor de matem\u00e0tiques Charles Lutwidge Dodgson (1832-1898), m\u00e9s conegut pel pseud\u00f2nim de <strong>Lewis Carroll<\/strong>, va publicar el 1865 el conte titulat <a href=\"https:\/\/bibcercador.uab.cat\/permalink\/34CSUC_UAB\/1eqfv2p\/alma991002865349706709\" target=\"_blank\" rel=\"noopener\"><strong>Alice\u2019s Adventures in Wonderland<\/strong><\/a>. I tot i estar farcit d\u2019al\u00b7lusions sat\u00edriques sobre els seus amics, l\u2019educaci\u00f3 de l\u2019\u00e8poca i la pol\u00edtica, el <em>Pa\u00eds de les Meravelles<\/em> que es descriu a la hist\u00f2ria est\u00e0 creat b\u00e0sicament a trav\u00e9s de jocs i recreacions directament emparentades amb la l\u00f2gica matem\u00e0tica.<\/p>\n<p>En el 150\u00e8 aniversari de la seva publicaci\u00f3, la Biblioteca vol destacar la rellev\u00e0ncia d\u2019aquesta obra liter\u00e0ria a partir de tres eixos principals:<\/p>\n<p><a href=\"https:\/\/webs.uab.cat\/cienciaxllegir\/la-ciencia-dalicia\/\" target=\"_blank\" rel=\"noopener\"><img loading=\"lazy\" decoding=\"async\" class=\" size-full wp-image-489\" style=\"float: left\" src=\"https:\/\/webs.uab.cat\/cienciaxllegir\/wp-content\/uploads\/sites\/215\/2015\/04\/aliciatema1.jpg\" alt=\"\" width=\"186\" height=\"332\" srcset=\"https:\/\/webs.uab.cat\/cienciaxllegir\/wp-content\/uploads\/sites\/215\/2015\/04\/aliciatema1.jpg 186w, https:\/\/webs.uab.cat\/cienciaxllegir\/wp-content\/uploads\/sites\/215\/2015\/04\/aliciatema1-168x300.jpg 168w\" sizes=\"auto, (max-width: 186px) 100vw, 186px\" \/><\/a> \u00a0<a href=\"https:\/\/webs.uab.cat\/cienciaxllegir\/la-logica-matematica-de-lewis-carroll\/\" target=\"_blank\" rel=\"noopener\"><img loading=\"lazy\" decoding=\"async\" class=\" size-full wp-image-490\" src=\"https:\/\/webs.uab.cat\/cienciaxllegir\/wp-content\/uploads\/sites\/215\/2015\/04\/aliciatema2.jpg\" alt=\"\" width=\"186\" height=\"332\" srcset=\"https:\/\/webs.uab.cat\/cienciaxllegir\/wp-content\/uploads\/sites\/215\/2015\/04\/aliciatema2.jpg 186w, https:\/\/webs.uab.cat\/cienciaxllegir\/wp-content\/uploads\/sites\/215\/2015\/04\/aliciatema2-168x300.jpg 168w\" sizes=\"auto, (max-width: 186px) 100vw, 186px\" \/><\/a> \u00a0<a href=\"https:\/\/webs.uab.cat\/cienciaxllegir\/la-influ\u00e8ncia-posterior-dal\u00edcia\/\" target=\"_blank\" rel=\"noopener\"><img loading=\"lazy\" decoding=\"async\" class=\" size-full wp-image-491\" src=\"https:\/\/webs.uab.cat\/cienciaxllegir\/wp-content\/uploads\/sites\/215\/2015\/04\/aliciatema3.jpg\" alt=\"\" width=\"186\" height=\"332\" srcset=\"https:\/\/webs.uab.cat\/cienciaxllegir\/wp-content\/uploads\/sites\/215\/2015\/04\/aliciatema3.jpg 186w, https:\/\/webs.uab.cat\/cienciaxllegir\/wp-content\/uploads\/sites\/215\/2015\/04\/aliciatema3-168x300.jpg 168w\" sizes=\"auto, (max-width: 186px) 100vw, 186px\" \/><\/a><\/p>\n<p><a href=\"http:\/\/ddd.uab.cat\/record\/258027\" target=\"_blank\" rel=\"noopener\">Trobar\u00e0s la mostra <strong>La ci\u00e8ncia d\u2019Al\u00edcia<\/strong> al hall de la Biblioteca durant tot el mes de maig, en un muntatge ben singular<\/a>.<\/p>\n<p><span style=\"font-size: 12px\">(1) Fragment inicial d\u2019<a href=\"https:\/\/bibcercador.uab.cat\/permalink\/34CSUC_UAB\/avjcib\/alma991003057759706709\" target=\"_blank\" rel=\"noopener\"><strong>Al\u00edcia al pa\u00eds de les meravelles<\/strong><\/a>, de Lewis Carroll.<\/span><\/p>","protected":false},"excerpt":{"rendered":"<p>\u201cL\u2019Al\u00edcia comen\u00e7ava a estar cansada de seure al costat de la seva germana, al marge d\u2019un riu, i de no tenir res a fer; una o dues vegades havia donat un cop d\u2019ull al llibre que llegia la seva germana; per\u00f2 no hi havia dibuixos ni di\u00e0legs. \u00ab\u00bfI de qu\u00e8 serveix un llibre\u00bb, va pensar [&hellip;]<\/p>\n","protected":false},"author":20,"featured_media":0,"parent":0,"menu_order":0,"comment_status":"closed","ping_status":"closed","template":"","meta":{"footnotes":""},"class_list":["post-492","page","type-page","status-publish","hentry"],"_links":{"self":[{"href":"https:\/\/webs.uab.cat\/cienciaxllegir\/wp-json\/wp\/v2\/pages\/492","targetHints":{"allow":["GET"]}}],"collection":[{"href":"https:\/\/webs.uab.cat\/cienciaxllegir\/wp-json\/wp\/v2\/pages"}],"about":[{"href":"https:\/\/webs.uab.cat\/cienciaxllegir\/wp-json\/wp\/v2\/types\/page"}],"author":[{"embeddable":true,"href":"https:\/\/webs.uab.cat\/cienciaxllegir\/wp-json\/wp\/v2\/users\/20"}],"replies":[{"embeddable":true,"href":"https:\/\/webs.uab.cat\/cienciaxllegir\/wp-json\/wp\/v2\/comments?post=492"}],"version-history":[{"count":3,"href":"https:\/\/webs.uab.cat\/cienciaxllegir\/wp-json\/wp\/v2\/pages\/492\/revisions"}],"predecessor-version":[{"id":3893,"href":"https:\/\/webs.uab.cat\/cienciaxllegir\/wp-json\/wp\/v2\/pages\/492\/revisions\/3893"}],"wp:attachment":[{"href":"https:\/\/webs.uab.cat\/cienciaxllegir\/wp-json\/wp\/v2\/media?parent=492"}],"curies":[{"name":"wp","href":"https:\/\/api.w.org\/{rel}","templated":true}]}}