{"id":535,"date":"2015-05-13T20:52:05","date_gmt":"2015-05-13T20:52:05","guid":{"rendered":"https:\/\/webs.uab.cat\/cienciaxllegir\/salvador-macip\/"},"modified":"2025-06-26T16:57:44","modified_gmt":"2025-06-26T16:57:44","slug":"salvador-macip","status":"publish","type":"page","link":"https:\/\/webs.uab.cat\/cienciaxllegir\/salvador-macip\/","title":{"rendered":"Salvador Macip"},"content":{"rendered":"\n<div class=\"wp-block-media-text alignwide is-stacked-on-mobile is-vertically-aligned-top has-blanc-coco-color has-verd-tropic-background-color has-text-color has-background\" style=\"grid-template-columns:20% auto\"><figure class=\"wp-block-media-text__media\"><img loading=\"lazy\" decoding=\"async\" width=\"250\" height=\"250\" src=\"https:\/\/webs.uab.cat\/cienciaxllegir\/wp-content\/uploads\/sites\/215\/2015\/05\/smacipfoto2.jpg\" alt=\"\" class=\"wp-image-534 size-full\" srcset=\"https:\/\/webs.uab.cat\/cienciaxllegir\/wp-content\/uploads\/sites\/215\/2015\/05\/smacipfoto2.jpg 250w, https:\/\/webs.uab.cat\/cienciaxllegir\/wp-content\/uploads\/sites\/215\/2015\/05\/smacipfoto2-150x150.jpg 150w\" sizes=\"auto, (max-width: 250px) 100vw, 250px\" \/><\/figure><div class=\"wp-block-media-text__content\">\n<p class=\"has-small-font-size\"><em>&#8220;El fet de saber com funcionen els nostres gens \u00e9s un dels aven\u00e7os principals que la biomedicina ha fet els darrers anys. Es tracta d\u2019entendre qu\u00e8 decideix que un gen s\u2019expressi en un moment determinat i quina funci\u00f3 tindr\u00e0 la prote\u00efna que es construir\u00e0. Aqu\u00ed hi ha la clau no tan sols del que ens fa humans sin\u00f3 del que ens fa a cadasc\u00fa com som i defineix el nostre estat de salut.&#8221;<\/em><\/p>\n\n\n\n<p class=\"has-verd-tropic-background-color has-background has-small-font-size\">Fragment de la introducci\u00f3 del llibre<br><a href=\"https:\/\/bibcercador.uab.cat\/permalink\/34CSUC_UAB\/1eqfv2p\/alma991001777179706709\" target=\"_blank\" rel=\"noreferrer noopener\">Immortals, sans i perfectes<\/a><\/p>\n<\/div><\/div>\n\n\n\n<p><strong>Salvador Macip i Maresma <\/strong>(Blanes, 1970) \u00e9s metge, cient\u00edfic i escriptor. Es va llicenciar en Medicina per la Universitat de Barcelona, on va comen\u00e7ar la seva carrera cient\u00edfica dins el grup de Gen\u00e8tica Molecular. Va passar nou anys investigant sobre c\u00e0ncer, radicals d\u2019oxigen i envelliment cel\u00b7lular al Departament de Ci\u00e8ncies Oncol\u00f2giques de l\u2019<a href=\"https:\/\/www.mountsinai.org\/\" target=\"_blank\" rel=\"noreferrer noopener\">Hospital Mount Sinai<\/a> de Nova York. Des del 2008 continua la recerca en aquests temes al laboratori que dirigeix al <a href=\"https:\/\/www2.le.ac.uk\/departments\/biochemistry\" target=\"_blank\" rel=\"noreferrer noopener\">Departament de Bioqu\u00edmica a la Universitat de Leicester<\/a> (Regne Unit), on \u00e9s professor en Mecanismes de Mort Cel\u00b7lular. Ha publicat novel\u00b7les, contes infantils, i llibres de divulgaci\u00f3 cient\u00edfica.<\/p>\n\n\n\n<p><strong>M\u00e9s informaci\u00f3:<\/strong><\/p>\n\n\n\n<ul class=\"wp-block-list\">\n<li><a href=\"https:\/\/webs.uab.cat\/cienciaxllegir\/obra-divulgativa-de-salvador-macip\">Obra divulgativa comentada<\/a><\/li>\n\n\n\n<li><a rel=\"noreferrer noopener\" href=\"https:\/\/bibcercador.uab.cat\/discovery\/search?query=creator,exact,Macip,%20Salvador,AND&amp;tab=Everything&amp;search_scope=MyInst_and_CI&amp;vid=34CSUC_UAB:VU1&amp;facet=creator,exact,Macip,%20Salvador&amp;facet=rtype,include,books&amp;mode=advanced&amp;offset=0\" target=\"_blank\">Salvador Macip<\/a> al nostre cat\u00e0leg<\/li>\n\n\n\n<li><a rel=\"noreferrer noopener\" href=\"https:\/\/bibcercador.uab.cat\/discovery\/search?query=creator,exact,Macip,%20Salvador,AND&amp;tab=DiscoveryNetwork&amp;search_scope=DiscoveryNetwork&amp;sortby=date_d&amp;vid=34CSUC_UAB:VU1&amp;facet=creator,exact,Macip,%20Salvador&amp;mode=advanced&amp;offset=0\" target=\"_blank\">Salvador Macip<\/a> al cat\u00e0leg col\u00b7lectiu (PUC)<\/li>\n<\/ul>\n\n\n\n<p class=\"has-blanc-coco-color has-text-color\">a<\/p>\n\n\n\n<ul class=\"wp-block-list\">\n<li><a href=\"https:\/\/ca.wikipedia.org\/wiki\/Salvador_Macip_i_Maresma\" target=\"_blank\" rel=\"noreferrer noopener\">Biografia<\/a> (segons Viquip\u00e8dia)<\/li>\n\n\n\n<li><a href=\"https:\/\/le.ac.uk\/people\/salvador-macip\" target=\"_blank\" rel=\"noreferrer noopener\">Perfil professional<\/a> (de la University of Leicester)<\/li>\n\n\n\n<li><a href=\"https:\/\/www.macip.org\/macip\/\" target=\"_blank\" rel=\"noreferrer noopener\">P\u00e0gina web personal<\/a><\/li>\n\n\n\n<li><a href=\"https:\/\/bloguejat.blogspot.com.es\/\" target=\"_blank\" rel=\"noreferrer noopener\"><em>bloGuejat<\/em><\/a> (bloc personal)<\/li>\n\n\n\n<li><a href=\"https:\/\/inmortalesyperfectos.blogspot.com.es\/\" target=\"_blank\" rel=\"noreferrer noopener\"><em>Inmortales y perfectos<\/em><\/a> (bloc de divulgaci\u00f3 biom\u00e8dica)<\/li>\n\n\n\n<li><a href=\"https:\/\/ca-es.facebook.com\/DrMacip\" target=\"_blank\" rel=\"noreferrer noopener\">Perfil de Facebook<\/a><\/li>\n\n\n\n<li><a href=\"https:\/\/bsky.app\/profile\/macips01.bsky.social\" target=\"_blank\" rel=\"noreferrer noopener\">Perfil de Bluesky<\/a><\/li>\n\n\n\n<li><a href=\"https:\/\/twitter.com\/drmacip\" target=\"_blank\" rel=\"noreferrer noopener\">Perfil de Twitter<\/a> (en castell\u00e0)<\/li>\n\n\n\n<li><a href=\"https:\/\/twitter.com\/macips01\" target=\"_blank\" rel=\"noreferrer noopener\">Perfil de Twitter<\/a> (en catal\u00e0)<\/li>\n<\/ul>\n","protected":false},"excerpt":{"rendered":"<p>&#8220;El fet de saber com funcionen els nostres gens \u00e9s un dels aven\u00e7os principals que la biomedicina ha fet els darrers anys. Es tracta d\u2019entendre qu\u00e8 decideix que un gen s\u2019expressi en un moment determinat i quina funci\u00f3 tindr\u00e0 la prote\u00efna que es construir\u00e0. Aqu\u00ed hi ha la clau no tan sols del que ens [&hellip;]<\/p>\n","protected":false},"author":20,"featured_media":0,"parent":0,"menu_order":0,"comment_status":"closed","ping_status":"closed","template":"","meta":{"footnotes":""},"class_list":["post-535","page","type-page","status-publish","hentry"],"_links":{"self":[{"href":"https:\/\/webs.uab.cat\/cienciaxllegir\/wp-json\/wp\/v2\/pages\/535","targetHints":{"allow":["GET"]}}],"collection":[{"href":"https:\/\/webs.uab.cat\/cienciaxllegir\/wp-json\/wp\/v2\/pages"}],"about":[{"href":"https:\/\/webs.uab.cat\/cienciaxllegir\/wp-json\/wp\/v2\/types\/page"}],"author":[{"embeddable":true,"href":"https:\/\/webs.uab.cat\/cienciaxllegir\/wp-json\/wp\/v2\/users\/20"}],"replies":[{"embeddable":true,"href":"https:\/\/webs.uab.cat\/cienciaxllegir\/wp-json\/wp\/v2\/comments?post=535"}],"version-history":[{"count":3,"href":"https:\/\/webs.uab.cat\/cienciaxllegir\/wp-json\/wp\/v2\/pages\/535\/revisions"}],"predecessor-version":[{"id":4028,"href":"https:\/\/webs.uab.cat\/cienciaxllegir\/wp-json\/wp\/v2\/pages\/535\/revisions\/4028"}],"wp:attachment":[{"href":"https:\/\/webs.uab.cat\/cienciaxllegir\/wp-json\/wp\/v2\/media?parent=535"}],"curies":[{"name":"wp","href":"https:\/\/api.w.org\/{rel}","templated":true}]}}