{"id":548,"date":"2015-05-15T13:32:30","date_gmt":"2015-05-15T13:32:30","guid":{"rendered":"https:\/\/webs.uab.cat\/cienciaxllegir\/juli-pereto\/"},"modified":"2023-06-13T15:44:30","modified_gmt":"2023-06-13T15:44:30","slug":"juli-pereto","status":"publish","type":"page","link":"https:\/\/webs.uab.cat\/cienciaxllegir\/juli-pereto\/","title":{"rendered":"Juli Peret\u00f3"},"content":{"rendered":"\n<div class=\"wp-block-media-text alignwide is-stacked-on-mobile is-vertically-aligned-top has-blanc-coco-color has-verd-tropic-background-color has-text-color has-background\" style=\"grid-template-columns:20% auto\"><figure class=\"wp-block-media-text__media\"><img loading=\"lazy\" decoding=\"async\" width=\"250\" height=\"250\" src=\"https:\/\/webs.uab.cat\/cienciaxllegir\/wp-content\/uploads\/sites\/215\/2020\/04\/jperetofoto2.jpg\" alt=\"jperetofoto2\" class=\"wp-image-549 size-full\" srcset=\"https:\/\/webs.uab.cat\/cienciaxllegir\/wp-content\/uploads\/sites\/215\/2020\/04\/jperetofoto2.jpg 250w, https:\/\/webs.uab.cat\/cienciaxllegir\/wp-content\/uploads\/sites\/215\/2020\/04\/jperetofoto2-150x150.jpg 150w\" sizes=\"auto, (max-width: 250px) 100vw, 250px\" \/><\/figure><div class=\"wp-block-media-text__content\">\n<p class=\"has-blanc-coco-color has-verd-tropic-background-color has-text-color has-background has-small-font-size\"><em>&#8220;La idea central fou aplegar diversos especialistes d\u2019arreu els Pa\u00efsos Catalans per tal de respondre cient\u00edficament preguntes cl\u00e0ssiques i antigues, q\u00fcestions centrals formulades pel cervell hum\u00e0 potser des del mateix principi de la seua pr\u00f2pia exist\u00e8ncia: qui som? d\u2019on venim? Hi ha sens dubte una tend\u00e8ncia natural a preguntar-nos sobre el nostre origen, que troba una extensi\u00f3 l\u00f2gica en demanar-nos per l\u2019origen de la vida, del planeta, de l\u2019Univers.&#8221;<\/em><\/p>\n\n\n\n<p class=\"has-small-font-size\">Fragment del pr\u00f2leg del llibre<br><a href=\"https:\/\/cataleg.uab.cat\/iii\/encore\/record\/C__Rb1358967?lang=cat\" target=\"_blank\" rel=\"noreferrer noopener\">Els or\u00edgens<\/a><\/p>\n<\/div><\/div>\n\n\n\n<p><strong>Juli G. Peret\u00f3 i Magraner <\/strong>(1958) \u00e9s doctor en Ci\u00e8ncies Bioqu\u00edmiques i professor titular a l\u2019<a href=\"http:\/\/www.uv.es\/uvweb\/institut-universitari-cavanilles-biodiversitat-biologia\/ca\/institut-cavanilles-biodiversitat-biologia-evolutiva-1285893448913.html\" target=\"_blank\" rel=\"noreferrer noopener\">Institut Cavanilles de Biodiversitat i Biologia Evolutiva<\/a> de la Universitat de Val\u00e8ncia. Es tamb\u00e9 membre titular de la <a href=\"http:\/\/www.iec.cat\/institucio\/entrada.asp?c_epigraf_num=50014\" target=\"_blank\" rel=\"noreferrer noopener\">Secci\u00f3 de Ci\u00e8ncies Biol\u00f2giques de l\u2019Institut d\u2019Estudis Catalans<\/a> (IEC) i de la <a href=\"http:\/\/www.sebbm.es\/\" target=\"_blank\" rel=\"noreferrer noopener\">Sociedad Espa\u00f1ola de Bioqu\u00edmica y Biolog\u00eda Molecular<\/a> (SEBBM). Ha impulsat la creaci\u00f3 de diversos instituts d\u2019investigaci\u00f3 de prestigi internacional i ha estat secretari de la <a href=\"http:\/\/issol.org\/\" target=\"_blank\" rel=\"noreferrer noopener\">International Society for the Study of the Origin of Life<\/a> (ISSOL-The International Astrobiology Society). La seva l\u00ednia de recerca est\u00e0 relacionada amb l\u2019origen i l\u2019evoluci\u00f3 primerenca de l\u2019exist\u00e8ncia, el desenvolupament simbiogen\u00e8tic de les vies metab\u00f2liques i la hist\u00f2ria sobre l\u2019origen natural i la s\u00edntesi artificial de la vida. Ha publicat nombrosos articles de divulgaci\u00f3 cient\u00edfica i s\u2019ha encarregat de tenir curar de algunes de les <a href=\"http:\/\/publicacions.iec.cat\/X.do?moduleName=coleccions_bibliografiques&amp;subModuleName=&amp;method=start&amp;LIST.ID=COLLECCIONS_CATALOGRAFIQUES&amp;idColleccio=73\" target=\"_blank\" rel=\"noreferrer noopener\">Monografies de les Seccions de Ci\u00e8ncies<\/a> de l\u2019IEC.<\/p>\n\n\n\n<p><strong>M\u00e9s informaci\u00f3:<\/strong><\/p>\n\n\n\n<ul class=\"wp-block-list\">\n<li><a href=\"http:\/\/webs.uab.cat\/cienciaxllegir\/obra-divulgativa-de-juli-pereto\">Obra divulgativa comentada<\/a><\/li>\n\n\n\n<li><a href=\"https:\/\/bibcercador.uab.cat\/discovery\/search?query=any,contains,Juli%20G.%20Peret%C3%B3%20i%20Magraner&amp;tab=Everything&amp;search_scope=MyInst_and_CI&amp;vid=34CSUC_UAB:VU1&amp;facet=creator,include,Peret%C3%B3,%20Juli%20G.&amp;facet=rtype,include,books&amp;offset=0\" target=\"_blank\" rel=\"noreferrer noopener\">Juli Peret\u00f3<\/a> al nostre cat\u00e0leg<\/li>\n\n\n\n<li><a href=\"https:\/\/bibcercador.uab.cat\/discovery\/search?query=any,contains,Juli%20G.%20Peret%C3%B3%20i%20Magraner&amp;tab=DiscoveryNetwork&amp;search_scope=DiscoveryNetwork&amp;vid=34CSUC_UAB:VU1&amp;facet=creator,include,Peret%C3%B3,%20Juli%20G.&amp;facet=rtype,include,books&amp;offset=0\" target=\"_blank\" rel=\"noreferrer noopener\">Juli Peret\u00f3<\/a> al cat\u00e0leg col\u00b7lectiu (PUC)<\/li>\n<\/ul>\n\n\n\n<p class=\"has-blanc-coco-color has-text-color\">a<\/p>\n\n\n\n<ul class=\"wp-block-list\">\n<li><a href=\"http:\/\/www.uv.es\/pereto\/\" target=\"_blank\" rel=\"noreferrer noopener\">Perfil biogr\u00e0fic i professional<\/a> (de la Univ. de Val\u00e8ncia)<\/li>\n\n\n\n<li><a href=\"http:\/\/blocs.mesvilaweb.cat\/pereto\/\" target=\"_blank\" rel=\"noreferrer noopener\">El buit del temps<\/a> (bloc personal)<\/li>\n\n\n\n<li><a href=\"https:\/\/twitter.com\/julipereto\" target=\"_blank\" rel=\"noreferrer noopener\">Perfil de Twitter<\/a><\/li>\n<\/ul>\n","protected":false},"excerpt":{"rendered":"<p>&#8220;La idea central fou aplegar diversos especialistes d\u2019arreu els Pa\u00efsos Catalans per tal de respondre cient\u00edficament preguntes cl\u00e0ssiques i antigues, q\u00fcestions centrals formulades pel cervell hum\u00e0 potser des del mateix principi de la seua pr\u00f2pia exist\u00e8ncia: qui som? d\u2019on venim? Hi ha sens dubte una tend\u00e8ncia natural a preguntar-nos sobre el nostre origen, que troba [&hellip;]<\/p>\n","protected":false},"author":20,"featured_media":0,"parent":0,"menu_order":0,"comment_status":"closed","ping_status":"closed","template":"","meta":{"footnotes":""},"class_list":["post-548","page","type-page","status-publish","hentry"],"_links":{"self":[{"href":"https:\/\/webs.uab.cat\/cienciaxllegir\/wp-json\/wp\/v2\/pages\/548","targetHints":{"allow":["GET"]}}],"collection":[{"href":"https:\/\/webs.uab.cat\/cienciaxllegir\/wp-json\/wp\/v2\/pages"}],"about":[{"href":"https:\/\/webs.uab.cat\/cienciaxllegir\/wp-json\/wp\/v2\/types\/page"}],"author":[{"embeddable":true,"href":"https:\/\/webs.uab.cat\/cienciaxllegir\/wp-json\/wp\/v2\/users\/20"}],"replies":[{"embeddable":true,"href":"https:\/\/webs.uab.cat\/cienciaxllegir\/wp-json\/wp\/v2\/comments?post=548"}],"version-history":[{"count":4,"href":"https:\/\/webs.uab.cat\/cienciaxllegir\/wp-json\/wp\/v2\/pages\/548\/revisions"}],"predecessor-version":[{"id":3001,"href":"https:\/\/webs.uab.cat\/cienciaxllegir\/wp-json\/wp\/v2\/pages\/548\/revisions\/3001"}],"wp:attachment":[{"href":"https:\/\/webs.uab.cat\/cienciaxllegir\/wp-json\/wp\/v2\/media?parent=548"}],"curies":[{"name":"wp","href":"https:\/\/api.w.org\/{rel}","templated":true}]}}