{"id":576,"date":"2015-05-19T15:48:07","date_gmt":"2015-05-19T15:48:07","guid":{"rendered":"https:\/\/webs.uab.cat\/cienciaxllegir\/claudi-mans\/"},"modified":"2023-06-08T14:22:07","modified_gmt":"2023-06-08T14:22:07","slug":"claudi-mans","status":"publish","type":"page","link":"https:\/\/webs.uab.cat\/cienciaxllegir\/claudi-mans\/","title":{"rendered":"Claudi Mans"},"content":{"rendered":"\n<div class=\"wp-block-media-text alignwide is-stacked-on-mobile has-blanc-coco-color has-verd-tropic-background-color has-text-color has-background\" style=\"grid-template-columns:20% auto\"><figure class=\"wp-block-media-text__media\"><img loading=\"lazy\" decoding=\"async\" width=\"250\" height=\"250\" src=\"https:\/\/webs.uab.cat\/cienciaxllegir\/wp-content\/uploads\/sites\/215\/2015\/05\/claudimans_fot2.jpg\" alt=\"\" class=\"wp-image-575 size-full\" srcset=\"https:\/\/webs.uab.cat\/cienciaxllegir\/wp-content\/uploads\/sites\/215\/2015\/05\/claudimans_fot2.jpg 250w, https:\/\/webs.uab.cat\/cienciaxllegir\/wp-content\/uploads\/sites\/215\/2015\/05\/claudimans_fot2-150x150.jpg 150w\" sizes=\"auto, (max-width: 250px) 100vw, 250px\" \/><\/figure><div class=\"wp-block-media-text__content\">\n<p class=\"has-blanc-coco-color has-verd-tropic-background-color has-text-color has-background has-small-font-size\"><em>&#8220;La ci\u00e8ncia i l\u2019art sempre han estat junts, directa o indirectament, com la ci\u00e8ncia i la cuina, o la ci\u00e8ncia i la cosm\u00e8tica: no cal que els pintors, ni els cuiners, ni els\/les esteticiens siguin qu\u00edmics, per\u00f2 els productes que usen, o els processos en qu\u00e8 es basen tenen explicaci\u00f3 o origen en la qu\u00edmica. La caracteritzaci\u00f3 i la restauraci\u00f3 d\u2019obres d\u2019art en l\u2019actualitat seria impensable sense la ci\u00e8ncia.&#8221;<\/em><\/p>\n\n\n\n<p class=\"has-small-font-size\">Fragment a l&#8217;entrada del seu bloc personal<br><a href=\"https:\/\/cmans.wordpress.com\/2014\/09\/01\/pintar-fa-mil-anys\/\" target=\"_blank\" rel=\"noreferrer noopener\">Pintar fa mil anys<\/a><\/p>\n<\/div><\/div>\n\n\n\n<p><strong>Claudi Mans i Teixid\u00f3 <\/strong>(Badalona, 1948) \u00e9s Doctor en Qu\u00edmica per la Universitat de Barcelona (1974). Ha estat catedr\u00e0tic d\u2019Enginyeria Qu\u00edmica i col\u00b7laborador del Campus de l\u2019Alimentaci\u00f3 de Torribera, de la Universitat de Barcelona. Actualment n\u2019\u00e9s professor em\u00e8rit.&nbsp; Ha fet recerca en did\u00e0ctica i divulgaci\u00f3 de la ci\u00e8ncia. I col\u00b7labora habitualment a les revistes <em>Not\u00edcies per a Qu\u00edmics<\/em>, <em>Revista de la Societat Catalana de Qu\u00edmica<\/em>, <em>Educaci\u00f3 en Qu\u00edmica<\/em>, <em>Qu\u00edmica e Industria<\/em>, <em>TotCETT, DaualDeu.<\/em><\/p>\n\n\n\n<p><strong>M\u00e9s informaci\u00f3:<\/strong><\/p>\n\n\n\n<ul class=\"wp-block-list\">\n<li><a href=\"https:\/\/webs.uab.cat\/cienciaxllegir\/obra-divulgativa-de-claudi-mans\">Obra divulgativa comentada<\/a><\/li>\n\n\n\n<li><a rel=\"noreferrer noopener\" href=\"https:\/\/bibcercador.uab.cat\/discovery\/search?query=creator,exact,Mans%20Teixid%C3%B3,%20Claudi,AND&amp;tab=Everything&amp;search_scope=MyInst_and_CI&amp;sortby=date_d&amp;vid=34CSUC_UAB:VU1&amp;facet=creator,exact,Mans%20Teixid%C3%B3,%20Claudi&amp;mode=advanced&amp;offset=0&amp;came_from=sort\" target=\"_blank\">Claudi Mans<\/a> al nostre cat\u00e0leg<\/li>\n\n\n\n<li><a rel=\"noreferrer noopener\" href=\"https:\/\/bibcercador.uab.cat\/discovery\/search?query=creator,exact,Mans%20Teixid%C3%B3,%20Claudi,AND&amp;tab=DiscoveryNetwork&amp;search_scope=DiscoveryNetwork&amp;sortby=date_d&amp;vid=34CSUC_UAB:VU1&amp;facet=creator,exact,Mans%20Teixid%C3%B3,%20Claudi&amp;mode=advanced&amp;offset=0&amp;came_from=sort\" target=\"_blank\">Claudi Mans<\/a> al cat\u00e0leg col\u00b7lectiu (PUC)<\/li>\n<\/ul>\n\n\n\n<p class=\"has-blanc-coco-color has-text-color\">a<\/p>\n\n\n\n<ul class=\"wp-block-list\">\n<li><a href=\"https:\/\/cmans.wordpress.com\/curriculum-2\/\" target=\"_blank\" rel=\"noreferrer noopener\">Biografia<\/a><\/li>\n\n\n\n<li><a href=\"https:\/\/twitter.com\/claudimans\" target=\"_blank\" rel=\"noreferrer noopener\">Perfil de Twitter<\/a><\/li>\n\n\n\n<li><a href=\"https:\/\/cmans.wordpress.com\/\" target=\"_blank\" rel=\"noreferrer noopener\">Bloc personal<\/a><\/li>\n\n\n\n<li><a href=\"https:\/\/www.enciclopedia.cat\/divulcat\/Claudi-Mans-i-Teixido\" target=\"_blank\" rel=\"noreferrer noopener\">&#8216;Qu\u00edmica, naturalment&#8217;<\/a> (espai de divulgaci\u00f3 al portal <strong>DIVULCAT.cat<\/strong>)<\/li>\n\n\n\n<li><a href=\"https:\/\/www.investigacionyciencia.es\/blogs\/fisica-y-quimica\/24\/posts\" target=\"_blank\" rel=\"noreferrer noopener\">&#8216;Artificial, naturalmente&#8217;<\/a> (espai de divulgaci\u00f3 al bloc de la revista <strong>Investigaci\u00f3n y Ciencia<\/strong>)<\/li>\n\n\n\n<li><a href=\"https:\/\/alicies.wordpress.com\/\" target=\"_blank\" rel=\"noreferrer noopener\">&#8216;Al\u00edcies&#8217;<\/a> (bloc sobre la seva col\u00b7lecci\u00f3 de llibres de Lewis Carroll, i molt m\u00e9s)<\/li>\n<\/ul>\n","protected":false},"excerpt":{"rendered":"<p>&#8220;La ci\u00e8ncia i l\u2019art sempre han estat junts, directa o indirectament, com la ci\u00e8ncia i la cuina, o la ci\u00e8ncia i la cosm\u00e8tica: no cal que els pintors, ni els cuiners, ni els\/les esteticiens siguin qu\u00edmics, per\u00f2 els productes que usen, o els processos en qu\u00e8 es basen tenen explicaci\u00f3 o origen en la qu\u00edmica. [&hellip;]<\/p>\n","protected":false},"author":20,"featured_media":0,"parent":0,"menu_order":0,"comment_status":"closed","ping_status":"closed","template":"","meta":{"footnotes":""},"class_list":["post-576","page","type-page","status-publish","hentry"],"_links":{"self":[{"href":"https:\/\/webs.uab.cat\/cienciaxllegir\/wp-json\/wp\/v2\/pages\/576","targetHints":{"allow":["GET"]}}],"collection":[{"href":"https:\/\/webs.uab.cat\/cienciaxllegir\/wp-json\/wp\/v2\/pages"}],"about":[{"href":"https:\/\/webs.uab.cat\/cienciaxllegir\/wp-json\/wp\/v2\/types\/page"}],"author":[{"embeddable":true,"href":"https:\/\/webs.uab.cat\/cienciaxllegir\/wp-json\/wp\/v2\/users\/20"}],"replies":[{"embeddable":true,"href":"https:\/\/webs.uab.cat\/cienciaxllegir\/wp-json\/wp\/v2\/comments?post=576"}],"version-history":[{"count":3,"href":"https:\/\/webs.uab.cat\/cienciaxllegir\/wp-json\/wp\/v2\/pages\/576\/revisions"}],"predecessor-version":[{"id":2759,"href":"https:\/\/webs.uab.cat\/cienciaxllegir\/wp-json\/wp\/v2\/pages\/576\/revisions\/2759"}],"wp:attachment":[{"href":"https:\/\/webs.uab.cat\/cienciaxllegir\/wp-json\/wp\/v2\/media?parent=576"}],"curies":[{"name":"wp","href":"https:\/\/api.w.org\/{rel}","templated":true}]}}