{"id":579,"date":"2015-05-19T17:46:57","date_gmt":"2015-05-19T17:46:57","guid":{"rendered":"https:\/\/webs.uab.cat\/cienciaxllegir\/marti-boada\/"},"modified":"2023-05-29T14:57:51","modified_gmt":"2023-05-29T14:57:51","slug":"marti-boada","status":"publish","type":"page","link":"https:\/\/webs.uab.cat\/cienciaxllegir\/marti-boada\/","title":{"rendered":"Mart\u00ed Boada"},"content":{"rendered":"\n<div class=\"wp-block-media-text alignwide is-stacked-on-mobile has-blanc-coco-color has-verd-tropic-background-color has-text-color has-background\" style=\"grid-template-columns:18% auto\"><figure class=\"wp-block-media-text__media\"><img loading=\"lazy\" decoding=\"async\" width=\"250\" height=\"250\" src=\"https:\/\/webs.uab.cat\/cienciaxllegir\/wp-content\/uploads\/sites\/215\/2015\/05\/mboadafoto2.jpg\" alt=\"\" class=\"wp-image-578 size-full\" srcset=\"https:\/\/webs.uab.cat\/cienciaxllegir\/wp-content\/uploads\/sites\/215\/2015\/05\/mboadafoto2.jpg 250w, https:\/\/webs.uab.cat\/cienciaxllegir\/wp-content\/uploads\/sites\/215\/2015\/05\/mboadafoto2-150x150.jpg 150w\" sizes=\"auto, (max-width: 250px) 100vw, 250px\" \/><\/figure><div class=\"wp-block-media-text__content\">\n<p class=\"has-small-font-size\"><em>&#8220;Creiem que sense abdicar de cap de les maneres del rigor cient\u00edfic, hem d&#8217;intentar d&#8217;acostar-nos cap al coneixement de la natura a trav\u00e9s de la motivaci\u00f3 \u00e0mplia: les plantes no s\u00f3n bot\u00e0nica estricta, hi ha una dimensi\u00f3 social que t\u00e9 a veure amb les formes culturals d&#8217;apropar-se a elles.&#8221;<\/em><\/p>\n\n\n\n<p class=\"has-small-font-size\">Fragment de la presentaci\u00f3 del llibre<br><a href=\"https:\/\/bibcercador.uab.cat\/permalink\/34CSUC_UAB\/1eqfv2p\/alma991005602039706709\" target=\"_blank\" rel=\"noreferrer noopener\">Els fruits silvestres<\/a><\/p>\n<\/div><\/div>\n\n\n\n<p><strong>Mart\u00ed Boada i Junc\u00e0 <\/strong>(Sant Celoni, 1949) \u00e9s doctor en Ci\u00e8ncies Ambientals, professor titular del Departament de Geografia i investigador de l\u2019Institut de Ci\u00e8ncia i Tecnologia Ambiental de la UAB.&nbsp; \u00c9s pioner a Catalunya en l\u2019\u00e0mbit de l\u2019educaci\u00f3 ambiental que inicia en el Parc Natural del Montseny i que ha continuat en altres contextos com programes de televisi\u00f3 o en projectes muse\u00edstics (<a href=\"https:\/\/www.santceloni.cat\/document.php?id=3672\" target=\"_blank\" rel=\"noreferrer noopener\">Museu del&nbsp; Bosc<\/a>).&nbsp; Entre els molts premis que ha rebut, destaquem la Creu de Sant Jordi (1999) i el Premi Nacional de Medi Ambient (2004).<\/p>\n\n\n\n<p><strong>M\u00e9s informaci\u00f3:<\/strong><\/p>\n\n\n\n<ul class=\"wp-block-list\"><li><a href=\"https:\/\/webs.uab.cat\/cienciaxllegir\/obra-divulgativa-de-marti-boada\">Obra divulgativa comentada<\/a><\/li><li><a rel=\"noreferrer noopener\" href=\"https:\/\/bibcercador.uab.cat\/discovery\/search?query=creator,exact,Boada,%20Mart%C3%AD,AND&amp;tab=Everything&amp;search_scope=MyInst_and_CI&amp;sortby=date_d&amp;vid=34CSUC_UAB:VU1&amp;facet=creator,exact,Boada,%20Mart%C3%AD&amp;mode=advanced&amp;offset=0&amp;came_from=sort\" target=\"_blank\">Mart\u00ed Boada<\/a> al nostre cat\u00e0leg<\/li><li><a rel=\"noreferrer noopener\" href=\"https:\/\/bibcercador.uab.cat\/discovery\/search?query=creator,exact,Boada,%20Mart%C3%AD,AND&amp;search_scope=DiscoveryNetwork&amp;sortby=date_d&amp;vid=34CSUC_UAB:VU1&amp;facet=creator,exact,Boada,%20Mart%C3%AD&amp;mode=advanced&amp;came_from=sort\" target=\"_blank\">Mart\u00ed Boada<\/a> al cat\u00e0leg col\u00b7lectiu (PUC)<\/li><\/ul>\n\n\n\n<p class=\"has-blanc-coco-color has-text-color\">a<\/p>\n\n\n\n<ul class=\"wp-block-list\"><li><a href=\"https:\/\/ca.wikipedia.org\/wiki\/Mart%C3%AD_Boada_i_Junc%C3%A0\" target=\"_blank\" rel=\"noreferrer noopener\">Biografia<\/a> (segons Viquip\u00e8dia)<\/li><li><a href=\"https:\/\/twitter.com\/MartiBoada\" target=\"_blank\" rel=\"noreferrer noopener\">Perfil de Twitter<\/a><\/li><li><a href=\"https:\/\/www.enciclopedia.cat\/divulcat\/Marti-Boada-Junca\" target=\"_blank\" rel=\"noreferrer noopener\">&#8216;Nycticorax&#8217;<\/a> (espai de divulgaci\u00f3 al portal <strong>DIVULCAT.cat<\/strong>)<\/li><\/ul>\n","protected":false},"excerpt":{"rendered":"<p>&#8220;Creiem que sense abdicar de cap de les maneres del rigor cient\u00edfic, hem d&#8217;intentar d&#8217;acostar-nos cap al coneixement de la natura a trav\u00e9s de la motivaci\u00f3 \u00e0mplia: les plantes no s\u00f3n bot\u00e0nica estricta, hi ha una dimensi\u00f3 social que t\u00e9 a veure amb les formes culturals d&#8217;apropar-se a elles.&#8221; Fragment de la presentaci\u00f3 del llibreEls [&hellip;]<\/p>\n","protected":false},"author":20,"featured_media":0,"parent":0,"menu_order":0,"comment_status":"closed","ping_status":"closed","template":"","meta":{"footnotes":""},"class_list":["post-579","page","type-page","status-publish","hentry"],"_links":{"self":[{"href":"https:\/\/webs.uab.cat\/cienciaxllegir\/wp-json\/wp\/v2\/pages\/579","targetHints":{"allow":["GET"]}}],"collection":[{"href":"https:\/\/webs.uab.cat\/cienciaxllegir\/wp-json\/wp\/v2\/pages"}],"about":[{"href":"https:\/\/webs.uab.cat\/cienciaxllegir\/wp-json\/wp\/v2\/types\/page"}],"author":[{"embeddable":true,"href":"https:\/\/webs.uab.cat\/cienciaxllegir\/wp-json\/wp\/v2\/users\/20"}],"replies":[{"embeddable":true,"href":"https:\/\/webs.uab.cat\/cienciaxllegir\/wp-json\/wp\/v2\/comments?post=579"}],"version-history":[{"count":4,"href":"https:\/\/webs.uab.cat\/cienciaxllegir\/wp-json\/wp\/v2\/pages\/579\/revisions"}],"predecessor-version":[{"id":2316,"href":"https:\/\/webs.uab.cat\/cienciaxllegir\/wp-json\/wp\/v2\/pages\/579\/revisions\/2316"}],"wp:attachment":[{"href":"https:\/\/webs.uab.cat\/cienciaxllegir\/wp-json\/wp\/v2\/media?parent=579"}],"curies":[{"name":"wp","href":"https:\/\/api.w.org\/{rel}","templated":true}]}}