{"id":616,"date":"2016-04-18T20:32:16","date_gmt":"2016-04-18T20:32:16","guid":{"rendered":"https:\/\/webs.uab.cat\/cienciaxllegir\/daniel-closa\/"},"modified":"2025-06-26T16:31:53","modified_gmt":"2025-06-26T16:31:53","slug":"daniel-closa","status":"publish","type":"page","link":"https:\/\/webs.uab.cat\/cienciaxllegir\/daniel-closa\/","title":{"rendered":"Daniel Closa"},"content":{"rendered":"\n<div class=\"wp-block-media-text alignwide is-stacked-on-mobile is-vertically-aligned-top has-blanc-coco-color has-verd-tropic-background-color has-text-color has-background\" style=\"grid-template-columns:18% auto\"><figure class=\"wp-block-media-text__media\"><img loading=\"lazy\" decoding=\"async\" width=\"250\" height=\"250\" src=\"https:\/\/webs.uab.cat\/cienciaxllegir\/wp-content\/uploads\/sites\/215\/2016\/04\/dclosafoto2.jpg\" alt=\"\" class=\"wp-image-615 size-full\" srcset=\"https:\/\/webs.uab.cat\/cienciaxllegir\/wp-content\/uploads\/sites\/215\/2016\/04\/dclosafoto2.jpg 250w, https:\/\/webs.uab.cat\/cienciaxllegir\/wp-content\/uploads\/sites\/215\/2016\/04\/dclosafoto2-150x150.jpg 150w\" sizes=\"auto, (max-width: 250px) 100vw, 250px\" \/><\/figure><div class=\"wp-block-media-text__content\">\n<p><em>&#8220;Per\u00f2 per interessants i fins i tot divertits que siguin els mites, cal recordar que normalment les coses tenen una explicaci\u00f3 que podem con\u00e8ixer. I est\u00e0 b\u00e9 tenir-la present. Si m\u00e9s no, aquest coneixement ens pot ajudar a saber si un menjar realment \u00e9s m\u00e9s o menys saludable, o a no deixar-nos enganyar per la publicitat quan ens ofereixi productes amb unes suposades caracter\u00edstiques de resulten impossibles. I, per descomptat, tamb\u00e9 hi ha el plaer del coneixement perqu\u00e8 s\u00ed. Perqu\u00e8 la realitat, moltes vegades, \u00e9s m\u00e9s interessant que el mateix mite.&#8221;<\/em><\/p>\n\n\n\n<p>Fragment de la introducci\u00f3 del llibre<br><a rel=\"noreferrer noopener\" href=\"https:\/\/bibcercador.uab.cat\/permalink\/34CSUC_UAB\/1eqfv2p\/alma991000835489706709\" target=\"_blank\">100 mites de la ci\u00e8ncia<\/a><\/p>\n<\/div><\/div>\n\n\n\n<p><strong>Daniel Closa i Autet <\/strong>(Barcelona, 1961) \u00e9s bi\u00f2leg i cient\u00edfic titular de l\u2019<a rel=\"noreferrer noopener\" href=\"https:\/\/www.iibb.csic.es\/index.php\" target=\"_blank\">Institut d&#8217;Investigacions Biom\u00e8diques de Barcelona<\/a> (IIBB-CSIC). El seu grup es centra en l\u2019estudi de malalties relacionades amb processos inflamatori i regeneratius i, m\u00e9s concretament, treballa en models experimentals de pancreatitis aguda, c\u00e0ncer de p\u00e0ncrees i fibrosi pulmonar. El 1994 va guanyar el Premi de Novel\u00b7la Cient\u00edfica amb <a rel=\"noreferrer noopener\" href=\"https:\/\/bibcercador.uab.cat\/permalink\/34CSUC_UAB\/1eqfv2p\/alma991003422719706709\" target=\"_blank\">Tots som parents<\/a>, on relatava els anys de joventut d\u2019en Charles Darwin. Tamb\u00e9 ha escrit obres de ficci\u00f3 i diversos llibres de divulgaci\u00f3 cient\u00edfica. I col\u00b7labora en programes de r\u00e0dio i de televisi\u00f3. Fins el 2021 mantenia activament el bloc <strong>Centpeus<\/strong> de divulgaci\u00f3 cient\u00edfica.<\/p>\n\n\n\n<p><strong>M\u00e9s informaci\u00f3:<\/strong><\/p>\n\n\n\n<ul class=\"wp-block-list\">\n<li><a href=\"https:\/\/webs.uab.cat\/cienciaxllegir\/obra-divulgativa-de-daniel-closa\/\">Obra divulgativa comentada<\/a><\/li>\n\n\n\n<li><a rel=\"noreferrer noopener\" href=\"https:\/\/bibcercador.uab.cat\/discovery\/search?query=creator,exact,Closa,%20Daniel,AND&amp;tab=Everything&amp;search_scope=MyInst_and_CI&amp;vid=34CSUC_UAB:VU1&amp;facet=creator,exact,Closa,%20Daniel&amp;facet=rtype,include,books&amp;mode=advanced&amp;offset=0\" target=\"_blank\">Daniel Closa i Autet<\/a> al nostre cat\u00e0leg<\/li>\n\n\n\n<li><a rel=\"noreferrer noopener\" href=\"https:\/\/bibcercador.uab.cat\/discovery\/search?query=creator,exact,Closa,%20Daniel,AND&amp;search_scope=DiscoveryNetwork&amp;sortby=date_d&amp;vid=34CSUC_UAB:VU1&amp;facet=creator,exact,Closa,%20Daniel&amp;mode=advanced&amp;came_from=sort\" target=\"_blank\">Daniel Closa i Autet<\/a> al cat\u00e0leg col\u00b7lectiu (PUC)<\/li>\n<\/ul>\n\n\n\n<p class=\"has-blanc-coco-color has-text-color\">a<\/p>\n\n\n\n<ul class=\"wp-block-list\">\n<li><a rel=\"noreferrer noopener\" href=\"https:\/\/ca.wikipedia.org\/wiki\/Daniel_Closa_i_Autet\" target=\"_blank\">Biografia<\/a> (segons Viquip\u00e8dia)<\/li>\n\n\n\n<li><a href=\"https:\/\/twitter.com\/nielo40?lang=es\" target=\"_blank\" rel=\"noreferrer noopener\">Perfil de Bluesky<\/a><\/li>\n\n\n\n<li><a rel=\"noreferrer noopener\" href=\"https:\/\/www.enciclopedia.cat\/divulcat\/Daniel-Closa-Autet\" target=\"_blank\">&#8216;Medi de cultiu&#8217;<\/a> (espai de divulgaci\u00f3 al portal <strong>DIVULCAT.cat<\/strong>)<\/li>\n<\/ul>\n","protected":false},"excerpt":{"rendered":"<p>&#8220;Per\u00f2 per interessants i fins i tot divertits que siguin els mites, cal recordar que normalment les coses tenen una explicaci\u00f3 que podem con\u00e8ixer. I est\u00e0 b\u00e9 tenir-la present. Si m\u00e9s no, aquest coneixement ens pot ajudar a saber si un menjar realment \u00e9s m\u00e9s o menys saludable, o a no deixar-nos enganyar per la [&hellip;]<\/p>\n","protected":false},"author":20,"featured_media":0,"parent":0,"menu_order":0,"comment_status":"closed","ping_status":"closed","template":"","meta":{"footnotes":""},"class_list":["post-616","page","type-page","status-publish","hentry"],"_links":{"self":[{"href":"https:\/\/webs.uab.cat\/cienciaxllegir\/wp-json\/wp\/v2\/pages\/616","targetHints":{"allow":["GET"]}}],"collection":[{"href":"https:\/\/webs.uab.cat\/cienciaxllegir\/wp-json\/wp\/v2\/pages"}],"about":[{"href":"https:\/\/webs.uab.cat\/cienciaxllegir\/wp-json\/wp\/v2\/types\/page"}],"author":[{"embeddable":true,"href":"https:\/\/webs.uab.cat\/cienciaxllegir\/wp-json\/wp\/v2\/users\/20"}],"replies":[{"embeddable":true,"href":"https:\/\/webs.uab.cat\/cienciaxllegir\/wp-json\/wp\/v2\/comments?post=616"}],"version-history":[{"count":6,"href":"https:\/\/webs.uab.cat\/cienciaxllegir\/wp-json\/wp\/v2\/pages\/616\/revisions"}],"predecessor-version":[{"id":4020,"href":"https:\/\/webs.uab.cat\/cienciaxllegir\/wp-json\/wp\/v2\/pages\/616\/revisions\/4020"}],"wp:attachment":[{"href":"https:\/\/webs.uab.cat\/cienciaxllegir\/wp-json\/wp\/v2\/media?parent=616"}],"curies":[{"name":"wp","href":"https:\/\/api.w.org\/{rel}","templated":true}]}}