{"id":646,"date":"2016-04-20T20:39:51","date_gmt":"2016-04-20T20:39:51","guid":{"rendered":"https:\/\/webs.uab.cat\/cienciaxllegir\/xavier-duran\/"},"modified":"2023-05-30T16:06:19","modified_gmt":"2023-05-30T16:06:19","slug":"xavier-duran","status":"publish","type":"page","link":"https:\/\/webs.uab.cat\/cienciaxllegir\/xavier-duran\/","title":{"rendered":"Xavier Duran"},"content":{"rendered":"\n<div class=\"wp-block-media-text alignwide is-stacked-on-mobile has-blanc-coco-color has-verd-tropic-background-color has-text-color has-background\" style=\"grid-template-columns:21% auto\"><figure class=\"wp-block-media-text__media\"><img loading=\"lazy\" decoding=\"async\" width=\"250\" height=\"250\" src=\"https:\/\/webs.uab.cat\/cienciaxllegir\/wp-content\/uploads\/sites\/215\/2016\/04\/Xduran_foto.jpg\" alt=\"\" class=\"wp-image-645 size-full\" srcset=\"https:\/\/webs.uab.cat\/cienciaxllegir\/wp-content\/uploads\/sites\/215\/2016\/04\/Xduran_foto.jpg 250w, https:\/\/webs.uab.cat\/cienciaxllegir\/wp-content\/uploads\/sites\/215\/2016\/04\/Xduran_foto-150x150.jpg 150w\" sizes=\"auto, (max-width: 250px) 100vw, 250px\" \/><\/figure><div class=\"wp-block-media-text__content\">\n<p class=\"has-small-font-size\"><em>&#8220;No \u00e9s habitual que a la gran hist\u00f2ria hi apareguin cient\u00edfics, i encara menys que es parli de mol\u00e8cules. Per\u00f2 si hem de tenir una visi\u00f3 \u00e0mplia de l\u2019evoluci\u00f3 i les causes dels fets sembla interessant rec\u00f3rrer tamb\u00e9 a la ci\u00e8ncia i, en aquest cas, a la qu\u00edmica. [&#8230;] Aix\u00f2 \u00e9s evident quan s\u2019han descobert o sintetitzat mol\u00e8cules que han perm\u00e8s lluitar contra certes malalties i que han tingut, aix\u00ed, un gran impacte en la hist\u00f2ria. Per\u00f2 tamb\u00e9 n\u2019hi ha de poc conegudes, com ara el paper de la glucosa o l\u2019\u00e0cid asc\u00f2rbic en l\u2019expansi\u00f3 colonial o la influ\u00e8ncia del cautx\u00fa sint\u00e8tic en la Segona Guerra Mundial.&#8221;<\/em><\/p>\n\n\n\n<p class=\"has-small-font-size\">Fragment de la introducci\u00f3 del llibre<br><a href=\"https:\/\/bibcercador.uab.cat\/permalink\/34CSUC_UAB\/1eqfv2p\/alma991004245449706709\" target=\"_blank\" rel=\"noreferrer noopener\">100 mol\u00e8cules amb que la qu\u00edmica ha canviat (poc o molt) la hist\u00f2ria<\/a><\/p>\n<\/div><\/div>\n\n\n\n<p><strong>Xavier Duran i Escrib\u00e0 <\/strong>(Barcelona, 1959) \u00e9s llicenciat en Ci\u00e8ncies Qu\u00edmiques (1982) i doctor en Ci\u00e8ncies de la Comunicaci\u00f3 per la UAB (1997). Del 1999 al 2014 va ser director del programa \u201cEl medi ambient\u201d a TV3. Actualment \u00e9s redactor especialitzat en ci\u00e8ncia i tecnologia als serveis informatius de TV3. Ha estat reconegut amb diferents guardons literaris, com el Premi Europeu de Divulgaci\u00f3 Cient\u00edfica \u201cEstudi General\u201d 1995 amb l\u2019obra <a href=\"https:\/\/bibcercador.uab.cat\/discovery\/search?query=any,contains,cervell%20poliedric%20duran&amp;tab=Everything&amp;search_scope=MyInst_and_CI&amp;sortby=date_d&amp;vid=34CSUC_UAB:VU1&amp;facet=frbrgroupid,include,9045517645267484093&amp;offset=0\" target=\"_blank\" rel=\"noreferrer noopener\">El cervell poli\u00e8dric<\/a>. I el 2016 ha rebut el premi Cr\u00edtica \u201cSerra d\u2019Or\u201d de Recerca (Altres ci\u00e8ncies) per l\u2019assaig <a href=\"https:\/\/bibcercador.uab.cat\/permalink\/34CSUC_UAB\/1eqfv2p\/alma991006130129706709\" target=\"_blank\" rel=\"noreferrer noopener\">La ci\u00e8ncia en la literatura<\/a>.<\/p>\n\n\n\n<p><strong>M\u00e9s informaci\u00f3:<\/strong><\/p>\n\n\n\n<ul class=\"wp-block-list\"><li><a href=\"https:\/\/webs.uab.cat\/cienciaxllegir\/obra-divulgativa-de-xavier-duran\">Obra divulgativa comentada<\/a><\/li><li><a rel=\"noreferrer noopener\" href=\"https:\/\/bibcercador.uab.cat\/discovery\/search?query=creator,exact,Duran,%20Xavier,AND&amp;tab=Everything&amp;search_scope=MyInst_and_CI&amp;sortby=date_d&amp;vid=34CSUC_UAB:VU1&amp;facet=creator,exact,Duran,%20Xavier&amp;mode=advanced&amp;offset=0\" target=\"_blank\">Xavier Duran<\/a> al nostre cat\u00e0leg<\/li><li><a rel=\"noreferrer noopener\" href=\"https:\/\/bibcercador.uab.cat\/discovery\/search?query=creator,exact,Duran,%20Xavier,AND&amp;tab=DiscoveryNetwork&amp;search_scope=DiscoveryNetwork&amp;sortby=date_d&amp;vid=34CSUC_UAB:VU1&amp;facet=creator,exact,Duran,%20Xavier&amp;mode=advanced&amp;offset=0\" target=\"_blank\">Xavier Duran<\/a> al cat\u00e0leg col\u00b7lectiu (PUC)<\/li><\/ul>\n\n\n\n<p class=\"has-blanc-coco-color has-text-color\">a<\/p>\n\n\n\n<ul class=\"wp-block-list\"><li><a href=\"https:\/\/ca.wikipedia.org\/wiki\/Xavier_Duran_i_Escrib%C3%A0\" target=\"_blank\" rel=\"noreferrer noopener\">Perfil biogr\u00e0fic<\/a> (Viquip\u00e8dia)<\/li><li><a href=\"https:\/\/twitter.com\/xduran_e?lang=es\" target=\"_blank\" rel=\"noreferrer noopener\">Perfil de Twitter<\/a><\/li><li><a href=\"https:\/\/www.enciclopedia.cat\/divulcat\/Xavier-Duran\" target=\"_blank\" rel=\"noreferrer noopener\">&#8216;Tub d&#8217;assaig&#8217;<\/a> (espai de divulgaci\u00f3 al portal <strong>DIVULCAT.cat<\/strong>)<\/li><\/ul>\n","protected":false},"excerpt":{"rendered":"<p>&#8220;No \u00e9s habitual que a la gran hist\u00f2ria hi apareguin cient\u00edfics, i encara menys que es parli de mol\u00e8cules. Per\u00f2 si hem de tenir una visi\u00f3 \u00e0mplia de l\u2019evoluci\u00f3 i les causes dels fets sembla interessant rec\u00f3rrer tamb\u00e9 a la ci\u00e8ncia i, en aquest cas, a la qu\u00edmica. [&#8230;] Aix\u00f2 \u00e9s evident quan s\u2019han descobert [&hellip;]<\/p>\n","protected":false},"author":20,"featured_media":0,"parent":0,"menu_order":0,"comment_status":"closed","ping_status":"closed","template":"","meta":{"footnotes":""},"class_list":["post-646","page","type-page","status-publish","hentry"],"_links":{"self":[{"href":"https:\/\/webs.uab.cat\/cienciaxllegir\/wp-json\/wp\/v2\/pages\/646","targetHints":{"allow":["GET"]}}],"collection":[{"href":"https:\/\/webs.uab.cat\/cienciaxllegir\/wp-json\/wp\/v2\/pages"}],"about":[{"href":"https:\/\/webs.uab.cat\/cienciaxllegir\/wp-json\/wp\/v2\/types\/page"}],"author":[{"embeddable":true,"href":"https:\/\/webs.uab.cat\/cienciaxllegir\/wp-json\/wp\/v2\/users\/20"}],"replies":[{"embeddable":true,"href":"https:\/\/webs.uab.cat\/cienciaxllegir\/wp-json\/wp\/v2\/comments?post=646"}],"version-history":[{"count":3,"href":"https:\/\/webs.uab.cat\/cienciaxllegir\/wp-json\/wp\/v2\/pages\/646\/revisions"}],"predecessor-version":[{"id":2428,"href":"https:\/\/webs.uab.cat\/cienciaxllegir\/wp-json\/wp\/v2\/pages\/646\/revisions\/2428"}],"wp:attachment":[{"href":"https:\/\/webs.uab.cat\/cienciaxllegir\/wp-json\/wp\/v2\/media?parent=646"}],"curies":[{"name":"wp","href":"https:\/\/api.w.org\/{rel}","templated":true}]}}