{"id":681,"date":"2016-05-13T17:15:07","date_gmt":"2016-05-13T17:15:07","guid":{"rendered":"https:\/\/webs.uab.cat\/cienciaxllegir\/david-jou\/"},"modified":"2023-06-08T16:13:25","modified_gmt":"2023-06-08T16:13:25","slug":"david-jou","status":"publish","type":"page","link":"https:\/\/webs.uab.cat\/cienciaxllegir\/david-jou\/","title":{"rendered":"David Jou"},"content":{"rendered":"\n<div class=\"wp-block-media-text alignwide is-stacked-on-mobile has-blanc-coco-color has-verd-tropic-background-color has-text-color has-background\" style=\"grid-template-columns:17% auto\"><figure class=\"wp-block-media-text__media\"><img loading=\"lazy\" decoding=\"async\" width=\"250\" height=\"250\" src=\"https:\/\/webs.uab.cat\/cienciaxllegir\/wp-content\/uploads\/sites\/215\/2016\/05\/Djou_foto.jpg\" alt=\"\" class=\"wp-image-680 size-full\" srcset=\"https:\/\/webs.uab.cat\/cienciaxllegir\/wp-content\/uploads\/sites\/215\/2016\/05\/Djou_foto.jpg 250w, https:\/\/webs.uab.cat\/cienciaxllegir\/wp-content\/uploads\/sites\/215\/2016\/05\/Djou_foto-150x150.jpg 150w\" sizes=\"auto, (max-width: 250px) 100vw, 250px\" \/><\/figure><div class=\"wp-block-media-text__content\">\n<p class=\"has-small-font-size\"><em>&#8220;Bastir ponts i fomentar complicitats entre ci\u00e8ncia i humanisme \u00e9s una de les urg\u00e8ncies de la cultura actual, en una societat que atorga a la ci\u00e8ncia tanta autoritat intel\u00b7lectual, per\u00f2 que sovint es desent\u00e8n dels seus continguts profunds i nom\u00e9s n\u2019aprofita els resultats tecnol\u00f2gics o en lamenta les perplexitats amb qu\u00e8 les seves sorpreses desballesten la rutina m\u00e9s o menys comfortable de les certeses. [&#8230;] una de les funcions de la poesia \u00e9s contribuir a eixamplar la sensibilitat, incrementar la lucidesa i enriquir l\u2019expressivitat de la societat en qu\u00e8 sorgeix; una poesia que aspiri a aix\u00f2 ha d\u2019incloure, en un moment o altre, la seva experi\u00e8ncia de frontera amb la ci\u00e8ncia, viscuda com a di\u00e0leg o com a confrontaci\u00f3.&#8221;<\/em><\/p>\n\n\n\n<p class=\"has-small-font-size\">Fragment del pr\u00f2leg del llibre<br><a href=\"https:\/\/bibcercador.uab.cat\/permalink\/34CSUC_UAB\/avjcib\/alma991000200969706709\" target=\"_blank\" rel=\"noreferrer noopener\">Les escriptures de l&#8217;Univers<\/a><\/p>\n<\/div><\/div>\n\n\n\n<p><strong>David Jou i Mirabent <\/strong>(Sitges, 1953) \u00e9s doctor en Ci\u00e8ncies F\u00edsiques i catedr\u00e0tic de F\u00edsica de la Mat\u00e8ria Condensada en la UAB. La seva investigaci\u00f3 s&#8217;ha centrat principalment en la termodin\u00e0mica dels processos irreversibles, i ha escrit diversos assaigs en els quals tracta q\u00fcestions multidisciplinars, portant a terme una \u00e0mplia tasca divulgadora. Paral\u00b7lelament, \u00e9s autor d&#8217;una extensa obra po\u00e8tica que destaca pel conreu de temes cient\u00edfics, religiosos, c\u00edvics i cinematogr\u00e0fics, una recerca formal amb un acusat component visual i una acurada composici\u00f3. Aquesta producci\u00f3 est\u00e0 aplegada en les recopilacions <a href=\"https:\/\/bibcercador.uab.cat\/permalink\/34CSUC_UAB\/1eqfv2p\/alma991001471549706709\" target=\"_blank\" rel=\"noreferrer noopener\">L\u2019\u00e8xtasi i el c\u00e0lcul<\/a> (2002) i <a href=\"https:\/\/bibcercador.uab.cat\/permalink\/34CSUC_UAB\/1eqfv2p\/alma991003004669706709\" target=\"_blank\" rel=\"noreferrer noopener\">L\u2019hurac\u00e0 sobre els mapes<\/a> (2004). Entre els diferents guardons de recerca rebuts, destaquen el premi Rei Joan Carles I (1986), la medalla Narc\u00eds Monturiol (1991) i el premi Ciutat de Barcelona (1993).<\/p>\n\n\n\n<p><strong>M\u00e9s informaci\u00f3:<\/strong><\/p>\n\n\n\n<ul class=\"wp-block-list\">\n<li><a href=\"https:\/\/webs.uab.cat\/cienciaxllegir\/obra-divulgativa-de-david-jou\">Obra divulgativa comentada<\/a><\/li>\n\n\n\n<li><a rel=\"noreferrer noopener\" href=\"https:\/\/bibcercador.uab.cat\/discovery\/search?query=creator,exact,Jou%20i%20Mirabent,%20David,AND&amp;tab=Everything&amp;search_scope=MyInst_and_CI&amp;sortby=date_d&amp;vid=34CSUC_UAB:VU1&amp;facet=creator,exact,Jou%20i%20Mirabent,%20David&amp;facet=rtype,include,books&amp;mode=advanced&amp;offset=0\" target=\"_blank\">David Jou<\/a> al nostre cat\u00e0leg<\/li>\n\n\n\n<li><a rel=\"noreferrer noopener\" href=\"https:\/\/bibcercador.uab.cat\/discovery\/search?query=creator,exact,Jou%20i%20Mirabent,%20David,AND&amp;tab=DiscoveryNetwork&amp;search_scope=DiscoveryNetwork&amp;sortby=date_d&amp;vid=34CSUC_UAB:VU1&amp;facet=creator,exact,Jou%20i%20Mirabent,%20David&amp;facet=rtype,include,books&amp;mode=advanced&amp;offset=0&amp;came_from=sort\" target=\"_blank\">David Jou<\/a> al cat\u00e0leg col\u00b7lectiu (PUC)<\/li>\n<\/ul>\n\n\n\n<p class=\"has-blanc-coco-color has-text-color\">a<\/p>\n\n\n\n<ul class=\"wp-block-list\">\n<li><a href=\"https:\/\/ca.wikipedia.org\/wiki\/David_Jou_i_Mirabent\" target=\"_blank\" rel=\"noreferrer noopener\">Perfil biogr\u00e0fic<\/a> (Viquip\u00e8dia)<\/li>\n\n\n\n<li>Confer\u00e8ncia: <a href=\"https:\/\/www.youtube.com\/watch?v=P34eYePhcV0\" target=\"_blank\" rel=\"noreferrer noopener\">La raz\u00f3n biol\u00f3gica como parte de la raz\u00f3n c\u00f3smica<\/a>, a la Universidad de Navarra (2015)<\/li>\n<\/ul>\n","protected":false},"excerpt":{"rendered":"<p>&#8220;Bastir ponts i fomentar complicitats entre ci\u00e8ncia i humanisme \u00e9s una de les urg\u00e8ncies de la cultura actual, en una societat que atorga a la ci\u00e8ncia tanta autoritat intel\u00b7lectual, per\u00f2 que sovint es desent\u00e8n dels seus continguts profunds i nom\u00e9s n\u2019aprofita els resultats tecnol\u00f2gics o en lamenta les perplexitats amb qu\u00e8 les seves sorpreses desballesten [&hellip;]<\/p>\n","protected":false},"author":20,"featured_media":0,"parent":0,"menu_order":0,"comment_status":"closed","ping_status":"closed","template":"","meta":{"footnotes":""},"class_list":["post-681","page","type-page","status-publish","hentry"],"_links":{"self":[{"href":"https:\/\/webs.uab.cat\/cienciaxllegir\/wp-json\/wp\/v2\/pages\/681","targetHints":{"allow":["GET"]}}],"collection":[{"href":"https:\/\/webs.uab.cat\/cienciaxllegir\/wp-json\/wp\/v2\/pages"}],"about":[{"href":"https:\/\/webs.uab.cat\/cienciaxllegir\/wp-json\/wp\/v2\/types\/page"}],"author":[{"embeddable":true,"href":"https:\/\/webs.uab.cat\/cienciaxllegir\/wp-json\/wp\/v2\/users\/20"}],"replies":[{"embeddable":true,"href":"https:\/\/webs.uab.cat\/cienciaxllegir\/wp-json\/wp\/v2\/comments?post=681"}],"version-history":[{"count":3,"href":"https:\/\/webs.uab.cat\/cienciaxllegir\/wp-json\/wp\/v2\/pages\/681\/revisions"}],"predecessor-version":[{"id":2776,"href":"https:\/\/webs.uab.cat\/cienciaxllegir\/wp-json\/wp\/v2\/pages\/681\/revisions\/2776"}],"wp:attachment":[{"href":"https:\/\/webs.uab.cat\/cienciaxllegir\/wp-json\/wp\/v2\/media?parent=681"}],"curies":[{"name":"wp","href":"https:\/\/api.w.org\/{rel}","templated":true}]}}