{"id":699,"date":"2016-05-23T17:41:56","date_gmt":"2016-05-23T17:41:56","guid":{"rendered":"https:\/\/webs.uab.cat\/cienciaxllegir\/xaro-nomdedeu\/"},"modified":"2023-06-14T12:14:05","modified_gmt":"2023-06-14T12:14:05","slug":"xaro-nomdedeu","status":"publish","type":"page","link":"https:\/\/webs.uab.cat\/cienciaxllegir\/xaro-nomdedeu\/","title":{"rendered":"Xaro Nomdedeu"},"content":{"rendered":"\n<div class=\"wp-block-media-text alignwide is-stacked-on-mobile is-vertically-aligned-top has-blanc-coco-color has-verd-tropic-background-color has-text-color has-background\" style=\"grid-template-columns:20% auto\"><figure class=\"wp-block-media-text__media\"><img loading=\"lazy\" decoding=\"async\" width=\"250\" height=\"250\" src=\"https:\/\/webs.uab.cat\/cienciaxllegir\/wp-content\/uploads\/sites\/215\/2017\/04\/Xnomdedeu_foto.jpg\" alt=\"Xnomdedeu_foto\" class=\"wp-image-700 size-full\" srcset=\"https:\/\/webs.uab.cat\/cienciaxllegir\/wp-content\/uploads\/sites\/215\/2017\/04\/Xnomdedeu_foto.jpg 250w, https:\/\/webs.uab.cat\/cienciaxllegir\/wp-content\/uploads\/sites\/215\/2017\/04\/Xnomdedeu_foto-150x150.jpg 150w\" sizes=\"auto, (max-width: 250px) 100vw, 250px\" \/><\/figure><div class=\"wp-block-media-text__content\">\n<p class=\"has-small-font-size\"><em>&#8220;Para ella [Sof\u00eda Kowalevsky] el juego consisti\u00f3 en resolver un rompecabezas, el modelo matem\u00e1tico que explica la rotaci\u00f3n de un tipo particular de gir\u00f3scopo. Por su trabajo obtuvo un premio, el Bordin, de prestigio internacional, equivalente a lo que hoy son la medalla Fields o el premio Abel, ambos relacionados tambi\u00e9n con la historia de esta mujer singular. [\u2026] No pretendo escribir la historia del siglo, ni aspiro a crear una obra literaria, s\u00f3lo intento producir una <\/em>impresi\u00f3n<em> cuyo tema central sea el valor de una vida como la de Sof\u00eda Kowalevsly.&#8221;<\/em><\/p>\n\n\n\n<p class=\"has-small-font-size\">Fragment del pr\u00f2leg del llibre<br><a href=\"https:\/\/cataleg.uab.cat\/iii\/encore\/record\/C__Rb1626684?lang=cat\" target=\"_blank\" rel=\"noreferrer noopener\">Sof\u00eda: la lucha por saber de una mujer rusa<\/a><\/p>\n<\/div><\/div>\n\n\n\n<p><strong>Xaro Nomdedeu Moreno <\/strong>(Castell\u00f3, 1948) \u00e9s catedr\u00e0tica de matem\u00e0tiques d\u2019ensenyament secundari. Durant la seva vida docent, a Castell\u00f3, ha estat professora universit\u00e0ria, ha impulsat i presidit la Sociedad de Profesor@s de Matem\u00e1ticas, i tamb\u00e9 ha dirigit el Planetari de Castell\u00f3. A m\u00e9s, ha escrit nombrosos articles sobre la did\u00e0ctica pr\u00e0ctica de les matem\u00e0tiques. I la seva producci\u00f3 divulgadora s\u2019ha centrat en el paper de les dones en la hist\u00f2ria de la matem\u00e0tica.<\/p>\n\n\n\n<p><strong>M\u00e9s informaci\u00f3:<\/strong><\/p>\n\n\n\n<ul class=\"wp-block-list\">\n<li><a href=\"http:\/\/WEBS.uab.cat\/cienciaxllegir\/obra-divulgativa-de-xaro-nomdedeu\">Obra divulgativa comentada<\/a><\/li>\n\n\n\n<li><a href=\"https:\/\/bibcercador.uab.cat\/discovery\/search?query=any,contains,Xaro%20Nomdedeu%20Moreno&amp;tab=Everything&amp;search_scope=MyInst_and_CI&amp;vid=34CSUC_UAB:VU1&amp;facet=creator,include,Nomdedeu%20Moreno,%20Xaro&amp;facet=rtype,include,books&amp;offset=0\" target=\"_blank\" rel=\"noreferrer noopener\">Xaro Nomdedeu<\/a> al nostre cat\u00e0leg<\/li>\n\n\n\n<li><a href=\"https:\/\/bibcercador.uab.cat\/discovery\/search?query=any,contains,Xaro%20Nomdedeu%20Moreno&amp;tab=DiscoveryNetwork&amp;search_scope=DiscoveryNetwork&amp;vid=34CSUC_UAB:VU1&amp;facet=creator,include,Nomdedeu%20Moreno,%20Xaro&amp;facet=rtype,include,books&amp;offset=0\" target=\"_blank\" rel=\"noreferrer noopener\">Xaro Nomdedeu <\/a>al cat\u00e0leg col\u00b7lectiu (PUC)<\/li>\n<\/ul>\n\n\n\n<p class=\"has-blanc-coco-color has-text-color\">a<\/p>\n\n\n\n<ul class=\"wp-block-list\">\n<li><a href=\"https:\/\/dialnet.unirioja.es\/servlet\/autor?codigo=148172\" target=\"_blank\" rel=\"noreferrer noopener\">Publicacions recollides a Dialnet<\/a><\/li>\n\n\n\n<li><a href=\"https:\/\/twitter.com\/XNomdedeu\" target=\"_blank\" rel=\"noreferrer noopener\">Perfil de Twitter<\/a><\/li>\n<\/ul>\n","protected":false},"excerpt":{"rendered":"<p>&#8220;Para ella [Sof\u00eda Kowalevsky] el juego consisti\u00f3 en resolver un rompecabezas, el modelo matem\u00e1tico que explica la rotaci\u00f3n de un tipo particular de gir\u00f3scopo. Por su trabajo obtuvo un premio, el Bordin, de prestigio internacional, equivalente a lo que hoy son la medalla Fields o el premio Abel, ambos relacionados tambi\u00e9n con la historia de [&hellip;]<\/p>\n","protected":false},"author":20,"featured_media":0,"parent":0,"menu_order":0,"comment_status":"closed","ping_status":"closed","template":"","meta":{"footnotes":""},"class_list":["post-699","page","type-page","status-publish","hentry"],"_links":{"self":[{"href":"https:\/\/webs.uab.cat\/cienciaxllegir\/wp-json\/wp\/v2\/pages\/699","targetHints":{"allow":["GET"]}}],"collection":[{"href":"https:\/\/webs.uab.cat\/cienciaxllegir\/wp-json\/wp\/v2\/pages"}],"about":[{"href":"https:\/\/webs.uab.cat\/cienciaxllegir\/wp-json\/wp\/v2\/types\/page"}],"author":[{"embeddable":true,"href":"https:\/\/webs.uab.cat\/cienciaxllegir\/wp-json\/wp\/v2\/users\/20"}],"replies":[{"embeddable":true,"href":"https:\/\/webs.uab.cat\/cienciaxllegir\/wp-json\/wp\/v2\/comments?post=699"}],"version-history":[{"count":5,"href":"https:\/\/webs.uab.cat\/cienciaxllegir\/wp-json\/wp\/v2\/pages\/699\/revisions"}],"predecessor-version":[{"id":3009,"href":"https:\/\/webs.uab.cat\/cienciaxllegir\/wp-json\/wp\/v2\/pages\/699\/revisions\/3009"}],"wp:attachment":[{"href":"https:\/\/webs.uab.cat\/cienciaxllegir\/wp-json\/wp\/v2\/media?parent=699"}],"curies":[{"name":"wp","href":"https:\/\/api.w.org\/{rel}","templated":true}]}}