{"id":722,"date":"2016-05-27T15:50:26","date_gmt":"2016-05-27T15:50:26","guid":{"rendered":"https:\/\/webs.uab.cat\/cienciaxllegir\/richard-dawkins\/"},"modified":"2023-05-30T12:38:25","modified_gmt":"2023-05-30T12:38:25","slug":"richard-dawkins","status":"publish","type":"page","link":"https:\/\/webs.uab.cat\/cienciaxllegir\/richard-dawkins\/","title":{"rendered":"Richard Dawkins"},"content":{"rendered":"\n<div class=\"wp-block-media-text alignwide is-stacked-on-mobile has-blanc-coco-color has-verd-tropic-background-color has-text-color has-background\" style=\"grid-template-columns:18% auto\"><figure class=\"wp-block-media-text__media\"><img loading=\"lazy\" decoding=\"async\" width=\"250\" height=\"250\" src=\"https:\/\/webs.uab.cat\/cienciaxllegir\/wp-content\/uploads\/sites\/215\/2016\/05\/rdawkinsfoto2.jpg\" alt=\"\" class=\"wp-image-721 size-full\" srcset=\"https:\/\/webs.uab.cat\/cienciaxllegir\/wp-content\/uploads\/sites\/215\/2016\/05\/rdawkinsfoto2.jpg 250w, https:\/\/webs.uab.cat\/cienciaxllegir\/wp-content\/uploads\/sites\/215\/2016\/05\/rdawkinsfoto2-150x150.jpg 150w\" sizes=\"auto, (max-width: 250px) 100vw, 250px\" \/><\/figure><div class=\"wp-block-media-text__content\">\n<p class=\"has-small-font-size\"><em>&#8220;El asombro reverencial que la ciencia puede proporcionarnos es una de las m\u00e1s grandes experiencias de la que es capaz la psique humana. Es una profunda pasi\u00f3n est\u00e9tica comparable a la m\u00fasica y la poes\u00eda m\u00e1s sublimes.&#8221;<\/em><\/p>\n\n\n\n<p class=\"has-small-font-size\">Fragment del pr\u00f2leg del llibre<br><a href=\"https:\/\/bibcercador.uab.cat\/permalink\/34CSUC_UAB\/1eqfv2p\/alma991008096199706709\" target=\"_blank\" rel=\"noreferrer noopener\">Destejiendo el arco iris<\/a><\/p>\n<\/div><\/div>\n\n\n\n<p><strong>Richard Dawkins <\/strong>(Nairobi, 1941) \u00e9s et\u00f2leg i bi\u00f2leg evolucionista brit\u00e0nic. I tamb\u00e9 autor de llibres de divulgaci\u00f3, editor i conseller de diverses publicacions cient\u00edfiques. Nascut a Nairobi, la seva fam\u00edlia torn\u00e0 a Anglaterra quan ell tenia 8 anys. Va estudiar zoologia a Oxford i el seu tutor fora el premi Nobel&nbsp; Nikolaas Tinbergen. Va&nbsp; ser professor de zoologia a la Universitat de California (Berkeley) un parell d&#8217;anys i al 1970 va tornar a la Universitat d&#8217;Oxford. Amb motiu dels 200 anys del naixement de Charles Darwin, fou nomenat doctor honoris causa per la Universitat de Val\u00e8ncia.<\/p>\n\n\n\n<p><strong>M\u00e9s informaci\u00f3:<\/strong><\/p>\n\n\n\n<ul class=\"wp-block-list\"><li><a href=\"https:\/\/webs.uab.cat\/cienciaxllegir\/obra-divulgativa-de-richard-dawkins\">Obra divulgativa comentada<\/a><\/li><li><a rel=\"noreferrer noopener\" href=\"https:\/\/bibcercador.uab.cat\/discovery\/search?query=creator,exact,Dawkins,%20Richard,AND&amp;tab=Everything&amp;search_scope=MyInst_and_CI&amp;vid=34CSUC_UAB:VU1&amp;facet=creator,exact,Dawkins,%20Richard&amp;facet=rtype,include,books&amp;mode=advanced&amp;offset=0\" target=\"_blank\">Richard Dawkins<\/a> al nostre cat\u00e0leg<\/li><li><a rel=\"noreferrer noopener\" href=\"https:\/\/bibcercador.uab.cat\/discovery\/search?query=creator,exact,Dawkins,%20Richard,AND&amp;tab=DiscoveryNetwork&amp;search_scope=DiscoveryNetwork&amp;sortby=date_d&amp;vid=34CSUC_UAB:VU1&amp;facet=creator,exact,Dawkins,%20Richard&amp;facet=rtype,include,books&amp;mode=advanced&amp;offset=0\" target=\"_blank\">Richard Dawkins<\/a> al cat\u00e0leg col\u00b7lectiu (PUC)<\/li><\/ul>\n\n\n\n<p class=\"has-blanc-coco-color has-text-color\">a<\/p>\n\n\n\n<ul class=\"wp-block-list\"><li><a href=\"https:\/\/es.wikipedia.org\/wiki\/Richard_Dawkins\" target=\"_blank\" rel=\"noreferrer noopener\">Perfil biogr\u00e0fic<\/a> (Wikipedia)<\/li><li><a href=\"https:\/\/twitter.com\/richarddawkins\" target=\"_blank\" rel=\"noreferrer noopener\">Perfil de Twitter<\/a><\/li><li><a href=\"https:\/\/richarddawkins.com\/\" target=\"_blank\" rel=\"noreferrer noopener\">P\u00e0gina web personal<\/a><\/li><\/ul>\n","protected":false},"excerpt":{"rendered":"<p>&#8220;El asombro reverencial que la ciencia puede proporcionarnos es una de las m\u00e1s grandes experiencias de la que es capaz la psique humana. Es una profunda pasi\u00f3n est\u00e9tica comparable a la m\u00fasica y la poes\u00eda m\u00e1s sublimes.&#8221; Fragment del pr\u00f2leg del llibreDestejiendo el arco iris Richard Dawkins (Nairobi, 1941) \u00e9s et\u00f2leg i bi\u00f2leg evolucionista brit\u00e0nic. [&hellip;]<\/p>\n","protected":false},"author":20,"featured_media":0,"parent":0,"menu_order":0,"comment_status":"closed","ping_status":"closed","template":"","meta":{"footnotes":""},"class_list":["post-722","page","type-page","status-publish","hentry"],"_links":{"self":[{"href":"https:\/\/webs.uab.cat\/cienciaxllegir\/wp-json\/wp\/v2\/pages\/722","targetHints":{"allow":["GET"]}}],"collection":[{"href":"https:\/\/webs.uab.cat\/cienciaxllegir\/wp-json\/wp\/v2\/pages"}],"about":[{"href":"https:\/\/webs.uab.cat\/cienciaxllegir\/wp-json\/wp\/v2\/types\/page"}],"author":[{"embeddable":true,"href":"https:\/\/webs.uab.cat\/cienciaxllegir\/wp-json\/wp\/v2\/users\/20"}],"replies":[{"embeddable":true,"href":"https:\/\/webs.uab.cat\/cienciaxllegir\/wp-json\/wp\/v2\/comments?post=722"}],"version-history":[{"count":3,"href":"https:\/\/webs.uab.cat\/cienciaxllegir\/wp-json\/wp\/v2\/pages\/722\/revisions"}],"predecessor-version":[{"id":2422,"href":"https:\/\/webs.uab.cat\/cienciaxllegir\/wp-json\/wp\/v2\/pages\/722\/revisions\/2422"}],"wp:attachment":[{"href":"https:\/\/webs.uab.cat\/cienciaxllegir\/wp-json\/wp\/v2\/media?parent=722"}],"curies":[{"name":"wp","href":"https:\/\/api.w.org\/{rel}","templated":true}]}}