{"id":723,"date":"2016-05-27T16:05:37","date_gmt":"2016-05-27T16:05:37","guid":{"rendered":"https:\/\/webs.uab.cat\/cienciaxllegir\/paul-davies\/"},"modified":"2016-05-27T16:05:37","modified_gmt":"2016-05-27T16:05:37","slug":"paul-davies","status":"publish","type":"page","link":"https:\/\/webs.uab.cat\/cienciaxllegir\/paul-davies\/","title":{"rendered":"Paul Davies"},"content":{"rendered":"<table border=\"0\" style=\"width: 100%;\">\n<tbody>\n<tr>\n<td style=\"width: 40px;\">&nbsp;<\/td>\n<td align=\"center\" style=\"width: 300px;\">\n<p><img loading=\"lazy\" decoding=\"async\" alt=\"\" height=\"250\" src=\"http:\/\/pagines.uab.cat\/cienciaxllegir\/sites\/pagines.uab.cat.cienciaxllegir\/files\/pdaviesfoto2.jpg\" style=\"vertical-align: top;\" width=\"250\" \/><\/p>\n<p>&nbsp;<em>&#8220;La ciencia moderna avanza con tanta rapidez que el abismo de comprensi\u00f3n que existe entre el especialista y el lego podr\u00eda parecer insalvable. No obstante, los descubrimientos recientes realizados en las investigaciones fundamentales tienen implicaciones tan profundas para todos que es preciso hacer alg\u00fan esfuerzo para explicarlos.&#8221;<\/em><\/p>\n<p>\n\t\t\tFragment del prefaci del llibre<br \/>\n\t\t\t<a href=\"https:\/\/cataleg.uab.cat\/iii\/encore\/record\/C__Rb1932560?lang=cat\" target=\"_blank\" rel=\"noopener\">El universo desbocado: del Big Bang a la cat\u00e1strofe final<\/a><\/p>\n<\/td>\n<td align=\"center\" style=\"width: 20px;\">&nbsp;<\/td>\n<td rowspan=\"2\" style=\"width: 480px;\">\n<p>&nbsp;<\/p>\n<p><strong>Paul Charles William Davies <\/strong>(Londres, 1946) \u00e9s f\u00edsic te\u00f2ric, cosm\u00f2leg, astrobi\u00f2leg i comunicador de la ci\u00e8ncia. \u00c9s professor i director del <strong>Beyond Center for Fundamental Concepts in Science<\/strong>, codirector de la <strong>Cosmology Initiative<\/strong>, i investigador principal del <strong>Center for the Convergence of Physical Science and Cancer Biology<\/strong>, tots de la Universitat de l&#8217;Estat d&#8217;Arizona. Anteriorment va ocupar c\u00e0rrecs acad\u00e8mics a les universitats de Cambridge, Londres i Newcastle-upon-Tyne al Regne Unit; i al 1990 a Austr\u00e0lia, on m\u00e9s tard va ajudar a fundar el Centre Australi\u00e0 d&#8217;Astrobiologia.<\/p>\n<p>&nbsp;<\/p>\n<p><strong>M\u00e9s informaci\u00f3:<\/strong><\/p>\n<ul>\n<li>\n<p><a href=\"http:\/\/pagines.uab.cat\/cienciaxllegir\/content\/obra-divulgativa-de-paul-davies\">Obra divulgativa comentada<\/a><\/p>\n<\/li>\n<li>\n<p><a href=\"https:\/\/cataleg.uab.cat\/iii\/encore\/plus\/C__SDavies%2C%20P.%20C.%20W.__Orightresult__X0__T?lang=cat&amp;suite=def\" target=\"_blank\" rel=\"noopener\">Paul Davies<\/a> al nostre cat\u00e0leg<\/p>\n<\/li>\n<li>\n<p><a href=\"http:\/\/cbueg-mt.iii.com\/iii\/encore\/search\/C__S%22Davies%2C%20P.%20C.%20W.%22__Orightresult__U?lang=cat&amp;suite=def\" target=\"_blank\" rel=\"noopener\">Paul Davies<\/a> al cat\u00e0leg col\u00b7lectiu (PUC)<\/p>\n<\/li>\n<\/ul>\n<p>&nbsp;<\/p>\n<ul>\n<li>\n<p><a href=\"http:\/\/cosmos.asu.edu\/biography\" target=\"_blank\" rel=\"noopener\">Perfil biogr\u00e0fic<\/a> (segons el seu propi web)<\/p>\n<\/li>\n<li>\n<p><a href=\"https:\/\/es.wikipedia.org\/wiki\/Paul_Davies\" target=\"_blank\" rel=\"noopener\">Perfil biogr\u00e0fic<\/a> (segons Wikipedia)<\/p>\n<\/li>\n<li>\n<p><a href=\"http:\/\/cosmos.asu.edu\/\" target=\"_blank\" rel=\"noopener\">P\u00e0gina web de Paul Davies<\/a><\/p>\n<\/li>\n<\/ul>\n<p>&nbsp;<\/p>\n<\/td>\n<\/tr>\n<\/tbody>\n<\/table>\n","protected":false},"excerpt":{"rendered":"<p>&nbsp; &nbsp;&#8220;La ciencia moderna avanza con tanta rapidez que el abismo de comprensi\u00f3n que existe entre el especialista y el lego podr\u00eda parecer insalvable. No obstante, los descubrimientos recientes realizados en las investigaciones fundamentales tienen implicaciones tan profundas para todos que es preciso hacer alg\u00fan esfuerzo para explicarlos.&#8221; Fragment del prefaci del llibre El universo [&hellip;]<\/p>\n","protected":false},"author":20,"featured_media":724,"parent":0,"menu_order":0,"comment_status":"closed","ping_status":"closed","template":"","meta":{"footnotes":""},"class_list":["post-723","page","type-page","status-publish","has-post-thumbnail","hentry"],"_links":{"self":[{"href":"https:\/\/webs.uab.cat\/cienciaxllegir\/wp-json\/wp\/v2\/pages\/723","targetHints":{"allow":["GET"]}}],"collection":[{"href":"https:\/\/webs.uab.cat\/cienciaxllegir\/wp-json\/wp\/v2\/pages"}],"about":[{"href":"https:\/\/webs.uab.cat\/cienciaxllegir\/wp-json\/wp\/v2\/types\/page"}],"author":[{"embeddable":true,"href":"https:\/\/webs.uab.cat\/cienciaxllegir\/wp-json\/wp\/v2\/users\/20"}],"replies":[{"embeddable":true,"href":"https:\/\/webs.uab.cat\/cienciaxllegir\/wp-json\/wp\/v2\/comments?post=723"}],"version-history":[{"count":0,"href":"https:\/\/webs.uab.cat\/cienciaxllegir\/wp-json\/wp\/v2\/pages\/723\/revisions"}],"wp:featuredmedia":[{"embeddable":true,"href":"https:\/\/webs.uab.cat\/cienciaxllegir\/wp-json\/wp\/v2\/media\/724"}],"wp:attachment":[{"href":"https:\/\/webs.uab.cat\/cienciaxllegir\/wp-json\/wp\/v2\/media?parent=723"}],"curies":[{"name":"wp","href":"https:\/\/api.w.org\/{rel}","templated":true}]}}