{"id":763,"date":"2017-05-30T16:43:25","date_gmt":"2017-05-30T16:43:25","guid":{"rendered":"https:\/\/webs.uab.cat\/cienciaxllegir\/gemma-marfany\/"},"modified":"2025-06-30T14:09:59","modified_gmt":"2025-06-30T14:09:59","slug":"gemma-marfany","status":"publish","type":"page","link":"https:\/\/webs.uab.cat\/cienciaxllegir\/gemma-marfany\/","title":{"rendered":"Gemma Marfany"},"content":{"rendered":"\n<div class=\"wp-block-media-text alignwide is-stacked-on-mobile is-vertically-aligned-top has-blanc-coco-color has-verd-tropic-background-color has-text-color has-background\" style=\"grid-template-columns:20% auto\"><figure class=\"wp-block-media-text__media\"><img loading=\"lazy\" decoding=\"async\" width=\"250\" height=\"250\" src=\"https:\/\/webs.uab.cat\/cienciaxllegir\/wp-content\/uploads\/sites\/215\/2017\/05\/gemmamarfany22.jpg\" alt=\"\" class=\"wp-image-762 size-full\" srcset=\"https:\/\/webs.uab.cat\/cienciaxllegir\/wp-content\/uploads\/sites\/215\/2017\/05\/gemmamarfany22.jpg 250w, https:\/\/webs.uab.cat\/cienciaxllegir\/wp-content\/uploads\/sites\/215\/2017\/05\/gemmamarfany22-150x150.jpg 150w\" sizes=\"auto, (max-width: 250px) 100vw, 250px\" \/><\/figure><div class=\"wp-block-media-text__content\">\n<p class=\"has-small-font-size\"><em>&#8220;S\u00f3c cient\u00edfica i m\u2019agrada fer experiments per provar hip\u00f2tesis i avan\u00e7ar en el coneixement, amb explicacions racionals i contrastades. Potser per aix\u00f2 tamb\u00e9 s\u00f3c una gran aficionada a la fantasia en les meves estones de lleure, per compensar. Una de les coses que m\u00e9s m\u2019agraden dels llibres de Harry Potter \u00e9s que fa una bona amalgama d\u2019elements fant\u00e0stics i mitol\u00f2gics. He d\u2019admetre que em va subjugar l\u2019aparici\u00f3 en el llibre d\u2019un element m\u00e0gic poc vist, una capa d\u2019invisibilitat. Ens podem imaginar un m\u00f3n on ens pogu\u00e9ssim posar i treure una capa d\u2019invisibilitat? Segurament, no imaginarem gaires situacions on la invisibilitat sigui neutra o fins i tot, productiva; m\u00e9s aviat pensarem que molts cops no es far\u00e0 servir aquesta capa per res de bo. Lladres i espies estarien contents de poder fer i desfer d\u2019amagatotis. Simplificant, aix\u00f2 \u00e9s el que succeeix en alguns tipus de c\u00e0ncer, que es posen una capa d\u2019invisibilitat que els fa passar desapercebuts per al sistema immunitari del pacient&#8230;&#8221;<\/em><\/p>\n\n\n\n<p class=\"has-small-font-size\">Fragment inicial de l&#8217;article<br><a href=\"https:\/\/www.elnacional.cat\/ca\/opinio\/gemma-marfany-harry-potter-terapies-cancer_152736_102.html\" target=\"_blank\" rel=\"noreferrer noopener\">Harry Potter i ter\u00e0pies contra el c\u00e0ncer<\/a><\/p>\n<\/div><\/div>\n\n\n\n<p><strong>Gemma Marfany i Nadal <\/strong>(Barcelona, 1963) \u00e9s doctora en Biologia i professora de Gen\u00e8tica a la Universitat de Barcelona. La seva traject\u00f2ria professional i acad\u00e8mica, desenvolupada a Barcelona, Edimburg i Oxford, aborda m\u00faltiples camps de la gen\u00e8tica, des de l\u2019evoluci\u00f3 molecular fins les l\u00ednies actuals de recerca centralitzades en analitzar les bases gen\u00e8tiques i moleculars de malalties humanes heredit\u00e0ries. Tamb\u00e9 \u00e9s especialista en q\u00fcestions bio\u00e8tiques derivades de l\u2019\u00fas de l\u2019ADN en la societat i en divulgaci\u00f3 cient\u00edfica. Actualment \u00e9s coordinadora del m\u00e0ster de Biologia del desenvolupament i Gen\u00e8tica de la UB, membre de l\u2019<a href=\"https:\/\/www.ub.edu\/web\/ub\/ca\/recerca_innovacio\/recerca_a_la_UB\/instituts\/institutspropis\/ibub.html?\" target=\"_blank\" rel=\"noreferrer noopener\">Institut de Biomedicina<\/a> (IBUB), de l\u2019<a href=\"https:\/\/www.bioeticayderecho.ub.edu\/\" target=\"_blank\" rel=\"noreferrer noopener\">Observatori de Bio\u00e8tica i Dret<\/a>, i assessora externa de la <a href=\"https:\/\/www.mjusticia.gob.es\/es\/ministerio\/organismos-entidades\/instituto-nacional\/comision-nacional-para-forense\" target=\"_blank\" rel=\"noreferrer noopener\">Comisi\u00f3n Nacional para el uso forense del ADN<\/a>. En la vessant divulgativa, publica cada dissabte entretinguts i rigurosos articles a <a href=\"https:\/\/www.elnacional.cat\/ca\/cercador.html?search=gemma+marfany\" target=\"_blank\" rel=\"noreferrer noopener\">El Nacional.cat<\/a>.<br>Des de principis de 2021, Gemma Marfany \u00e9s la nova delegada del rector Joan Gu\u00e0rdia Olmos (Univesitat de Barcelona) per a la Divulgaci\u00f3 Cient\u00edfica.<\/p>\n\n\n\n<p><strong>M\u00e9s informaci\u00f3:<\/strong><\/p>\n\n\n\n<ul class=\"wp-block-list\">\n<li><a href=\"https:\/\/webs.uab.cat\/cienciaxllegir\/obra-divulgativa-de-gemma-marfany\">Obra divulgativa comentada<\/a><\/li>\n\n\n\n<li><a href=\"https:\/\/bibcercador.uab.cat\/discovery\/search?query=creator,exact,Marfany%20i%20Nadal,%20Gemma.,AND&amp;tab=Everything&amp;search_scope=MyInst_and_CI&amp;vid=34CSUC_UAB:VU1&amp;facet=creator,exact,Marfany%20i%20Nadal,%20Gemma.&amp;mode=advanced&amp;offset=0\" target=\"_blank\" rel=\"noreferrer noopener\">Gemma Marfany<\/a> al nostre cat\u00e0leg<\/li>\n\n\n\n<li><a href=\"https:\/\/bibcercador.uab.cat\/discovery\/search?query=any,contains,Marfany%20i%20Nadal,%20Gemma.&amp;tab=DiscoveryNetwork&amp;search_scope=DiscoveryNetwork&amp;vid=34CSUC_UAB:VU1&amp;facet=rtype,include,books&amp;offset=0\" target=\"_blank\" rel=\"noreferrer noopener\">Gemma Marfany<\/a> al cat\u00e0leg col\u00b7lectiu (PUC)<\/li>\n<\/ul>\n\n\n\n<p class=\"has-blanc-coco-color has-text-color\">a<\/p>\n\n\n\n<ul class=\"wp-block-list\">\n<li><a href=\"https:\/\/webgrec.ub.edu\/webpages\/000011\/cat\/gmarfany.ub.edu.html\" target=\"_blank\" rel=\"noreferrer noopener\">Perfil professional<\/a> (Departament de Gen\u00e8tica, UB)<\/li>\n\n\n\n<li><a href=\"https:\/\/bsky.app\/profile\/gmarfanyn.bsky.social\" target=\"_blank\" rel=\"noreferrer noopener\">Perfil de Bluesky<\/a><\/li>\n\n\n\n<li><a href=\"https:\/\/twitter.com\/gmarfanyn?lang=es\" target=\"_blank\" rel=\"noreferrer noopener\">Perfil de Twitter<\/a><\/li>\n\n\n\n<li><a href=\"https:\/\/www.elnacional.cat\/ca\/cercador.html?search=gemma+marfany\" target=\"_blank\" rel=\"noreferrer noopener\">Articles divulgatius a El Nacional.cat<\/a><\/li>\n<\/ul>\n","protected":false},"excerpt":{"rendered":"<p>&#8220;S\u00f3c cient\u00edfica i m\u2019agrada fer experiments per provar hip\u00f2tesis i avan\u00e7ar en el coneixement, amb explicacions racionals i contrastades. Potser per aix\u00f2 tamb\u00e9 s\u00f3c una gran aficionada a la fantasia en les meves estones de lleure, per compensar. Una de les coses que m\u00e9s m\u2019agraden dels llibres de Harry Potter \u00e9s que fa una bona [&hellip;]<\/p>\n","protected":false},"author":20,"featured_media":0,"parent":0,"menu_order":0,"comment_status":"closed","ping_status":"closed","template":"","meta":{"footnotes":""},"class_list":["post-763","page","type-page","status-publish","hentry"],"_links":{"self":[{"href":"https:\/\/webs.uab.cat\/cienciaxllegir\/wp-json\/wp\/v2\/pages\/763","targetHints":{"allow":["GET"]}}],"collection":[{"href":"https:\/\/webs.uab.cat\/cienciaxllegir\/wp-json\/wp\/v2\/pages"}],"about":[{"href":"https:\/\/webs.uab.cat\/cienciaxllegir\/wp-json\/wp\/v2\/types\/page"}],"author":[{"embeddable":true,"href":"https:\/\/webs.uab.cat\/cienciaxllegir\/wp-json\/wp\/v2\/users\/20"}],"replies":[{"embeddable":true,"href":"https:\/\/webs.uab.cat\/cienciaxllegir\/wp-json\/wp\/v2\/comments?post=763"}],"version-history":[{"count":4,"href":"https:\/\/webs.uab.cat\/cienciaxllegir\/wp-json\/wp\/v2\/pages\/763\/revisions"}],"predecessor-version":[{"id":4061,"href":"https:\/\/webs.uab.cat\/cienciaxllegir\/wp-json\/wp\/v2\/pages\/763\/revisions\/4061"}],"wp:attachment":[{"href":"https:\/\/webs.uab.cat\/cienciaxllegir\/wp-json\/wp\/v2\/media?parent=763"}],"curies":[{"name":"wp","href":"https:\/\/api.w.org\/{rel}","templated":true}]}}