{"id":764,"date":"2017-06-02T20:54:31","date_gmt":"2017-06-02T20:54:31","guid":{"rendered":"https:\/\/webs.uab.cat\/cienciaxllegir\/joanne-baker\/"},"modified":"2023-05-29T11:45:57","modified_gmt":"2023-05-29T11:45:57","slug":"joanne-baker","status":"publish","type":"page","link":"https:\/\/webs.uab.cat\/cienciaxllegir\/joanne-baker\/","title":{"rendered":"Joanne Baker"},"content":{"rendered":"\n<div class=\"wp-block-media-text alignwide is-stacked-on-mobile has-verd-tropic-background-color has-background\" style=\"grid-template-columns:15% auto\"><figure class=\"wp-block-media-text__media\"><img loading=\"lazy\" decoding=\"async\" width=\"250\" height=\"250\" src=\"https:\/\/webs.uab.cat\/cienciaxllegir\/wp-content\/uploads\/sites\/215\/2017\/06\/jbaker_foto.jpg\" alt=\"jbaker_foto\" class=\"wp-image-765 size-full\" srcset=\"https:\/\/webs.uab.cat\/cienciaxllegir\/wp-content\/uploads\/sites\/215\/2017\/06\/jbaker_foto.jpg 250w, https:\/\/webs.uab.cat\/cienciaxllegir\/wp-content\/uploads\/sites\/215\/2017\/06\/jbaker_foto-150x150.jpg 150w\" sizes=\"auto, (max-width: 250px) 100vw, 250px\" \/><\/figure><div class=\"wp-block-media-text__content\">\n<p class=\"has-blanc-coco-color has-text-color has-small-font-size\"><em>&#8220;Cuando habl\u00e9 a mis amigos de este libro, ellos bromearon diciendo que lo primero que hay que saber de la f\u00edsica es que es muy dif\u00edcil. A pesar de todo, utilizamos la f\u00edsica todos los d\u00edas. [&#8230;] Sin ella no habr\u00eda mediod\u00eda, ni arco iris, ni diamantes. Incluso la sangre que fluye por nuestras arterias se rige por las leyes de la f\u00edsica, la ciencia del mundo f\u00edsico.&#8221;<\/em><\/p>\n\n\n\n<p class=\"has-blanc-coco-color has-text-color has-small-font-size\">Fragment de la introducci\u00f3 de<br><a href=\"https:\/\/bibcercador.uab.cat\/permalink\/34CSUC_UAB\/1eqfv2p\/alma991000835659706709\" target=\"_blank\" rel=\"noreferrer noopener\">50 cosas que hay que saber sobre f\u00edsica<\/a><\/p>\n<\/div><\/div>\n\n\n\n<p><strong>Joanne Baker <\/strong>estudi\u00e0 F\u00edsica a la Universitat de Cambridge i es doctor\u00e0 en Astrof\u00edsica a la Universitat de Sydney el 1995. \u00c9s editora de la revista <a href=\"http:\/\/www.nature.com\/nature\/index.html\">Nature<\/a> i especialista en temes de l\u2019espai i de ci\u00e8ncies de la terra.<\/p>\n\n\n\n<p><strong>M\u00e9s informaci\u00f3:<\/strong><\/p>\n\n\n\n<ul class=\"wp-block-list\"><li><a href=\"http:\/\/webs.uab.cat\/cienciaxllegir\/obra-divulgativa-de-joanne-baker\">Obra divulgativa comentada<\/a><\/li><li><a rel=\"noreferrer noopener\" href=\"https:\/\/bibcercador.uab.cat\/discovery\/search?query=creator,exact,baker,%20joanne,AND&amp;tab=Everything&amp;search_scope=MyInst_and_CI&amp;sortby=rank&amp;vid=34CSUC_UAB:VU1&amp;facet=rtype,include,books&amp;lang=ca&amp;mode=advanced&amp;offset=0\" target=\"_blank\">Joanne Baker<\/a> al nostre cat\u00e0leg<\/li><li><a rel=\"noreferrer noopener\" href=\"https:\/\/bibcercador.uab.cat\/discovery\/search?query=creator,exact,baker,%20joanne,AND&amp;tab=DiscoveryNetwork&amp;search_scope=DiscoveryNetwork&amp;sortby=rank&amp;vid=34CSUC_UAB:VU1&amp;lang=ca&amp;mode=advanced&amp;offset=0\" target=\"_blank\">Joanne Baker<\/a> al cat\u00e0leg col\u00b7lectiu (PUC)<\/li><\/ul>\n","protected":false},"excerpt":{"rendered":"<p>&#8220;Cuando habl\u00e9 a mis amigos de este libro, ellos bromearon diciendo que lo primero que hay que saber de la f\u00edsica es que es muy dif\u00edcil. A pesar de todo, utilizamos la f\u00edsica todos los d\u00edas. [&#8230;] Sin ella no habr\u00eda mediod\u00eda, ni arco iris, ni diamantes. Incluso la sangre que fluye por nuestras arterias [&hellip;]<\/p>\n","protected":false},"author":20,"featured_media":0,"parent":0,"menu_order":0,"comment_status":"closed","ping_status":"closed","template":"","meta":{"footnotes":""},"class_list":["post-764","page","type-page","status-publish","hentry"],"_links":{"self":[{"href":"https:\/\/webs.uab.cat\/cienciaxllegir\/wp-json\/wp\/v2\/pages\/764","targetHints":{"allow":["GET"]}}],"collection":[{"href":"https:\/\/webs.uab.cat\/cienciaxllegir\/wp-json\/wp\/v2\/pages"}],"about":[{"href":"https:\/\/webs.uab.cat\/cienciaxllegir\/wp-json\/wp\/v2\/types\/page"}],"author":[{"embeddable":true,"href":"https:\/\/webs.uab.cat\/cienciaxllegir\/wp-json\/wp\/v2\/users\/20"}],"replies":[{"embeddable":true,"href":"https:\/\/webs.uab.cat\/cienciaxllegir\/wp-json\/wp\/v2\/comments?post=764"}],"version-history":[{"count":6,"href":"https:\/\/webs.uab.cat\/cienciaxllegir\/wp-json\/wp\/v2\/pages\/764\/revisions"}],"predecessor-version":[{"id":2283,"href":"https:\/\/webs.uab.cat\/cienciaxllegir\/wp-json\/wp\/v2\/pages\/764\/revisions\/2283"}],"wp:attachment":[{"href":"https:\/\/webs.uab.cat\/cienciaxllegir\/wp-json\/wp\/v2\/media?parent=764"}],"curies":[{"name":"wp","href":"https:\/\/api.w.org\/{rel}","templated":true}]}}