{"id":837,"date":"2018-01-24T14:17:20","date_gmt":"2018-01-24T14:17:20","guid":{"rendered":"https:\/\/webs.uab.cat\/cienciaxllegir\/jennifer-ackerman\/"},"modified":"2025-07-01T13:59:22","modified_gmt":"2025-07-01T13:59:22","slug":"jennifer-ackerman","status":"publish","type":"page","link":"https:\/\/webs.uab.cat\/cienciaxllegir\/jennifer-ackerman\/","title":{"rendered":"Jennifer Ackerman"},"content":{"rendered":"\n<div class=\"wp-block-media-text alignwide is-stacked-on-mobile is-vertically-aligned-top has-blanc-coco-color has-verd-tropic-background-color has-text-color has-background\" style=\"grid-template-columns:18% auto\"><figure class=\"wp-block-media-text__media\"><img loading=\"lazy\" decoding=\"async\" width=\"250\" height=\"250\" src=\"https:\/\/webs.uab.cat\/cienciaxllegir\/wp-content\/uploads\/sites\/215\/2018\/01\/jackermanfoto22.jpg\" alt=\"\" class=\"wp-image-836 size-full\" srcset=\"https:\/\/webs.uab.cat\/cienciaxllegir\/wp-content\/uploads\/sites\/215\/2018\/01\/jackermanfoto22.jpg 250w, https:\/\/webs.uab.cat\/cienciaxllegir\/wp-content\/uploads\/sites\/215\/2018\/01\/jackermanfoto22-150x150.jpg 150w\" sizes=\"auto, (max-width: 250px) 100vw, 250px\" \/><\/figure><div class=\"wp-block-media-text__content\">\n<p class=\"has-small-font-size\"><em>&#8220;Somos nuestro cuerpo. Nos sostiene y nos mantiene. Nos limita y nos controla, nos encanta y nos repugna. Y sin embargo sus actividades son, en general, un misterio. Es un hecho: todos somos conscientes de nuestra apariencia f\u00edsica -la simetr\u00eda y las arrugas de la cara, la curva del torso, las redondeces de los muslos, el michel\u00edn de la barriga, los pies hinchados-. Pero, \u00bfcu\u00e1ntos de nosotros comprendemos el drama que se desarrolla en su interior? Como dijo San Agust\u00edn, nos maravillamos ante las cumbres monta\u00f1osas y el curso de las estrellas, y sin embargo pasamos de largo ante el milagro de nuestra vida interior sin asombrarnos.&#8221;<\/em><\/p>\n\n\n\n<p>Fragment del pr\u00f2leg del llibre<br><a rel=\"noreferrer noopener\" href=\"https:\/\/bibcercador.uab.cat\/permalink\/34CSUC_UAB\/1eqfv2p\/alma991003825239706709\" target=\"_blank\">Un d\u00eda en la vida del cuerpo humano<\/a><\/p>\n<\/div><\/div>\n\n\n\n<p><strong>Jennifer Ackerman <\/strong>(Nebraska, 1959) \u00e9s llicenciada en Literatura Anglesa per la Yale University (1980) per\u00f2 porta quasi trenta anys escribint sobre ci\u00e8ncia i natura, i els seus articles han aparegut a The New York Times, Scientific American, National Geographic i Natural History, entre d&#8217;altres. Ha estat editora a la National Geographic Society (1982-1989) i tamb\u00e9 a la University of Virginia Press (1998-2002). I, actualment, \u00e9s escriptora freelance, amb un gran inter\u00e8s per divulgar la ci\u00e8ncia combinant el coneixement cient\u00edfic amb una visi\u00f3 imaginativa.<\/p>\n\n\n\n<p><strong>M\u00e9s informaci\u00f3:<\/strong><\/p>\n\n\n\n<ul class=\"wp-block-list\">\n<li><a href=\"https:\/\/webs.uab.cat\/cienciaxllegir\/obra-divulgativa-jennifer-ackerman\">Obra divulgativa comentada<\/a><\/li>\n\n\n\n<li><a href=\"https:\/\/bibcercador.uab.cat\/discovery\/search?query=creator,exact,Ackerman,%20Jennifer.,AND&amp;tab=Everything&amp;search_scope=MyInst_and_CI&amp;vid=34CSUC_UAB:VU1&amp;facet=creator,exact,Ackerman,%20Jennifer.&amp;mode=advanced&amp;offset=0\" target=\"_blank\" rel=\"noreferrer noopener\">Jennifer Ackerman<\/a> al nostre cat\u00e0leg<\/li>\n\n\n\n<li><a href=\"https:\/\/bibcercador.uab.cat\/discovery\/search?query=creator,exact,Ackerman,%20Jennifer,AND&amp;tab=DiscoveryNetwork&amp;search_scope=DiscoveryNetwork&amp;sortby=date_d&amp;vid=34CSUC_UAB:VU1&amp;facet=creator,exact,Ackerman,%20Jennifer&amp;mode=advanced&amp;offset=0\" target=\"_blank\" rel=\"noreferrer noopener\">Jennifer Ackerman<\/a> al cat\u00e0leg col\u00b7lectiu (PUC)<\/li>\n<\/ul>\n\n\n\n<p class=\"has-blanc-coco-color has-text-color\">a<\/p>\n\n\n\n<ul class=\"wp-block-list\">\n<li><a href=\"https:\/\/www.jenniferackermanauthor.com\/about-1\" target=\"_blank\" rel=\"noreferrer noopener\">Perfil biogr\u00e0fic<\/a><\/li>\n\n\n\n<li><a href=\"https:\/\/www.jenniferackermanauthor.com\/\" target=\"_blank\" rel=\"noreferrer noopener\">P\u00e0gina web personal<\/a><\/li>\n\n\n\n<li><a href=\"https:\/\/www.instagram.com\/jenniferackermanauthor\/\" target=\"_blank\" rel=\"noreferrer noopener\">Perfil d&#8217;Instagram<\/a><\/li>\n\n\n\n<li><a href=\"https:\/\/www.lavanguardia.com\/lacontra\/20180120\/44130304674\/los-pajaros-recuerdan-piensan-sienten-hacen-regalos-y-aman.html\" target=\"_blank\" rel=\"noreferrer noopener\">Entrevista a &#8220;La Contra&#8221; de La Vanguardia<\/a> (20-1-2018)<\/li>\n<\/ul>\n","protected":false},"excerpt":{"rendered":"<p>&#8220;Somos nuestro cuerpo. Nos sostiene y nos mantiene. Nos limita y nos controla, nos encanta y nos repugna. Y sin embargo sus actividades son, en general, un misterio. Es un hecho: todos somos conscientes de nuestra apariencia f\u00edsica -la simetr\u00eda y las arrugas de la cara, la curva del torso, las redondeces de los muslos, [&hellip;]<\/p>\n","protected":false},"author":20,"featured_media":0,"parent":0,"menu_order":0,"comment_status":"closed","ping_status":"closed","template":"","meta":{"footnotes":""},"class_list":["post-837","page","type-page","status-publish","hentry"],"_links":{"self":[{"href":"https:\/\/webs.uab.cat\/cienciaxllegir\/wp-json\/wp\/v2\/pages\/837","targetHints":{"allow":["GET"]}}],"collection":[{"href":"https:\/\/webs.uab.cat\/cienciaxllegir\/wp-json\/wp\/v2\/pages"}],"about":[{"href":"https:\/\/webs.uab.cat\/cienciaxllegir\/wp-json\/wp\/v2\/types\/page"}],"author":[{"embeddable":true,"href":"https:\/\/webs.uab.cat\/cienciaxllegir\/wp-json\/wp\/v2\/users\/20"}],"replies":[{"embeddable":true,"href":"https:\/\/webs.uab.cat\/cienciaxllegir\/wp-json\/wp\/v2\/comments?post=837"}],"version-history":[{"count":17,"href":"https:\/\/webs.uab.cat\/cienciaxllegir\/wp-json\/wp\/v2\/pages\/837\/revisions"}],"predecessor-version":[{"id":4068,"href":"https:\/\/webs.uab.cat\/cienciaxllegir\/wp-json\/wp\/v2\/pages\/837\/revisions\/4068"}],"wp:attachment":[{"href":"https:\/\/webs.uab.cat\/cienciaxllegir\/wp-json\/wp\/v2\/media?parent=837"}],"curies":[{"name":"wp","href":"https:\/\/api.w.org\/{rel}","templated":true}]}}