{"id":874,"date":"2018-02-15T17:50:40","date_gmt":"2018-02-15T17:50:40","guid":{"rendered":"https:\/\/webs.uab.cat\/cienciaxllegir\/donesiciencia\/"},"modified":"2023-07-27T18:45:51","modified_gmt":"2023-07-27T18:45:51","slug":"donesiciencia","status":"publish","type":"page","link":"https:\/\/webs.uab.cat\/cienciaxllegir\/donesiciencia\/","title":{"rendered":"Dones {amb, de, i} ci\u00e8ncia"},"content":{"rendered":"\n<div class=\"wp-block-media-text alignwide is-stacked-on-mobile\" style=\"grid-template-columns:22% auto\"><figure class=\"wp-block-media-text__media\"><img loading=\"lazy\" decoding=\"async\" width=\"775\" height=\"1024\" src=\"https:\/\/webs.uab.cat\/cienciaxllegir\/wp-content\/uploads\/sites\/215\/2018\/02\/a3cartelldic-775x1024.jpg\" alt=\"a3cartelldic\" class=\"wp-image-889 size-full\" srcset=\"https:\/\/webs.uab.cat\/cienciaxllegir\/wp-content\/uploads\/sites\/215\/2018\/02\/a3cartelldic-775x1024.jpg 775w, https:\/\/webs.uab.cat\/cienciaxllegir\/wp-content\/uploads\/sites\/215\/2018\/02\/a3cartelldic-227x300.jpg 227w, https:\/\/webs.uab.cat\/cienciaxllegir\/wp-content\/uploads\/sites\/215\/2018\/02\/a3cartelldic-768x1015.jpg 768w, https:\/\/webs.uab.cat\/cienciaxllegir\/wp-content\/uploads\/sites\/215\/2018\/02\/a3cartelldic-1162x1536.jpg 1162w, https:\/\/webs.uab.cat\/cienciaxllegir\/wp-content\/uploads\/sites\/215\/2018\/02\/a3cartelldic-1550x2048.jpg 1550w, https:\/\/webs.uab.cat\/cienciaxllegir\/wp-content\/uploads\/sites\/215\/2018\/02\/a3cartelldic-1200x1586.jpg 1200w, https:\/\/webs.uab.cat\/cienciaxllegir\/wp-content\/uploads\/sites\/215\/2018\/02\/a3cartelldic.jpg 1748w\" sizes=\"auto, (max-width: 775px) 100vw, 775px\" \/><\/figure><div class=\"wp-block-media-text__content\">\n<p>La Biblioteca de Ci\u00e8ncia i Tecnologia vol destacar el paper de les dones dins les disciplines cient\u00edfiques i, tamb\u00e9, difondre la seva tasca divulgadora en favor de la societat.<\/p>\n\n\n\n<p>Pensant en aquests dos objectius, durant el mes de mar\u00e7, al hall de la BCT, es podran consultar les darreres obres arribades <strong>{de i sobre}<\/strong> destacades cient\u00edfiques, aix\u00ed com reculls biogr\u00e0fics que en parlen de la seva contribuci\u00f3 al m\u00f3n cient\u00edfic i tecnol\u00f2gic.<\/p>\n\n\n\n<p>I de l\u20191 al 15 de mar\u00e7, a la vitrina gran de l\u2019entrada, la Biblioteca en destacar\u00e0 a dotze dones de ci\u00e8ncia que tenen molta pres\u00e8ncia a la secci\u00f3 de <strong>Ci\u00e8ncia per llegir<\/strong>.<\/p>\n<\/div><\/div>\n\n\n<p>Materials complementaris:<\/p>\n<ul>\n<li><a href=\"http:\/\/pagines.uab.cat\/cienciaxllegir\/content\/videos-de-cientifiques\" target=\"_blank\" rel=\"noopener\">V\u00eddeos sobre les cient\u00edfiques seleccionades<\/a><\/li>\n<li><a href=\"http:\/\/pagines.uab.cat\/cienciaxllegir\/content\/donesiciencia\/universitat\" target=\"_blank\" rel=\"noopener\">Dones {amb, de, i} ci\u00e8ncia a la universitat<\/a><\/li>\n<li><a href=\"https:\/\/webs.uab.cat\/cienciaxllegir\/wp-content\/uploads\/sites\/215\/2018\/03\/2018donesciencia_punt.pdf\">Punt de llibre de l\u2019exposici\u00f3<\/a><\/li>\n<li><a href=\"https:\/\/ddd.uab.cat\/record\/187950\" target=\"_blank\" rel=\"noopener\">Fotografies de l\u2019exposici\u00f3<\/a><\/li>\n<\/ul>\n<p>Esperem que la nostra iniciativa us sembli interessant i potenciem, alhora, la tasca de moltes altres <strong><a href=\"https:\/\/twitter.com\/hashtag\/donesici%C3%A8ncia\" target=\"_blank\" rel=\"noopener\">#donesici\u00e8ncia<\/a><\/strong>.<\/p>\n<p><a href=\"https:\/\/webs.uab.cat\/cienciaxllegir\/jennifer-ackerman\/\"><img loading=\"lazy\" decoding=\"async\" class=\"alignnone  wp-image-836\" src=\"https:\/\/webs.uab.cat\/cienciaxllegir\/wp-content\/uploads\/sites\/215\/2018\/01\/jackermanfoto22.jpg\" alt=\"\" width=\"170\" height=\"170\" srcset=\"https:\/\/webs.uab.cat\/cienciaxllegir\/wp-content\/uploads\/sites\/215\/2018\/01\/jackermanfoto22.jpg 250w, https:\/\/webs.uab.cat\/cienciaxllegir\/wp-content\/uploads\/sites\/215\/2018\/01\/jackermanfoto22-150x150.jpg 150w\" sizes=\"auto, (max-width: 170px) 100vw, 170px\" \/><\/a> <a href=\"https:\/\/webs.uab.cat\/cienciaxllegir\/maria-a-blasco\/\"><img loading=\"lazy\" decoding=\"async\" class=\"alignnone  wp-image-842\" src=\"https:\/\/webs.uab.cat\/cienciaxllegir\/wp-content\/uploads\/sites\/215\/2018\/01\/mariablasco_foto.jpg\" alt=\"\" width=\"170\" height=\"170\" srcset=\"https:\/\/webs.uab.cat\/cienciaxllegir\/wp-content\/uploads\/sites\/215\/2018\/01\/mariablasco_foto.jpg 250w, https:\/\/webs.uab.cat\/cienciaxllegir\/wp-content\/uploads\/sites\/215\/2018\/01\/mariablasco_foto-150x150.jpg 150w\" sizes=\"auto, (max-width: 170px) 100vw, 170px\" \/><\/a> <a href=\"https:\/\/webs.uab.cat\/cienciaxllegir\/deborah-garcia\/\"><img loading=\"lazy\" decoding=\"async\" class=\"alignnone  wp-image-921\" src=\"https:\/\/webs.uab.cat\/cienciaxllegir\/wp-content\/uploads\/sites\/215\/2018\/02\/dgarcia_foto.jpg\" alt=\"\" width=\"170\" height=\"170\" srcset=\"https:\/\/webs.uab.cat\/cienciaxllegir\/wp-content\/uploads\/sites\/215\/2018\/02\/dgarcia_foto.jpg 250w, https:\/\/webs.uab.cat\/cienciaxllegir\/wp-content\/uploads\/sites\/215\/2018\/02\/dgarcia_foto-150x150.jpg 150w\" sizes=\"auto, (max-width: 170px) 100vw, 170px\" \/><\/a> <a href=\"https:\/\/webs.uab.cat\/cienciaxllegir\/hope-jahren\/\"><img loading=\"lazy\" decoding=\"async\" class=\"alignnone  wp-image-861\" src=\"https:\/\/webs.uab.cat\/cienciaxllegir\/wp-content\/uploads\/sites\/215\/2018\/02\/jahren_foto.jpg\" alt=\"\" width=\"170\" height=\"170\" srcset=\"https:\/\/webs.uab.cat\/cienciaxllegir\/wp-content\/uploads\/sites\/215\/2018\/02\/jahren_foto.jpg 250w, https:\/\/webs.uab.cat\/cienciaxllegir\/wp-content\/uploads\/sites\/215\/2018\/02\/jahren_foto-150x150.jpg 150w\" sizes=\"auto, (max-width: 170px) 100vw, 170px\" \/><\/a> \u00a0<a href=\"https:\/\/webs.uab.cat\/cienciaxllegir\/ursula-k-leguin\/\"><img loading=\"lazy\" decoding=\"async\" class=\"alignnone wp-image-908\" src=\"https:\/\/webs.uab.cat\/cienciaxllegir\/wp-content\/uploads\/sites\/215\/2018\/02\/kleguin_foto.jpg\" alt=\"\" width=\"170\" height=\"170\" srcset=\"https:\/\/webs.uab.cat\/cienciaxllegir\/wp-content\/uploads\/sites\/215\/2018\/02\/kleguin_foto.jpg 250w, https:\/\/webs.uab.cat\/cienciaxllegir\/wp-content\/uploads\/sites\/215\/2018\/02\/kleguin_foto-150x150.jpg 150w\" sizes=\"auto, (max-width: 170px) 100vw, 170px\" \/><\/a> <a href=\"https:\/\/webs.uab.cat\/cienciaxllegir\/rita-levi-montalcini\/\"><img loading=\"lazy\" decoding=\"async\" class=\"alignnone  wp-image-747\" src=\"https:\/\/webs.uab.cat\/cienciaxllegir\/wp-content\/uploads\/sites\/215\/2017\/05\/rlevi_foto.jpg\" alt=\"rlevi_foto\" width=\"170\" height=\"170\" srcset=\"https:\/\/webs.uab.cat\/cienciaxllegir\/wp-content\/uploads\/sites\/215\/2017\/05\/rlevi_foto.jpg 250w, https:\/\/webs.uab.cat\/cienciaxllegir\/wp-content\/uploads\/sites\/215\/2017\/05\/rlevi_foto-150x150.jpg 150w\" sizes=\"auto, (max-width: 170px) 100vw, 170px\" \/><\/a> <a href=\"https:\/\/webs.uab.cat\/cienciaxllegir\/gemma-marfany\/\"><img loading=\"lazy\" decoding=\"async\" class=\"alignnone  wp-image-762\" src=\"https:\/\/webs.uab.cat\/cienciaxllegir\/wp-content\/uploads\/sites\/215\/2017\/05\/gemmamarfany22.jpg\" alt=\"\" width=\"170\" height=\"170\" srcset=\"https:\/\/webs.uab.cat\/cienciaxllegir\/wp-content\/uploads\/sites\/215\/2017\/05\/gemmamarfany22.jpg 250w, https:\/\/webs.uab.cat\/cienciaxllegir\/wp-content\/uploads\/sites\/215\/2017\/05\/gemmamarfany22-150x150.jpg 150w\" sizes=\"auto, (max-width: 170px) 100vw, 170px\" \/><\/a> <a href=\"https:\/\/webs.uab.cat\/cienciaxllegir\/rosa-menendez\/\"><img loading=\"lazy\" decoding=\"async\" class=\"alignnone  wp-image-852\" src=\"https:\/\/webs.uab.cat\/cienciaxllegir\/wp-content\/uploads\/sites\/215\/2018\/01\/rmenendez_foto.jpg\" alt=\"\" width=\"170\" height=\"170\" srcset=\"https:\/\/webs.uab.cat\/cienciaxllegir\/wp-content\/uploads\/sites\/215\/2018\/01\/rmenendez_foto.jpg 250w, https:\/\/webs.uab.cat\/cienciaxllegir\/wp-content\/uploads\/sites\/215\/2018\/01\/rmenendez_foto-150x150.jpg 150w\" sizes=\"auto, (max-width: 170px) 100vw, 170px\" \/><\/a> <a href=\"https:\/\/webs.uab.cat\/cienciaxllegir\/lisa-randall\/\"><img loading=\"lazy\" decoding=\"async\" class=\"alignnone  wp-image-628\" src=\"https:\/\/webs.uab.cat\/cienciaxllegir\/wp-content\/uploads\/sites\/215\/2016\/04\/Lrandall_foto.jpg\" alt=\"\" width=\"170\" height=\"170\" srcset=\"https:\/\/webs.uab.cat\/cienciaxllegir\/wp-content\/uploads\/sites\/215\/2016\/04\/Lrandall_foto.jpg 250w, https:\/\/webs.uab.cat\/cienciaxllegir\/wp-content\/uploads\/sites\/215\/2016\/04\/Lrandall_foto-150x150.jpg 150w\" sizes=\"auto, (max-width: 170px) 100vw, 170px\" \/><\/a> <a href=\"https:\/\/webs.uab.cat\/cienciaxllegir\/esther-rubio\/\"><img loading=\"lazy\" decoding=\"async\" class=\"alignnone  wp-image-907\" src=\"https:\/\/webs.uab.cat\/cienciaxllegir\/wp-content\/uploads\/sites\/215\/2018\/02\/erubio_foto22.jpg\" alt=\"erubio_foto22\" width=\"170\" height=\"170\" srcset=\"https:\/\/webs.uab.cat\/cienciaxllegir\/wp-content\/uploads\/sites\/215\/2018\/02\/erubio_foto22.jpg 250w, https:\/\/webs.uab.cat\/cienciaxllegir\/wp-content\/uploads\/sites\/215\/2018\/02\/erubio_foto22-150x150.jpg 150w\" sizes=\"auto, (max-width: 170px) 100vw, 170px\" \/><\/a> <a href=\"https:\/\/webs.uab.cat\/cienciaxllegir\/margarita-salas\/\"><img loading=\"lazy\" decoding=\"async\" class=\"alignnone  wp-image-893\" src=\"https:\/\/webs.uab.cat\/cienciaxllegir\/wp-content\/uploads\/sites\/215\/2018\/02\/salas_cxll01.jpg\" alt=\"\" width=\"170\" height=\"170\" srcset=\"https:\/\/webs.uab.cat\/cienciaxllegir\/wp-content\/uploads\/sites\/215\/2018\/02\/salas_cxll01.jpg 250w, https:\/\/webs.uab.cat\/cienciaxllegir\/wp-content\/uploads\/sites\/215\/2018\/02\/salas_cxll01-150x150.jpg 150w\" sizes=\"auto, (max-width: 170px) 100vw, 170px\" \/><\/a> <a href=\"https:\/\/webs.uab.cat\/cienciaxllegir\/m-teresa-telleria\/\"><img loading=\"lazy\" decoding=\"async\" class=\"alignnone  wp-image-855\" src=\"https:\/\/webs.uab.cat\/cienciaxllegir\/wp-content\/uploads\/sites\/215\/2022\/03\/telleria22.jpg\" alt=\"telleria22\" width=\"170\" height=\"170\" srcset=\"https:\/\/webs.uab.cat\/cienciaxllegir\/wp-content\/uploads\/sites\/215\/2022\/03\/telleria22.jpg 250w, https:\/\/webs.uab.cat\/cienciaxllegir\/wp-content\/uploads\/sites\/215\/2022\/03\/telleria22-150x150.jpg 150w\" sizes=\"auto, (max-width: 170px) 100vw, 170px\" \/><\/a><\/p>","protected":false},"excerpt":{"rendered":"<p>La Biblioteca de Ci\u00e8ncia i Tecnologia vol destacar el paper de les dones dins les disciplines cient\u00edfiques i, tamb\u00e9, difondre la seva tasca divulgadora en favor de la societat. Pensant en aquests dos objectius, durant el mes de mar\u00e7, al hall de la BCT, es podran consultar les darreres obres arribades {de i sobre} destacades [&hellip;]<\/p>\n","protected":false},"author":20,"featured_media":0,"parent":0,"menu_order":0,"comment_status":"closed","ping_status":"closed","template":"","meta":{"footnotes":""},"class_list":["post-874","page","type-page","status-publish","hentry"],"_links":{"self":[{"href":"https:\/\/webs.uab.cat\/cienciaxllegir\/wp-json\/wp\/v2\/pages\/874","targetHints":{"allow":["GET"]}}],"collection":[{"href":"https:\/\/webs.uab.cat\/cienciaxllegir\/wp-json\/wp\/v2\/pages"}],"about":[{"href":"https:\/\/webs.uab.cat\/cienciaxllegir\/wp-json\/wp\/v2\/types\/page"}],"author":[{"embeddable":true,"href":"https:\/\/webs.uab.cat\/cienciaxllegir\/wp-json\/wp\/v2\/users\/20"}],"replies":[{"embeddable":true,"href":"https:\/\/webs.uab.cat\/cienciaxllegir\/wp-json\/wp\/v2\/comments?post=874"}],"version-history":[{"count":6,"href":"https:\/\/webs.uab.cat\/cienciaxllegir\/wp-json\/wp\/v2\/pages\/874\/revisions"}],"predecessor-version":[{"id":3309,"href":"https:\/\/webs.uab.cat\/cienciaxllegir\/wp-json\/wp\/v2\/pages\/874\/revisions\/3309"}],"wp:attachment":[{"href":"https:\/\/webs.uab.cat\/cienciaxllegir\/wp-json\/wp\/v2\/media?parent=874"}],"curies":[{"name":"wp","href":"https:\/\/api.w.org\/{rel}","templated":true}]}}