{"id":977,"date":"2018-05-16T20:25:48","date_gmt":"2018-05-16T20:25:48","guid":{"rendered":"https:\/\/webs.uab.cat\/cienciaxllegir\/xiringuitobct\/"},"modified":"2023-06-09T14:13:36","modified_gmt":"2023-06-09T14:13:36","slug":"xiringuitobct","status":"publish","type":"page","link":"https:\/\/webs.uab.cat\/cienciaxllegir\/xiringuitobct\/","title":{"rendered":"Pren-te un llibre!"},"content":{"rendered":"<p><strong><img loading=\"lazy\" decoding=\"async\" class=\"size-medium wp-image-978 alignright\" src=\"https:\/\/webs.uab.cat\/cienciaxllegir\/wp-content\/uploads\/sites\/215\/2018\/05\/wprentellibre-212x300.jpg\" alt=\"wprentellibre\" width=\"212\" height=\"300\" srcset=\"https:\/\/webs.uab.cat\/cienciaxllegir\/wp-content\/uploads\/sites\/215\/2018\/05\/wprentellibre-212x300.jpg 212w, https:\/\/webs.uab.cat\/cienciaxllegir\/wp-content\/uploads\/sites\/215\/2018\/05\/wprentellibre.jpg 300w\" sizes=\"auto, (max-width: 212px) 100vw, 212px\" \/>O m\u00e9s d&#8217;un! <\/strong><\/p>\n<p>Al xiringuito que la BCT ha muntat al hall trobareu els gustos m\u00e9s ex\u00f2tics i els combinats m\u00e9s sorprenents, per tal de preparar-vos la millor lectura per aquest estiu. Obriu la coctelera, afegiu-hi una mica de gel, unes fulles de menta i trocets de fruita, i ja ho tindreu! La ci\u00e8ncia en un format diferent. En format vacances.<\/p>\n<p>Voleu veure el <em>look<\/em> del nostre xiringuito? <strong><a href=\"http:\/\/ddd.uab.cat\/record\/190359\" target=\"_blank\" rel=\"noopener\">Feu aqu\u00ed una ullada!<\/a><\/strong> I no us oblideu de recomanar-nos!!<\/p>\n<p>Per als que necessiteu una mica d&#8217;inspiraci\u00f3, us presentem <strong>les novetats sobre divulgaci\u00f3 arribades a la Biblioteca<\/strong> en aquesta &#8220;carta&#8221; plena de sorpreses.<\/p>\n<p style=\"text-align: center\"><a href=\"https:\/\/issuu.com\/bct-uab\/docs\/2018_bctllibreissuu\" target=\"_blank\" rel=\"noopener\"><img loading=\"lazy\" decoding=\"async\" class=\" size-full wp-image-976\" src=\"https:\/\/webs.uab.cat\/cienciaxllegir\/wp-content\/uploads\/sites\/215\/2018\/05\/botocxllegir2018.jpg\" alt=\"\" width=\"300\" height=\"341\" srcset=\"https:\/\/webs.uab.cat\/cienciaxllegir\/wp-content\/uploads\/sites\/215\/2018\/05\/botocxllegir2018.jpg 400w, https:\/\/webs.uab.cat\/cienciaxllegir\/wp-content\/uploads\/sites\/215\/2018\/05\/botocxllegir2018-264x300.jpg 264w\" sizes=\"auto, (max-width: 300px) 100vw, 300px\" \/><\/a><\/p>\n<p>I si no trobeu el que busqueu, <a href=\"https:\/\/www.uab.cat\/biblioteques\/\" target=\"_blank\" rel=\"noopener\">a trav\u00e9s del cat\u00e0leg<\/a> podeu consultar altres t\u00edtols interessants.<\/p>\n","protected":false},"excerpt":{"rendered":"<p>O m\u00e9s d&#8217;un! Al xiringuito que la BCT ha muntat al hall trobareu els gustos m\u00e9s ex\u00f2tics i els combinats m\u00e9s sorprenents, per tal de preparar-vos la millor lectura per aquest estiu. Obriu la coctelera, afegiu-hi una mica de gel, unes fulles de menta i trocets de fruita, i ja ho tindreu! La ci\u00e8ncia en [&hellip;]<\/p>\n","protected":false},"author":20,"featured_media":0,"parent":0,"menu_order":0,"comment_status":"closed","ping_status":"closed","template":"","meta":{"footnotes":""},"class_list":["post-977","page","type-page","status-publish","hentry"],"_links":{"self":[{"href":"https:\/\/webs.uab.cat\/cienciaxllegir\/wp-json\/wp\/v2\/pages\/977","targetHints":{"allow":["GET"]}}],"collection":[{"href":"https:\/\/webs.uab.cat\/cienciaxllegir\/wp-json\/wp\/v2\/pages"}],"about":[{"href":"https:\/\/webs.uab.cat\/cienciaxllegir\/wp-json\/wp\/v2\/types\/page"}],"author":[{"embeddable":true,"href":"https:\/\/webs.uab.cat\/cienciaxllegir\/wp-json\/wp\/v2\/users\/20"}],"replies":[{"embeddable":true,"href":"https:\/\/webs.uab.cat\/cienciaxllegir\/wp-json\/wp\/v2\/comments?post=977"}],"version-history":[{"count":3,"href":"https:\/\/webs.uab.cat\/cienciaxllegir\/wp-json\/wp\/v2\/pages\/977\/revisions"}],"predecessor-version":[{"id":2827,"href":"https:\/\/webs.uab.cat\/cienciaxllegir\/wp-json\/wp\/v2\/pages\/977\/revisions\/2827"}],"wp:attachment":[{"href":"https:\/\/webs.uab.cat\/cienciaxllegir\/wp-json\/wp\/v2\/media?parent=977"}],"curies":[{"name":"wp","href":"https:\/\/api.w.org\/{rel}","templated":true}]}}