{"id":986,"date":"2018-09-27T20:15:07","date_gmt":"2018-09-27T20:15:07","guid":{"rendered":"https:\/\/webs.uab.cat\/cienciaxllegir\/frankenstein200\/"},"modified":"2023-06-05T18:06:45","modified_gmt":"2023-06-05T18:06:45","slug":"frankenstein200","status":"publish","type":"page","link":"https:\/\/webs.uab.cat\/cienciaxllegir\/frankenstein200\/","title":{"rendered":"Frankenstein"},"content":{"rendered":"<p>Juny de 1816. Som a l\u2019estiu. Una pluja incessant castiga el bon temps i tamb\u00e9 els quatre amics que resideixen per uns dies a la Vil\u00b7la Diodati, a prop de Ginebra. Lord Byron, l\u2019amfitri\u00f3, els proposa una juguesca per passar l\u2019estona:\u00a0\u00abCadascun de nosaltres escriur\u00e0 una hist\u00f2ria de terror, i el relat m\u00e9s terror\u00edfic ser\u00e0 el guanyador.\u00bb<\/p>\n<p>De la proposta naixeran:<\/p>\n<ul>\n<li><a href=\"https:\/\/aladi.diba.cat\/search*cat\/?searchtype=X&amp;searcharg=vampir+polidori&amp;searchscope=171&amp;submit=Cercar\" target=\"_blank\" rel=\"noopener\">El Vampir<\/a>, del doctor John W. Polidori<\/li>\n<li><strong>De \u201cPrometeu alliberat\u201d<\/strong>, del poeta P. B. Shelley<\/li>\n<li>Una hist\u00f2ria inclosa a l\u2019obra <strong>Mazeppa<\/strong>, del propi Lord Byron, i<\/li>\n<li><a href=\"https:\/\/bibcercador.uab.cat\/discovery\/search?query=any,contains,Frankenstein%20o%20El%20modern%20Prometeu&amp;tab=Everything&amp;search_scope=MyInst_and_CI&amp;sortby=date_d&amp;vid=34CSUC_UAB:VU1&amp;facet=frbrgroupid,include,9009917234567078998&amp;offset=0\" target=\"_blank\" rel=\"noopener\">Frankenstein o El modern Prometeu<\/a>, de Mary Shelley, l\u2019\u00fanica dona de la reuni\u00f3<\/li>\n<\/ul>\n<p>Mary Shelley va veure publicada la seva novel\u00b7la el 1818. Tenia 21 anys. Per\u00f2 a la primera edici\u00f3 no hi constava el seu nom. Amb tot, des del primer moment, va tenir un gran \u00e8xit de p\u00fablic.<\/p>\n<p><img loading=\"lazy\" decoding=\"async\" class=\"size-medium wp-image-987 alignleft\" src=\"https:\/\/webs.uab.cat\/cienciaxllegir\/wp-content\/uploads\/sites\/215\/2018\/10\/bctfrank_cover-186x300.jpg\" alt=\"bctfrank_cover\" width=\"186\" height=\"300\" srcset=\"https:\/\/webs.uab.cat\/cienciaxllegir\/wp-content\/uploads\/sites\/215\/2018\/10\/bctfrank_cover-186x300.jpg 186w, https:\/\/webs.uab.cat\/cienciaxllegir\/wp-content\/uploads\/sites\/215\/2018\/10\/bctfrank_cover.jpg 395w\" sizes=\"auto, (max-width: 186px) 100vw, 186px\" \/>Enguany s\u2019acompleixen 200 anys d\u2019aquella primera edici\u00f3. I la Biblioteca de Ci\u00e8ncia i Tecnologia us proposa acostar-vos a la hist\u00f2ria, a la seva autora i, tamb\u00e9, a la ci\u00e8ncia que destil\u00b7la la seva novel\u00b7la, reflex de l&#8217;\u00e8poca en la qual va ser escrita.<\/p>\n<p>Durant el mes de desembre, al hall de la Biblioteca, us proposem una selecci\u00f3 d\u2019obres i pel\u00b7l\u00edcules que volen acostar-vos al doctor Frankenstein i la seva criatura. Aprofiteu!!<\/p>\n<p>Materials complementaris:<\/p>\n<ul>\n<li><a href=\"https:\/\/webs.uab.cat\/cienciaxllegir\/wp-content\/uploads\/sites\/215\/2018\/11\/frankensteinpunt.pdf\">Punt de llibre de l\u2019exposici\u00f3<\/a><\/li>\n<li><a href=\"https:\/\/ddd.uab.cat\/record\/199948\" target=\"_blank\" rel=\"noopener\">Fotografies de l\u2019exposici\u00f3<\/a><\/li>\n<\/ul>\n<p>Ah! i si compartiu aquesta efem\u00e8ride a les xarxes socials, no oblideu d\u2019etiquetar-nos: <a href=\"https:\/\/twitter.com\/search?f=tweets&amp;q=%23frankenstein200bct&amp;src=typd\" target=\"_blank\" rel=\"noopener\">#frankenstein200bct<\/a><\/p>\n<p><a href=\"https:\/\/webs.uab.cat\/cienciaxllegir\/mary\/\"><img loading=\"lazy\" decoding=\"async\" class=\"alignnone size-full wp-image-990\" src=\"https:\/\/webs.uab.cat\/cienciaxllegir\/wp-content\/uploads\/sites\/215\/2018\/11\/botoshelley.jpg\" alt=\"botoshelley\" width=\"179\" height=\"220\" \/><\/a> <a href=\"https:\/\/webs.uab.cat\/cienciaxllegir\/ciencia\/\"><img loading=\"lazy\" decoding=\"async\" class=\"alignnone size-full wp-image-988\" src=\"https:\/\/webs.uab.cat\/cienciaxllegir\/wp-content\/uploads\/sites\/215\/2018\/11\/botociencia.jpg\" alt=\"botociencia\" width=\"296\" height=\"220\" \/><\/a> <a href=\"https:\/\/webs.uab.cat\/cienciaxllegir\/criatura\/\"><img loading=\"lazy\" decoding=\"async\" class=\"alignnone size-full wp-image-989\" src=\"https:\/\/webs.uab.cat\/cienciaxllegir\/wp-content\/uploads\/sites\/215\/2018\/11\/botomonstre.jpg\" alt=\"botomonstre\" width=\"173\" height=\"220\" \/><\/a> <a href=\"https:\/\/webs.uab.cat\/cienciaxllegir\/mesenlla\/\"><img loading=\"lazy\" decoding=\"async\" class=\"alignnone size-full wp-image-991\" src=\"https:\/\/webs.uab.cat\/cienciaxllegir\/wp-content\/uploads\/sites\/215\/2018\/11\/botoenlla.jpg\" alt=\"botoenlla\" width=\"173\" height=\"220\" \/><\/a><\/p>\n<p>Volem agrair especialment la col\u00b7laboraci\u00f3 d\u2019<strong>Alfonso Rodr\u00edguez Baeza<\/strong>, director del <a href=\"https:\/\/www.uab.cat\/ca\/ciencies-morfologiques\/ressenya-historica\" target=\"_blank\" rel=\"noopener\">Departament de Ci\u00e8ncies Morfol\u00f2giques, Anatomia i Embriologia Humana<\/a>, i d\u2019en <strong>Jorge Molero Mesa<\/strong>, coordinador de la Unitat d\u2019Hist\u00f2ria de la Medicina, per la cessi\u00f3 dels models anat\u00f2mics i dels aparells i estris que es mostren a la vitrina instal\u00b7lada al hall de la BCT.<\/p>\n<p>I tamb\u00e9 esmentar l\u2019<a href=\"https:\/\/commons.wikimedia.org\/wiki\/User:Pigsonthewing\" target=\"_blank\" rel=\"noopener\">Andy Mabbett<\/a> del qual hem escollit la seva fotografia sobre les edicions del Frankenstein de Mary Shelley per dissenyar tant el cartell com el punt de llibre d\u2019aquesta exposici\u00f3.<\/p>\n","protected":false},"excerpt":{"rendered":"<p>Juny de 1816. Som a l\u2019estiu. Una pluja incessant castiga el bon temps i tamb\u00e9 els quatre amics que resideixen per uns dies a la Vil\u00b7la Diodati, a prop de Ginebra. Lord Byron, l\u2019amfitri\u00f3, els proposa una juguesca per passar l\u2019estona:\u00a0\u00abCadascun de nosaltres escriur\u00e0 una hist\u00f2ria de terror, i el relat m\u00e9s terror\u00edfic ser\u00e0 el [&hellip;]<\/p>\n","protected":false},"author":20,"featured_media":0,"parent":0,"menu_order":0,"comment_status":"closed","ping_status":"closed","template":"","meta":{"footnotes":""},"class_list":["post-986","page","type-page","status-publish","hentry"],"_links":{"self":[{"href":"https:\/\/webs.uab.cat\/cienciaxllegir\/wp-json\/wp\/v2\/pages\/986","targetHints":{"allow":["GET"]}}],"collection":[{"href":"https:\/\/webs.uab.cat\/cienciaxllegir\/wp-json\/wp\/v2\/pages"}],"about":[{"href":"https:\/\/webs.uab.cat\/cienciaxllegir\/wp-json\/wp\/v2\/types\/page"}],"author":[{"embeddable":true,"href":"https:\/\/webs.uab.cat\/cienciaxllegir\/wp-json\/wp\/v2\/users\/20"}],"replies":[{"embeddable":true,"href":"https:\/\/webs.uab.cat\/cienciaxllegir\/wp-json\/wp\/v2\/comments?post=986"}],"version-history":[{"count":4,"href":"https:\/\/webs.uab.cat\/cienciaxllegir\/wp-json\/wp\/v2\/pages\/986\/revisions"}],"predecessor-version":[{"id":2659,"href":"https:\/\/webs.uab.cat\/cienciaxllegir\/wp-json\/wp\/v2\/pages\/986\/revisions\/2659"}],"wp:attachment":[{"href":"https:\/\/webs.uab.cat\/cienciaxllegir\/wp-json\/wp\/v2\/media?parent=986"}],"curies":[{"name":"wp","href":"https:\/\/api.w.org\/{rel}","templated":true}]}}